{"id":26572,"date":"2021-06-15T16:01:00","date_gmt":"2021-06-15T13:01:00","guid":{"rendered":"https:\/\/stafit.ee\/toode\/%d0%b6%d0%b5%d0%bd%d1%81%d0%ba%d0%be%d0%b5-%d0%ba%d0%b8%d0%bc%d0%be%d0%bd%d0%be-nadia-%d0%b1%d0%b5%d0%bb%d0%be%d0%b5\/"},"modified":"2026-04-08T18:20:06","modified_gmt":"2026-04-08T15:20:06","slug":"%d0%b6%d0%b5%d0%bd%d1%81%d0%ba%d0%be%d0%b5-%d0%ba%d0%b8%d0%bc%d0%be%d0%bd%d0%be-nadia-%d0%b1%d0%b5%d0%bb%d0%be%d0%b5","status":"publish","type":"product","link":"https:\/\/stafit.ee\/ru\/tovar\/%d0%b6%d0%b5%d0%bd%d1%81%d0%ba%d0%be%d0%b5-%d0%ba%d0%b8%d0%bc%d0%be%d0%bd%d0%be-nadia-%d0%b1%d0%b5%d0%bb%d0%be%d0%b5\/","title":{"rendered":"\u0416\u0435\u043d\u0441\u043a\u043e\u0435 \u043a\u0438\u043c\u043e\u043d\u043e NADIA \u0431\u0435\u043b\u043e\u0435"},"content":{"rendered":"<ul>\n<li>100% \u043f\u043e\u043b\u0438\u044d\u0441\u0442\u0435\u0440, 86 \u0433\/\u043c\u00b2<\/li>\n<li>\u0441\u0432\u0435\u0440\u0445\u043b\u0451\u0433\u043a\u0438\u0439, \u0434\u044b\u0448\u0430\u0449\u0438\u0439 \u043c\u0430\u0442\u0435\u0440\u0438\u0430\u043b<\/li>\n<li>\u0442\u043a\u0430\u043d\u044c \u043e\u0431\u043b\u0430\u0434\u0430\u0435\u0442 \u0432\u043e\u0434\u043e-, \u043c\u0430\u0441\u043b\u043e- \u0438 \u0433\u0440\u044f\u0437\u0435\u043e\u0442\u0442\u0430\u043b\u043a\u0438\u0432\u0430\u044e\u0449\u0438\u043c\u0438 \u0441\u0432\u043e\u0439\u0441\u0442\u0432\u0430\u043c\u0438<\/li>\n<li>\u0430\u043d\u0442\u0438\u0431\u0430\u043a\u0442\u0435\u0440\u0438\u0430\u043b\u044c\u043d\u043e\u0435 \u043f\u043e\u043a\u0440\u044b\u0442\u0438\u0435 \u0441 \u0438\u043e\u043d\u0430\u043c\u0438 \u0441\u0435\u0440\u0435\u0431\u0440\u0430<\/li>\n<li>\u043c\u044f\u0433\u043a\u0430\u044f \u0438 \u0431\u043b\u0435\u0441\u0442\u044f\u0449\u0430\u044f, \u043d\u043e \u0432 \u0442\u043e \u0436\u0435 \u0432\u0440\u0435\u043c\u044f \u043f\u0440\u043e\u0447\u043d\u0430\u044f \u0442\u043a\u0430\u043d\u044c<\/li>\n<li>\u0431\u044b\u0441\u0442\u0440\u043e \u0441\u043e\u0445\u043d\u0435\u0442<\/li>\n<li>\u0441\u0442\u0430\u043d\u0434\u0430\u0440\u0442\u043d\u044b\u0439 \u043f\u043e\u043a\u0440\u043e\u0439<\/li>\n<li>2 \u043a\u0430\u0440\u043c\u0430\u043d\u0430<\/li>\n<li>\u0440\u0430\u0437\u0440\u0435\u0437\u044b \u043f\u043e \u0431\u043e\u043a\u0430\u043c<\/li>\n<li>\u0440\u0443\u043a\u0430\u0432\u0430 3\/4<\/li>\n<li>\u0437\u0430\u0432\u044f\u0437\u043a\u0438 \u043d\u0430 \u0442\u0430\u043b\u0438\u0438 \u043d\u0430 \u0441\u043f\u0438\u043d\u0435<\/li>\n<\/ul>\n<p><img loading=\"lazy\" decoding=\"async\" class=\"alignnone wp-image-26559\" src=\"https:\/\/stafit.ee\/wp-content\/uploads\/2021\/06\/21P02K261-care-1.jpg\" alt=\"\" width=\"250\" height=\"47\" srcset=\"https:\/\/stafit.ee\/wp-content\/uploads\/2021\/06\/21P02K261-care-1.jpg 267w, https:\/\/stafit.ee\/wp-content\/uploads\/2021\/06\/21P02K261-care-1-64x12.jpg 64w\" sizes=\"auto, (max-width: 250px) 100vw, 250px\" \/><\/p>\n","protected":false},"excerpt":{"rendered":"<p>100% \u043f\u043e\u043b\u0438\u044d\u0441\u0442\u0435\u0440, 86 \u0433\/\u043c\u00b2 \u0441\u0432\u0435\u0440\u0445\u043b\u0451\u0433\u043a\u0438\u0439, \u0434\u044b\u0448\u0430\u0449\u0438\u0439 \u043c\u0430\u0442\u0435\u0440\u0438\u0430\u043b \u0442\u043a\u0430\u043d\u044c \u043e\u0431\u043b\u0430\u0434\u0430\u0435\u0442 \u0432\u043e\u0434\u043e-, \u043c\u0430\u0441\u043b\u043e- \u0438 \u0433\u0440\u044f\u0437\u0435\u043e\u0442\u0442\u0430\u043b\u043a\u0438\u0432\u0430\u044e\u0449\u0438\u043c\u0438 \u0441\u0432\u043e\u0439\u0441\u0442\u0432\u0430\u043c\u0438 \u0430\u043d\u0442\u0438\u0431\u0430\u043a\u0442\u0435\u0440\u0438\u0430\u043b\u044c\u043d\u043e\u0435 \u043f\u043e\u043a\u0440\u044b\u0442\u0438\u0435 \u0441 \u0438\u043e\u043d\u0430\u043c\u0438 \u0441\u0435\u0440\u0435\u0431\u0440\u0430 \u043c\u044f\u0433\u043a\u0430\u044f \u0438 \u0431\u043b\u0435\u0441\u0442\u044f\u0449\u0430\u044f, \u043d\u043e \u0432 \u0442\u043e \u0436\u0435 \u0432\u0440\u0435\u043c\u044f \u043f\u0440\u043e\u0447\u043d\u0430\u044f \u0442\u043a\u0430\u043d\u044c \u0431\u044b\u0441\u0442\u0440\u043e \u0441\u043e\u0445\u043d\u0435\u0442 \u0441\u0442\u0430\u043d\u0434\u0430\u0440\u0442\u043d\u044b\u0439 \u043f\u043e\u043a\u0440\u043e\u0439 2 \u043a\u0430\u0440\u043c\u0430\u043d\u0430 \u0440\u0430\u0437\u0440\u0435\u0437\u044b \u043f\u043e \u0431\u043e\u043a\u0430\u043c \u0440\u0443\u043a\u0430\u0432\u0430 3\/4 \u0437\u0430\u0432\u044f\u0437\u043a\u0438 \u043d\u0430 \u0442\u0430\u043b\u0438\u0438 \u043d\u0430 \u0441\u043f\u0438\u043d\u0435<\/p>\n","protected":false},"featured_media":53007,"template":"","meta":[],"pwb-brand":[],"product_brand":[],"product_cat":[570],"product_tag":[],"class_list":{"0":"post-26572","1":"product","2":"type-product","3":"status-publish","4":"has-post-thumbnail","6":"product_cat-570","8":"first","9":"instock","10":"taxable","11":"shipping-taxable","12":"purchasable","13":"product-type-variable"},"yoast_head":"<!-- This site is optimized with the Yoast SEO plugin v27.0 - https:\/\/yoast.com\/product\/yoast-seo-wordpress\/ -->\n<title>\u0416\u0435\u043d\u0441\u043a\u043e\u0435 \u043a\u0438\u043c\u043e\u043d\u043e NADIA \u0431\u0435\u043b\u043e\u0435 - Stafit O\u00dc<\/title>\n<meta name=\"robots\" content=\"index, follow, max-snippet:-1, max-image-preview:large, max-video-preview:-1\" \/>\n<link rel=\"canonical\" href=\"https:\/\/stafit.ee\/ru\/tovar\/\u0436\u0435\u043d\u0441\u043a\u043e\u0435-\u043a\u0438\u043c\u043e\u043d\u043e-nadia-\u0431\u0435\u043b\u043e\u0435\/\" \/>\n<meta property=\"og:locale\" content=\"ru_RU\" \/>\n<meta property=\"og:type\" content=\"article\" \/>\n<meta property=\"og:title\" content=\"\u0416\u0435\u043d\u0441\u043a\u043e\u0435 \u043a\u0438\u043c\u043e\u043d\u043e NADIA \u0431\u0435\u043b\u043e\u0435 - Stafit O\u00dc\" \/>\n<meta property=\"og:description\" content=\"100% \u043f\u043e\u043b\u0438\u044d\u0441\u0442\u0435\u0440, 86 \u0433\/\u043c\u00b2 \u0441\u0432\u0435\u0440\u0445\u043b\u0451\u0433\u043a\u0438\u0439, \u0434\u044b\u0448\u0430\u0449\u0438\u0439 \u043c\u0430\u0442\u0435\u0440\u0438\u0430\u043b \u0442\u043a\u0430\u043d\u044c \u043e\u0431\u043b\u0430\u0434\u0430\u0435\u0442 \u0432\u043e\u0434\u043e-, \u043c\u0430\u0441\u043b\u043e- \u0438 \u0433\u0440\u044f\u0437\u0435\u043e\u0442\u0442\u0430\u043b\u043a\u0438\u0432\u0430\u044e\u0449\u0438\u043c\u0438 \u0441\u0432\u043e\u0439\u0441\u0442\u0432\u0430\u043c\u0438 \u0430\u043d\u0442\u0438\u0431\u0430\u043a\u0442\u0435\u0440\u0438\u0430\u043b\u044c\u043d\u043e\u0435 \u043f\u043e\u043a\u0440\u044b\u0442\u0438\u0435 \u0441 \u0438\u043e\u043d\u0430\u043c\u0438 \u0441\u0435\u0440\u0435\u0431\u0440\u0430 \u043c\u044f\u0433\u043a\u0430\u044f \u0438 \u0431\u043b\u0435\u0441\u0442\u044f\u0449\u0430\u044f, \u043d\u043e \u0432 \u0442\u043e \u0436\u0435 \u0432\u0440\u0435\u043c\u044f \u043f\u0440\u043e\u0447\u043d\u0430\u044f \u0442\u043a\u0430\u043d\u044c \u0431\u044b\u0441\u0442\u0440\u043e \u0441\u043e\u0445\u043d\u0435\u0442 \u0441\u0442\u0430\u043d\u0434\u0430\u0440\u0442\u043d\u044b\u0439 \u043f\u043e\u043a\u0440\u043e\u0439 2 \u043a\u0430\u0440\u043c\u0430\u043d\u0430 \u0440\u0430\u0437\u0440\u0435\u0437\u044b \u043f\u043e \u0431\u043e\u043a\u0430\u043c \u0440\u0443\u043a\u0430\u0432\u0430 3\/4 \u0437\u0430\u0432\u044f\u0437\u043a\u0438 \u043d\u0430 \u0442\u0430\u043b\u0438\u0438 \u043d\u0430 \u0441\u043f\u0438\u043d\u0435\" \/>\n<meta property=\"og:url\" content=\"https:\/\/stafit.ee\/ru\/tovar\/\u0436\u0435\u043d\u0441\u043a\u043e\u0435-\u043a\u0438\u043c\u043e\u043d\u043e-nadia-\u0431\u0435\u043b\u043e\u0435\/\" \/>\n<meta property=\"og:site_name\" content=\"Stafit O\u00dc\" \/>\n<meta property=\"article:modified_time\" content=\"2026-04-08T15:20:06+00:00\" \/>\n<meta property=\"og:image\" content=\"https:\/\/stafit.ee\/wp-content\/uploads\/2021\/06\/Giblors-NADIA-21P02K261-bianco.jpg\" \/>\n\t<meta property=\"og:image:width\" content=\"2400\" \/>\n\t<meta property=\"og:image:height\" content=\"2400\" \/>\n\t<meta property=\"og:image:type\" content=\"image\/jpeg\" \/>\n<meta name=\"twitter:card\" content=\"summary_large_image\" \/>\n<script type=\"application\/ld+json\" class=\"yoast-schema-graph\">{\"@context\":\"https:\/\/schema.org\",\"@graph\":[{\"@type\":\"WebPage\",\"@id\":\"https:\/\/stafit.ee\/ru\/tovar\/%d0%b6%d0%b5%d0%bd%d1%81%d0%ba%d0%be%d0%b5-%d0%ba%d0%b8%d0%bc%d0%be%d0%bd%d0%be-nadia-%d0%b1%d0%b5%d0%bb%d0%be%d0%b5\/\",\"url\":\"https:\/\/stafit.ee\/ru\/tovar\/%d0%b6%d0%b5%d0%bd%d1%81%d0%ba%d0%be%d0%b5-%d0%ba%d0%b8%d0%bc%d0%be%d0%bd%d0%be-nadia-%d0%b1%d0%b5%d0%bb%d0%be%d0%b5\/\",\"name\":\"\u0416\u0435\u043d\u0441\u043a\u043e\u0435 \u043a\u0438\u043c\u043e\u043d\u043e NADIA \u0431\u0435\u043b\u043e\u0435 - Stafit O\u00dc\",\"isPartOf\":{\"@id\":\"https:\/\/stafit.ee\/#website\"},\"primaryImageOfPage\":{\"@id\":\"https:\/\/stafit.ee\/ru\/tovar\/%d0%b6%d0%b5%d0%bd%d1%81%d0%ba%d0%be%d0%b5-%d0%ba%d0%b8%d0%bc%d0%be%d0%bd%d0%be-nadia-%d0%b1%d0%b5%d0%bb%d0%be%d0%b5\/#primaryimage\"},\"image\":{\"@id\":\"https:\/\/stafit.ee\/ru\/tovar\/%d0%b6%d0%b5%d0%bd%d1%81%d0%ba%d0%be%d0%b5-%d0%ba%d0%b8%d0%bc%d0%be%d0%bd%d0%be-nadia-%d0%b1%d0%b5%d0%bb%d0%be%d0%b5\/#primaryimage\"},\"thumbnailUrl\":\"https:\/\/stafit.ee\/wp-content\/uploads\/2021\/06\/Giblors-NADIA-21P02K261-bianco.jpg\",\"datePublished\":\"2021-06-15T13:01:00+00:00\",\"dateModified\":\"2026-04-08T15:20:06+00:00\",\"breadcrumb\":{\"@id\":\"https:\/\/stafit.ee\/ru\/tovar\/%d0%b6%d0%b5%d0%bd%d1%81%d0%ba%d0%be%d0%b5-%d0%ba%d0%b8%d0%bc%d0%be%d0%bd%d0%be-nadia-%d0%b1%d0%b5%d0%bb%d0%be%d0%b5\/#breadcrumb\"},\"inLanguage\":\"ru-RU\",\"potentialAction\":[{\"@type\":\"ReadAction\",\"target\":[\"https:\/\/stafit.ee\/ru\/tovar\/%d0%b6%d0%b5%d0%bd%d1%81%d0%ba%d0%be%d0%b5-%d0%ba%d0%b8%d0%bc%d0%be%d0%bd%d0%be-nadia-%d0%b1%d0%b5%d0%bb%d0%be%d0%b5\/\"]}]},{\"@type\":\"ImageObject\",\"inLanguage\":\"ru-RU\",\"@id\":\"https:\/\/stafit.ee\/ru\/tovar\/%d0%b6%d0%b5%d0%bd%d1%81%d0%ba%d0%be%d0%b5-%d0%ba%d0%b8%d0%bc%d0%be%d0%bd%d0%be-nadia-%d0%b1%d0%b5%d0%bb%d0%be%d0%b5\/#primaryimage\",\"url\":\"https:\/\/stafit.ee\/wp-content\/uploads\/2021\/06\/Giblors-NADIA-21P02K261-bianco.jpg\",\"contentUrl\":\"https:\/\/stafit.ee\/wp-content\/uploads\/2021\/06\/Giblors-NADIA-21P02K261-bianco.jpg\",\"width\":2400,\"height\":2400},{\"@type\":\"BreadcrumbList\",\"@id\":\"https:\/\/stafit.ee\/ru\/tovar\/%d0%b6%d0%b5%d0%bd%d1%81%d0%ba%d0%be%d0%b5-%d0%ba%d0%b8%d0%bc%d0%be%d0%bd%d0%be-nadia-%d0%b1%d0%b5%d0%bb%d0%be%d0%b5\/#breadcrumb\",\"itemListElement\":[{\"@type\":\"ListItem\",\"position\":1,\"name\":\"Home\",\"item\":\"https:\/\/stafit.ee\/ru\/\"},{\"@type\":\"ListItem\",\"position\":2,\"name\":\"\u041c\u0430\u0433\u0430\u0437\u0438\u043d\",\"item\":\"https:\/\/stafit.ee\/ru\/pood\/\"},{\"@type\":\"ListItem\",\"position\":3,\"name\":\"\u0416\u0435\u043d\u0441\u043a\u043e\u0435 \u043a\u0438\u043c\u043e\u043d\u043e NADIA \u0431\u0435\u043b\u043e\u0435\"}]},{\"@type\":\"WebSite\",\"@id\":\"https:\/\/stafit.ee\/#website\",\"url\":\"https:\/\/stafit.ee\/\",\"name\":\"Stafit O\u00dc\",\"description\":\"T\u00f6\u00f6riete ja ohutusvahendite jae ja hulgim\u00fc\u00fck\",\"potentialAction\":[{\"@type\":\"SearchAction\",\"target\":{\"@type\":\"EntryPoint\",\"urlTemplate\":\"https:\/\/stafit.ee\/?s={search_term_string}\"},\"query-input\":{\"@type\":\"PropertyValueSpecification\",\"valueRequired\":true,\"valueName\":\"search_term_string\"}}],\"inLanguage\":\"ru-RU\"}]}<\/script>\n<!-- \/ Yoast SEO plugin. -->","yoast_head_json":{"title":"\u0416\u0435\u043d\u0441\u043a\u043e\u0435 \u043a\u0438\u043c\u043e\u043d\u043e NADIA \u0431\u0435\u043b\u043e\u0435 - Stafit O\u00dc","robots":{"index":"index","follow":"follow","max-snippet":"max-snippet:-1","max-image-preview":"max-image-preview:large","max-video-preview":"max-video-preview:-1"},"canonical":"https:\/\/stafit.ee\/ru\/tovar\/\u0436\u0435\u043d\u0441\u043a\u043e\u0435-\u043a\u0438\u043c\u043e\u043d\u043e-nadia-\u0431\u0435\u043b\u043e\u0435\/","og_locale":"ru_RU","og_type":"article","og_title":"\u0416\u0435\u043d\u0441\u043a\u043e\u0435 \u043a\u0438\u043c\u043e\u043d\u043e NADIA \u0431\u0435\u043b\u043e\u0435 - Stafit O\u00dc","og_description":"100% \u043f\u043e\u043b\u0438\u044d\u0441\u0442\u0435\u0440, 86 \u0433\/\u043c\u00b2 \u0441\u0432\u0435\u0440\u0445\u043b\u0451\u0433\u043a\u0438\u0439, \u0434\u044b\u0448\u0430\u0449\u0438\u0439 \u043c\u0430\u0442\u0435\u0440\u0438\u0430\u043b \u0442\u043a\u0430\u043d\u044c \u043e\u0431\u043b\u0430\u0434\u0430\u0435\u0442 \u0432\u043e\u0434\u043e-, \u043c\u0430\u0441\u043b\u043e- \u0438 \u0433\u0440\u044f\u0437\u0435\u043e\u0442\u0442\u0430\u043b\u043a\u0438\u0432\u0430\u044e\u0449\u0438\u043c\u0438 \u0441\u0432\u043e\u0439\u0441\u0442\u0432\u0430\u043c\u0438 \u0430\u043d\u0442\u0438\u0431\u0430\u043a\u0442\u0435\u0440\u0438\u0430\u043b\u044c\u043d\u043e\u0435 \u043f\u043e\u043a\u0440\u044b\u0442\u0438\u0435 \u0441 \u0438\u043e\u043d\u0430\u043c\u0438 \u0441\u0435\u0440\u0435\u0431\u0440\u0430 \u043c\u044f\u0433\u043a\u0430\u044f \u0438 \u0431\u043b\u0435\u0441\u0442\u044f\u0449\u0430\u044f, \u043d\u043e \u0432 \u0442\u043e \u0436\u0435 \u0432\u0440\u0435\u043c\u044f \u043f\u0440\u043e\u0447\u043d\u0430\u044f \u0442\u043a\u0430\u043d\u044c \u0431\u044b\u0441\u0442\u0440\u043e \u0441\u043e\u0445\u043d\u0435\u0442 \u0441\u0442\u0430\u043d\u0434\u0430\u0440\u0442\u043d\u044b\u0439 \u043f\u043e\u043a\u0440\u043e\u0439 2 \u043a\u0430\u0440\u043c\u0430\u043d\u0430 \u0440\u0430\u0437\u0440\u0435\u0437\u044b \u043f\u043e \u0431\u043e\u043a\u0430\u043c \u0440\u0443\u043a\u0430\u0432\u0430 3\/4 \u0437\u0430\u0432\u044f\u0437\u043a\u0438 \u043d\u0430 \u0442\u0430\u043b\u0438\u0438 \u043d\u0430 \u0441\u043f\u0438\u043d\u0435","og_url":"https:\/\/stafit.ee\/ru\/tovar\/\u0436\u0435\u043d\u0441\u043a\u043e\u0435-\u043a\u0438\u043c\u043e\u043d\u043e-nadia-\u0431\u0435\u043b\u043e\u0435\/","og_site_name":"Stafit O\u00dc","article_modified_time":"2026-04-08T15:20:06+00:00","og_image":[{"width":2400,"height":2400,"url":"https:\/\/stafit.ee\/wp-content\/uploads\/2021\/06\/Giblors-NADIA-21P02K261-bianco.jpg","type":"image\/jpeg"}],"twitter_card":"summary_large_image","schema":{"@context":"https:\/\/schema.org","@graph":[{"@type":"WebPage","@id":"https:\/\/stafit.ee\/ru\/tovar\/%d0%b6%d0%b5%d0%bd%d1%81%d0%ba%d0%be%d0%b5-%d0%ba%d0%b8%d0%bc%d0%be%d0%bd%d0%be-nadia-%d0%b1%d0%b5%d0%bb%d0%be%d0%b5\/","url":"https:\/\/stafit.ee\/ru\/tovar\/%d0%b6%d0%b5%d0%bd%d1%81%d0%ba%d0%be%d0%b5-%d0%ba%d0%b8%d0%bc%d0%be%d0%bd%d0%be-nadia-%d0%b1%d0%b5%d0%bb%d0%be%d0%b5\/","name":"\u0416\u0435\u043d\u0441\u043a\u043e\u0435 \u043a\u0438\u043c\u043e\u043d\u043e NADIA \u0431\u0435\u043b\u043e\u0435 - Stafit O\u00dc","isPartOf":{"@id":"https:\/\/stafit.ee\/#website"},"primaryImageOfPage":{"@id":"https:\/\/stafit.ee\/ru\/tovar\/%d0%b6%d0%b5%d0%bd%d1%81%d0%ba%d0%be%d0%b5-%d0%ba%d0%b8%d0%bc%d0%be%d0%bd%d0%be-nadia-%d0%b1%d0%b5%d0%bb%d0%be%d0%b5\/#primaryimage"},"image":{"@id":"https:\/\/stafit.ee\/ru\/tovar\/%d0%b6%d0%b5%d0%bd%d1%81%d0%ba%d0%be%d0%b5-%d0%ba%d0%b8%d0%bc%d0%be%d0%bd%d0%be-nadia-%d0%b1%d0%b5%d0%bb%d0%be%d0%b5\/#primaryimage"},"thumbnailUrl":"https:\/\/stafit.ee\/wp-content\/uploads\/2021\/06\/Giblors-NADIA-21P02K261-bianco.jpg","datePublished":"2021-06-15T13:01:00+00:00","dateModified":"2026-04-08T15:20:06+00:00","breadcrumb":{"@id":"https:\/\/stafit.ee\/ru\/tovar\/%d0%b6%d0%b5%d0%bd%d1%81%d0%ba%d0%be%d0%b5-%d0%ba%d0%b8%d0%bc%d0%be%d0%bd%d0%be-nadia-%d0%b1%d0%b5%d0%bb%d0%be%d0%b5\/#breadcrumb"},"inLanguage":"ru-RU","potentialAction":[{"@type":"ReadAction","target":["https:\/\/stafit.ee\/ru\/tovar\/%d0%b6%d0%b5%d0%bd%d1%81%d0%ba%d0%be%d0%b5-%d0%ba%d0%b8%d0%bc%d0%be%d0%bd%d0%be-nadia-%d0%b1%d0%b5%d0%bb%d0%be%d0%b5\/"]}]},{"@type":"ImageObject","inLanguage":"ru-RU","@id":"https:\/\/stafit.ee\/ru\/tovar\/%d0%b6%d0%b5%d0%bd%d1%81%d0%ba%d0%be%d0%b5-%d0%ba%d0%b8%d0%bc%d0%be%d0%bd%d0%be-nadia-%d0%b1%d0%b5%d0%bb%d0%be%d0%b5\/#primaryimage","url":"https:\/\/stafit.ee\/wp-content\/uploads\/2021\/06\/Giblors-NADIA-21P02K261-bianco.jpg","contentUrl":"https:\/\/stafit.ee\/wp-content\/uploads\/2021\/06\/Giblors-NADIA-21P02K261-bianco.jpg","width":2400,"height":2400},{"@type":"BreadcrumbList","@id":"https:\/\/stafit.ee\/ru\/tovar\/%d0%b6%d0%b5%d0%bd%d1%81%d0%ba%d0%be%d0%b5-%d0%ba%d0%b8%d0%bc%d0%be%d0%bd%d0%be-nadia-%d0%b1%d0%b5%d0%bb%d0%be%d0%b5\/#breadcrumb","itemListElement":[{"@type":"ListItem","position":1,"name":"Home","item":"https:\/\/stafit.ee\/ru\/"},{"@type":"ListItem","position":2,"name":"\u041c\u0430\u0433\u0430\u0437\u0438\u043d","item":"https:\/\/stafit.ee\/ru\/pood\/"},{"@type":"ListItem","position":3,"name":"\u0416\u0435\u043d\u0441\u043a\u043e\u0435 \u043a\u0438\u043c\u043e\u043d\u043e NADIA \u0431\u0435\u043b\u043e\u0435"}]},{"@type":"WebSite","@id":"https:\/\/stafit.ee\/#website","url":"https:\/\/stafit.ee\/","name":"Stafit O\u00dc","description":"T\u00f6\u00f6riete ja ohutusvahendite jae ja hulgim\u00fc\u00fck","potentialAction":[{"@type":"SearchAction","target":{"@type":"EntryPoint","urlTemplate":"https:\/\/stafit.ee\/?s={search_term_string}"},"query-input":{"@type":"PropertyValueSpecification","valueRequired":true,"valueName":"search_term_string"}}],"inLanguage":"ru-RU"}]}},"brands":[],"_links":{"self":[{"href":"https:\/\/stafit.ee\/ru\/wp-json\/wp\/v2\/product\/26572","targetHints":{"allow":["GET"]}}],"collection":[{"href":"https:\/\/stafit.ee\/ru\/wp-json\/wp\/v2\/product"}],"about":[{"href":"https:\/\/stafit.ee\/ru\/wp-json\/wp\/v2\/types\/product"}],"wp:featuredmedia":[{"embeddable":true,"href":"https:\/\/stafit.ee\/ru\/wp-json\/wp\/v2\/media\/53007"}],"wp:attachment":[{"href":"https:\/\/stafit.ee\/ru\/wp-json\/wp\/v2\/media?parent=26572"}],"wp:term":[{"taxonomy":"pwb-brand","embeddable":true,"href":"https:\/\/stafit.ee\/ru\/wp-json\/wp\/v2\/pwb-brand?post=26572"},{"taxonomy":"product_brand","embeddable":true,"href":"https:\/\/stafit.ee\/ru\/wp-json\/wp\/v2\/product_brand?post=26572"},{"taxonomy":"product_cat","embeddable":true,"href":"https:\/\/stafit.ee\/ru\/wp-json\/wp\/v2\/product_cat?post=26572"},{"taxonomy":"product_tag","embeddable":true,"href":"https:\/\/stafit.ee\/ru\/wp-json\/wp\/v2\/product_tag?post=26572"}],"curies":[{"name":"wp","href":"https:\/\/api.w.org\/{rel}","templated":true}]}}