{"id":25603,"date":"2021-04-26T12:01:17","date_gmt":"2021-04-26T09:01:17","guid":{"rendered":"https:\/\/stafit.ee\/toode\/%d0%b7%d0%b0%d1%89%d0%b8%d1%82%d0%bd%d1%8b%d0%b5-%d0%be%d1%87%d0%ba%d0%b8-vernon-%d0%b6%d1%91%d0%bb%d1%82%d1%8b%d0%b5\/"},"modified":"2026-04-08T18:16:58","modified_gmt":"2026-04-08T15:16:58","slug":"%d0%b7%d0%b0%d1%89%d0%b8%d1%82%d0%bd%d1%8b%d0%b5-%d0%be%d1%87%d0%ba%d0%b8-vernon-%d0%b6%d1%91%d0%bb%d1%82%d1%8b%d0%b5","status":"publish","type":"product","link":"https:\/\/stafit.ee\/ru\/tovar\/%d0%b7%d0%b0%d1%89%d0%b8%d1%82%d0%bd%d1%8b%d0%b5-%d0%be%d1%87%d0%ba%d0%b8-vernon-%d0%b6%d1%91%d0%bb%d1%82%d1%8b%d0%b5\/","title":{"rendered":"\u0417\u0430\u0449\u0438\u0442\u043d\u044b\u0435 \u043e\u0447\u043a\u0438 VERNON \u0436\u0451\u043b\u0442\u044b\u0435"},"content":{"rendered":"<p>\u041e\u0447\u043a\u0438 \u0441 \u043f\u043e\u043b\u0438\u043a\u0430\u0440\u0431\u043e\u043d\u0430\u0442\u043d\u043e\u0439 \u043b\u0438\u043d\u0437\u043e\u0439 \u0441 \u043e\u0431\u0440\u0430\u0431\u043e\u0442\u043a\u043e\u0439 \u043f\u0440\u043e\u0442\u0438\u0432 \u0446\u0430\u0440\u0430\u043f\u0438\u043d \u0438 \u0437\u0430\u043f\u043e\u0442\u0435\u0432\u0430\u043d\u0438\u044f, \u043a\u0430\u0442\u0435\u0433\u043e\u0440\u0438\u044f F (EN 166) &#8212; \u0441\u0440\u0435\u0434\u043d\u044f\u044f \u0443\u0434\u0430\u0440\u043e\u043f\u0440\u043e\u0447\u043d\u043e\u0441\u0442\u044c.<\/p>\n<p>\u041e\u043f\u0442\u0438\u0447\u0435\u0441\u043a\u0438\u0439 \u043a\u043b\u0430\u0441\u0441 1.<\/p>\n<p>\u0416\u0451\u043b\u0442\u0430\u044f \u043b\u0438\u043d\u0437\u0430 \u0441 \u0423\u0424 \u0444\u0438\u043b\u044c\u0442\u0440\u043e\u043c (EN 170).<\/p>\n<p>\u0420\u0435\u0433\u0443\u043b\u0438\u0440\u0443\u0435\u0442\u0441\u044f \u0434\u043b\u0438\u043d\u0430 \u0438 \u0443\u0433\u043e\u043b \u043d\u0430\u043a\u043b\u043e\u043d\u0430 \u0434\u0443\u0436\u0435\u043a.<\/p>\n<p>\u0421\u043f\u043e\u0440\u0442\u0438\u0432\u043d\u044b\u0439 \u0434\u0438\u0437\u0430\u0439\u043d.<\/p>\n","protected":false},"excerpt":{"rendered":"<p>\u041e\u0447\u043a\u0438 \u0441 \u043f\u043e\u043b\u0438\u043a\u0430\u0440\u0431\u043e\u043d\u0430\u0442\u043d\u043e\u0439 \u043b\u0438\u043d\u0437\u043e\u0439 \u0441 \u043e\u0431\u0440\u0430\u0431\u043e\u0442\u043a\u043e\u0439 \u043f\u0440\u043e\u0442\u0438\u0432 \u0446\u0430\u0440\u0430\u043f\u0438\u043d \u0438 \u0437\u0430\u043f\u043e\u0442\u0435\u0432\u0430\u043d\u0438\u044f, \u043a\u0430\u0442\u0435\u0433\u043e\u0440\u0438\u044f F (EN 166) &#8212; \u0441\u0440\u0435\u0434\u043d\u044f\u044f \u0443\u0434\u0430\u0440\u043e\u043f\u0440\u043e\u0447\u043d\u043e\u0441\u0442\u044c. \u041e\u043f\u0442\u0438\u0447\u0435\u0441\u043a\u0438\u0439 \u043a\u043b\u0430\u0441\u0441 1. \u0416\u0451\u043b\u0442\u0430\u044f \u043b\u0438\u043d\u0437\u0430 \u0441 \u0423\u0424 \u0444\u0438\u043b\u044c\u0442\u0440\u043e\u043c (EN 170). \u0420\u0435\u0433\u0443\u043b\u0438\u0440\u0443\u0435\u0442\u0441\u044f \u0434\u043b\u0438\u043d\u0430 \u0438 \u0443\u0433\u043e\u043b \u043d\u0430\u043a\u043b\u043e\u043d\u0430 \u0434\u0443\u0436\u0435\u043a. \u0421\u043f\u043e\u0440\u0442\u0438\u0432\u043d\u044b\u0439 \u0434\u0438\u0437\u0430\u0439\u043d.<\/p>\n","protected":false},"featured_media":25601,"template":"","meta":[],"pwb-brand":[],"product_brand":[],"product_cat":[1085],"product_tag":[],"class_list":{"0":"post-25603","1":"product","2":"type-product","3":"status-publish","4":"has-post-thumbnail","6":"product_cat-1085","8":"first","9":"instock","10":"taxable","11":"shipping-taxable","12":"purchasable","13":"product-type-simple"},"yoast_head":"<!-- This site is optimized with the Yoast SEO plugin v27.0 - https:\/\/yoast.com\/product\/yoast-seo-wordpress\/ -->\n<title>\u0417\u0430\u0449\u0438\u0442\u043d\u044b\u0435 \u043e\u0447\u043a\u0438 VERNON \u0436\u0451\u043b\u0442\u044b\u0435 - Stafit O\u00dc<\/title>\n<meta name=\"robots\" content=\"index, follow, max-snippet:-1, max-image-preview:large, max-video-preview:-1\" \/>\n<link rel=\"canonical\" href=\"https:\/\/stafit.ee\/ru\/tovar\/\u0437\u0430\u0449\u0438\u0442\u043d\u044b\u0435-\u043e\u0447\u043a\u0438-vernon-\u0436\u0451\u043b\u0442\u044b\u0435\/\" \/>\n<meta property=\"og:locale\" content=\"ru_RU\" \/>\n<meta property=\"og:type\" content=\"article\" \/>\n<meta property=\"og:title\" content=\"\u0417\u0430\u0449\u0438\u0442\u043d\u044b\u0435 \u043e\u0447\u043a\u0438 VERNON \u0436\u0451\u043b\u0442\u044b\u0435 - Stafit O\u00dc\" \/>\n<meta property=\"og:description\" content=\"\u041e\u0447\u043a\u0438 \u0441 \u043f\u043e\u043b\u0438\u043a\u0430\u0440\u0431\u043e\u043d\u0430\u0442\u043d\u043e\u0439 \u043b\u0438\u043d\u0437\u043e\u0439 \u0441 \u043e\u0431\u0440\u0430\u0431\u043e\u0442\u043a\u043e\u0439 \u043f\u0440\u043e\u0442\u0438\u0432 \u0446\u0430\u0440\u0430\u043f\u0438\u043d \u0438 \u0437\u0430\u043f\u043e\u0442\u0435\u0432\u0430\u043d\u0438\u044f, \u043a\u0430\u0442\u0435\u0433\u043e\u0440\u0438\u044f F (EN 166) &#8212; \u0441\u0440\u0435\u0434\u043d\u044f\u044f \u0443\u0434\u0430\u0440\u043e\u043f\u0440\u043e\u0447\u043d\u043e\u0441\u0442\u044c. \u041e\u043f\u0442\u0438\u0447\u0435\u0441\u043a\u0438\u0439 \u043a\u043b\u0430\u0441\u0441 1. \u0416\u0451\u043b\u0442\u0430\u044f \u043b\u0438\u043d\u0437\u0430 \u0441 \u0423\u0424 \u0444\u0438\u043b\u044c\u0442\u0440\u043e\u043c (EN 170). \u0420\u0435\u0433\u0443\u043b\u0438\u0440\u0443\u0435\u0442\u0441\u044f \u0434\u043b\u0438\u043d\u0430 \u0438 \u0443\u0433\u043e\u043b \u043d\u0430\u043a\u043b\u043e\u043d\u0430 \u0434\u0443\u0436\u0435\u043a. \u0421\u043f\u043e\u0440\u0442\u0438\u0432\u043d\u044b\u0439 \u0434\u0438\u0437\u0430\u0439\u043d.\" \/>\n<meta property=\"og:url\" content=\"https:\/\/stafit.ee\/ru\/tovar\/\u0437\u0430\u0449\u0438\u0442\u043d\u044b\u0435-\u043e\u0447\u043a\u0438-vernon-\u0436\u0451\u043b\u0442\u044b\u0435\/\" \/>\n<meta property=\"og:site_name\" content=\"Stafit O\u00dc\" \/>\n<meta property=\"article:modified_time\" content=\"2026-04-08T15:16:58+00:00\" \/>\n<meta property=\"og:image\" content=\"https:\/\/stafit.ee\/wp-content\/uploads\/2021\/04\/Vernon-yellow-1.jpg\" \/>\n\t<meta property=\"og:image:width\" content=\"2000\" \/>\n\t<meta property=\"og:image:height\" content=\"2000\" \/>\n\t<meta property=\"og:image:type\" content=\"image\/jpeg\" \/>\n<meta name=\"twitter:card\" content=\"summary_large_image\" \/>\n<script type=\"application\/ld+json\" class=\"yoast-schema-graph\">{\"@context\":\"https:\/\/schema.org\",\"@graph\":[{\"@type\":\"WebPage\",\"@id\":\"https:\/\/stafit.ee\/ru\/tovar\/%d0%b7%d0%b0%d1%89%d0%b8%d1%82%d0%bd%d1%8b%d0%b5-%d0%be%d1%87%d0%ba%d0%b8-vernon-%d0%b6%d1%91%d0%bb%d1%82%d1%8b%d0%b5\/\",\"url\":\"https:\/\/stafit.ee\/ru\/tovar\/%d0%b7%d0%b0%d1%89%d0%b8%d1%82%d0%bd%d1%8b%d0%b5-%d0%be%d1%87%d0%ba%d0%b8-vernon-%d0%b6%d1%91%d0%bb%d1%82%d1%8b%d0%b5\/\",\"name\":\"\u0417\u0430\u0449\u0438\u0442\u043d\u044b\u0435 \u043e\u0447\u043a\u0438 VERNON \u0436\u0451\u043b\u0442\u044b\u0435 - Stafit O\u00dc\",\"isPartOf\":{\"@id\":\"https:\/\/stafit.ee\/#website\"},\"primaryImageOfPage\":{\"@id\":\"https:\/\/stafit.ee\/ru\/tovar\/%d0%b7%d0%b0%d1%89%d0%b8%d1%82%d0%bd%d1%8b%d0%b5-%d0%be%d1%87%d0%ba%d0%b8-vernon-%d0%b6%d1%91%d0%bb%d1%82%d1%8b%d0%b5\/#primaryimage\"},\"image\":{\"@id\":\"https:\/\/stafit.ee\/ru\/tovar\/%d0%b7%d0%b0%d1%89%d0%b8%d1%82%d0%bd%d1%8b%d0%b5-%d0%be%d1%87%d0%ba%d0%b8-vernon-%d0%b6%d1%91%d0%bb%d1%82%d1%8b%d0%b5\/#primaryimage\"},\"thumbnailUrl\":\"https:\/\/stafit.ee\/wp-content\/uploads\/2021\/04\/Vernon-yellow-1.jpg\",\"datePublished\":\"2021-04-26T09:01:17+00:00\",\"dateModified\":\"2026-04-08T15:16:58+00:00\",\"breadcrumb\":{\"@id\":\"https:\/\/stafit.ee\/ru\/tovar\/%d0%b7%d0%b0%d1%89%d0%b8%d1%82%d0%bd%d1%8b%d0%b5-%d0%be%d1%87%d0%ba%d0%b8-vernon-%d0%b6%d1%91%d0%bb%d1%82%d1%8b%d0%b5\/#breadcrumb\"},\"inLanguage\":\"ru-RU\",\"potentialAction\":[{\"@type\":\"ReadAction\",\"target\":[\"https:\/\/stafit.ee\/ru\/tovar\/%d0%b7%d0%b0%d1%89%d0%b8%d1%82%d0%bd%d1%8b%d0%b5-%d0%be%d1%87%d0%ba%d0%b8-vernon-%d0%b6%d1%91%d0%bb%d1%82%d1%8b%d0%b5\/\"]}]},{\"@type\":\"ImageObject\",\"inLanguage\":\"ru-RU\",\"@id\":\"https:\/\/stafit.ee\/ru\/tovar\/%d0%b7%d0%b0%d1%89%d0%b8%d1%82%d0%bd%d1%8b%d0%b5-%d0%be%d1%87%d0%ba%d0%b8-vernon-%d0%b6%d1%91%d0%bb%d1%82%d1%8b%d0%b5\/#primaryimage\",\"url\":\"https:\/\/stafit.ee\/wp-content\/uploads\/2021\/04\/Vernon-yellow-1.jpg\",\"contentUrl\":\"https:\/\/stafit.ee\/wp-content\/uploads\/2021\/04\/Vernon-yellow-1.jpg\",\"width\":2000,\"height\":2000},{\"@type\":\"BreadcrumbList\",\"@id\":\"https:\/\/stafit.ee\/ru\/tovar\/%d0%b7%d0%b0%d1%89%d0%b8%d1%82%d0%bd%d1%8b%d0%b5-%d0%be%d1%87%d0%ba%d0%b8-vernon-%d0%b6%d1%91%d0%bb%d1%82%d1%8b%d0%b5\/#breadcrumb\",\"itemListElement\":[{\"@type\":\"ListItem\",\"position\":1,\"name\":\"Home\",\"item\":\"https:\/\/stafit.ee\/ru\/\"},{\"@type\":\"ListItem\",\"position\":2,\"name\":\"\u041c\u0430\u0433\u0430\u0437\u0438\u043d\",\"item\":\"https:\/\/stafit.ee\/ru\/pood\/\"},{\"@type\":\"ListItem\",\"position\":3,\"name\":\"\u0417\u0430\u0449\u0438\u0442\u043d\u044b\u0435 \u043e\u0447\u043a\u0438 VERNON \u0436\u0451\u043b\u0442\u044b\u0435\"}]},{\"@type\":\"WebSite\",\"@id\":\"https:\/\/stafit.ee\/#website\",\"url\":\"https:\/\/stafit.ee\/\",\"name\":\"Stafit O\u00dc\",\"description\":\"T\u00f6\u00f6riete ja ohutusvahendite jae ja hulgim\u00fc\u00fck\",\"potentialAction\":[{\"@type\":\"SearchAction\",\"target\":{\"@type\":\"EntryPoint\",\"urlTemplate\":\"https:\/\/stafit.ee\/?s={search_term_string}\"},\"query-input\":{\"@type\":\"PropertyValueSpecification\",\"valueRequired\":true,\"valueName\":\"search_term_string\"}}],\"inLanguage\":\"ru-RU\"}]}<\/script>\n<!-- \/ Yoast SEO plugin. -->","yoast_head_json":{"title":"\u0417\u0430\u0449\u0438\u0442\u043d\u044b\u0435 \u043e\u0447\u043a\u0438 VERNON \u0436\u0451\u043b\u0442\u044b\u0435 - Stafit O\u00dc","robots":{"index":"index","follow":"follow","max-snippet":"max-snippet:-1","max-image-preview":"max-image-preview:large","max-video-preview":"max-video-preview:-1"},"canonical":"https:\/\/stafit.ee\/ru\/tovar\/\u0437\u0430\u0449\u0438\u0442\u043d\u044b\u0435-\u043e\u0447\u043a\u0438-vernon-\u0436\u0451\u043b\u0442\u044b\u0435\/","og_locale":"ru_RU","og_type":"article","og_title":"\u0417\u0430\u0449\u0438\u0442\u043d\u044b\u0435 \u043e\u0447\u043a\u0438 VERNON \u0436\u0451\u043b\u0442\u044b\u0435 - Stafit O\u00dc","og_description":"\u041e\u0447\u043a\u0438 \u0441 \u043f\u043e\u043b\u0438\u043a\u0430\u0440\u0431\u043e\u043d\u0430\u0442\u043d\u043e\u0439 \u043b\u0438\u043d\u0437\u043e\u0439 \u0441 \u043e\u0431\u0440\u0430\u0431\u043e\u0442\u043a\u043e\u0439 \u043f\u0440\u043e\u0442\u0438\u0432 \u0446\u0430\u0440\u0430\u043f\u0438\u043d \u0438 \u0437\u0430\u043f\u043e\u0442\u0435\u0432\u0430\u043d\u0438\u044f, \u043a\u0430\u0442\u0435\u0433\u043e\u0440\u0438\u044f F (EN 166) &#8212; \u0441\u0440\u0435\u0434\u043d\u044f\u044f \u0443\u0434\u0430\u0440\u043e\u043f\u0440\u043e\u0447\u043d\u043e\u0441\u0442\u044c. \u041e\u043f\u0442\u0438\u0447\u0435\u0441\u043a\u0438\u0439 \u043a\u043b\u0430\u0441\u0441 1. \u0416\u0451\u043b\u0442\u0430\u044f \u043b\u0438\u043d\u0437\u0430 \u0441 \u0423\u0424 \u0444\u0438\u043b\u044c\u0442\u0440\u043e\u043c (EN 170). \u0420\u0435\u0433\u0443\u043b\u0438\u0440\u0443\u0435\u0442\u0441\u044f \u0434\u043b\u0438\u043d\u0430 \u0438 \u0443\u0433\u043e\u043b \u043d\u0430\u043a\u043b\u043e\u043d\u0430 \u0434\u0443\u0436\u0435\u043a. \u0421\u043f\u043e\u0440\u0442\u0438\u0432\u043d\u044b\u0439 \u0434\u0438\u0437\u0430\u0439\u043d.","og_url":"https:\/\/stafit.ee\/ru\/tovar\/\u0437\u0430\u0449\u0438\u0442\u043d\u044b\u0435-\u043e\u0447\u043a\u0438-vernon-\u0436\u0451\u043b\u0442\u044b\u0435\/","og_site_name":"Stafit O\u00dc","article_modified_time":"2026-04-08T15:16:58+00:00","og_image":[{"width":2000,"height":2000,"url":"https:\/\/stafit.ee\/wp-content\/uploads\/2021\/04\/Vernon-yellow-1.jpg","type":"image\/jpeg"}],"twitter_card":"summary_large_image","schema":{"@context":"https:\/\/schema.org","@graph":[{"@type":"WebPage","@id":"https:\/\/stafit.ee\/ru\/tovar\/%d0%b7%d0%b0%d1%89%d0%b8%d1%82%d0%bd%d1%8b%d0%b5-%d0%be%d1%87%d0%ba%d0%b8-vernon-%d0%b6%d1%91%d0%bb%d1%82%d1%8b%d0%b5\/","url":"https:\/\/stafit.ee\/ru\/tovar\/%d0%b7%d0%b0%d1%89%d0%b8%d1%82%d0%bd%d1%8b%d0%b5-%d0%be%d1%87%d0%ba%d0%b8-vernon-%d0%b6%d1%91%d0%bb%d1%82%d1%8b%d0%b5\/","name":"\u0417\u0430\u0449\u0438\u0442\u043d\u044b\u0435 \u043e\u0447\u043a\u0438 VERNON \u0436\u0451\u043b\u0442\u044b\u0435 - Stafit O\u00dc","isPartOf":{"@id":"https:\/\/stafit.ee\/#website"},"primaryImageOfPage":{"@id":"https:\/\/stafit.ee\/ru\/tovar\/%d0%b7%d0%b0%d1%89%d0%b8%d1%82%d0%bd%d1%8b%d0%b5-%d0%be%d1%87%d0%ba%d0%b8-vernon-%d0%b6%d1%91%d0%bb%d1%82%d1%8b%d0%b5\/#primaryimage"},"image":{"@id":"https:\/\/stafit.ee\/ru\/tovar\/%d0%b7%d0%b0%d1%89%d0%b8%d1%82%d0%bd%d1%8b%d0%b5-%d0%be%d1%87%d0%ba%d0%b8-vernon-%d0%b6%d1%91%d0%bb%d1%82%d1%8b%d0%b5\/#primaryimage"},"thumbnailUrl":"https:\/\/stafit.ee\/wp-content\/uploads\/2021\/04\/Vernon-yellow-1.jpg","datePublished":"2021-04-26T09:01:17+00:00","dateModified":"2026-04-08T15:16:58+00:00","breadcrumb":{"@id":"https:\/\/stafit.ee\/ru\/tovar\/%d0%b7%d0%b0%d1%89%d0%b8%d1%82%d0%bd%d1%8b%d0%b5-%d0%be%d1%87%d0%ba%d0%b8-vernon-%d0%b6%d1%91%d0%bb%d1%82%d1%8b%d0%b5\/#breadcrumb"},"inLanguage":"ru-RU","potentialAction":[{"@type":"ReadAction","target":["https:\/\/stafit.ee\/ru\/tovar\/%d0%b7%d0%b0%d1%89%d0%b8%d1%82%d0%bd%d1%8b%d0%b5-%d0%be%d1%87%d0%ba%d0%b8-vernon-%d0%b6%d1%91%d0%bb%d1%82%d1%8b%d0%b5\/"]}]},{"@type":"ImageObject","inLanguage":"ru-RU","@id":"https:\/\/stafit.ee\/ru\/tovar\/%d0%b7%d0%b0%d1%89%d0%b8%d1%82%d0%bd%d1%8b%d0%b5-%d0%be%d1%87%d0%ba%d0%b8-vernon-%d0%b6%d1%91%d0%bb%d1%82%d1%8b%d0%b5\/#primaryimage","url":"https:\/\/stafit.ee\/wp-content\/uploads\/2021\/04\/Vernon-yellow-1.jpg","contentUrl":"https:\/\/stafit.ee\/wp-content\/uploads\/2021\/04\/Vernon-yellow-1.jpg","width":2000,"height":2000},{"@type":"BreadcrumbList","@id":"https:\/\/stafit.ee\/ru\/tovar\/%d0%b7%d0%b0%d1%89%d0%b8%d1%82%d0%bd%d1%8b%d0%b5-%d0%be%d1%87%d0%ba%d0%b8-vernon-%d0%b6%d1%91%d0%bb%d1%82%d1%8b%d0%b5\/#breadcrumb","itemListElement":[{"@type":"ListItem","position":1,"name":"Home","item":"https:\/\/stafit.ee\/ru\/"},{"@type":"ListItem","position":2,"name":"\u041c\u0430\u0433\u0430\u0437\u0438\u043d","item":"https:\/\/stafit.ee\/ru\/pood\/"},{"@type":"ListItem","position":3,"name":"\u0417\u0430\u0449\u0438\u0442\u043d\u044b\u0435 \u043e\u0447\u043a\u0438 VERNON \u0436\u0451\u043b\u0442\u044b\u0435"}]},{"@type":"WebSite","@id":"https:\/\/stafit.ee\/#website","url":"https:\/\/stafit.ee\/","name":"Stafit O\u00dc","description":"T\u00f6\u00f6riete ja ohutusvahendite jae ja hulgim\u00fc\u00fck","potentialAction":[{"@type":"SearchAction","target":{"@type":"EntryPoint","urlTemplate":"https:\/\/stafit.ee\/?s={search_term_string}"},"query-input":{"@type":"PropertyValueSpecification","valueRequired":true,"valueName":"search_term_string"}}],"inLanguage":"ru-RU"}]}},"brands":[],"_links":{"self":[{"href":"https:\/\/stafit.ee\/ru\/wp-json\/wp\/v2\/product\/25603","targetHints":{"allow":["GET"]}}],"collection":[{"href":"https:\/\/stafit.ee\/ru\/wp-json\/wp\/v2\/product"}],"about":[{"href":"https:\/\/stafit.ee\/ru\/wp-json\/wp\/v2\/types\/product"}],"wp:featuredmedia":[{"embeddable":true,"href":"https:\/\/stafit.ee\/ru\/wp-json\/wp\/v2\/media\/25601"}],"wp:attachment":[{"href":"https:\/\/stafit.ee\/ru\/wp-json\/wp\/v2\/media?parent=25603"}],"wp:term":[{"taxonomy":"pwb-brand","embeddable":true,"href":"https:\/\/stafit.ee\/ru\/wp-json\/wp\/v2\/pwb-brand?post=25603"},{"taxonomy":"product_brand","embeddable":true,"href":"https:\/\/stafit.ee\/ru\/wp-json\/wp\/v2\/product_brand?post=25603"},{"taxonomy":"product_cat","embeddable":true,"href":"https:\/\/stafit.ee\/ru\/wp-json\/wp\/v2\/product_cat?post=25603"},{"taxonomy":"product_tag","embeddable":true,"href":"https:\/\/stafit.ee\/ru\/wp-json\/wp\/v2\/product_tag?post=25603"}],"curies":[{"name":"wp","href":"https:\/\/api.w.org\/{rel}","templated":true}]}}