{"id":23647,"date":"2021-03-24T08:00:36","date_gmt":"2021-03-24T06:00:36","guid":{"rendered":"https:\/\/stafit.ee\/toode\/%d1%84%d0%b8%d0%bb%d1%8c%d1%82%d1%80-bls-211-a2\/"},"modified":"2026-04-08T18:14:43","modified_gmt":"2026-04-08T15:14:43","slug":"%d1%84%d0%b8%d0%bb%d1%8c%d1%82%d1%80-bls-211-a2","status":"publish","type":"product","link":"https:\/\/stafit.ee\/ru\/tovar\/%d1%84%d0%b8%d0%bb%d1%8c%d1%82%d1%80-bls-211-a2\/","title":{"rendered":"\u0424\u0438\u043b\u044c\u0442\u0440 BLS 211 A2"},"content":{"rendered":"<ul>\n<li>\u0424\u0438\u043b\u044c\u0442\u0440 BLS 211 \u043e\u0441\u043d\u0430\u0449\u0435\u043d \u0441\u043e\u0435\u0434\u0438\u043d\u0435\u043d\u0438\u0435\u043c \u0431\u0430\u0439\u043e\u043d\u0435\u0442\u043d\u043e\u0433\u043e \u0442\u0438\u043f\u0430 B-LOCK, \u043a\u043e\u0442\u043e\u0440\u043e\u0435 \u043f\u043e\u0437\u0432\u043e\u043b\u044f\u0435\u0442 \u0438\u0441\u043f\u043e\u043b\u044c\u0437\u043e\u0432\u0430\u0442\u044c \u0444\u0438\u043b\u044c\u0442\u0440 \u0432 \u043f\u0430\u0440\u0435 \u0441\u00a0\u043f\u043e\u043b\u0443\u043c\u0430\u0441\u043a\u043e\u0439 4000NEXT R \u0438 \u0441 \u043f\u043e\u043b\u043d\u043e\u043b\u0438\u0446\u0435\u0432\u043e\u0439 \u043c\u0430\u0441\u043a\u043e\u0439 BLS 5600.<\/li>\n<li>\u041f\u0430\u0440\u0430.<\/li>\n<li>\u041a\u043b\u0430\u0441\u0441 A2: \u0437\u0430\u0449\u0438\u0449\u0430\u0435\u0442 \u043e\u0442 \u043e\u0440\u0433\u0430\u043d\u0438\u0447\u0435\u0441\u043a\u0438\u0445 \u0433\u0430\u0437\u043e\u0432 \u0438 \u043f\u0430\u0440\u043e\u0432 \u0441 \u0442\u0435\u043c\u043f\u0435\u0440\u0430\u0442\u0443\u0440\u043e\u0439 \u043a\u0438\u043f\u0435\u043d\u0438\u044f \u0432\u044b\u0448\u0435 65\u00b0\u0421.<\/li>\n<li>\u041f\u0440\u043e\u0438\u0437\u0432\u0435\u0434\u0435\u043d \u0432 \u0418\u0442\u0430\u043b\u0438\u0438.<\/li>\n<\/ul>\n","protected":false},"excerpt":{"rendered":"<p>\u0424\u0438\u043b\u044c\u0442\u0440 BLS 211 \u043e\u0441\u043d\u0430\u0449\u0435\u043d \u0441\u043e\u0435\u0434\u0438\u043d\u0435\u043d\u0438\u0435\u043c \u0431\u0430\u0439\u043e\u043d\u0435\u0442\u043d\u043e\u0433\u043e \u0442\u0438\u043f\u0430 B-LOCK, \u043a\u043e\u0442\u043e\u0440\u043e\u0435 \u043f\u043e\u0437\u0432\u043e\u043b\u044f\u0435\u0442 \u0438\u0441\u043f\u043e\u043b\u044c\u0437\u043e\u0432\u0430\u0442\u044c \u0444\u0438\u043b\u044c\u0442\u0440 \u0432 \u043f\u0430\u0440\u0435 \u0441\u00a0\u043f\u043e\u043b\u0443\u043c\u0430\u0441\u043a\u043e\u0439 4000NEXT R \u0438 \u0441 \u043f\u043e\u043b\u043d\u043e\u043b\u0438\u0446\u0435\u0432\u043e\u0439 \u043c\u0430\u0441\u043a\u043e\u0439 BLS 5600. \u041f\u0430\u0440\u0430. \u041a\u043b\u0430\u0441\u0441 A2: \u0437\u0430\u0449\u0438\u0449\u0430\u0435\u0442 \u043e\u0442 \u043e\u0440\u0433\u0430\u043d\u0438\u0447\u0435\u0441\u043a\u0438\u0445 \u0433\u0430\u0437\u043e\u0432 \u0438 \u043f\u0430\u0440\u043e\u0432 \u0441 \u0442\u0435\u043c\u043f\u0435\u0440\u0430\u0442\u0443\u0440\u043e\u0439 \u043a\u0438\u043f\u0435\u043d\u0438\u044f \u0432\u044b\u0448\u0435 65\u00b0\u0421. \u041f\u0440\u043e\u0438\u0437\u0432\u0435\u0434\u0435\u043d \u0432 \u0418\u0442\u0430\u043b\u0438\u0438.<\/p>\n","protected":false},"featured_media":23645,"template":"","meta":[],"pwb-brand":[],"product_brand":[],"product_cat":[529],"product_tag":[],"class_list":{"0":"post-23647","1":"product","2":"type-product","3":"status-publish","4":"has-post-thumbnail","6":"product_cat-529","8":"first","9":"instock","10":"taxable","11":"shipping-taxable","12":"purchasable","13":"product-type-simple"},"yoast_head":"<!-- This site is optimized with the Yoast SEO plugin v27.0 - https:\/\/yoast.com\/product\/yoast-seo-wordpress\/ -->\n<title>\u0424\u0438\u043b\u044c\u0442\u0440 BLS 211 A2 - Stafit O\u00dc<\/title>\n<meta name=\"robots\" content=\"index, follow, max-snippet:-1, max-image-preview:large, max-video-preview:-1\" \/>\n<link rel=\"canonical\" href=\"https:\/\/stafit.ee\/ru\/tovar\/\u0444\u0438\u043b\u044c\u0442\u0440-bls-211-a2\/\" \/>\n<meta property=\"og:locale\" content=\"ru_RU\" \/>\n<meta property=\"og:type\" content=\"article\" \/>\n<meta property=\"og:title\" content=\"\u0424\u0438\u043b\u044c\u0442\u0440 BLS 211 A2 - Stafit O\u00dc\" \/>\n<meta property=\"og:description\" content=\"\u0424\u0438\u043b\u044c\u0442\u0440 BLS 211 \u043e\u0441\u043d\u0430\u0449\u0435\u043d \u0441\u043e\u0435\u0434\u0438\u043d\u0435\u043d\u0438\u0435\u043c \u0431\u0430\u0439\u043e\u043d\u0435\u0442\u043d\u043e\u0433\u043e \u0442\u0438\u043f\u0430 B-LOCK, \u043a\u043e\u0442\u043e\u0440\u043e\u0435 \u043f\u043e\u0437\u0432\u043e\u043b\u044f\u0435\u0442 \u0438\u0441\u043f\u043e\u043b\u044c\u0437\u043e\u0432\u0430\u0442\u044c \u0444\u0438\u043b\u044c\u0442\u0440 \u0432 \u043f\u0430\u0440\u0435 \u0441\u00a0\u043f\u043e\u043b\u0443\u043c\u0430\u0441\u043a\u043e\u0439 4000NEXT R \u0438 \u0441 \u043f\u043e\u043b\u043d\u043e\u043b\u0438\u0446\u0435\u0432\u043e\u0439 \u043c\u0430\u0441\u043a\u043e\u0439 BLS 5600. \u041f\u0430\u0440\u0430. \u041a\u043b\u0430\u0441\u0441 A2: \u0437\u0430\u0449\u0438\u0449\u0430\u0435\u0442 \u043e\u0442 \u043e\u0440\u0433\u0430\u043d\u0438\u0447\u0435\u0441\u043a\u0438\u0445 \u0433\u0430\u0437\u043e\u0432 \u0438 \u043f\u0430\u0440\u043e\u0432 \u0441 \u0442\u0435\u043c\u043f\u0435\u0440\u0430\u0442\u0443\u0440\u043e\u0439 \u043a\u0438\u043f\u0435\u043d\u0438\u044f \u0432\u044b\u0448\u0435 65\u00b0\u0421. \u041f\u0440\u043e\u0438\u0437\u0432\u0435\u0434\u0435\u043d \u0432 \u0418\u0442\u0430\u043b\u0438\u0438.\" \/>\n<meta property=\"og:url\" content=\"https:\/\/stafit.ee\/ru\/tovar\/\u0444\u0438\u043b\u044c\u0442\u0440-bls-211-a2\/\" \/>\n<meta property=\"og:site_name\" content=\"Stafit O\u00dc\" \/>\n<meta property=\"article:modified_time\" content=\"2026-04-08T15:14:43+00:00\" \/>\n<meta property=\"og:image\" content=\"https:\/\/stafit.ee\/wp-content\/uploads\/2021\/03\/BLS-211.jpg\" \/>\n\t<meta property=\"og:image:width\" content=\"2000\" \/>\n\t<meta property=\"og:image:height\" content=\"2000\" \/>\n\t<meta property=\"og:image:type\" content=\"image\/jpeg\" \/>\n<meta name=\"twitter:card\" content=\"summary_large_image\" \/>\n<script type=\"application\/ld+json\" class=\"yoast-schema-graph\">{\"@context\":\"https:\/\/schema.org\",\"@graph\":[{\"@type\":\"WebPage\",\"@id\":\"https:\/\/stafit.ee\/ru\/tovar\/%d1%84%d0%b8%d0%bb%d1%8c%d1%82%d1%80-bls-211-a2\/\",\"url\":\"https:\/\/stafit.ee\/ru\/tovar\/%d1%84%d0%b8%d0%bb%d1%8c%d1%82%d1%80-bls-211-a2\/\",\"name\":\"\u0424\u0438\u043b\u044c\u0442\u0440 BLS 211 A2 - Stafit O\u00dc\",\"isPartOf\":{\"@id\":\"https:\/\/stafit.ee\/#website\"},\"primaryImageOfPage\":{\"@id\":\"https:\/\/stafit.ee\/ru\/tovar\/%d1%84%d0%b8%d0%bb%d1%8c%d1%82%d1%80-bls-211-a2\/#primaryimage\"},\"image\":{\"@id\":\"https:\/\/stafit.ee\/ru\/tovar\/%d1%84%d0%b8%d0%bb%d1%8c%d1%82%d1%80-bls-211-a2\/#primaryimage\"},\"thumbnailUrl\":\"https:\/\/stafit.ee\/wp-content\/uploads\/2021\/03\/BLS-211.jpg\",\"datePublished\":\"2021-03-24T06:00:36+00:00\",\"dateModified\":\"2026-04-08T15:14:43+00:00\",\"breadcrumb\":{\"@id\":\"https:\/\/stafit.ee\/ru\/tovar\/%d1%84%d0%b8%d0%bb%d1%8c%d1%82%d1%80-bls-211-a2\/#breadcrumb\"},\"inLanguage\":\"ru-RU\",\"potentialAction\":[{\"@type\":\"ReadAction\",\"target\":[\"https:\/\/stafit.ee\/ru\/tovar\/%d1%84%d0%b8%d0%bb%d1%8c%d1%82%d1%80-bls-211-a2\/\"]}]},{\"@type\":\"ImageObject\",\"inLanguage\":\"ru-RU\",\"@id\":\"https:\/\/stafit.ee\/ru\/tovar\/%d1%84%d0%b8%d0%bb%d1%8c%d1%82%d1%80-bls-211-a2\/#primaryimage\",\"url\":\"https:\/\/stafit.ee\/wp-content\/uploads\/2021\/03\/BLS-211.jpg\",\"contentUrl\":\"https:\/\/stafit.ee\/wp-content\/uploads\/2021\/03\/BLS-211.jpg\",\"width\":2000,\"height\":2000},{\"@type\":\"BreadcrumbList\",\"@id\":\"https:\/\/stafit.ee\/ru\/tovar\/%d1%84%d0%b8%d0%bb%d1%8c%d1%82%d1%80-bls-211-a2\/#breadcrumb\",\"itemListElement\":[{\"@type\":\"ListItem\",\"position\":1,\"name\":\"Home\",\"item\":\"https:\/\/stafit.ee\/ru\/\"},{\"@type\":\"ListItem\",\"position\":2,\"name\":\"\u041c\u0430\u0433\u0430\u0437\u0438\u043d\",\"item\":\"https:\/\/stafit.ee\/ru\/pood\/\"},{\"@type\":\"ListItem\",\"position\":3,\"name\":\"\u0424\u0438\u043b\u044c\u0442\u0440 BLS 211 A2\"}]},{\"@type\":\"WebSite\",\"@id\":\"https:\/\/stafit.ee\/#website\",\"url\":\"https:\/\/stafit.ee\/\",\"name\":\"Stafit O\u00dc\",\"description\":\"T\u00f6\u00f6riete ja ohutusvahendite jae ja hulgim\u00fc\u00fck\",\"potentialAction\":[{\"@type\":\"SearchAction\",\"target\":{\"@type\":\"EntryPoint\",\"urlTemplate\":\"https:\/\/stafit.ee\/?s={search_term_string}\"},\"query-input\":{\"@type\":\"PropertyValueSpecification\",\"valueRequired\":true,\"valueName\":\"search_term_string\"}}],\"inLanguage\":\"ru-RU\"}]}<\/script>\n<!-- \/ Yoast SEO plugin. -->","yoast_head_json":{"title":"\u0424\u0438\u043b\u044c\u0442\u0440 BLS 211 A2 - Stafit O\u00dc","robots":{"index":"index","follow":"follow","max-snippet":"max-snippet:-1","max-image-preview":"max-image-preview:large","max-video-preview":"max-video-preview:-1"},"canonical":"https:\/\/stafit.ee\/ru\/tovar\/\u0444\u0438\u043b\u044c\u0442\u0440-bls-211-a2\/","og_locale":"ru_RU","og_type":"article","og_title":"\u0424\u0438\u043b\u044c\u0442\u0440 BLS 211 A2 - Stafit O\u00dc","og_description":"\u0424\u0438\u043b\u044c\u0442\u0440 BLS 211 \u043e\u0441\u043d\u0430\u0449\u0435\u043d \u0441\u043e\u0435\u0434\u0438\u043d\u0435\u043d\u0438\u0435\u043c \u0431\u0430\u0439\u043e\u043d\u0435\u0442\u043d\u043e\u0433\u043e \u0442\u0438\u043f\u0430 B-LOCK, \u043a\u043e\u0442\u043e\u0440\u043e\u0435 \u043f\u043e\u0437\u0432\u043e\u043b\u044f\u0435\u0442 \u0438\u0441\u043f\u043e\u043b\u044c\u0437\u043e\u0432\u0430\u0442\u044c \u0444\u0438\u043b\u044c\u0442\u0440 \u0432 \u043f\u0430\u0440\u0435 \u0441\u00a0\u043f\u043e\u043b\u0443\u043c\u0430\u0441\u043a\u043e\u0439 4000NEXT R \u0438 \u0441 \u043f\u043e\u043b\u043d\u043e\u043b\u0438\u0446\u0435\u0432\u043e\u0439 \u043c\u0430\u0441\u043a\u043e\u0439 BLS 5600. \u041f\u0430\u0440\u0430. \u041a\u043b\u0430\u0441\u0441 A2: \u0437\u0430\u0449\u0438\u0449\u0430\u0435\u0442 \u043e\u0442 \u043e\u0440\u0433\u0430\u043d\u0438\u0447\u0435\u0441\u043a\u0438\u0445 \u0433\u0430\u0437\u043e\u0432 \u0438 \u043f\u0430\u0440\u043e\u0432 \u0441 \u0442\u0435\u043c\u043f\u0435\u0440\u0430\u0442\u0443\u0440\u043e\u0439 \u043a\u0438\u043f\u0435\u043d\u0438\u044f \u0432\u044b\u0448\u0435 65\u00b0\u0421. \u041f\u0440\u043e\u0438\u0437\u0432\u0435\u0434\u0435\u043d \u0432 \u0418\u0442\u0430\u043b\u0438\u0438.","og_url":"https:\/\/stafit.ee\/ru\/tovar\/\u0444\u0438\u043b\u044c\u0442\u0440-bls-211-a2\/","og_site_name":"Stafit O\u00dc","article_modified_time":"2026-04-08T15:14:43+00:00","og_image":[{"width":2000,"height":2000,"url":"https:\/\/stafit.ee\/wp-content\/uploads\/2021\/03\/BLS-211.jpg","type":"image\/jpeg"}],"twitter_card":"summary_large_image","schema":{"@context":"https:\/\/schema.org","@graph":[{"@type":"WebPage","@id":"https:\/\/stafit.ee\/ru\/tovar\/%d1%84%d0%b8%d0%bb%d1%8c%d1%82%d1%80-bls-211-a2\/","url":"https:\/\/stafit.ee\/ru\/tovar\/%d1%84%d0%b8%d0%bb%d1%8c%d1%82%d1%80-bls-211-a2\/","name":"\u0424\u0438\u043b\u044c\u0442\u0440 BLS 211 A2 - Stafit O\u00dc","isPartOf":{"@id":"https:\/\/stafit.ee\/#website"},"primaryImageOfPage":{"@id":"https:\/\/stafit.ee\/ru\/tovar\/%d1%84%d0%b8%d0%bb%d1%8c%d1%82%d1%80-bls-211-a2\/#primaryimage"},"image":{"@id":"https:\/\/stafit.ee\/ru\/tovar\/%d1%84%d0%b8%d0%bb%d1%8c%d1%82%d1%80-bls-211-a2\/#primaryimage"},"thumbnailUrl":"https:\/\/stafit.ee\/wp-content\/uploads\/2021\/03\/BLS-211.jpg","datePublished":"2021-03-24T06:00:36+00:00","dateModified":"2026-04-08T15:14:43+00:00","breadcrumb":{"@id":"https:\/\/stafit.ee\/ru\/tovar\/%d1%84%d0%b8%d0%bb%d1%8c%d1%82%d1%80-bls-211-a2\/#breadcrumb"},"inLanguage":"ru-RU","potentialAction":[{"@type":"ReadAction","target":["https:\/\/stafit.ee\/ru\/tovar\/%d1%84%d0%b8%d0%bb%d1%8c%d1%82%d1%80-bls-211-a2\/"]}]},{"@type":"ImageObject","inLanguage":"ru-RU","@id":"https:\/\/stafit.ee\/ru\/tovar\/%d1%84%d0%b8%d0%bb%d1%8c%d1%82%d1%80-bls-211-a2\/#primaryimage","url":"https:\/\/stafit.ee\/wp-content\/uploads\/2021\/03\/BLS-211.jpg","contentUrl":"https:\/\/stafit.ee\/wp-content\/uploads\/2021\/03\/BLS-211.jpg","width":2000,"height":2000},{"@type":"BreadcrumbList","@id":"https:\/\/stafit.ee\/ru\/tovar\/%d1%84%d0%b8%d0%bb%d1%8c%d1%82%d1%80-bls-211-a2\/#breadcrumb","itemListElement":[{"@type":"ListItem","position":1,"name":"Home","item":"https:\/\/stafit.ee\/ru\/"},{"@type":"ListItem","position":2,"name":"\u041c\u0430\u0433\u0430\u0437\u0438\u043d","item":"https:\/\/stafit.ee\/ru\/pood\/"},{"@type":"ListItem","position":3,"name":"\u0424\u0438\u043b\u044c\u0442\u0440 BLS 211 A2"}]},{"@type":"WebSite","@id":"https:\/\/stafit.ee\/#website","url":"https:\/\/stafit.ee\/","name":"Stafit O\u00dc","description":"T\u00f6\u00f6riete ja ohutusvahendite jae ja hulgim\u00fc\u00fck","potentialAction":[{"@type":"SearchAction","target":{"@type":"EntryPoint","urlTemplate":"https:\/\/stafit.ee\/?s={search_term_string}"},"query-input":{"@type":"PropertyValueSpecification","valueRequired":true,"valueName":"search_term_string"}}],"inLanguage":"ru-RU"}]}},"brands":[],"_links":{"self":[{"href":"https:\/\/stafit.ee\/ru\/wp-json\/wp\/v2\/product\/23647","targetHints":{"allow":["GET"]}}],"collection":[{"href":"https:\/\/stafit.ee\/ru\/wp-json\/wp\/v2\/product"}],"about":[{"href":"https:\/\/stafit.ee\/ru\/wp-json\/wp\/v2\/types\/product"}],"wp:featuredmedia":[{"embeddable":true,"href":"https:\/\/stafit.ee\/ru\/wp-json\/wp\/v2\/media\/23645"}],"wp:attachment":[{"href":"https:\/\/stafit.ee\/ru\/wp-json\/wp\/v2\/media?parent=23647"}],"wp:term":[{"taxonomy":"pwb-brand","embeddable":true,"href":"https:\/\/stafit.ee\/ru\/wp-json\/wp\/v2\/pwb-brand?post=23647"},{"taxonomy":"product_brand","embeddable":true,"href":"https:\/\/stafit.ee\/ru\/wp-json\/wp\/v2\/product_brand?post=23647"},{"taxonomy":"product_cat","embeddable":true,"href":"https:\/\/stafit.ee\/ru\/wp-json\/wp\/v2\/product_cat?post=23647"},{"taxonomy":"product_tag","embeddable":true,"href":"https:\/\/stafit.ee\/ru\/wp-json\/wp\/v2\/product_tag?post=23647"}],"curies":[{"name":"wp","href":"https:\/\/api.w.org\/{rel}","templated":true}]}}