{"id":22801,"date":"2021-03-18T12:00:47","date_gmt":"2021-03-18T10:00:47","guid":{"rendered":"https:\/\/stafit.ee\/toode\/%d1%81%d0%b8%d0%b3%d0%bd%d0%b0%d0%bb%d1%8c%d0%bd%d0%b0%d1%8f-%d0%ba%d1%83%d1%80%d1%82%d0%ba%d0%b0-pilot-%d0%b6%d1%91%d0%bb%d1%82%d0%b0%d1%8f-23540\/"},"modified":"2026-04-08T18:16:56","modified_gmt":"2026-04-08T15:16:56","slug":"%d1%81%d0%b8%d0%b3%d0%bd%d0%b0%d0%bb%d1%8c%d0%bd%d0%b0%d1%8f-%d0%ba%d1%83%d1%80%d1%82%d0%ba%d0%b0-pilot-%d0%b6%d1%91%d0%bb%d1%82%d0%b0%d1%8f-23540","status":"publish","type":"product","link":"https:\/\/stafit.ee\/ru\/tovar\/%d1%81%d0%b8%d0%b3%d0%bd%d0%b0%d0%bb%d1%8c%d0%bd%d0%b0%d1%8f-%d0%ba%d1%83%d1%80%d1%82%d0%ba%d0%b0-pilot-%d0%b6%d1%91%d0%bb%d1%82%d0%b0%d1%8f-23540\/","title":{"rendered":"\u0421\u0438\u0433\u043d\u0430\u043b\u044c\u043d\u0430\u044f \u043a\u0443\u0440\u0442\u043a\u0430 PILOT \u0436\u0451\u043b\u0442\u0430\u044f"},"content":{"rendered":"<ul>\n<li>EN ISO 20471 \u043a\u043b\u0430\u0441\u0441 3<br \/>\nEN 343 \u043a\u043b\u0430\u0441\u0441 3\/1<br \/>\nEN ISO 13688<\/li>\n<li>\u043c\u0430\u0442\u0435\u0440\u0438\u0430\u043b: 100% \u043f\u043e\u043b\u0438\u044d\u0441\u0442\u0435\u0440, Oxford, \u0441 \u041f\u0423 \u043f\u043e\u043a\u0440\u044b\u0442\u0438\u0435\u043c<br \/>\n\u0432\u043e\u0434\u043e\u043d\u0435\u043f\u0440\u043e\u043d\u0438\u0446\u0430\u0435\u043c\u043e\u0441\u0442\u044c: 2000 \u043c\u043c<br \/>\n\u043f\u043e\u0434\u043a\u043b\u0430\u0434\u043a\u0430: 100% \u043f\u043e\u043b\u0438\u044d\u0441\u0442\u0435\u0440<br \/>\n\u0443\u0442\u0435\u043f\u043b\u0438\u0442\u0435\u043b\u044c: 100% \u043f\u043e\u043b\u0438\u044d\u0441\u0442\u0435\u0440.<\/li>\n<li>\u0432\u043e\u0434\u043e- \u0438 \u0432\u0435\u0442\u0440\u043e\u043d\u0435\u043f\u0440\u043e\u043d\u0438\u0446\u0430\u0435\u043c\u0430\u044f \u0442\u043a\u0430\u043d\u044c<\/li>\n<li>\u0432\u043e\u0434\u043e\u0441\u0442\u043e\u0439\u043a\u0438\u0435 \u043f\u0440\u043e\u043a\u043b\u0435\u0435\u043d\u043d\u044b\u0435 \u0448\u0432\u044b<\/li>\n<li>\u043a\u0430\u043f\u044e\u0448\u043e\u043d,\u00a0\u0441\u043a\u0440\u044b\u0442\u044b\u0439 \u0432\u00a0\u0432\u043e\u0440\u043e\u0442\u043d\u0438\u043a\u0435<\/li>\n<li>\u0440\u0435\u0433\u0443\u043b\u0438\u0440\u0443\u0435\u043c\u044b\u0435 \u0441 \u043f\u043e\u043c\u043e\u0449\u044c\u044e \u043b\u0438\u043f\u0443\u0447\u043a\u0438 \u0440\u0443\u043a\u0430\u0432\u0430<\/li>\n<li>\u0432\u043d\u0443\u0442\u0440\u0435\u043d\u043d\u0438\u0435 \u0442\u0440\u0438\u043a\u043e\u0442\u0430\u0436\u043d\u044b\u0435 \u043c\u0430\u043d\u0436\u0435\u0442\u044b \u0440\u0443\u043a\u0430\u0432\u043e\u0432, \u0437\u0430\u0449\u0438\u0449\u0430\u044e\u0449\u0438\u0435 \u043e\u0442 \u0432\u0435\u0442\u0440\u0430 \u0438 \u0434\u043e\u0436\u0434\u044f<\/li>\n<li>\u044d\u043b\u0430\u0441\u0442\u0438\u0447\u043d\u044b\u0439 \u043f\u043e\u044f\u0441<\/li>\n<li>\u0441\u043f\u0435\u0440\u0435\u0434\u0438 \u043c\u043e\u043b\u043d\u0438\u044f, \u0437\u0430\u043a\u0440\u044b\u0442\u0430\u044f \u043a\u043b\u0430\u043f\u0430\u043d\u043e\u043c<\/li>\n<li>\u043a\u0430\u0440\u043c\u0430\u043d\u044b:<br \/>\n&#8212; 2 \u0431\u043e\u043a\u043e\u0432\u044b\u0445 \u043a\u0430\u0440\u043c\u0430\u043d\u0430<br \/>\n&#8212; 1 \u0432\u043d\u0443\u0442\u0440\u0435\u043d\u043d\u0438\u0439 \u043a\u0430\u0440\u043c\u0430\u043d<\/li>\n<\/ul>\n","protected":false},"excerpt":{"rendered":"<p>EN ISO 20471 \u043a\u043b\u0430\u0441\u0441 3 EN 343 \u043a\u043b\u0430\u0441\u0441 3\/1 EN ISO 13688 \u043c\u0430\u0442\u0435\u0440\u0438\u0430\u043b: 100% \u043f\u043e\u043b\u0438\u044d\u0441\u0442\u0435\u0440, Oxford, \u0441 \u041f\u0423 \u043f\u043e\u043a\u0440\u044b\u0442\u0438\u0435\u043c \u0432\u043e\u0434\u043e\u043d\u0435\u043f\u0440\u043e\u043d\u0438\u0446\u0430\u0435\u043c\u043e\u0441\u0442\u044c: 2000 \u043c\u043c \u043f\u043e\u0434\u043a\u043b\u0430\u0434\u043a\u0430: 100% \u043f\u043e\u043b\u0438\u044d\u0441\u0442\u0435\u0440 \u0443\u0442\u0435\u043f\u043b\u0438\u0442\u0435\u043b\u044c: 100% \u043f\u043e\u043b\u0438\u044d\u0441\u0442\u0435\u0440. \u0432\u043e\u0434\u043e- \u0438 \u0432\u0435\u0442\u0440\u043e\u043d\u0435\u043f\u0440\u043e\u043d\u0438\u0446\u0430\u0435\u043c\u0430\u044f \u0442\u043a\u0430\u043d\u044c \u0432\u043e\u0434\u043e\u0441\u0442\u043e\u0439\u043a\u0438\u0435 \u043f\u0440\u043e\u043a\u043b\u0435\u0435\u043d\u043d\u044b\u0435 \u0448\u0432\u044b \u043a\u0430\u043f\u044e\u0448\u043e\u043d,\u00a0\u0441\u043a\u0440\u044b\u0442\u044b\u0439 \u0432\u00a0\u0432\u043e\u0440\u043e\u0442\u043d\u0438\u043a\u0435 \u0440\u0435\u0433\u0443\u043b\u0438\u0440\u0443\u0435\u043c\u044b\u0435 \u0441 \u043f\u043e\u043c\u043e\u0449\u044c\u044e \u043b\u0438\u043f\u0443\u0447\u043a\u0438 \u0440\u0443\u043a\u0430\u0432\u0430 \u0432\u043d\u0443\u0442\u0440\u0435\u043d\u043d\u0438\u0435 \u0442\u0440\u0438\u043a\u043e\u0442\u0430\u0436\u043d\u044b\u0435 \u043c\u0430\u043d\u0436\u0435\u0442\u044b \u0440\u0443\u043a\u0430\u0432\u043e\u0432, \u0437\u0430\u0449\u0438\u0449\u0430\u044e\u0449\u0438\u0435 \u043e\u0442 \u0432\u0435\u0442\u0440\u0430 \u0438 \u0434\u043e\u0436\u0434\u044f \u044d\u043b\u0430\u0441\u0442\u0438\u0447\u043d\u044b\u0439 \u043f\u043e\u044f\u0441 \u0441\u043f\u0435\u0440\u0435\u0434\u0438 \u043c\u043e\u043b\u043d\u0438\u044f,&#8230;<\/p>\n","protected":false},"featured_media":22791,"template":"","meta":[],"pwb-brand":[326],"product_brand":[],"product_cat":[871],"product_tag":[],"class_list":{"0":"post-22801","1":"product","2":"type-product","3":"status-publish","4":"has-post-thumbnail","6":"pwb-brand-feldtmann","7":"product_cat-871","9":"first","10":"instock","11":"taxable","12":"shipping-taxable","13":"purchasable","14":"product-type-variable"},"yoast_head":"<!-- This site is optimized with the Yoast SEO plugin v27.0 - https:\/\/yoast.com\/product\/yoast-seo-wordpress\/ -->\n<title>\u0421\u0438\u0433\u043d\u0430\u043b\u044c\u043d\u0430\u044f \u043a\u0443\u0440\u0442\u043a\u0430 PILOT \u0436\u0451\u043b\u0442\u0430\u044f - Stafit O\u00dc<\/title>\n<meta name=\"robots\" content=\"index, follow, max-snippet:-1, max-image-preview:large, max-video-preview:-1\" \/>\n<link rel=\"canonical\" href=\"https:\/\/stafit.ee\/ru\/tovar\/\u0441\u0438\u0433\u043d\u0430\u043b\u044c\u043d\u0430\u044f-\u043a\u0443\u0440\u0442\u043a\u0430-pilot-\u0436\u0451\u043b\u0442\u0430\u044f-23540\/\" \/>\n<meta property=\"og:locale\" content=\"ru_RU\" \/>\n<meta property=\"og:type\" content=\"article\" \/>\n<meta property=\"og:title\" content=\"\u0421\u0438\u0433\u043d\u0430\u043b\u044c\u043d\u0430\u044f \u043a\u0443\u0440\u0442\u043a\u0430 PILOT \u0436\u0451\u043b\u0442\u0430\u044f - Stafit O\u00dc\" \/>\n<meta property=\"og:description\" content=\"EN ISO 20471 \u043a\u043b\u0430\u0441\u0441 3 EN 343 \u043a\u043b\u0430\u0441\u0441 3\/1 EN ISO 13688 \u043c\u0430\u0442\u0435\u0440\u0438\u0430\u043b: 100% \u043f\u043e\u043b\u0438\u044d\u0441\u0442\u0435\u0440, Oxford, \u0441 \u041f\u0423 \u043f\u043e\u043a\u0440\u044b\u0442\u0438\u0435\u043c \u0432\u043e\u0434\u043e\u043d\u0435\u043f\u0440\u043e\u043d\u0438\u0446\u0430\u0435\u043c\u043e\u0441\u0442\u044c: 2000 \u043c\u043c \u043f\u043e\u0434\u043a\u043b\u0430\u0434\u043a\u0430: 100% \u043f\u043e\u043b\u0438\u044d\u0441\u0442\u0435\u0440 \u0443\u0442\u0435\u043f\u043b\u0438\u0442\u0435\u043b\u044c: 100% \u043f\u043e\u043b\u0438\u044d\u0441\u0442\u0435\u0440. \u0432\u043e\u0434\u043e- \u0438 \u0432\u0435\u0442\u0440\u043e\u043d\u0435\u043f\u0440\u043e\u043d\u0438\u0446\u0430\u0435\u043c\u0430\u044f \u0442\u043a\u0430\u043d\u044c \u0432\u043e\u0434\u043e\u0441\u0442\u043e\u0439\u043a\u0438\u0435 \u043f\u0440\u043e\u043a\u043b\u0435\u0435\u043d\u043d\u044b\u0435 \u0448\u0432\u044b \u043a\u0430\u043f\u044e\u0448\u043e\u043d,\u00a0\u0441\u043a\u0440\u044b\u0442\u044b\u0439 \u0432\u00a0\u0432\u043e\u0440\u043e\u0442\u043d\u0438\u043a\u0435 \u0440\u0435\u0433\u0443\u043b\u0438\u0440\u0443\u0435\u043c\u044b\u0435 \u0441 \u043f\u043e\u043c\u043e\u0449\u044c\u044e \u043b\u0438\u043f\u0443\u0447\u043a\u0438 \u0440\u0443\u043a\u0430\u0432\u0430 \u0432\u043d\u0443\u0442\u0440\u0435\u043d\u043d\u0438\u0435 \u0442\u0440\u0438\u043a\u043e\u0442\u0430\u0436\u043d\u044b\u0435 \u043c\u0430\u043d\u0436\u0435\u0442\u044b \u0440\u0443\u043a\u0430\u0432\u043e\u0432, \u0437\u0430\u0449\u0438\u0449\u0430\u044e\u0449\u0438\u0435 \u043e\u0442 \u0432\u0435\u0442\u0440\u0430 \u0438 \u0434\u043e\u0436\u0434\u044f \u044d\u043b\u0430\u0441\u0442\u0438\u0447\u043d\u044b\u0439 \u043f\u043e\u044f\u0441 \u0441\u043f\u0435\u0440\u0435\u0434\u0438 \u043c\u043e\u043b\u043d\u0438\u044f,...\" \/>\n<meta property=\"og:url\" content=\"https:\/\/stafit.ee\/ru\/tovar\/\u0441\u0438\u0433\u043d\u0430\u043b\u044c\u043d\u0430\u044f-\u043a\u0443\u0440\u0442\u043a\u0430-pilot-\u0436\u0451\u043b\u0442\u0430\u044f-23540\/\" \/>\n<meta property=\"og:site_name\" content=\"Stafit O\u00dc\" \/>\n<meta property=\"article:modified_time\" content=\"2026-04-08T15:16:56+00:00\" \/>\n<meta name=\"twitter:card\" content=\"summary_large_image\" \/>\n<script type=\"application\/ld+json\" class=\"yoast-schema-graph\">{\"@context\":\"https:\/\/schema.org\",\"@graph\":[{\"@type\":\"WebPage\",\"@id\":\"https:\/\/stafit.ee\/ru\/tovar\/%d1%81%d0%b8%d0%b3%d0%bd%d0%b0%d0%bb%d1%8c%d0%bd%d0%b0%d1%8f-%d0%ba%d1%83%d1%80%d1%82%d0%ba%d0%b0-pilot-%d0%b6%d1%91%d0%bb%d1%82%d0%b0%d1%8f-23540\/\",\"url\":\"https:\/\/stafit.ee\/ru\/tovar\/%d1%81%d0%b8%d0%b3%d0%bd%d0%b0%d0%bb%d1%8c%d0%bd%d0%b0%d1%8f-%d0%ba%d1%83%d1%80%d1%82%d0%ba%d0%b0-pilot-%d0%b6%d1%91%d0%bb%d1%82%d0%b0%d1%8f-23540\/\",\"name\":\"\u0421\u0438\u0433\u043d\u0430\u043b\u044c\u043d\u0430\u044f \u043a\u0443\u0440\u0442\u043a\u0430 PILOT \u0436\u0451\u043b\u0442\u0430\u044f - Stafit O\u00dc\",\"isPartOf\":{\"@id\":\"https:\/\/stafit.ee\/#website\"},\"primaryImageOfPage\":{\"@id\":\"https:\/\/stafit.ee\/ru\/tovar\/%d1%81%d0%b8%d0%b3%d0%bd%d0%b0%d0%bb%d1%8c%d0%bd%d0%b0%d1%8f-%d0%ba%d1%83%d1%80%d1%82%d0%ba%d0%b0-pilot-%d0%b6%d1%91%d0%bb%d1%82%d0%b0%d1%8f-23540\/#primaryimage\"},\"image\":{\"@id\":\"https:\/\/stafit.ee\/ru\/tovar\/%d1%81%d0%b8%d0%b3%d0%bd%d0%b0%d0%bb%d1%8c%d0%bd%d0%b0%d1%8f-%d0%ba%d1%83%d1%80%d1%82%d0%ba%d0%b0-pilot-%d0%b6%d1%91%d0%bb%d1%82%d0%b0%d1%8f-23540\/#primaryimage\"},\"thumbnailUrl\":\"https:\/\/stafit.ee\/wp-content\/uploads\/2021\/03\/23540.jpg\",\"datePublished\":\"2021-03-18T10:00:47+00:00\",\"dateModified\":\"2026-04-08T15:16:56+00:00\",\"breadcrumb\":{\"@id\":\"https:\/\/stafit.ee\/ru\/tovar\/%d1%81%d0%b8%d0%b3%d0%bd%d0%b0%d0%bb%d1%8c%d0%bd%d0%b0%d1%8f-%d0%ba%d1%83%d1%80%d1%82%d0%ba%d0%b0-pilot-%d0%b6%d1%91%d0%bb%d1%82%d0%b0%d1%8f-23540\/#breadcrumb\"},\"inLanguage\":\"ru-RU\",\"potentialAction\":[{\"@type\":\"ReadAction\",\"target\":[\"https:\/\/stafit.ee\/ru\/tovar\/%d1%81%d0%b8%d0%b3%d0%bd%d0%b0%d0%bb%d1%8c%d0%bd%d0%b0%d1%8f-%d0%ba%d1%83%d1%80%d1%82%d0%ba%d0%b0-pilot-%d0%b6%d1%91%d0%bb%d1%82%d0%b0%d1%8f-23540\/\"]}]},{\"@type\":\"ImageObject\",\"inLanguage\":\"ru-RU\",\"@id\":\"https:\/\/stafit.ee\/ru\/tovar\/%d1%81%d0%b8%d0%b3%d0%bd%d0%b0%d0%bb%d1%8c%d0%bd%d0%b0%d1%8f-%d0%ba%d1%83%d1%80%d1%82%d0%ba%d0%b0-pilot-%d0%b6%d1%91%d0%bb%d1%82%d0%b0%d1%8f-23540\/#primaryimage\",\"url\":\"https:\/\/stafit.ee\/wp-content\/uploads\/2021\/03\/23540.jpg\",\"contentUrl\":\"https:\/\/stafit.ee\/wp-content\/uploads\/2021\/03\/23540.jpg\",\"width\":2000,\"height\":2000},{\"@type\":\"BreadcrumbList\",\"@id\":\"https:\/\/stafit.ee\/ru\/tovar\/%d1%81%d0%b8%d0%b3%d0%bd%d0%b0%d0%bb%d1%8c%d0%bd%d0%b0%d1%8f-%d0%ba%d1%83%d1%80%d1%82%d0%ba%d0%b0-pilot-%d0%b6%d1%91%d0%bb%d1%82%d0%b0%d1%8f-23540\/#breadcrumb\",\"itemListElement\":[{\"@type\":\"ListItem\",\"position\":1,\"name\":\"Home\",\"item\":\"https:\/\/stafit.ee\/ru\/\"},{\"@type\":\"ListItem\",\"position\":2,\"name\":\"\u041c\u0430\u0433\u0430\u0437\u0438\u043d\",\"item\":\"https:\/\/stafit.ee\/ru\/pood\/\"},{\"@type\":\"ListItem\",\"position\":3,\"name\":\"\u0421\u0438\u0433\u043d\u0430\u043b\u044c\u043d\u0430\u044f \u043a\u0443\u0440\u0442\u043a\u0430 PILOT \u0436\u0451\u043b\u0442\u0430\u044f\"}]},{\"@type\":\"WebSite\",\"@id\":\"https:\/\/stafit.ee\/#website\",\"url\":\"https:\/\/stafit.ee\/\",\"name\":\"Stafit O\u00dc\",\"description\":\"T\u00f6\u00f6riete ja ohutusvahendite jae ja hulgim\u00fc\u00fck\",\"potentialAction\":[{\"@type\":\"SearchAction\",\"target\":{\"@type\":\"EntryPoint\",\"urlTemplate\":\"https:\/\/stafit.ee\/?s={search_term_string}\"},\"query-input\":{\"@type\":\"PropertyValueSpecification\",\"valueRequired\":true,\"valueName\":\"search_term_string\"}}],\"inLanguage\":\"ru-RU\"}]}<\/script>\n<!-- \/ Yoast SEO plugin. -->","yoast_head_json":{"title":"\u0421\u0438\u0433\u043d\u0430\u043b\u044c\u043d\u0430\u044f \u043a\u0443\u0440\u0442\u043a\u0430 PILOT \u0436\u0451\u043b\u0442\u0430\u044f - Stafit O\u00dc","robots":{"index":"index","follow":"follow","max-snippet":"max-snippet:-1","max-image-preview":"max-image-preview:large","max-video-preview":"max-video-preview:-1"},"canonical":"https:\/\/stafit.ee\/ru\/tovar\/\u0441\u0438\u0433\u043d\u0430\u043b\u044c\u043d\u0430\u044f-\u043a\u0443\u0440\u0442\u043a\u0430-pilot-\u0436\u0451\u043b\u0442\u0430\u044f-23540\/","og_locale":"ru_RU","og_type":"article","og_title":"\u0421\u0438\u0433\u043d\u0430\u043b\u044c\u043d\u0430\u044f \u043a\u0443\u0440\u0442\u043a\u0430 PILOT \u0436\u0451\u043b\u0442\u0430\u044f - Stafit O\u00dc","og_description":"EN ISO 20471 \u043a\u043b\u0430\u0441\u0441 3 EN 343 \u043a\u043b\u0430\u0441\u0441 3\/1 EN ISO 13688 \u043c\u0430\u0442\u0435\u0440\u0438\u0430\u043b: 100% \u043f\u043e\u043b\u0438\u044d\u0441\u0442\u0435\u0440, Oxford, \u0441 \u041f\u0423 \u043f\u043e\u043a\u0440\u044b\u0442\u0438\u0435\u043c \u0432\u043e\u0434\u043e\u043d\u0435\u043f\u0440\u043e\u043d\u0438\u0446\u0430\u0435\u043c\u043e\u0441\u0442\u044c: 2000 \u043c\u043c \u043f\u043e\u0434\u043a\u043b\u0430\u0434\u043a\u0430: 100% \u043f\u043e\u043b\u0438\u044d\u0441\u0442\u0435\u0440 \u0443\u0442\u0435\u043f\u043b\u0438\u0442\u0435\u043b\u044c: 100% \u043f\u043e\u043b\u0438\u044d\u0441\u0442\u0435\u0440. \u0432\u043e\u0434\u043e- \u0438 \u0432\u0435\u0442\u0440\u043e\u043d\u0435\u043f\u0440\u043e\u043d\u0438\u0446\u0430\u0435\u043c\u0430\u044f \u0442\u043a\u0430\u043d\u044c \u0432\u043e\u0434\u043e\u0441\u0442\u043e\u0439\u043a\u0438\u0435 \u043f\u0440\u043e\u043a\u043b\u0435\u0435\u043d\u043d\u044b\u0435 \u0448\u0432\u044b \u043a\u0430\u043f\u044e\u0448\u043e\u043d,\u00a0\u0441\u043a\u0440\u044b\u0442\u044b\u0439 \u0432\u00a0\u0432\u043e\u0440\u043e\u0442\u043d\u0438\u043a\u0435 \u0440\u0435\u0433\u0443\u043b\u0438\u0440\u0443\u0435\u043c\u044b\u0435 \u0441 \u043f\u043e\u043c\u043e\u0449\u044c\u044e \u043b\u0438\u043f\u0443\u0447\u043a\u0438 \u0440\u0443\u043a\u0430\u0432\u0430 \u0432\u043d\u0443\u0442\u0440\u0435\u043d\u043d\u0438\u0435 \u0442\u0440\u0438\u043a\u043e\u0442\u0430\u0436\u043d\u044b\u0435 \u043c\u0430\u043d\u0436\u0435\u0442\u044b \u0440\u0443\u043a\u0430\u0432\u043e\u0432, \u0437\u0430\u0449\u0438\u0449\u0430\u044e\u0449\u0438\u0435 \u043e\u0442 \u0432\u0435\u0442\u0440\u0430 \u0438 \u0434\u043e\u0436\u0434\u044f \u044d\u043b\u0430\u0441\u0442\u0438\u0447\u043d\u044b\u0439 \u043f\u043e\u044f\u0441 \u0441\u043f\u0435\u0440\u0435\u0434\u0438 \u043c\u043e\u043b\u043d\u0438\u044f,...","og_url":"https:\/\/stafit.ee\/ru\/tovar\/\u0441\u0438\u0433\u043d\u0430\u043b\u044c\u043d\u0430\u044f-\u043a\u0443\u0440\u0442\u043a\u0430-pilot-\u0436\u0451\u043b\u0442\u0430\u044f-23540\/","og_site_name":"Stafit O\u00dc","article_modified_time":"2026-04-08T15:16:56+00:00","twitter_card":"summary_large_image","schema":{"@context":"https:\/\/schema.org","@graph":[{"@type":"WebPage","@id":"https:\/\/stafit.ee\/ru\/tovar\/%d1%81%d0%b8%d0%b3%d0%bd%d0%b0%d0%bb%d1%8c%d0%bd%d0%b0%d1%8f-%d0%ba%d1%83%d1%80%d1%82%d0%ba%d0%b0-pilot-%d0%b6%d1%91%d0%bb%d1%82%d0%b0%d1%8f-23540\/","url":"https:\/\/stafit.ee\/ru\/tovar\/%d1%81%d0%b8%d0%b3%d0%bd%d0%b0%d0%bb%d1%8c%d0%bd%d0%b0%d1%8f-%d0%ba%d1%83%d1%80%d1%82%d0%ba%d0%b0-pilot-%d0%b6%d1%91%d0%bb%d1%82%d0%b0%d1%8f-23540\/","name":"\u0421\u0438\u0433\u043d\u0430\u043b\u044c\u043d\u0430\u044f \u043a\u0443\u0440\u0442\u043a\u0430 PILOT \u0436\u0451\u043b\u0442\u0430\u044f - Stafit O\u00dc","isPartOf":{"@id":"https:\/\/stafit.ee\/#website"},"primaryImageOfPage":{"@id":"https:\/\/stafit.ee\/ru\/tovar\/%d1%81%d0%b8%d0%b3%d0%bd%d0%b0%d0%bb%d1%8c%d0%bd%d0%b0%d1%8f-%d0%ba%d1%83%d1%80%d1%82%d0%ba%d0%b0-pilot-%d0%b6%d1%91%d0%bb%d1%82%d0%b0%d1%8f-23540\/#primaryimage"},"image":{"@id":"https:\/\/stafit.ee\/ru\/tovar\/%d1%81%d0%b8%d0%b3%d0%bd%d0%b0%d0%bb%d1%8c%d0%bd%d0%b0%d1%8f-%d0%ba%d1%83%d1%80%d1%82%d0%ba%d0%b0-pilot-%d0%b6%d1%91%d0%bb%d1%82%d0%b0%d1%8f-23540\/#primaryimage"},"thumbnailUrl":"https:\/\/stafit.ee\/wp-content\/uploads\/2021\/03\/23540.jpg","datePublished":"2021-03-18T10:00:47+00:00","dateModified":"2026-04-08T15:16:56+00:00","breadcrumb":{"@id":"https:\/\/stafit.ee\/ru\/tovar\/%d1%81%d0%b8%d0%b3%d0%bd%d0%b0%d0%bb%d1%8c%d0%bd%d0%b0%d1%8f-%d0%ba%d1%83%d1%80%d1%82%d0%ba%d0%b0-pilot-%d0%b6%d1%91%d0%bb%d1%82%d0%b0%d1%8f-23540\/#breadcrumb"},"inLanguage":"ru-RU","potentialAction":[{"@type":"ReadAction","target":["https:\/\/stafit.ee\/ru\/tovar\/%d1%81%d0%b8%d0%b3%d0%bd%d0%b0%d0%bb%d1%8c%d0%bd%d0%b0%d1%8f-%d0%ba%d1%83%d1%80%d1%82%d0%ba%d0%b0-pilot-%d0%b6%d1%91%d0%bb%d1%82%d0%b0%d1%8f-23540\/"]}]},{"@type":"ImageObject","inLanguage":"ru-RU","@id":"https:\/\/stafit.ee\/ru\/tovar\/%d1%81%d0%b8%d0%b3%d0%bd%d0%b0%d0%bb%d1%8c%d0%bd%d0%b0%d1%8f-%d0%ba%d1%83%d1%80%d1%82%d0%ba%d0%b0-pilot-%d0%b6%d1%91%d0%bb%d1%82%d0%b0%d1%8f-23540\/#primaryimage","url":"https:\/\/stafit.ee\/wp-content\/uploads\/2021\/03\/23540.jpg","contentUrl":"https:\/\/stafit.ee\/wp-content\/uploads\/2021\/03\/23540.jpg","width":2000,"height":2000},{"@type":"BreadcrumbList","@id":"https:\/\/stafit.ee\/ru\/tovar\/%d1%81%d0%b8%d0%b3%d0%bd%d0%b0%d0%bb%d1%8c%d0%bd%d0%b0%d1%8f-%d0%ba%d1%83%d1%80%d1%82%d0%ba%d0%b0-pilot-%d0%b6%d1%91%d0%bb%d1%82%d0%b0%d1%8f-23540\/#breadcrumb","itemListElement":[{"@type":"ListItem","position":1,"name":"Home","item":"https:\/\/stafit.ee\/ru\/"},{"@type":"ListItem","position":2,"name":"\u041c\u0430\u0433\u0430\u0437\u0438\u043d","item":"https:\/\/stafit.ee\/ru\/pood\/"},{"@type":"ListItem","position":3,"name":"\u0421\u0438\u0433\u043d\u0430\u043b\u044c\u043d\u0430\u044f \u043a\u0443\u0440\u0442\u043a\u0430 PILOT \u0436\u0451\u043b\u0442\u0430\u044f"}]},{"@type":"WebSite","@id":"https:\/\/stafit.ee\/#website","url":"https:\/\/stafit.ee\/","name":"Stafit O\u00dc","description":"T\u00f6\u00f6riete ja ohutusvahendite jae ja hulgim\u00fc\u00fck","potentialAction":[{"@type":"SearchAction","target":{"@type":"EntryPoint","urlTemplate":"https:\/\/stafit.ee\/?s={search_term_string}"},"query-input":{"@type":"PropertyValueSpecification","valueRequired":true,"valueName":"search_term_string"}}],"inLanguage":"ru-RU"}]}},"brands":[{"id":326,"name":"Feldtmann","slug":"feldtmann"}],"_links":{"self":[{"href":"https:\/\/stafit.ee\/ru\/wp-json\/wp\/v2\/product\/22801","targetHints":{"allow":["GET"]}}],"collection":[{"href":"https:\/\/stafit.ee\/ru\/wp-json\/wp\/v2\/product"}],"about":[{"href":"https:\/\/stafit.ee\/ru\/wp-json\/wp\/v2\/types\/product"}],"wp:featuredmedia":[{"embeddable":true,"href":"https:\/\/stafit.ee\/ru\/wp-json\/wp\/v2\/media\/22791"}],"wp:attachment":[{"href":"https:\/\/stafit.ee\/ru\/wp-json\/wp\/v2\/media?parent=22801"}],"wp:term":[{"taxonomy":"pwb-brand","embeddable":true,"href":"https:\/\/stafit.ee\/ru\/wp-json\/wp\/v2\/pwb-brand?post=22801"},{"taxonomy":"product_brand","embeddable":true,"href":"https:\/\/stafit.ee\/ru\/wp-json\/wp\/v2\/product_brand?post=22801"},{"taxonomy":"product_cat","embeddable":true,"href":"https:\/\/stafit.ee\/ru\/wp-json\/wp\/v2\/product_cat?post=22801"},{"taxonomy":"product_tag","embeddable":true,"href":"https:\/\/stafit.ee\/ru\/wp-json\/wp\/v2\/product_tag?post=22801"}],"curies":[{"name":"wp","href":"https:\/\/api.w.org\/{rel}","templated":true}]}}