{"id":22765,"date":"2021-03-18T12:01:46","date_gmt":"2021-03-18T10:01:46","guid":{"rendered":"https:\/\/stafit.ee\/toode\/%d1%84%d1%83%d1%82%d0%b1%d0%be%d0%bb%d0%ba%d0%b0-vizwell-1-1-hi-vis-%d0%b6%d1%91%d0%bb%d1%82%d0%b0%d1%8f\/"},"modified":"2026-04-08T18:23:59","modified_gmt":"2026-04-08T15:23:59","slug":"%d1%84%d1%83%d1%82%d0%b1%d0%be%d0%bb%d0%ba%d0%b0-vizwell-1-1-hi-vis-%d0%b6%d1%91%d0%bb%d1%82%d0%b0%d1%8f","status":"publish","type":"product","link":"https:\/\/stafit.ee\/ru\/tovar\/%d1%84%d1%83%d1%82%d0%b1%d0%be%d0%bb%d0%ba%d0%b0-vizwell-1-1-hi-vis-%d0%b6%d1%91%d0%bb%d1%82%d0%b0%d1%8f\/","title":{"rendered":"\u0424\u0443\u0442\u0431\u043e\u043b\u043a\u0430 VIZWELL 1\/1 Hi-Vis \u0436\u0451\u043b\u0442\u0430\u044f"},"content":{"rendered":"<ul>\n<li>100% \u043f\u043e\u043b\u0438\u044d\u0441\u0442\u0435\u0440 (bird\u2019s eye) \u0441 UV \u0437\u0430\u0449\u0438\u0442\u043e\u0439, 140 \u0433\/\u043c\u00b2<\/li>\n<li>DIN EN ISO 20471:2013 \u043a\u043b\u0430\u0441\u0441 3, EN 13758-1<\/li>\n<li>\u0441\u0435\u0433\u043c\u0435\u043d\u0442\u0438\u0440\u043e\u0432\u0430\u043d\u043d\u044b\u0435 \u0441\u0432\u0435\u0442\u043e\u043e\u0442\u0440\u0430\u0436\u0430\u044e\u0449\u0438\u0435 \u043b\u0435\u043d\u0442\u044b<\/li>\n<li>\u0434\u044b\u0448\u0430\u0449\u0438\u0439, \u043f\u0440\u043e\u0447\u043d\u044b\u0439 \u0438 \u0431\u044b\u0441\u0442\u0440\u043e\u0441\u043e\u0445\u043d\u0443\u0449\u0438\u0439 \u043c\u0430\u0442\u0435\u0440\u0438\u0430\u043b<\/li>\n<li>\u044d\u043b\u0430\u0441\u0442\u0438\u0447\u043d\u044b\u0435 \u043c\u0430\u043d\u0436\u0435\u0442\u044b \u0440\u0443\u043a\u0430\u0432\u043e\u0432<\/li>\n<li>\u043a\u0440\u0443\u0433\u043b\u044b\u0439 \u0432\u044b\u0440\u0435\u0437<\/li>\n<\/ul>\n","protected":false},"excerpt":{"rendered":"<p>100% \u043f\u043e\u043b\u0438\u044d\u0441\u0442\u0435\u0440 (bird\u2019s eye) \u0441 UV \u0437\u0430\u0449\u0438\u0442\u043e\u0439, 140 \u0433\/\u043c\u00b2 DIN EN ISO 20471:2013 \u043a\u043b\u0430\u0441\u0441 3, EN 13758-1 \u0441\u0435\u0433\u043c\u0435\u043d\u0442\u0438\u0440\u043e\u0432\u0430\u043d\u043d\u044b\u0435 \u0441\u0432\u0435\u0442\u043e\u043e\u0442\u0440\u0430\u0436\u0430\u044e\u0449\u0438\u0435 \u043b\u0435\u043d\u0442\u044b \u0434\u044b\u0448\u0430\u0449\u0438\u0439, \u043f\u0440\u043e\u0447\u043d\u044b\u0439 \u0438 \u0431\u044b\u0441\u0442\u0440\u043e\u0441\u043e\u0445\u043d\u0443\u0449\u0438\u0439 \u043c\u0430\u0442\u0435\u0440\u0438\u0430\u043b \u044d\u043b\u0430\u0441\u0442\u0438\u0447\u043d\u044b\u0435 \u043c\u0430\u043d\u0436\u0435\u0442\u044b \u0440\u0443\u043a\u0430\u0432\u043e\u0432 \u043a\u0440\u0443\u0433\u043b\u044b\u0439 \u0432\u044b\u0440\u0435\u0437<\/p>\n","protected":false},"featured_media":22742,"template":"","meta":[],"pwb-brand":[333],"product_brand":[],"product_cat":[1012],"product_tag":[],"class_list":{"0":"post-22765","1":"product","2":"type-product","3":"status-publish","4":"has-post-thumbnail","6":"pwb-brand-triuso","7":"product_cat-1012","9":"first","10":"instock","11":"taxable","12":"shipping-taxable","13":"purchasable","14":"product-type-variable"},"yoast_head":"<!-- This site is optimized with the Yoast SEO plugin v27.0 - https:\/\/yoast.com\/product\/yoast-seo-wordpress\/ -->\n<title>\u0424\u0443\u0442\u0431\u043e\u043b\u043a\u0430 VIZWELL 1\/1 Hi-Vis \u0436\u0451\u043b\u0442\u0430\u044f - Stafit O\u00dc<\/title>\n<meta name=\"robots\" content=\"index, follow, max-snippet:-1, max-image-preview:large, max-video-preview:-1\" \/>\n<link rel=\"canonical\" href=\"https:\/\/stafit.ee\/ru\/tovar\/\u0444\u0443\u0442\u0431\u043e\u043b\u043a\u0430-vizwell-1-1-hi-vis-\u0436\u0451\u043b\u0442\u0430\u044f\/\" \/>\n<meta property=\"og:locale\" content=\"ru_RU\" \/>\n<meta property=\"og:type\" content=\"article\" \/>\n<meta property=\"og:title\" content=\"\u0424\u0443\u0442\u0431\u043e\u043b\u043a\u0430 VIZWELL 1\/1 Hi-Vis \u0436\u0451\u043b\u0442\u0430\u044f - Stafit O\u00dc\" \/>\n<meta property=\"og:description\" content=\"100% \u043f\u043e\u043b\u0438\u044d\u0441\u0442\u0435\u0440 (bird\u2019s eye) \u0441 UV \u0437\u0430\u0449\u0438\u0442\u043e\u0439, 140 \u0433\/\u043c\u00b2 DIN EN ISO 20471:2013 \u043a\u043b\u0430\u0441\u0441 3, EN 13758-1 \u0441\u0435\u0433\u043c\u0435\u043d\u0442\u0438\u0440\u043e\u0432\u0430\u043d\u043d\u044b\u0435 \u0441\u0432\u0435\u0442\u043e\u043e\u0442\u0440\u0430\u0436\u0430\u044e\u0449\u0438\u0435 \u043b\u0435\u043d\u0442\u044b \u0434\u044b\u0448\u0430\u0449\u0438\u0439, \u043f\u0440\u043e\u0447\u043d\u044b\u0439 \u0438 \u0431\u044b\u0441\u0442\u0440\u043e\u0441\u043e\u0445\u043d\u0443\u0449\u0438\u0439 \u043c\u0430\u0442\u0435\u0440\u0438\u0430\u043b \u044d\u043b\u0430\u0441\u0442\u0438\u0447\u043d\u044b\u0435 \u043c\u0430\u043d\u0436\u0435\u0442\u044b \u0440\u0443\u043a\u0430\u0432\u043e\u0432 \u043a\u0440\u0443\u0433\u043b\u044b\u0439 \u0432\u044b\u0440\u0435\u0437\" \/>\n<meta property=\"og:url\" content=\"https:\/\/stafit.ee\/ru\/tovar\/\u0444\u0443\u0442\u0431\u043e\u043b\u043a\u0430-vizwell-1-1-hi-vis-\u0436\u0451\u043b\u0442\u0430\u044f\/\" \/>\n<meta property=\"og:site_name\" content=\"Stafit O\u00dc\" \/>\n<meta property=\"article:modified_time\" content=\"2026-04-08T15:23:59+00:00\" \/>\n<meta property=\"og:image\" content=\"https:\/\/stafit.ee\/wp-content\/uploads\/2021\/03\/VWTS21Y.jpg\" \/>\n\t<meta property=\"og:image:width\" content=\"2000\" \/>\n\t<meta property=\"og:image:height\" content=\"2000\" \/>\n\t<meta property=\"og:image:type\" content=\"image\/jpeg\" \/>\n<meta name=\"twitter:card\" content=\"summary_large_image\" \/>\n<script type=\"application\/ld+json\" class=\"yoast-schema-graph\">{\"@context\":\"https:\/\/schema.org\",\"@graph\":[{\"@type\":\"WebPage\",\"@id\":\"https:\/\/stafit.ee\/ru\/tovar\/%d1%84%d1%83%d1%82%d0%b1%d0%be%d0%bb%d0%ba%d0%b0-vizwell-1-1-hi-vis-%d0%b6%d1%91%d0%bb%d1%82%d0%b0%d1%8f\/\",\"url\":\"https:\/\/stafit.ee\/ru\/tovar\/%d1%84%d1%83%d1%82%d0%b1%d0%be%d0%bb%d0%ba%d0%b0-vizwell-1-1-hi-vis-%d0%b6%d1%91%d0%bb%d1%82%d0%b0%d1%8f\/\",\"name\":\"\u0424\u0443\u0442\u0431\u043e\u043b\u043a\u0430 VIZWELL 1\/1 Hi-Vis \u0436\u0451\u043b\u0442\u0430\u044f - Stafit O\u00dc\",\"isPartOf\":{\"@id\":\"https:\/\/stafit.ee\/#website\"},\"primaryImageOfPage\":{\"@id\":\"https:\/\/stafit.ee\/ru\/tovar\/%d1%84%d1%83%d1%82%d0%b1%d0%be%d0%bb%d0%ba%d0%b0-vizwell-1-1-hi-vis-%d0%b6%d1%91%d0%bb%d1%82%d0%b0%d1%8f\/#primaryimage\"},\"image\":{\"@id\":\"https:\/\/stafit.ee\/ru\/tovar\/%d1%84%d1%83%d1%82%d0%b1%d0%be%d0%bb%d0%ba%d0%b0-vizwell-1-1-hi-vis-%d0%b6%d1%91%d0%bb%d1%82%d0%b0%d1%8f\/#primaryimage\"},\"thumbnailUrl\":\"https:\/\/stafit.ee\/wp-content\/uploads\/2021\/03\/VWTS21Y.jpg\",\"datePublished\":\"2021-03-18T10:01:46+00:00\",\"dateModified\":\"2026-04-08T15:23:59+00:00\",\"breadcrumb\":{\"@id\":\"https:\/\/stafit.ee\/ru\/tovar\/%d1%84%d1%83%d1%82%d0%b1%d0%be%d0%bb%d0%ba%d0%b0-vizwell-1-1-hi-vis-%d0%b6%d1%91%d0%bb%d1%82%d0%b0%d1%8f\/#breadcrumb\"},\"inLanguage\":\"ru-RU\",\"potentialAction\":[{\"@type\":\"ReadAction\",\"target\":[\"https:\/\/stafit.ee\/ru\/tovar\/%d1%84%d1%83%d1%82%d0%b1%d0%be%d0%bb%d0%ba%d0%b0-vizwell-1-1-hi-vis-%d0%b6%d1%91%d0%bb%d1%82%d0%b0%d1%8f\/\"]}]},{\"@type\":\"ImageObject\",\"inLanguage\":\"ru-RU\",\"@id\":\"https:\/\/stafit.ee\/ru\/tovar\/%d1%84%d1%83%d1%82%d0%b1%d0%be%d0%bb%d0%ba%d0%b0-vizwell-1-1-hi-vis-%d0%b6%d1%91%d0%bb%d1%82%d0%b0%d1%8f\/#primaryimage\",\"url\":\"https:\/\/stafit.ee\/wp-content\/uploads\/2021\/03\/VWTS21Y.jpg\",\"contentUrl\":\"https:\/\/stafit.ee\/wp-content\/uploads\/2021\/03\/VWTS21Y.jpg\",\"width\":2000,\"height\":2000},{\"@type\":\"BreadcrumbList\",\"@id\":\"https:\/\/stafit.ee\/ru\/tovar\/%d1%84%d1%83%d1%82%d0%b1%d0%be%d0%bb%d0%ba%d0%b0-vizwell-1-1-hi-vis-%d0%b6%d1%91%d0%bb%d1%82%d0%b0%d1%8f\/#breadcrumb\",\"itemListElement\":[{\"@type\":\"ListItem\",\"position\":1,\"name\":\"Home\",\"item\":\"https:\/\/stafit.ee\/ru\/\"},{\"@type\":\"ListItem\",\"position\":2,\"name\":\"\u041c\u0430\u0433\u0430\u0437\u0438\u043d\",\"item\":\"https:\/\/stafit.ee\/ru\/pood\/\"},{\"@type\":\"ListItem\",\"position\":3,\"name\":\"\u0424\u0443\u0442\u0431\u043e\u043b\u043a\u0430 VIZWELL 1\/1 Hi-Vis \u0436\u0451\u043b\u0442\u0430\u044f\"}]},{\"@type\":\"WebSite\",\"@id\":\"https:\/\/stafit.ee\/#website\",\"url\":\"https:\/\/stafit.ee\/\",\"name\":\"Stafit O\u00dc\",\"description\":\"T\u00f6\u00f6riete ja ohutusvahendite jae ja hulgim\u00fc\u00fck\",\"potentialAction\":[{\"@type\":\"SearchAction\",\"target\":{\"@type\":\"EntryPoint\",\"urlTemplate\":\"https:\/\/stafit.ee\/?s={search_term_string}\"},\"query-input\":{\"@type\":\"PropertyValueSpecification\",\"valueRequired\":true,\"valueName\":\"search_term_string\"}}],\"inLanguage\":\"ru-RU\"}]}<\/script>\n<!-- \/ Yoast SEO plugin. -->","yoast_head_json":{"title":"\u0424\u0443\u0442\u0431\u043e\u043b\u043a\u0430 VIZWELL 1\/1 Hi-Vis \u0436\u0451\u043b\u0442\u0430\u044f - Stafit O\u00dc","robots":{"index":"index","follow":"follow","max-snippet":"max-snippet:-1","max-image-preview":"max-image-preview:large","max-video-preview":"max-video-preview:-1"},"canonical":"https:\/\/stafit.ee\/ru\/tovar\/\u0444\u0443\u0442\u0431\u043e\u043b\u043a\u0430-vizwell-1-1-hi-vis-\u0436\u0451\u043b\u0442\u0430\u044f\/","og_locale":"ru_RU","og_type":"article","og_title":"\u0424\u0443\u0442\u0431\u043e\u043b\u043a\u0430 VIZWELL 1\/1 Hi-Vis \u0436\u0451\u043b\u0442\u0430\u044f - Stafit O\u00dc","og_description":"100% \u043f\u043e\u043b\u0438\u044d\u0441\u0442\u0435\u0440 (bird\u2019s eye) \u0441 UV \u0437\u0430\u0449\u0438\u0442\u043e\u0439, 140 \u0433\/\u043c\u00b2 DIN EN ISO 20471:2013 \u043a\u043b\u0430\u0441\u0441 3, EN 13758-1 \u0441\u0435\u0433\u043c\u0435\u043d\u0442\u0438\u0440\u043e\u0432\u0430\u043d\u043d\u044b\u0435 \u0441\u0432\u0435\u0442\u043e\u043e\u0442\u0440\u0430\u0436\u0430\u044e\u0449\u0438\u0435 \u043b\u0435\u043d\u0442\u044b \u0434\u044b\u0448\u0430\u0449\u0438\u0439, \u043f\u0440\u043e\u0447\u043d\u044b\u0439 \u0438 \u0431\u044b\u0441\u0442\u0440\u043e\u0441\u043e\u0445\u043d\u0443\u0449\u0438\u0439 \u043c\u0430\u0442\u0435\u0440\u0438\u0430\u043b \u044d\u043b\u0430\u0441\u0442\u0438\u0447\u043d\u044b\u0435 \u043c\u0430\u043d\u0436\u0435\u0442\u044b \u0440\u0443\u043a\u0430\u0432\u043e\u0432 \u043a\u0440\u0443\u0433\u043b\u044b\u0439 \u0432\u044b\u0440\u0435\u0437","og_url":"https:\/\/stafit.ee\/ru\/tovar\/\u0444\u0443\u0442\u0431\u043e\u043b\u043a\u0430-vizwell-1-1-hi-vis-\u0436\u0451\u043b\u0442\u0430\u044f\/","og_site_name":"Stafit O\u00dc","article_modified_time":"2026-04-08T15:23:59+00:00","og_image":[{"width":2000,"height":2000,"url":"https:\/\/stafit.ee\/wp-content\/uploads\/2021\/03\/VWTS21Y.jpg","type":"image\/jpeg"}],"twitter_card":"summary_large_image","schema":{"@context":"https:\/\/schema.org","@graph":[{"@type":"WebPage","@id":"https:\/\/stafit.ee\/ru\/tovar\/%d1%84%d1%83%d1%82%d0%b1%d0%be%d0%bb%d0%ba%d0%b0-vizwell-1-1-hi-vis-%d0%b6%d1%91%d0%bb%d1%82%d0%b0%d1%8f\/","url":"https:\/\/stafit.ee\/ru\/tovar\/%d1%84%d1%83%d1%82%d0%b1%d0%be%d0%bb%d0%ba%d0%b0-vizwell-1-1-hi-vis-%d0%b6%d1%91%d0%bb%d1%82%d0%b0%d1%8f\/","name":"\u0424\u0443\u0442\u0431\u043e\u043b\u043a\u0430 VIZWELL 1\/1 Hi-Vis \u0436\u0451\u043b\u0442\u0430\u044f - Stafit O\u00dc","isPartOf":{"@id":"https:\/\/stafit.ee\/#website"},"primaryImageOfPage":{"@id":"https:\/\/stafit.ee\/ru\/tovar\/%d1%84%d1%83%d1%82%d0%b1%d0%be%d0%bb%d0%ba%d0%b0-vizwell-1-1-hi-vis-%d0%b6%d1%91%d0%bb%d1%82%d0%b0%d1%8f\/#primaryimage"},"image":{"@id":"https:\/\/stafit.ee\/ru\/tovar\/%d1%84%d1%83%d1%82%d0%b1%d0%be%d0%bb%d0%ba%d0%b0-vizwell-1-1-hi-vis-%d0%b6%d1%91%d0%bb%d1%82%d0%b0%d1%8f\/#primaryimage"},"thumbnailUrl":"https:\/\/stafit.ee\/wp-content\/uploads\/2021\/03\/VWTS21Y.jpg","datePublished":"2021-03-18T10:01:46+00:00","dateModified":"2026-04-08T15:23:59+00:00","breadcrumb":{"@id":"https:\/\/stafit.ee\/ru\/tovar\/%d1%84%d1%83%d1%82%d0%b1%d0%be%d0%bb%d0%ba%d0%b0-vizwell-1-1-hi-vis-%d0%b6%d1%91%d0%bb%d1%82%d0%b0%d1%8f\/#breadcrumb"},"inLanguage":"ru-RU","potentialAction":[{"@type":"ReadAction","target":["https:\/\/stafit.ee\/ru\/tovar\/%d1%84%d1%83%d1%82%d0%b1%d0%be%d0%bb%d0%ba%d0%b0-vizwell-1-1-hi-vis-%d0%b6%d1%91%d0%bb%d1%82%d0%b0%d1%8f\/"]}]},{"@type":"ImageObject","inLanguage":"ru-RU","@id":"https:\/\/stafit.ee\/ru\/tovar\/%d1%84%d1%83%d1%82%d0%b1%d0%be%d0%bb%d0%ba%d0%b0-vizwell-1-1-hi-vis-%d0%b6%d1%91%d0%bb%d1%82%d0%b0%d1%8f\/#primaryimage","url":"https:\/\/stafit.ee\/wp-content\/uploads\/2021\/03\/VWTS21Y.jpg","contentUrl":"https:\/\/stafit.ee\/wp-content\/uploads\/2021\/03\/VWTS21Y.jpg","width":2000,"height":2000},{"@type":"BreadcrumbList","@id":"https:\/\/stafit.ee\/ru\/tovar\/%d1%84%d1%83%d1%82%d0%b1%d0%be%d0%bb%d0%ba%d0%b0-vizwell-1-1-hi-vis-%d0%b6%d1%91%d0%bb%d1%82%d0%b0%d1%8f\/#breadcrumb","itemListElement":[{"@type":"ListItem","position":1,"name":"Home","item":"https:\/\/stafit.ee\/ru\/"},{"@type":"ListItem","position":2,"name":"\u041c\u0430\u0433\u0430\u0437\u0438\u043d","item":"https:\/\/stafit.ee\/ru\/pood\/"},{"@type":"ListItem","position":3,"name":"\u0424\u0443\u0442\u0431\u043e\u043b\u043a\u0430 VIZWELL 1\/1 Hi-Vis \u0436\u0451\u043b\u0442\u0430\u044f"}]},{"@type":"WebSite","@id":"https:\/\/stafit.ee\/#website","url":"https:\/\/stafit.ee\/","name":"Stafit O\u00dc","description":"T\u00f6\u00f6riete ja ohutusvahendite jae ja hulgim\u00fc\u00fck","potentialAction":[{"@type":"SearchAction","target":{"@type":"EntryPoint","urlTemplate":"https:\/\/stafit.ee\/?s={search_term_string}"},"query-input":{"@type":"PropertyValueSpecification","valueRequired":true,"valueName":"search_term_string"}}],"inLanguage":"ru-RU"}]}},"brands":[{"id":333,"name":"Triuso","slug":"triuso"}],"_links":{"self":[{"href":"https:\/\/stafit.ee\/ru\/wp-json\/wp\/v2\/product\/22765","targetHints":{"allow":["GET"]}}],"collection":[{"href":"https:\/\/stafit.ee\/ru\/wp-json\/wp\/v2\/product"}],"about":[{"href":"https:\/\/stafit.ee\/ru\/wp-json\/wp\/v2\/types\/product"}],"wp:featuredmedia":[{"embeddable":true,"href":"https:\/\/stafit.ee\/ru\/wp-json\/wp\/v2\/media\/22742"}],"wp:attachment":[{"href":"https:\/\/stafit.ee\/ru\/wp-json\/wp\/v2\/media?parent=22765"}],"wp:term":[{"taxonomy":"pwb-brand","embeddable":true,"href":"https:\/\/stafit.ee\/ru\/wp-json\/wp\/v2\/pwb-brand?post=22765"},{"taxonomy":"product_brand","embeddable":true,"href":"https:\/\/stafit.ee\/ru\/wp-json\/wp\/v2\/product_brand?post=22765"},{"taxonomy":"product_cat","embeddable":true,"href":"https:\/\/stafit.ee\/ru\/wp-json\/wp\/v2\/product_cat?post=22765"},{"taxonomy":"product_tag","embeddable":true,"href":"https:\/\/stafit.ee\/ru\/wp-json\/wp\/v2\/product_tag?post=22765"}],"curies":[{"name":"wp","href":"https:\/\/api.w.org\/{rel}","templated":true}]}}