{"id":18848,"date":"2021-03-01T08:00:30","date_gmt":"2021-03-01T06:00:30","guid":{"rendered":"https:\/\/stafit.ee\/toode\/sioen-senic-%d1%84%d0%bb%d0%b8%d1%81%d0%be%d0%b2%d0%b0%d1%8f-%d0%ba%d1%83%d1%80%d1%82%d0%ba%d0%b0-%d0%b2%d1%8b%d1%81%d0%be%d0%ba%d0%be%d0%b9-%d0%b2%d0%b8%d0%b4%d0%b8%d0%bc%d0%be%d1%81%d1%82%d0%b8\/"},"modified":"2026-04-08T18:15:32","modified_gmt":"2026-04-08T15:15:32","slug":"sioen-senic-%d1%84%d0%bb%d0%b8%d1%81%d0%be%d0%b2%d0%b0%d1%8f-%d0%ba%d1%83%d1%80%d1%82%d0%ba%d0%b0-%d0%b2%d1%8b%d1%81%d0%be%d0%ba%d0%be%d0%b9-%d0%b2%d0%b8%d0%b4%d0%b8%d0%bc%d0%be%d1%81%d1%82%d0%b8","status":"publish","type":"product","link":"https:\/\/stafit.ee\/ru\/tovar\/sioen-senic-%d1%84%d0%bb%d0%b8%d1%81%d0%be%d0%b2%d0%b0%d1%8f-%d0%ba%d1%83%d1%80%d1%82%d0%ba%d0%b0-%d0%b2%d1%8b%d1%81%d0%be%d0%ba%d0%be%d0%b9-%d0%b2%d0%b8%d0%b4%d0%b8%d0%bc%d0%be%d1%81%d1%82%d0%b8\/","title":{"rendered":"Sioen SENIC \u0444\u043b\u0438\u0441\u043e\u0432\u0430\u044f \u043a\u0443\u0440\u0442\u043a\u0430 \u0432\u044b\u0441\u043e\u043a\u043e\u0439 \u0432\u0438\u0434\u0438\u043c\u043e\u0441\u0442\u0438 \u0436\u0435\u043b\u0442\u043e-\u0441\u0438\u043d\u044f\u044f"},"content":{"rendered":"<p lang=\"ru-RU\">\u041c\u0430\u0442\u0435\u0440\u0438\u0430\u043b:<br \/>\n100% \u043f\u043e\u043b\u0438\u044d\u0441\u0442\u0435\u0440 \u0434\u0432\u0443\u0445\u0441\u0442\u043e\u0440\u043e\u043d\u043d\u0438\u0439 \u0444\u043b\u0438\u0441; \u00b1 285 \u0433\/\u043c\u00b2.<\/p>\n<p><span lang=\"ru-RU\">&#8212; \u0412<\/span>\u043e\u0440\u043e\u0442\u043d\u0438\u043a-\u0441\u0442\u043e\u0439\u043a\u0430<br \/>\n&#8212; \u0437\u0430\u0441\u0442\u0435\u0436\u043a\u0430-\u043c\u043e\u043b\u043d\u0438\u044f \u0441 \u0437\u0430\u0449\u0438\u0442\u043e\u0439 \u043f\u043e\u0434\u0431\u043e\u0440\u043e\u0434\u043a\u0430<br \/>\n&#8212; 1 \u043d\u0430\u0433\u0440\u0443\u0434\u043d\u044b\u0439 \u043a\u0430\u0440\u043c\u0430\u043d \u043d\u0430 \u043c\u043e\u043b\u043d\u0438\u0438<br \/>\n&#8212; 2 \u0431\u043e\u043a\u043e\u0432\u044b\u0445 \u043a\u0430\u0440\u043c\u0430\u043d\u0430 \u043d\u0430 \u043c\u043e\u043b\u043d\u0438\u0438<br \/>\n&#8212; \u044d\u043b\u0430\u0441\u0442\u0438\u0447\u043d\u044b\u0435 \u043c\u0430\u043d\u0436\u0435\u0442\u044b \u0440\u0443\u043a\u0430\u0432\u043e\u0432<br \/>\n&#8212; \u0440\u0435\u0433\u0443\u043b\u0438\u0440\u043e\u0432\u043a\u0430 \u043d\u0438\u0436\u043d\u0435\u0433\u043e \u043a\u0440\u0430\u044f \u043a\u0443\u0440\u0442\u043a\u0438 \u043f\u0440\u0438 \u043f\u043e\u043c\u043e\u0449\u0438 \u0448\u043d\u0443\u0440\u043a\u0430<br \/>\n&#8212; \u0434\u043b\u0438\u043d\u043d\u044b\u0435 \u043f\u0443\u043b\u043b\u0435\u0440\u044b \u0434\u043b\u044f \u0443\u0434\u043e\u0431\u0441\u0442\u0432\u0430 \u043f\u0440\u0438 <span lang=\"ru-RU\">\u0440\u0430\u0441\u0441\u0442\u0435\u0433\u0438\u0432\u0430\u043d\u0438\u0438<\/span> \u043c\u043e\u043b\u043d\u0438\u0438<br \/>\n&#8212; \u0434\u043b\u0438\u043d\u0430 \u0441\u043f\u0438\u043d\u043a\u0438 75 \u0441\u043c (\u0440\u0430\u0437\u043c\u0435\u0440 L)<br \/>\n&#8212; \u0441\u0432\u0435\u0442\u043e\u043e\u0442\u0440\u0430\u0436\u0430\u044e\u0449\u0438\u0435 \u043b\u0435\u043d\u0442\u044b<br \/>\n&#8212; \u0444\u0438\u043a\u0441\u0438\u0440\u043e\u0432\u0430\u043d\u043d\u0430\u044f \u0432\u0435\u0442\u0440\u043e\u043d\u0435\u043f\u0440\u043e\u043d\u0438\u0446\u0430\u0435\u043c\u0430\u044f \u043f\u043e\u0434\u043a\u043b\u0430\u0434\u043a\u0430 \u0441\u043f\u0435\u0440\u0435\u0434\u0438 \u0438 \u0441\u0437\u0430\u0434\u0438<br \/>\n&#8212; 1 \u0432\u043d\u0443\u0442\u0440\u0435\u043d\u043d\u0438\u0439 \u043a\u0430\u0440\u043c\u0430\u043d<\/p>\n<p>\u0415\u0432\u0440\u043e\u043f\u0435\u0439\u0441\u043a\u0438\u0435 \u0441\u0442\u0430\u043d\u0434\u0430\u0440\u0442\u044b<span lang=\"ru-RU\">:<\/span><br \/>\nEN ISO 20471: 2013 + A1 2016 \/ <span lang=\"ru-RU\">\u043a\u043b\u0430\u0441\u0441<\/span> 3<br \/>\nEN 14058: 2017 \/ <span lang=\"ru-RU\">\u043a\u043b\u0430\u0441\u0441 <\/span> 1 x x x<br \/>\nEN ISO 13688: 2013<\/p>\n<p>\u041a\u043e\u043c\u0431\u0438\u043d\u0438\u0440\u0443\u0435\u0442\u0441\u044f \u0441 \u043a\u0443\u0440\u0442\u043a\u0430\u043c\u0438 Mildura \u0438\u043b\u0438 Windsor.<\/p>\n","protected":false},"excerpt":{"rendered":"<p>\u041c\u0430\u0442\u0435\u0440\u0438\u0430\u043b: 100% \u043f\u043e\u043b\u0438\u044d\u0441\u0442\u0435\u0440 \u0434\u0432\u0443\u0445\u0441\u0442\u043e\u0440\u043e\u043d\u043d\u0438\u0439 \u0444\u043b\u0438\u0441; \u00b1 285 \u0433\/\u043c\u00b2. &#8212; \u0412\u043e\u0440\u043e\u0442\u043d\u0438\u043a-\u0441\u0442\u043e\u0439\u043a\u0430 &#8212; \u0437\u0430\u0441\u0442\u0435\u0436\u043a\u0430-\u043c\u043e\u043b\u043d\u0438\u044f \u0441 \u0437\u0430\u0449\u0438\u0442\u043e\u0439 \u043f\u043e\u0434\u0431\u043e\u0440\u043e\u0434\u043a\u0430 &#8212; 1 \u043d\u0430\u0433\u0440\u0443\u0434\u043d\u044b\u0439 \u043a\u0430\u0440\u043c\u0430\u043d \u043d\u0430 \u043c\u043e\u043b\u043d\u0438\u0438 &#8212; 2 \u0431\u043e\u043a\u043e\u0432\u044b\u0445 \u043a\u0430\u0440\u043c\u0430\u043d\u0430 \u043d\u0430 \u043c\u043e\u043b\u043d\u0438\u0438 &#8212; \u044d\u043b\u0430\u0441\u0442\u0438\u0447\u043d\u044b\u0435 \u043c\u0430\u043d\u0436\u0435\u0442\u044b \u0440\u0443\u043a\u0430\u0432\u043e\u0432 &#8212; \u0440\u0435\u0433\u0443\u043b\u0438\u0440\u043e\u0432\u043a\u0430 \u043d\u0438\u0436\u043d\u0435\u0433\u043e \u043a\u0440\u0430\u044f \u043a\u0443\u0440\u0442\u043a\u0438 \u043f\u0440\u0438 \u043f\u043e\u043c\u043e\u0449\u0438 \u0448\u043d\u0443\u0440\u043a\u0430 &#8212; \u0434\u043b\u0438\u043d\u043d\u044b\u0435 \u043f\u0443\u043b\u043b\u0435\u0440\u044b \u0434\u043b\u044f \u0443\u0434\u043e\u0431\u0441\u0442\u0432\u0430 \u043f\u0440\u0438 \u0440\u0430\u0441\u0441\u0442\u0435\u0433\u0438\u0432\u0430\u043d\u0438\u0438 \u043c\u043e\u043b\u043d\u0438\u0438 &#8212; \u0434\u043b\u0438\u043d\u0430 \u0441\u043f\u0438\u043d\u043a\u0438 75 \u0441\u043c (\u0440\u0430\u0437\u043c\u0435\u0440 L) &#8212;&#8230;<\/p>\n","protected":false},"featured_media":18838,"template":"","meta":[],"pwb-brand":[330],"product_brand":[],"product_cat":[976],"product_tag":[],"class_list":{"0":"post-18848","1":"product","2":"type-product","3":"status-publish","4":"has-post-thumbnail","6":"pwb-brand-sioen","7":"product_cat-976","9":"first","10":"instock","11":"taxable","12":"shipping-taxable","13":"purchasable","14":"product-type-variable"},"yoast_head":"<!-- This site is optimized with the Yoast SEO plugin v27.0 - https:\/\/yoast.com\/product\/yoast-seo-wordpress\/ -->\n<title>Sioen SENIC \u0444\u043b\u0438\u0441\u043e\u0432\u0430\u044f \u043a\u0443\u0440\u0442\u043a\u0430 \u0432\u044b\u0441\u043e\u043a\u043e\u0439 \u0432\u0438\u0434\u0438\u043c\u043e\u0441\u0442\u0438 \u0436\u0435\u043b\u0442\u043e-\u0441\u0438\u043d\u044f\u044f - Stafit O\u00dc<\/title>\n<meta name=\"robots\" content=\"index, follow, max-snippet:-1, max-image-preview:large, max-video-preview:-1\" \/>\n<link rel=\"canonical\" href=\"https:\/\/stafit.ee\/ru\/tovar\/sioen-senic-\u0444\u043b\u0438\u0441\u043e\u0432\u0430\u044f-\u043a\u0443\u0440\u0442\u043a\u0430-\u0432\u044b\u0441\u043e\u043a\u043e\u0439-\u0432\u0438\u0434\u0438\u043c\u043e\u0441\u0442\u0438\/\" \/>\n<meta property=\"og:locale\" content=\"ru_RU\" \/>\n<meta property=\"og:type\" content=\"article\" \/>\n<meta property=\"og:title\" content=\"Sioen SENIC \u0444\u043b\u0438\u0441\u043e\u0432\u0430\u044f \u043a\u0443\u0440\u0442\u043a\u0430 \u0432\u044b\u0441\u043e\u043a\u043e\u0439 \u0432\u0438\u0434\u0438\u043c\u043e\u0441\u0442\u0438 \u0436\u0435\u043b\u0442\u043e-\u0441\u0438\u043d\u044f\u044f - Stafit O\u00dc\" \/>\n<meta property=\"og:description\" content=\"\u041c\u0430\u0442\u0435\u0440\u0438\u0430\u043b: 100% \u043f\u043e\u043b\u0438\u044d\u0441\u0442\u0435\u0440 \u0434\u0432\u0443\u0445\u0441\u0442\u043e\u0440\u043e\u043d\u043d\u0438\u0439 \u0444\u043b\u0438\u0441; \u00b1 285 \u0433\/\u043c\u00b2. &#8212; \u0412\u043e\u0440\u043e\u0442\u043d\u0438\u043a-\u0441\u0442\u043e\u0439\u043a\u0430 &#8212; \u0437\u0430\u0441\u0442\u0435\u0436\u043a\u0430-\u043c\u043e\u043b\u043d\u0438\u044f \u0441 \u0437\u0430\u0449\u0438\u0442\u043e\u0439 \u043f\u043e\u0434\u0431\u043e\u0440\u043e\u0434\u043a\u0430 &#8212; 1 \u043d\u0430\u0433\u0440\u0443\u0434\u043d\u044b\u0439 \u043a\u0430\u0440\u043c\u0430\u043d \u043d\u0430 \u043c\u043e\u043b\u043d\u0438\u0438 &#8212; 2 \u0431\u043e\u043a\u043e\u0432\u044b\u0445 \u043a\u0430\u0440\u043c\u0430\u043d\u0430 \u043d\u0430 \u043c\u043e\u043b\u043d\u0438\u0438 &#8212; \u044d\u043b\u0430\u0441\u0442\u0438\u0447\u043d\u044b\u0435 \u043c\u0430\u043d\u0436\u0435\u0442\u044b \u0440\u0443\u043a\u0430\u0432\u043e\u0432 &#8212; \u0440\u0435\u0433\u0443\u043b\u0438\u0440\u043e\u0432\u043a\u0430 \u043d\u0438\u0436\u043d\u0435\u0433\u043e \u043a\u0440\u0430\u044f \u043a\u0443\u0440\u0442\u043a\u0438 \u043f\u0440\u0438 \u043f\u043e\u043c\u043e\u0449\u0438 \u0448\u043d\u0443\u0440\u043a\u0430 &#8212; \u0434\u043b\u0438\u043d\u043d\u044b\u0435 \u043f\u0443\u043b\u043b\u0435\u0440\u044b \u0434\u043b\u044f \u0443\u0434\u043e\u0431\u0441\u0442\u0432\u0430 \u043f\u0440\u0438 \u0440\u0430\u0441\u0441\u0442\u0435\u0433\u0438\u0432\u0430\u043d\u0438\u0438 \u043c\u043e\u043b\u043d\u0438\u0438 &#8212; \u0434\u043b\u0438\u043d\u0430 \u0441\u043f\u0438\u043d\u043a\u0438 75 \u0441\u043c (\u0440\u0430\u0437\u043c\u0435\u0440 L) &#8212;...\" \/>\n<meta property=\"og:url\" content=\"https:\/\/stafit.ee\/ru\/tovar\/sioen-senic-\u0444\u043b\u0438\u0441\u043e\u0432\u0430\u044f-\u043a\u0443\u0440\u0442\u043a\u0430-\u0432\u044b\u0441\u043e\u043a\u043e\u0439-\u0432\u0438\u0434\u0438\u043c\u043e\u0441\u0442\u0438\/\" \/>\n<meta property=\"og:site_name\" content=\"Stafit O\u00dc\" \/>\n<meta property=\"article:modified_time\" content=\"2026-04-08T15:15:32+00:00\" \/>\n<meta name=\"twitter:card\" content=\"summary_large_image\" \/>\n<script type=\"application\/ld+json\" class=\"yoast-schema-graph\">{\"@context\":\"https:\/\/schema.org\",\"@graph\":[{\"@type\":\"WebPage\",\"@id\":\"https:\/\/stafit.ee\/ru\/tovar\/sioen-senic-%d1%84%d0%bb%d0%b8%d1%81%d0%be%d0%b2%d0%b0%d1%8f-%d0%ba%d1%83%d1%80%d1%82%d0%ba%d0%b0-%d0%b2%d1%8b%d1%81%d0%be%d0%ba%d0%be%d0%b9-%d0%b2%d0%b8%d0%b4%d0%b8%d0%bc%d0%be%d1%81%d1%82%d0%b8\/\",\"url\":\"https:\/\/stafit.ee\/ru\/tovar\/sioen-senic-%d1%84%d0%bb%d0%b8%d1%81%d0%be%d0%b2%d0%b0%d1%8f-%d0%ba%d1%83%d1%80%d1%82%d0%ba%d0%b0-%d0%b2%d1%8b%d1%81%d0%be%d0%ba%d0%be%d0%b9-%d0%b2%d0%b8%d0%b4%d0%b8%d0%bc%d0%be%d1%81%d1%82%d0%b8\/\",\"name\":\"Sioen SENIC \u0444\u043b\u0438\u0441\u043e\u0432\u0430\u044f \u043a\u0443\u0440\u0442\u043a\u0430 \u0432\u044b\u0441\u043e\u043a\u043e\u0439 \u0432\u0438\u0434\u0438\u043c\u043e\u0441\u0442\u0438 \u0436\u0435\u043b\u0442\u043e-\u0441\u0438\u043d\u044f\u044f - Stafit O\u00dc\",\"isPartOf\":{\"@id\":\"https:\/\/stafit.ee\/#website\"},\"primaryImageOfPage\":{\"@id\":\"https:\/\/stafit.ee\/ru\/tovar\/sioen-senic-%d1%84%d0%bb%d0%b8%d1%81%d0%be%d0%b2%d0%b0%d1%8f-%d0%ba%d1%83%d1%80%d1%82%d0%ba%d0%b0-%d0%b2%d1%8b%d1%81%d0%be%d0%ba%d0%be%d0%b9-%d0%b2%d0%b8%d0%b4%d0%b8%d0%bc%d0%be%d1%81%d1%82%d0%b8\/#primaryimage\"},\"image\":{\"@id\":\"https:\/\/stafit.ee\/ru\/tovar\/sioen-senic-%d1%84%d0%bb%d0%b8%d1%81%d0%be%d0%b2%d0%b0%d1%8f-%d0%ba%d1%83%d1%80%d1%82%d0%ba%d0%b0-%d0%b2%d1%8b%d1%81%d0%be%d0%ba%d0%be%d0%b9-%d0%b2%d0%b8%d0%b4%d0%b8%d0%bc%d0%be%d1%81%d1%82%d0%b8\/#primaryimage\"},\"thumbnailUrl\":\"https:\/\/stafit.ee\/wp-content\/uploads\/2021\/03\/711Z_415_A2_T01_SIL.jpg\",\"datePublished\":\"2021-03-01T06:00:30+00:00\",\"dateModified\":\"2026-04-08T15:15:32+00:00\",\"breadcrumb\":{\"@id\":\"https:\/\/stafit.ee\/ru\/tovar\/sioen-senic-%d1%84%d0%bb%d0%b8%d1%81%d0%be%d0%b2%d0%b0%d1%8f-%d0%ba%d1%83%d1%80%d1%82%d0%ba%d0%b0-%d0%b2%d1%8b%d1%81%d0%be%d0%ba%d0%be%d0%b9-%d0%b2%d0%b8%d0%b4%d0%b8%d0%bc%d0%be%d1%81%d1%82%d0%b8\/#breadcrumb\"},\"inLanguage\":\"ru-RU\",\"potentialAction\":[{\"@type\":\"ReadAction\",\"target\":[\"https:\/\/stafit.ee\/ru\/tovar\/sioen-senic-%d1%84%d0%bb%d0%b8%d1%81%d0%be%d0%b2%d0%b0%d1%8f-%d0%ba%d1%83%d1%80%d1%82%d0%ba%d0%b0-%d0%b2%d1%8b%d1%81%d0%be%d0%ba%d0%be%d0%b9-%d0%b2%d0%b8%d0%b4%d0%b8%d0%bc%d0%be%d1%81%d1%82%d0%b8\/\"]}]},{\"@type\":\"ImageObject\",\"inLanguage\":\"ru-RU\",\"@id\":\"https:\/\/stafit.ee\/ru\/tovar\/sioen-senic-%d1%84%d0%bb%d0%b8%d1%81%d0%be%d0%b2%d0%b0%d1%8f-%d0%ba%d1%83%d1%80%d1%82%d0%ba%d0%b0-%d0%b2%d1%8b%d1%81%d0%be%d0%ba%d0%be%d0%b9-%d0%b2%d0%b8%d0%b4%d0%b8%d0%bc%d0%be%d1%81%d1%82%d0%b8\/#primaryimage\",\"url\":\"https:\/\/stafit.ee\/wp-content\/uploads\/2021\/03\/711Z_415_A2_T01_SIL.jpg\",\"contentUrl\":\"https:\/\/stafit.ee\/wp-content\/uploads\/2021\/03\/711Z_415_A2_T01_SIL.jpg\",\"width\":2000,\"height\":2000},{\"@type\":\"BreadcrumbList\",\"@id\":\"https:\/\/stafit.ee\/ru\/tovar\/sioen-senic-%d1%84%d0%bb%d0%b8%d1%81%d0%be%d0%b2%d0%b0%d1%8f-%d0%ba%d1%83%d1%80%d1%82%d0%ba%d0%b0-%d0%b2%d1%8b%d1%81%d0%be%d0%ba%d0%be%d0%b9-%d0%b2%d0%b8%d0%b4%d0%b8%d0%bc%d0%be%d1%81%d1%82%d0%b8\/#breadcrumb\",\"itemListElement\":[{\"@type\":\"ListItem\",\"position\":1,\"name\":\"Home\",\"item\":\"https:\/\/stafit.ee\/ru\/\"},{\"@type\":\"ListItem\",\"position\":2,\"name\":\"\u041c\u0430\u0433\u0430\u0437\u0438\u043d\",\"item\":\"https:\/\/stafit.ee\/ru\/pood\/\"},{\"@type\":\"ListItem\",\"position\":3,\"name\":\"Sioen SENIC \u0444\u043b\u0438\u0441\u043e\u0432\u0430\u044f \u043a\u0443\u0440\u0442\u043a\u0430 \u0432\u044b\u0441\u043e\u043a\u043e\u0439 \u0432\u0438\u0434\u0438\u043c\u043e\u0441\u0442\u0438 \u0436\u0435\u043b\u0442\u043e-\u0441\u0438\u043d\u044f\u044f\"}]},{\"@type\":\"WebSite\",\"@id\":\"https:\/\/stafit.ee\/#website\",\"url\":\"https:\/\/stafit.ee\/\",\"name\":\"Stafit O\u00dc\",\"description\":\"T\u00f6\u00f6riete ja ohutusvahendite jae ja hulgim\u00fc\u00fck\",\"potentialAction\":[{\"@type\":\"SearchAction\",\"target\":{\"@type\":\"EntryPoint\",\"urlTemplate\":\"https:\/\/stafit.ee\/?s={search_term_string}\"},\"query-input\":{\"@type\":\"PropertyValueSpecification\",\"valueRequired\":true,\"valueName\":\"search_term_string\"}}],\"inLanguage\":\"ru-RU\"}]}<\/script>\n<!-- \/ Yoast SEO plugin. -->","yoast_head_json":{"title":"Sioen SENIC \u0444\u043b\u0438\u0441\u043e\u0432\u0430\u044f \u043a\u0443\u0440\u0442\u043a\u0430 \u0432\u044b\u0441\u043e\u043a\u043e\u0439 \u0432\u0438\u0434\u0438\u043c\u043e\u0441\u0442\u0438 \u0436\u0435\u043b\u0442\u043e-\u0441\u0438\u043d\u044f\u044f - Stafit O\u00dc","robots":{"index":"index","follow":"follow","max-snippet":"max-snippet:-1","max-image-preview":"max-image-preview:large","max-video-preview":"max-video-preview:-1"},"canonical":"https:\/\/stafit.ee\/ru\/tovar\/sioen-senic-\u0444\u043b\u0438\u0441\u043e\u0432\u0430\u044f-\u043a\u0443\u0440\u0442\u043a\u0430-\u0432\u044b\u0441\u043e\u043a\u043e\u0439-\u0432\u0438\u0434\u0438\u043c\u043e\u0441\u0442\u0438\/","og_locale":"ru_RU","og_type":"article","og_title":"Sioen SENIC \u0444\u043b\u0438\u0441\u043e\u0432\u0430\u044f \u043a\u0443\u0440\u0442\u043a\u0430 \u0432\u044b\u0441\u043e\u043a\u043e\u0439 \u0432\u0438\u0434\u0438\u043c\u043e\u0441\u0442\u0438 \u0436\u0435\u043b\u0442\u043e-\u0441\u0438\u043d\u044f\u044f - Stafit O\u00dc","og_description":"\u041c\u0430\u0442\u0435\u0440\u0438\u0430\u043b: 100% \u043f\u043e\u043b\u0438\u044d\u0441\u0442\u0435\u0440 \u0434\u0432\u0443\u0445\u0441\u0442\u043e\u0440\u043e\u043d\u043d\u0438\u0439 \u0444\u043b\u0438\u0441; \u00b1 285 \u0433\/\u043c\u00b2. &#8212; \u0412\u043e\u0440\u043e\u0442\u043d\u0438\u043a-\u0441\u0442\u043e\u0439\u043a\u0430 &#8212; \u0437\u0430\u0441\u0442\u0435\u0436\u043a\u0430-\u043c\u043e\u043b\u043d\u0438\u044f \u0441 \u0437\u0430\u0449\u0438\u0442\u043e\u0439 \u043f\u043e\u0434\u0431\u043e\u0440\u043e\u0434\u043a\u0430 &#8212; 1 \u043d\u0430\u0433\u0440\u0443\u0434\u043d\u044b\u0439 \u043a\u0430\u0440\u043c\u0430\u043d \u043d\u0430 \u043c\u043e\u043b\u043d\u0438\u0438 &#8212; 2 \u0431\u043e\u043a\u043e\u0432\u044b\u0445 \u043a\u0430\u0440\u043c\u0430\u043d\u0430 \u043d\u0430 \u043c\u043e\u043b\u043d\u0438\u0438 &#8212; \u044d\u043b\u0430\u0441\u0442\u0438\u0447\u043d\u044b\u0435 \u043c\u0430\u043d\u0436\u0435\u0442\u044b \u0440\u0443\u043a\u0430\u0432\u043e\u0432 &#8212; \u0440\u0435\u0433\u0443\u043b\u0438\u0440\u043e\u0432\u043a\u0430 \u043d\u0438\u0436\u043d\u0435\u0433\u043e \u043a\u0440\u0430\u044f \u043a\u0443\u0440\u0442\u043a\u0438 \u043f\u0440\u0438 \u043f\u043e\u043c\u043e\u0449\u0438 \u0448\u043d\u0443\u0440\u043a\u0430 &#8212; \u0434\u043b\u0438\u043d\u043d\u044b\u0435 \u043f\u0443\u043b\u043b\u0435\u0440\u044b \u0434\u043b\u044f \u0443\u0434\u043e\u0431\u0441\u0442\u0432\u0430 \u043f\u0440\u0438 \u0440\u0430\u0441\u0441\u0442\u0435\u0433\u0438\u0432\u0430\u043d\u0438\u0438 \u043c\u043e\u043b\u043d\u0438\u0438 &#8212; \u0434\u043b\u0438\u043d\u0430 \u0441\u043f\u0438\u043d\u043a\u0438 75 \u0441\u043c (\u0440\u0430\u0437\u043c\u0435\u0440 L) &#8212;...","og_url":"https:\/\/stafit.ee\/ru\/tovar\/sioen-senic-\u0444\u043b\u0438\u0441\u043e\u0432\u0430\u044f-\u043a\u0443\u0440\u0442\u043a\u0430-\u0432\u044b\u0441\u043e\u043a\u043e\u0439-\u0432\u0438\u0434\u0438\u043c\u043e\u0441\u0442\u0438\/","og_site_name":"Stafit O\u00dc","article_modified_time":"2026-04-08T15:15:32+00:00","twitter_card":"summary_large_image","schema":{"@context":"https:\/\/schema.org","@graph":[{"@type":"WebPage","@id":"https:\/\/stafit.ee\/ru\/tovar\/sioen-senic-%d1%84%d0%bb%d0%b8%d1%81%d0%be%d0%b2%d0%b0%d1%8f-%d0%ba%d1%83%d1%80%d1%82%d0%ba%d0%b0-%d0%b2%d1%8b%d1%81%d0%be%d0%ba%d0%be%d0%b9-%d0%b2%d0%b8%d0%b4%d0%b8%d0%bc%d0%be%d1%81%d1%82%d0%b8\/","url":"https:\/\/stafit.ee\/ru\/tovar\/sioen-senic-%d1%84%d0%bb%d0%b8%d1%81%d0%be%d0%b2%d0%b0%d1%8f-%d0%ba%d1%83%d1%80%d1%82%d0%ba%d0%b0-%d0%b2%d1%8b%d1%81%d0%be%d0%ba%d0%be%d0%b9-%d0%b2%d0%b8%d0%b4%d0%b8%d0%bc%d0%be%d1%81%d1%82%d0%b8\/","name":"Sioen SENIC \u0444\u043b\u0438\u0441\u043e\u0432\u0430\u044f \u043a\u0443\u0440\u0442\u043a\u0430 \u0432\u044b\u0441\u043e\u043a\u043e\u0439 \u0432\u0438\u0434\u0438\u043c\u043e\u0441\u0442\u0438 \u0436\u0435\u043b\u0442\u043e-\u0441\u0438\u043d\u044f\u044f - Stafit O\u00dc","isPartOf":{"@id":"https:\/\/stafit.ee\/#website"},"primaryImageOfPage":{"@id":"https:\/\/stafit.ee\/ru\/tovar\/sioen-senic-%d1%84%d0%bb%d0%b8%d1%81%d0%be%d0%b2%d0%b0%d1%8f-%d0%ba%d1%83%d1%80%d1%82%d0%ba%d0%b0-%d0%b2%d1%8b%d1%81%d0%be%d0%ba%d0%be%d0%b9-%d0%b2%d0%b8%d0%b4%d0%b8%d0%bc%d0%be%d1%81%d1%82%d0%b8\/#primaryimage"},"image":{"@id":"https:\/\/stafit.ee\/ru\/tovar\/sioen-senic-%d1%84%d0%bb%d0%b8%d1%81%d0%be%d0%b2%d0%b0%d1%8f-%d0%ba%d1%83%d1%80%d1%82%d0%ba%d0%b0-%d0%b2%d1%8b%d1%81%d0%be%d0%ba%d0%be%d0%b9-%d0%b2%d0%b8%d0%b4%d0%b8%d0%bc%d0%be%d1%81%d1%82%d0%b8\/#primaryimage"},"thumbnailUrl":"https:\/\/stafit.ee\/wp-content\/uploads\/2021\/03\/711Z_415_A2_T01_SIL.jpg","datePublished":"2021-03-01T06:00:30+00:00","dateModified":"2026-04-08T15:15:32+00:00","breadcrumb":{"@id":"https:\/\/stafit.ee\/ru\/tovar\/sioen-senic-%d1%84%d0%bb%d0%b8%d1%81%d0%be%d0%b2%d0%b0%d1%8f-%d0%ba%d1%83%d1%80%d1%82%d0%ba%d0%b0-%d0%b2%d1%8b%d1%81%d0%be%d0%ba%d0%be%d0%b9-%d0%b2%d0%b8%d0%b4%d0%b8%d0%bc%d0%be%d1%81%d1%82%d0%b8\/#breadcrumb"},"inLanguage":"ru-RU","potentialAction":[{"@type":"ReadAction","target":["https:\/\/stafit.ee\/ru\/tovar\/sioen-senic-%d1%84%d0%bb%d0%b8%d1%81%d0%be%d0%b2%d0%b0%d1%8f-%d0%ba%d1%83%d1%80%d1%82%d0%ba%d0%b0-%d0%b2%d1%8b%d1%81%d0%be%d0%ba%d0%be%d0%b9-%d0%b2%d0%b8%d0%b4%d0%b8%d0%bc%d0%be%d1%81%d1%82%d0%b8\/"]}]},{"@type":"ImageObject","inLanguage":"ru-RU","@id":"https:\/\/stafit.ee\/ru\/tovar\/sioen-senic-%d1%84%d0%bb%d0%b8%d1%81%d0%be%d0%b2%d0%b0%d1%8f-%d0%ba%d1%83%d1%80%d1%82%d0%ba%d0%b0-%d0%b2%d1%8b%d1%81%d0%be%d0%ba%d0%be%d0%b9-%d0%b2%d0%b8%d0%b4%d0%b8%d0%bc%d0%be%d1%81%d1%82%d0%b8\/#primaryimage","url":"https:\/\/stafit.ee\/wp-content\/uploads\/2021\/03\/711Z_415_A2_T01_SIL.jpg","contentUrl":"https:\/\/stafit.ee\/wp-content\/uploads\/2021\/03\/711Z_415_A2_T01_SIL.jpg","width":2000,"height":2000},{"@type":"BreadcrumbList","@id":"https:\/\/stafit.ee\/ru\/tovar\/sioen-senic-%d1%84%d0%bb%d0%b8%d1%81%d0%be%d0%b2%d0%b0%d1%8f-%d0%ba%d1%83%d1%80%d1%82%d0%ba%d0%b0-%d0%b2%d1%8b%d1%81%d0%be%d0%ba%d0%be%d0%b9-%d0%b2%d0%b8%d0%b4%d0%b8%d0%bc%d0%be%d1%81%d1%82%d0%b8\/#breadcrumb","itemListElement":[{"@type":"ListItem","position":1,"name":"Home","item":"https:\/\/stafit.ee\/ru\/"},{"@type":"ListItem","position":2,"name":"\u041c\u0430\u0433\u0430\u0437\u0438\u043d","item":"https:\/\/stafit.ee\/ru\/pood\/"},{"@type":"ListItem","position":3,"name":"Sioen SENIC \u0444\u043b\u0438\u0441\u043e\u0432\u0430\u044f \u043a\u0443\u0440\u0442\u043a\u0430 \u0432\u044b\u0441\u043e\u043a\u043e\u0439 \u0432\u0438\u0434\u0438\u043c\u043e\u0441\u0442\u0438 \u0436\u0435\u043b\u0442\u043e-\u0441\u0438\u043d\u044f\u044f"}]},{"@type":"WebSite","@id":"https:\/\/stafit.ee\/#website","url":"https:\/\/stafit.ee\/","name":"Stafit O\u00dc","description":"T\u00f6\u00f6riete ja ohutusvahendite jae ja hulgim\u00fc\u00fck","potentialAction":[{"@type":"SearchAction","target":{"@type":"EntryPoint","urlTemplate":"https:\/\/stafit.ee\/?s={search_term_string}"},"query-input":{"@type":"PropertyValueSpecification","valueRequired":true,"valueName":"search_term_string"}}],"inLanguage":"ru-RU"}]}},"brands":[{"id":330,"name":"Sioen","slug":"sioen"}],"_links":{"self":[{"href":"https:\/\/stafit.ee\/ru\/wp-json\/wp\/v2\/product\/18848","targetHints":{"allow":["GET"]}}],"collection":[{"href":"https:\/\/stafit.ee\/ru\/wp-json\/wp\/v2\/product"}],"about":[{"href":"https:\/\/stafit.ee\/ru\/wp-json\/wp\/v2\/types\/product"}],"wp:featuredmedia":[{"embeddable":true,"href":"https:\/\/stafit.ee\/ru\/wp-json\/wp\/v2\/media\/18838"}],"wp:attachment":[{"href":"https:\/\/stafit.ee\/ru\/wp-json\/wp\/v2\/media?parent=18848"}],"wp:term":[{"taxonomy":"pwb-brand","embeddable":true,"href":"https:\/\/stafit.ee\/ru\/wp-json\/wp\/v2\/pwb-brand?post=18848"},{"taxonomy":"product_brand","embeddable":true,"href":"https:\/\/stafit.ee\/ru\/wp-json\/wp\/v2\/product_brand?post=18848"},{"taxonomy":"product_cat","embeddable":true,"href":"https:\/\/stafit.ee\/ru\/wp-json\/wp\/v2\/product_cat?post=18848"},{"taxonomy":"product_tag","embeddable":true,"href":"https:\/\/stafit.ee\/ru\/wp-json\/wp\/v2\/product_tag?post=18848"}],"curies":[{"name":"wp","href":"https:\/\/api.w.org\/{rel}","templated":true}]}}