{"id":16789,"date":"2021-02-10T08:00:55","date_gmt":"2021-02-10T06:00:55","guid":{"rendered":"https:\/\/stafit.ee\/toode\/%d1%80%d0%b0%d0%b1%d0%be%d1%87%d0%b8%d0%b5-%d0%bf%d0%b5%d1%80%d1%87%d0%b0%d1%82%d0%ba%d0%b8-%d1%81-%d0%bf%d0%be%d0%ba%d1%80%d1%8b%d1%82%d0%b8%d0%b5%d0%bc-%d0%b8%d0%b7-%d0%bb%d0%b0%d1%82%d0%b5%d0%ba\/"},"modified":"2026-04-08T18:22:34","modified_gmt":"2026-04-08T15:22:34","slug":"%d1%80%d0%b0%d0%b1%d0%be%d1%87%d0%b8%d0%b5-%d0%bf%d0%b5%d1%80%d1%87%d0%b0%d1%82%d0%ba%d0%b8-%d1%81-%d0%bf%d0%be%d0%ba%d1%80%d1%8b%d1%82%d0%b8%d0%b5%d0%bc-%d0%b8%d0%b7-%d0%bb%d0%b0%d1%82%d0%b5%d0%ba","status":"publish","type":"product","link":"https:\/\/stafit.ee\/ru\/tovar\/%d1%80%d0%b0%d0%b1%d0%be%d1%87%d0%b8%d0%b5-%d0%bf%d0%b5%d1%80%d1%87%d0%b0%d1%82%d0%ba%d0%b8-%d1%81-%d0%bf%d0%be%d0%ba%d1%80%d1%8b%d1%82%d0%b8%d0%b5%d0%bc-%d0%b8%d0%b7-%d0%bb%d0%b0%d1%82%d0%b5%d0%ba\/","title":{"rendered":"\u0420\u0430\u0431\u043e\u0447\u0438\u0435 \u043f\u0435\u0440\u0447\u0430\u0442\u043a\u0438 \u0441 \u043f\u043e\u043a\u0440\u044b\u0442\u0438\u0435\u043c \u0438\u0437 \u043b\u0430\u0442\u0435\u043a\u0441\u043d\u043e\u0439 \u043f\u0435\u043d\u044b 0246"},"content":{"rendered":"<ul>\n<li>\u0421\u043e\u043e\u0442\u0432\u0435\u0442\u0441\u0442\u0432\u0443\u044e\u0442 \u0441\u0442\u0430\u043d\u0434\u0430\u0440\u0442\u0443 EN 388, EN 511<\/li>\n<li>\u041c\u0430\u0442\u0435\u0440\u0438\u0430\u043b: 100% \u043f\u043e\u043b\u0438\u0430\u043a\u0440\u0438\u043b, \u043d\u0435\u043e\u043d\u043e\u0432\u043e-\u0436\u0435\u043b\u0442\u044b\u0439<\/li>\n<li>\u041f\u043e\u043a\u0440\u044b\u0442\u0438\u0435: \u043b\u0430\u0442\u0435\u043a\u0441\u043d\u0430\u044f \u043f\u0435\u043d\u0430, \u0447\u0435\u0440\u043d\u0430\u044f<\/li>\n<li>\u0411\u0435\u0441\u0448\u043e\u0432\u043d\u044b\u0435 \u0432\u044f\u0437\u0430\u043d\u044b\u0435 \u0440\u0430\u0431\u043e\u0447\u0438\u0435 \u043f\u0435\u0440\u0447\u0430\u0442\u043a\u0438<\/li>\n<li>\u043d\u0430 \u0442\u0435\u0440\u043c\u043e\u043f\u043e\u0434\u043a\u043b\u0430\u0434\u043a\u0435<\/li>\n<li>\u0437\u0430\u0449\u0438\u0449\u0430\u044e\u0442 \u043e\u0442 \u0445\u043e\u043b\u043e\u0434\u0430 (\u043c\u0430\u043a\u0441. \u0434\u043e -30\u00b0C)<\/li>\n<li>\u043e\u0431\u0435\u0441\u043f\u0435\u0447\u0438\u0432\u0430\u044e\u0442 \u0445\u043e\u0440\u043e\u0448\u0435\u0435 \u0441\u0446\u0435\u043f\u043b\u0435\u043d\u0438\u0435<\/li>\n<li>\u0426\u0435\u043d\u0430 \u0437\u0430 1 \u043f\u0430\u0440\u0443<br \/>\n<span style=\"color: #ff0000;\">12 \u043f\u0430\u0440 \u0432 \u0443\u043f\u0430\u043a\u043e\u0432\u043a\u0435<\/span><\/li>\n<\/ul>\n","protected":false},"excerpt":{"rendered":"<p>\u0421\u043e\u043e\u0442\u0432\u0435\u0442\u0441\u0442\u0432\u0443\u044e\u0442 \u0441\u0442\u0430\u043d\u0434\u0430\u0440\u0442\u0443 EN 388, EN 511 \u041c\u0430\u0442\u0435\u0440\u0438\u0430\u043b: 100% \u043f\u043e\u043b\u0438\u0430\u043a\u0440\u0438\u043b, \u043d\u0435\u043e\u043d\u043e\u0432\u043e-\u0436\u0435\u043b\u0442\u044b\u0439 \u041f\u043e\u043a\u0440\u044b\u0442\u0438\u0435: \u043b\u0430\u0442\u0435\u043a\u0441\u043d\u0430\u044f \u043f\u0435\u043d\u0430, \u0447\u0435\u0440\u043d\u0430\u044f \u0411\u0435\u0441\u0448\u043e\u0432\u043d\u044b\u0435 \u0432\u044f\u0437\u0430\u043d\u044b\u0435 \u0440\u0430\u0431\u043e\u0447\u0438\u0435 \u043f\u0435\u0440\u0447\u0430\u0442\u043a\u0438 \u043d\u0430 \u0442\u0435\u0440\u043c\u043e\u043f\u043e\u0434\u043a\u043b\u0430\u0434\u043a\u0435 \u0437\u0430\u0449\u0438\u0449\u0430\u044e\u0442 \u043e\u0442 \u0445\u043e\u043b\u043e\u0434\u0430 (\u043c\u0430\u043a\u0441. \u0434\u043e -30\u00b0C) \u043e\u0431\u0435\u0441\u043f\u0435\u0447\u0438\u0432\u0430\u044e\u0442 \u0445\u043e\u0440\u043e\u0448\u0435\u0435 \u0441\u0446\u0435\u043f\u043b\u0435\u043d\u0438\u0435 \u0426\u0435\u043d\u0430 \u0437\u0430 1 \u043f\u0430\u0440\u0443 12 \u043f\u0430\u0440 \u0432 \u0443\u043f\u0430\u043a\u043e\u0432\u043a\u0435<\/p>\n","protected":false},"featured_media":16780,"template":"","meta":[],"pwb-brand":[],"product_brand":[],"product_cat":[954],"product_tag":[],"class_list":{"0":"post-16789","1":"product","2":"type-product","3":"status-publish","4":"has-post-thumbnail","6":"product_cat-954","8":"first","9":"instock","10":"taxable","11":"shipping-taxable","12":"purchasable","13":"product-type-variable"},"yoast_head":"<!-- This site is optimized with the Yoast SEO plugin v27.0 - https:\/\/yoast.com\/product\/yoast-seo-wordpress\/ -->\n<title>\u0420\u0430\u0431\u043e\u0447\u0438\u0435 \u043f\u0435\u0440\u0447\u0430\u0442\u043a\u0438 \u0441 \u043f\u043e\u043a\u0440\u044b\u0442\u0438\u0435\u043c \u0438\u0437 \u043b\u0430\u0442\u0435\u043a\u0441\u043d\u043e\u0439 \u043f\u0435\u043d\u044b 0246 - Stafit O\u00dc<\/title>\n<meta name=\"robots\" content=\"index, follow, max-snippet:-1, max-image-preview:large, max-video-preview:-1\" \/>\n<link rel=\"canonical\" href=\"https:\/\/stafit.ee\/ru\/tovar\/\u0440\u0430\u0431\u043e\u0447\u0438\u0435-\u043f\u0435\u0440\u0447\u0430\u0442\u043a\u0438-\u0441-\u043f\u043e\u043a\u0440\u044b\u0442\u0438\u0435\u043c-\u0438\u0437-\u043b\u0430\u0442\u0435\u043a\/\" \/>\n<meta property=\"og:locale\" content=\"ru_RU\" \/>\n<meta property=\"og:type\" content=\"article\" \/>\n<meta property=\"og:title\" content=\"\u0420\u0430\u0431\u043e\u0447\u0438\u0435 \u043f\u0435\u0440\u0447\u0430\u0442\u043a\u0438 \u0441 \u043f\u043e\u043a\u0440\u044b\u0442\u0438\u0435\u043c \u0438\u0437 \u043b\u0430\u0442\u0435\u043a\u0441\u043d\u043e\u0439 \u043f\u0435\u043d\u044b 0246 - Stafit O\u00dc\" \/>\n<meta property=\"og:description\" content=\"\u0421\u043e\u043e\u0442\u0432\u0435\u0442\u0441\u0442\u0432\u0443\u044e\u0442 \u0441\u0442\u0430\u043d\u0434\u0430\u0440\u0442\u0443 EN 388, EN 511 \u041c\u0430\u0442\u0435\u0440\u0438\u0430\u043b: 100% \u043f\u043e\u043b\u0438\u0430\u043a\u0440\u0438\u043b, \u043d\u0435\u043e\u043d\u043e\u0432\u043e-\u0436\u0435\u043b\u0442\u044b\u0439 \u041f\u043e\u043a\u0440\u044b\u0442\u0438\u0435: \u043b\u0430\u0442\u0435\u043a\u0441\u043d\u0430\u044f \u043f\u0435\u043d\u0430, \u0447\u0435\u0440\u043d\u0430\u044f \u0411\u0435\u0441\u0448\u043e\u0432\u043d\u044b\u0435 \u0432\u044f\u0437\u0430\u043d\u044b\u0435 \u0440\u0430\u0431\u043e\u0447\u0438\u0435 \u043f\u0435\u0440\u0447\u0430\u0442\u043a\u0438 \u043d\u0430 \u0442\u0435\u0440\u043c\u043e\u043f\u043e\u0434\u043a\u043b\u0430\u0434\u043a\u0435 \u0437\u0430\u0449\u0438\u0449\u0430\u044e\u0442 \u043e\u0442 \u0445\u043e\u043b\u043e\u0434\u0430 (\u043c\u0430\u043a\u0441. \u0434\u043e -30\u00b0C) \u043e\u0431\u0435\u0441\u043f\u0435\u0447\u0438\u0432\u0430\u044e\u0442 \u0445\u043e\u0440\u043e\u0448\u0435\u0435 \u0441\u0446\u0435\u043f\u043b\u0435\u043d\u0438\u0435 \u0426\u0435\u043d\u0430 \u0437\u0430 1 \u043f\u0430\u0440\u0443 12 \u043f\u0430\u0440 \u0432 \u0443\u043f\u0430\u043a\u043e\u0432\u043a\u0435\" \/>\n<meta property=\"og:url\" content=\"https:\/\/stafit.ee\/ru\/tovar\/\u0440\u0430\u0431\u043e\u0447\u0438\u0435-\u043f\u0435\u0440\u0447\u0430\u0442\u043a\u0438-\u0441-\u043f\u043e\u043a\u0440\u044b\u0442\u0438\u0435\u043c-\u0438\u0437-\u043b\u0430\u0442\u0435\u043a\/\" \/>\n<meta property=\"og:site_name\" content=\"Stafit O\u00dc\" \/>\n<meta property=\"article:modified_time\" content=\"2026-04-08T15:22:34+00:00\" \/>\n<meta property=\"og:image\" content=\"https:\/\/stafit.ee\/wp-content\/uploads\/2021\/02\/0246.jpg\" \/>\n\t<meta property=\"og:image:width\" content=\"2500\" \/>\n\t<meta property=\"og:image:height\" content=\"2500\" \/>\n\t<meta property=\"og:image:type\" content=\"image\/jpeg\" \/>\n<meta name=\"twitter:card\" content=\"summary_large_image\" \/>\n<script type=\"application\/ld+json\" class=\"yoast-schema-graph\">{\"@context\":\"https:\/\/schema.org\",\"@graph\":[{\"@type\":\"WebPage\",\"@id\":\"https:\/\/stafit.ee\/ru\/tovar\/%d1%80%d0%b0%d0%b1%d0%be%d1%87%d0%b8%d0%b5-%d0%bf%d0%b5%d1%80%d1%87%d0%b0%d1%82%d0%ba%d0%b8-%d1%81-%d0%bf%d0%be%d0%ba%d1%80%d1%8b%d1%82%d0%b8%d0%b5%d0%bc-%d0%b8%d0%b7-%d0%bb%d0%b0%d1%82%d0%b5%d0%ba\/\",\"url\":\"https:\/\/stafit.ee\/ru\/tovar\/%d1%80%d0%b0%d0%b1%d0%be%d1%87%d0%b8%d0%b5-%d0%bf%d0%b5%d1%80%d1%87%d0%b0%d1%82%d0%ba%d0%b8-%d1%81-%d0%bf%d0%be%d0%ba%d1%80%d1%8b%d1%82%d0%b8%d0%b5%d0%bc-%d0%b8%d0%b7-%d0%bb%d0%b0%d1%82%d0%b5%d0%ba\/\",\"name\":\"\u0420\u0430\u0431\u043e\u0447\u0438\u0435 \u043f\u0435\u0440\u0447\u0430\u0442\u043a\u0438 \u0441 \u043f\u043e\u043a\u0440\u044b\u0442\u0438\u0435\u043c \u0438\u0437 \u043b\u0430\u0442\u0435\u043a\u0441\u043d\u043e\u0439 \u043f\u0435\u043d\u044b 0246 - Stafit O\u00dc\",\"isPartOf\":{\"@id\":\"https:\/\/stafit.ee\/#website\"},\"primaryImageOfPage\":{\"@id\":\"https:\/\/stafit.ee\/ru\/tovar\/%d1%80%d0%b0%d0%b1%d0%be%d1%87%d0%b8%d0%b5-%d0%bf%d0%b5%d1%80%d1%87%d0%b0%d1%82%d0%ba%d0%b8-%d1%81-%d0%bf%d0%be%d0%ba%d1%80%d1%8b%d1%82%d0%b8%d0%b5%d0%bc-%d0%b8%d0%b7-%d0%bb%d0%b0%d1%82%d0%b5%d0%ba\/#primaryimage\"},\"image\":{\"@id\":\"https:\/\/stafit.ee\/ru\/tovar\/%d1%80%d0%b0%d0%b1%d0%be%d1%87%d0%b8%d0%b5-%d0%bf%d0%b5%d1%80%d1%87%d0%b0%d1%82%d0%ba%d0%b8-%d1%81-%d0%bf%d0%be%d0%ba%d1%80%d1%8b%d1%82%d0%b8%d0%b5%d0%bc-%d0%b8%d0%b7-%d0%bb%d0%b0%d1%82%d0%b5%d0%ba\/#primaryimage\"},\"thumbnailUrl\":\"https:\/\/stafit.ee\/wp-content\/uploads\/2021\/02\/0246.jpg\",\"datePublished\":\"2021-02-10T06:00:55+00:00\",\"dateModified\":\"2026-04-08T15:22:34+00:00\",\"breadcrumb\":{\"@id\":\"https:\/\/stafit.ee\/ru\/tovar\/%d1%80%d0%b0%d0%b1%d0%be%d1%87%d0%b8%d0%b5-%d0%bf%d0%b5%d1%80%d1%87%d0%b0%d1%82%d0%ba%d0%b8-%d1%81-%d0%bf%d0%be%d0%ba%d1%80%d1%8b%d1%82%d0%b8%d0%b5%d0%bc-%d0%b8%d0%b7-%d0%bb%d0%b0%d1%82%d0%b5%d0%ba\/#breadcrumb\"},\"inLanguage\":\"ru-RU\",\"potentialAction\":[{\"@type\":\"ReadAction\",\"target\":[\"https:\/\/stafit.ee\/ru\/tovar\/%d1%80%d0%b0%d0%b1%d0%be%d1%87%d0%b8%d0%b5-%d0%bf%d0%b5%d1%80%d1%87%d0%b0%d1%82%d0%ba%d0%b8-%d1%81-%d0%bf%d0%be%d0%ba%d1%80%d1%8b%d1%82%d0%b8%d0%b5%d0%bc-%d0%b8%d0%b7-%d0%bb%d0%b0%d1%82%d0%b5%d0%ba\/\"]}]},{\"@type\":\"ImageObject\",\"inLanguage\":\"ru-RU\",\"@id\":\"https:\/\/stafit.ee\/ru\/tovar\/%d1%80%d0%b0%d0%b1%d0%be%d1%87%d0%b8%d0%b5-%d0%bf%d0%b5%d1%80%d1%87%d0%b0%d1%82%d0%ba%d0%b8-%d1%81-%d0%bf%d0%be%d0%ba%d1%80%d1%8b%d1%82%d0%b8%d0%b5%d0%bc-%d0%b8%d0%b7-%d0%bb%d0%b0%d1%82%d0%b5%d0%ba\/#primaryimage\",\"url\":\"https:\/\/stafit.ee\/wp-content\/uploads\/2021\/02\/0246.jpg\",\"contentUrl\":\"https:\/\/stafit.ee\/wp-content\/uploads\/2021\/02\/0246.jpg\",\"width\":2500,\"height\":2500},{\"@type\":\"BreadcrumbList\",\"@id\":\"https:\/\/stafit.ee\/ru\/tovar\/%d1%80%d0%b0%d0%b1%d0%be%d1%87%d0%b8%d0%b5-%d0%bf%d0%b5%d1%80%d1%87%d0%b0%d1%82%d0%ba%d0%b8-%d1%81-%d0%bf%d0%be%d0%ba%d1%80%d1%8b%d1%82%d0%b8%d0%b5%d0%bc-%d0%b8%d0%b7-%d0%bb%d0%b0%d1%82%d0%b5%d0%ba\/#breadcrumb\",\"itemListElement\":[{\"@type\":\"ListItem\",\"position\":1,\"name\":\"Home\",\"item\":\"https:\/\/stafit.ee\/ru\/\"},{\"@type\":\"ListItem\",\"position\":2,\"name\":\"\u041c\u0430\u0433\u0430\u0437\u0438\u043d\",\"item\":\"https:\/\/stafit.ee\/ru\/pood\/\"},{\"@type\":\"ListItem\",\"position\":3,\"name\":\"\u0420\u0430\u0431\u043e\u0447\u0438\u0435 \u043f\u0435\u0440\u0447\u0430\u0442\u043a\u0438 \u0441 \u043f\u043e\u043a\u0440\u044b\u0442\u0438\u0435\u043c \u0438\u0437 \u043b\u0430\u0442\u0435\u043a\u0441\u043d\u043e\u0439 \u043f\u0435\u043d\u044b 0246\"}]},{\"@type\":\"WebSite\",\"@id\":\"https:\/\/stafit.ee\/#website\",\"url\":\"https:\/\/stafit.ee\/\",\"name\":\"Stafit O\u00dc\",\"description\":\"T\u00f6\u00f6riete ja ohutusvahendite jae ja hulgim\u00fc\u00fck\",\"potentialAction\":[{\"@type\":\"SearchAction\",\"target\":{\"@type\":\"EntryPoint\",\"urlTemplate\":\"https:\/\/stafit.ee\/?s={search_term_string}\"},\"query-input\":{\"@type\":\"PropertyValueSpecification\",\"valueRequired\":true,\"valueName\":\"search_term_string\"}}],\"inLanguage\":\"ru-RU\"}]}<\/script>\n<!-- \/ Yoast SEO plugin. -->","yoast_head_json":{"title":"\u0420\u0430\u0431\u043e\u0447\u0438\u0435 \u043f\u0435\u0440\u0447\u0430\u0442\u043a\u0438 \u0441 \u043f\u043e\u043a\u0440\u044b\u0442\u0438\u0435\u043c \u0438\u0437 \u043b\u0430\u0442\u0435\u043a\u0441\u043d\u043e\u0439 \u043f\u0435\u043d\u044b 0246 - Stafit O\u00dc","robots":{"index":"index","follow":"follow","max-snippet":"max-snippet:-1","max-image-preview":"max-image-preview:large","max-video-preview":"max-video-preview:-1"},"canonical":"https:\/\/stafit.ee\/ru\/tovar\/\u0440\u0430\u0431\u043e\u0447\u0438\u0435-\u043f\u0435\u0440\u0447\u0430\u0442\u043a\u0438-\u0441-\u043f\u043e\u043a\u0440\u044b\u0442\u0438\u0435\u043c-\u0438\u0437-\u043b\u0430\u0442\u0435\u043a\/","og_locale":"ru_RU","og_type":"article","og_title":"\u0420\u0430\u0431\u043e\u0447\u0438\u0435 \u043f\u0435\u0440\u0447\u0430\u0442\u043a\u0438 \u0441 \u043f\u043e\u043a\u0440\u044b\u0442\u0438\u0435\u043c \u0438\u0437 \u043b\u0430\u0442\u0435\u043a\u0441\u043d\u043e\u0439 \u043f\u0435\u043d\u044b 0246 - Stafit O\u00dc","og_description":"\u0421\u043e\u043e\u0442\u0432\u0435\u0442\u0441\u0442\u0432\u0443\u044e\u0442 \u0441\u0442\u0430\u043d\u0434\u0430\u0440\u0442\u0443 EN 388, EN 511 \u041c\u0430\u0442\u0435\u0440\u0438\u0430\u043b: 100% \u043f\u043e\u043b\u0438\u0430\u043a\u0440\u0438\u043b, \u043d\u0435\u043e\u043d\u043e\u0432\u043e-\u0436\u0435\u043b\u0442\u044b\u0439 \u041f\u043e\u043a\u0440\u044b\u0442\u0438\u0435: \u043b\u0430\u0442\u0435\u043a\u0441\u043d\u0430\u044f \u043f\u0435\u043d\u0430, \u0447\u0435\u0440\u043d\u0430\u044f \u0411\u0435\u0441\u0448\u043e\u0432\u043d\u044b\u0435 \u0432\u044f\u0437\u0430\u043d\u044b\u0435 \u0440\u0430\u0431\u043e\u0447\u0438\u0435 \u043f\u0435\u0440\u0447\u0430\u0442\u043a\u0438 \u043d\u0430 \u0442\u0435\u0440\u043c\u043e\u043f\u043e\u0434\u043a\u043b\u0430\u0434\u043a\u0435 \u0437\u0430\u0449\u0438\u0449\u0430\u044e\u0442 \u043e\u0442 \u0445\u043e\u043b\u043e\u0434\u0430 (\u043c\u0430\u043a\u0441. \u0434\u043e -30\u00b0C) \u043e\u0431\u0435\u0441\u043f\u0435\u0447\u0438\u0432\u0430\u044e\u0442 \u0445\u043e\u0440\u043e\u0448\u0435\u0435 \u0441\u0446\u0435\u043f\u043b\u0435\u043d\u0438\u0435 \u0426\u0435\u043d\u0430 \u0437\u0430 1 \u043f\u0430\u0440\u0443 12 \u043f\u0430\u0440 \u0432 \u0443\u043f\u0430\u043a\u043e\u0432\u043a\u0435","og_url":"https:\/\/stafit.ee\/ru\/tovar\/\u0440\u0430\u0431\u043e\u0447\u0438\u0435-\u043f\u0435\u0440\u0447\u0430\u0442\u043a\u0438-\u0441-\u043f\u043e\u043a\u0440\u044b\u0442\u0438\u0435\u043c-\u0438\u0437-\u043b\u0430\u0442\u0435\u043a\/","og_site_name":"Stafit O\u00dc","article_modified_time":"2026-04-08T15:22:34+00:00","og_image":[{"width":2500,"height":2500,"url":"https:\/\/stafit.ee\/wp-content\/uploads\/2021\/02\/0246.jpg","type":"image\/jpeg"}],"twitter_card":"summary_large_image","schema":{"@context":"https:\/\/schema.org","@graph":[{"@type":"WebPage","@id":"https:\/\/stafit.ee\/ru\/tovar\/%d1%80%d0%b0%d0%b1%d0%be%d1%87%d0%b8%d0%b5-%d0%bf%d0%b5%d1%80%d1%87%d0%b0%d1%82%d0%ba%d0%b8-%d1%81-%d0%bf%d0%be%d0%ba%d1%80%d1%8b%d1%82%d0%b8%d0%b5%d0%bc-%d0%b8%d0%b7-%d0%bb%d0%b0%d1%82%d0%b5%d0%ba\/","url":"https:\/\/stafit.ee\/ru\/tovar\/%d1%80%d0%b0%d0%b1%d0%be%d1%87%d0%b8%d0%b5-%d0%bf%d0%b5%d1%80%d1%87%d0%b0%d1%82%d0%ba%d0%b8-%d1%81-%d0%bf%d0%be%d0%ba%d1%80%d1%8b%d1%82%d0%b8%d0%b5%d0%bc-%d0%b8%d0%b7-%d0%bb%d0%b0%d1%82%d0%b5%d0%ba\/","name":"\u0420\u0430\u0431\u043e\u0447\u0438\u0435 \u043f\u0435\u0440\u0447\u0430\u0442\u043a\u0438 \u0441 \u043f\u043e\u043a\u0440\u044b\u0442\u0438\u0435\u043c \u0438\u0437 \u043b\u0430\u0442\u0435\u043a\u0441\u043d\u043e\u0439 \u043f\u0435\u043d\u044b 0246 - Stafit O\u00dc","isPartOf":{"@id":"https:\/\/stafit.ee\/#website"},"primaryImageOfPage":{"@id":"https:\/\/stafit.ee\/ru\/tovar\/%d1%80%d0%b0%d0%b1%d0%be%d1%87%d0%b8%d0%b5-%d0%bf%d0%b5%d1%80%d1%87%d0%b0%d1%82%d0%ba%d0%b8-%d1%81-%d0%bf%d0%be%d0%ba%d1%80%d1%8b%d1%82%d0%b8%d0%b5%d0%bc-%d0%b8%d0%b7-%d0%bb%d0%b0%d1%82%d0%b5%d0%ba\/#primaryimage"},"image":{"@id":"https:\/\/stafit.ee\/ru\/tovar\/%d1%80%d0%b0%d0%b1%d0%be%d1%87%d0%b8%d0%b5-%d0%bf%d0%b5%d1%80%d1%87%d0%b0%d1%82%d0%ba%d0%b8-%d1%81-%d0%bf%d0%be%d0%ba%d1%80%d1%8b%d1%82%d0%b8%d0%b5%d0%bc-%d0%b8%d0%b7-%d0%bb%d0%b0%d1%82%d0%b5%d0%ba\/#primaryimage"},"thumbnailUrl":"https:\/\/stafit.ee\/wp-content\/uploads\/2021\/02\/0246.jpg","datePublished":"2021-02-10T06:00:55+00:00","dateModified":"2026-04-08T15:22:34+00:00","breadcrumb":{"@id":"https:\/\/stafit.ee\/ru\/tovar\/%d1%80%d0%b0%d0%b1%d0%be%d1%87%d0%b8%d0%b5-%d0%bf%d0%b5%d1%80%d1%87%d0%b0%d1%82%d0%ba%d0%b8-%d1%81-%d0%bf%d0%be%d0%ba%d1%80%d1%8b%d1%82%d0%b8%d0%b5%d0%bc-%d0%b8%d0%b7-%d0%bb%d0%b0%d1%82%d0%b5%d0%ba\/#breadcrumb"},"inLanguage":"ru-RU","potentialAction":[{"@type":"ReadAction","target":["https:\/\/stafit.ee\/ru\/tovar\/%d1%80%d0%b0%d0%b1%d0%be%d1%87%d0%b8%d0%b5-%d0%bf%d0%b5%d1%80%d1%87%d0%b0%d1%82%d0%ba%d0%b8-%d1%81-%d0%bf%d0%be%d0%ba%d1%80%d1%8b%d1%82%d0%b8%d0%b5%d0%bc-%d0%b8%d0%b7-%d0%bb%d0%b0%d1%82%d0%b5%d0%ba\/"]}]},{"@type":"ImageObject","inLanguage":"ru-RU","@id":"https:\/\/stafit.ee\/ru\/tovar\/%d1%80%d0%b0%d0%b1%d0%be%d1%87%d0%b8%d0%b5-%d0%bf%d0%b5%d1%80%d1%87%d0%b0%d1%82%d0%ba%d0%b8-%d1%81-%d0%bf%d0%be%d0%ba%d1%80%d1%8b%d1%82%d0%b8%d0%b5%d0%bc-%d0%b8%d0%b7-%d0%bb%d0%b0%d1%82%d0%b5%d0%ba\/#primaryimage","url":"https:\/\/stafit.ee\/wp-content\/uploads\/2021\/02\/0246.jpg","contentUrl":"https:\/\/stafit.ee\/wp-content\/uploads\/2021\/02\/0246.jpg","width":2500,"height":2500},{"@type":"BreadcrumbList","@id":"https:\/\/stafit.ee\/ru\/tovar\/%d1%80%d0%b0%d0%b1%d0%be%d1%87%d0%b8%d0%b5-%d0%bf%d0%b5%d1%80%d1%87%d0%b0%d1%82%d0%ba%d0%b8-%d1%81-%d0%bf%d0%be%d0%ba%d1%80%d1%8b%d1%82%d0%b8%d0%b5%d0%bc-%d0%b8%d0%b7-%d0%bb%d0%b0%d1%82%d0%b5%d0%ba\/#breadcrumb","itemListElement":[{"@type":"ListItem","position":1,"name":"Home","item":"https:\/\/stafit.ee\/ru\/"},{"@type":"ListItem","position":2,"name":"\u041c\u0430\u0433\u0430\u0437\u0438\u043d","item":"https:\/\/stafit.ee\/ru\/pood\/"},{"@type":"ListItem","position":3,"name":"\u0420\u0430\u0431\u043e\u0447\u0438\u0435 \u043f\u0435\u0440\u0447\u0430\u0442\u043a\u0438 \u0441 \u043f\u043e\u043a\u0440\u044b\u0442\u0438\u0435\u043c \u0438\u0437 \u043b\u0430\u0442\u0435\u043a\u0441\u043d\u043e\u0439 \u043f\u0435\u043d\u044b 0246"}]},{"@type":"WebSite","@id":"https:\/\/stafit.ee\/#website","url":"https:\/\/stafit.ee\/","name":"Stafit O\u00dc","description":"T\u00f6\u00f6riete ja ohutusvahendite jae ja hulgim\u00fc\u00fck","potentialAction":[{"@type":"SearchAction","target":{"@type":"EntryPoint","urlTemplate":"https:\/\/stafit.ee\/?s={search_term_string}"},"query-input":{"@type":"PropertyValueSpecification","valueRequired":true,"valueName":"search_term_string"}}],"inLanguage":"ru-RU"}]}},"brands":[],"_links":{"self":[{"href":"https:\/\/stafit.ee\/ru\/wp-json\/wp\/v2\/product\/16789","targetHints":{"allow":["GET"]}}],"collection":[{"href":"https:\/\/stafit.ee\/ru\/wp-json\/wp\/v2\/product"}],"about":[{"href":"https:\/\/stafit.ee\/ru\/wp-json\/wp\/v2\/types\/product"}],"wp:featuredmedia":[{"embeddable":true,"href":"https:\/\/stafit.ee\/ru\/wp-json\/wp\/v2\/media\/16780"}],"wp:attachment":[{"href":"https:\/\/stafit.ee\/ru\/wp-json\/wp\/v2\/media?parent=16789"}],"wp:term":[{"taxonomy":"pwb-brand","embeddable":true,"href":"https:\/\/stafit.ee\/ru\/wp-json\/wp\/v2\/pwb-brand?post=16789"},{"taxonomy":"product_brand","embeddable":true,"href":"https:\/\/stafit.ee\/ru\/wp-json\/wp\/v2\/product_brand?post=16789"},{"taxonomy":"product_cat","embeddable":true,"href":"https:\/\/stafit.ee\/ru\/wp-json\/wp\/v2\/product_cat?post=16789"},{"taxonomy":"product_tag","embeddable":true,"href":"https:\/\/stafit.ee\/ru\/wp-json\/wp\/v2\/product_tag?post=16789"}],"curies":[{"name":"wp","href":"https:\/\/api.w.org\/{rel}","templated":true}]}}