{"id":15369,"date":"2021-02-02T08:00:50","date_gmt":"2021-02-02T06:00:50","guid":{"rendered":"https:\/\/stafit.ee\/toode\/%d1%88%d0%be%d1%80%d1%82%d1%8b-4tech-%d1%81%d0%b5%d1%80%d1%8b%d0%b5\/"},"modified":"2026-04-08T18:22:56","modified_gmt":"2026-04-08T15:22:56","slug":"%d1%88%d0%be%d1%80%d1%82%d1%8b-4tech-%d1%81%d0%b5%d1%80%d1%8b%d0%b5","status":"publish","type":"product","link":"https:\/\/stafit.ee\/ru\/tovar\/%d1%88%d0%be%d1%80%d1%82%d1%8b-4tech-%d1%81%d0%b5%d1%80%d1%8b%d0%b5\/","title":{"rendered":"\u0428\u043e\u0440\u0442\u044b 4TECH \u0441\u0435\u0440\u044b\u0435"},"content":{"rendered":"<ul>\n<li>65% \u043f\u043e\u043b\u0438\u044d\u0441\u0442\u0435\u0440, 35% \u0445\u043b\u043e\u043f\u043e\u043a, 240 \u0433\/\u043c\u00b2<br \/>\n\u043a\u0430\u0447\u0435\u0441\u0442\u0432\u0435\u043d\u043d\u044b\u0439 \u0441\u043c\u0435\u0448\u0430\u043d\u043d\u044b\u0439 \u043c\u0430\u0442\u0435\u0440\u0438\u0430\u043b<\/li>\n<li>\u0441\u043f\u043e\u0440\u0442\u0438\u0432\u043d\u044b\u0435 \u0448\u043e\u0440\u0442\u044b<\/li>\n<li>\u043c\u043d\u043e\u0433\u043e\u0444\u0443\u043d\u043a\u0446\u0438\u043e\u043d\u0430\u043b\u044c\u043d\u044b\u0439 \u043a\u0430\u0440\u043c\u0430\u043d \u0434\u043b\u044f \u0438\u043d\u0441\u0442\u0440\u0443\u043c\u0435\u043d\u0442\u043e\u0432<\/li>\n<li>\u0431\u043e\u043a\u043e\u0432\u044b\u0435 \u043a\u0430\u0440\u043c\u0430\u043d\u044b<\/li>\n<li>\u0437\u0430\u0434\u043d\u0438\u0435 \u043a\u0430\u0440\u043c\u0430\u043d\u044b (1 \u043e\u0442\u043a\u0440\u044b\u0442\u044b\u0439 \u0438 1 \u0441 \u043a\u043b\u0430\u043f\u0430\u043d\u043e\u043c \u0438 \u0437\u0430\u0441\u0442\u0435\u0436\u043a\u043e\u0439 \u043d\u0430 \u043b\u0438\u043f\u0443\u0447\u043a\u0435)<\/li>\n<li>\u0431\u0435\u0437 \u0440\u0435\u043c\u043d\u044f<\/li>\n<\/ul>\n","protected":false},"excerpt":{"rendered":"<p>65% \u043f\u043e\u043b\u0438\u044d\u0441\u0442\u0435\u0440, 35% \u0445\u043b\u043e\u043f\u043e\u043a, 240 \u0433\/\u043c\u00b2 \u043a\u0430\u0447\u0435\u0441\u0442\u0432\u0435\u043d\u043d\u044b\u0439 \u0441\u043c\u0435\u0448\u0430\u043d\u043d\u044b\u0439 \u043c\u0430\u0442\u0435\u0440\u0438\u0430\u043b \u0441\u043f\u043e\u0440\u0442\u0438\u0432\u043d\u044b\u0435 \u0448\u043e\u0440\u0442\u044b \u043c\u043d\u043e\u0433\u043e\u0444\u0443\u043d\u043a\u0446\u0438\u043e\u043d\u0430\u043b\u044c\u043d\u044b\u0439 \u043a\u0430\u0440\u043c\u0430\u043d \u0434\u043b\u044f \u0438\u043d\u0441\u0442\u0440\u0443\u043c\u0435\u043d\u0442\u043e\u0432 \u0431\u043e\u043a\u043e\u0432\u044b\u0435 \u043a\u0430\u0440\u043c\u0430\u043d\u044b \u0437\u0430\u0434\u043d\u0438\u0435 \u043a\u0430\u0440\u043c\u0430\u043d\u044b (1 \u043e\u0442\u043a\u0440\u044b\u0442\u044b\u0439 \u0438 1 \u0441 \u043a\u043b\u0430\u043f\u0430\u043d\u043e\u043c \u0438 \u0437\u0430\u0441\u0442\u0435\u0436\u043a\u043e\u0439 \u043d\u0430 \u043b\u0438\u043f\u0443\u0447\u043a\u0435) \u0431\u0435\u0437 \u0440\u0435\u043c\u043d\u044f<\/p>\n","protected":false},"featured_media":15355,"template":"","meta":[],"pwb-brand":[322],"product_brand":[],"product_cat":[535],"product_tag":[],"class_list":{"0":"post-15369","1":"product","2":"type-product","3":"status-publish","4":"has-post-thumbnail","6":"pwb-brand-ardon","7":"product_cat--ru","9":"first","10":"instock","11":"taxable","12":"shipping-taxable","13":"purchasable","14":"product-type-variable"},"yoast_head":"<!-- This site is optimized with the Yoast SEO plugin v27.0 - https:\/\/yoast.com\/product\/yoast-seo-wordpress\/ -->\n<title>\u0428\u043e\u0440\u0442\u044b 4TECH \u0441\u0435\u0440\u044b\u0435 - Stafit O\u00dc<\/title>\n<meta name=\"robots\" content=\"index, follow, max-snippet:-1, max-image-preview:large, max-video-preview:-1\" \/>\n<link rel=\"canonical\" href=\"https:\/\/stafit.ee\/ru\/tovar\/\u0448\u043e\u0440\u0442\u044b-4tech-\u0441\u0435\u0440\u044b\u0435\/\" \/>\n<meta property=\"og:locale\" content=\"ru_RU\" \/>\n<meta property=\"og:type\" content=\"article\" \/>\n<meta property=\"og:title\" content=\"\u0428\u043e\u0440\u0442\u044b 4TECH \u0441\u0435\u0440\u044b\u0435 - Stafit O\u00dc\" \/>\n<meta property=\"og:description\" content=\"65% \u043f\u043e\u043b\u0438\u044d\u0441\u0442\u0435\u0440, 35% \u0445\u043b\u043e\u043f\u043e\u043a, 240 \u0433\/\u043c\u00b2 \u043a\u0430\u0447\u0435\u0441\u0442\u0432\u0435\u043d\u043d\u044b\u0439 \u0441\u043c\u0435\u0448\u0430\u043d\u043d\u044b\u0439 \u043c\u0430\u0442\u0435\u0440\u0438\u0430\u043b \u0441\u043f\u043e\u0440\u0442\u0438\u0432\u043d\u044b\u0435 \u0448\u043e\u0440\u0442\u044b \u043c\u043d\u043e\u0433\u043e\u0444\u0443\u043d\u043a\u0446\u0438\u043e\u043d\u0430\u043b\u044c\u043d\u044b\u0439 \u043a\u0430\u0440\u043c\u0430\u043d \u0434\u043b\u044f \u0438\u043d\u0441\u0442\u0440\u0443\u043c\u0435\u043d\u0442\u043e\u0432 \u0431\u043e\u043a\u043e\u0432\u044b\u0435 \u043a\u0430\u0440\u043c\u0430\u043d\u044b \u0437\u0430\u0434\u043d\u0438\u0435 \u043a\u0430\u0440\u043c\u0430\u043d\u044b (1 \u043e\u0442\u043a\u0440\u044b\u0442\u044b\u0439 \u0438 1 \u0441 \u043a\u043b\u0430\u043f\u0430\u043d\u043e\u043c \u0438 \u0437\u0430\u0441\u0442\u0435\u0436\u043a\u043e\u0439 \u043d\u0430 \u043b\u0438\u043f\u0443\u0447\u043a\u0435) \u0431\u0435\u0437 \u0440\u0435\u043c\u043d\u044f\" \/>\n<meta property=\"og:url\" content=\"https:\/\/stafit.ee\/ru\/tovar\/\u0448\u043e\u0440\u0442\u044b-4tech-\u0441\u0435\u0440\u044b\u0435\/\" \/>\n<meta property=\"og:site_name\" content=\"Stafit O\u00dc\" \/>\n<meta property=\"article:modified_time\" content=\"2026-04-08T15:22:56+00:00\" \/>\n<meta name=\"twitter:card\" content=\"summary_large_image\" \/>\n<script type=\"application\/ld+json\" class=\"yoast-schema-graph\">{\"@context\":\"https:\/\/schema.org\",\"@graph\":[{\"@type\":\"WebPage\",\"@id\":\"https:\/\/stafit.ee\/ru\/tovar\/%d1%88%d0%be%d1%80%d1%82%d1%8b-4tech-%d1%81%d0%b5%d1%80%d1%8b%d0%b5\/\",\"url\":\"https:\/\/stafit.ee\/ru\/tovar\/%d1%88%d0%be%d1%80%d1%82%d1%8b-4tech-%d1%81%d0%b5%d1%80%d1%8b%d0%b5\/\",\"name\":\"\u0428\u043e\u0440\u0442\u044b 4TECH \u0441\u0435\u0440\u044b\u0435 - Stafit O\u00dc\",\"isPartOf\":{\"@id\":\"https:\/\/stafit.ee\/#website\"},\"primaryImageOfPage\":{\"@id\":\"https:\/\/stafit.ee\/ru\/tovar\/%d1%88%d0%be%d1%80%d1%82%d1%8b-4tech-%d1%81%d0%b5%d1%80%d1%8b%d0%b5\/#primaryimage\"},\"image\":{\"@id\":\"https:\/\/stafit.ee\/ru\/tovar\/%d1%88%d0%be%d1%80%d1%82%d1%8b-4tech-%d1%81%d0%b5%d1%80%d1%8b%d0%b5\/#primaryimage\"},\"thumbnailUrl\":\"https:\/\/stafit.ee\/wp-content\/uploads\/2021\/02\/H9305_004-1.jpg\",\"datePublished\":\"2021-02-02T06:00:50+00:00\",\"dateModified\":\"2026-04-08T15:22:56+00:00\",\"breadcrumb\":{\"@id\":\"https:\/\/stafit.ee\/ru\/tovar\/%d1%88%d0%be%d1%80%d1%82%d1%8b-4tech-%d1%81%d0%b5%d1%80%d1%8b%d0%b5\/#breadcrumb\"},\"inLanguage\":\"ru-RU\",\"potentialAction\":[{\"@type\":\"ReadAction\",\"target\":[\"https:\/\/stafit.ee\/ru\/tovar\/%d1%88%d0%be%d1%80%d1%82%d1%8b-4tech-%d1%81%d0%b5%d1%80%d1%8b%d0%b5\/\"]}]},{\"@type\":\"ImageObject\",\"inLanguage\":\"ru-RU\",\"@id\":\"https:\/\/stafit.ee\/ru\/tovar\/%d1%88%d0%be%d1%80%d1%82%d1%8b-4tech-%d1%81%d0%b5%d1%80%d1%8b%d0%b5\/#primaryimage\",\"url\":\"https:\/\/stafit.ee\/wp-content\/uploads\/2021\/02\/H9305_004-1.jpg\",\"contentUrl\":\"https:\/\/stafit.ee\/wp-content\/uploads\/2021\/02\/H9305_004-1.jpg\",\"width\":2200,\"height\":2200},{\"@type\":\"BreadcrumbList\",\"@id\":\"https:\/\/stafit.ee\/ru\/tovar\/%d1%88%d0%be%d1%80%d1%82%d1%8b-4tech-%d1%81%d0%b5%d1%80%d1%8b%d0%b5\/#breadcrumb\",\"itemListElement\":[{\"@type\":\"ListItem\",\"position\":1,\"name\":\"Home\",\"item\":\"https:\/\/stafit.ee\/ru\/\"},{\"@type\":\"ListItem\",\"position\":2,\"name\":\"\u041c\u0430\u0433\u0430\u0437\u0438\u043d\",\"item\":\"https:\/\/stafit.ee\/ru\/pood\/\"},{\"@type\":\"ListItem\",\"position\":3,\"name\":\"\u0428\u043e\u0440\u0442\u044b 4TECH \u0441\u0435\u0440\u044b\u0435\"}]},{\"@type\":\"WebSite\",\"@id\":\"https:\/\/stafit.ee\/#website\",\"url\":\"https:\/\/stafit.ee\/\",\"name\":\"Stafit O\u00dc\",\"description\":\"T\u00f6\u00f6riete ja ohutusvahendite jae ja hulgim\u00fc\u00fck\",\"potentialAction\":[{\"@type\":\"SearchAction\",\"target\":{\"@type\":\"EntryPoint\",\"urlTemplate\":\"https:\/\/stafit.ee\/?s={search_term_string}\"},\"query-input\":{\"@type\":\"PropertyValueSpecification\",\"valueRequired\":true,\"valueName\":\"search_term_string\"}}],\"inLanguage\":\"ru-RU\"}]}<\/script>\n<!-- \/ Yoast SEO plugin. -->","yoast_head_json":{"title":"\u0428\u043e\u0440\u0442\u044b 4TECH \u0441\u0435\u0440\u044b\u0435 - Stafit O\u00dc","robots":{"index":"index","follow":"follow","max-snippet":"max-snippet:-1","max-image-preview":"max-image-preview:large","max-video-preview":"max-video-preview:-1"},"canonical":"https:\/\/stafit.ee\/ru\/tovar\/\u0448\u043e\u0440\u0442\u044b-4tech-\u0441\u0435\u0440\u044b\u0435\/","og_locale":"ru_RU","og_type":"article","og_title":"\u0428\u043e\u0440\u0442\u044b 4TECH \u0441\u0435\u0440\u044b\u0435 - Stafit O\u00dc","og_description":"65% \u043f\u043e\u043b\u0438\u044d\u0441\u0442\u0435\u0440, 35% \u0445\u043b\u043e\u043f\u043e\u043a, 240 \u0433\/\u043c\u00b2 \u043a\u0430\u0447\u0435\u0441\u0442\u0432\u0435\u043d\u043d\u044b\u0439 \u0441\u043c\u0435\u0448\u0430\u043d\u043d\u044b\u0439 \u043c\u0430\u0442\u0435\u0440\u0438\u0430\u043b \u0441\u043f\u043e\u0440\u0442\u0438\u0432\u043d\u044b\u0435 \u0448\u043e\u0440\u0442\u044b \u043c\u043d\u043e\u0433\u043e\u0444\u0443\u043d\u043a\u0446\u0438\u043e\u043d\u0430\u043b\u044c\u043d\u044b\u0439 \u043a\u0430\u0440\u043c\u0430\u043d \u0434\u043b\u044f \u0438\u043d\u0441\u0442\u0440\u0443\u043c\u0435\u043d\u0442\u043e\u0432 \u0431\u043e\u043a\u043e\u0432\u044b\u0435 \u043a\u0430\u0440\u043c\u0430\u043d\u044b \u0437\u0430\u0434\u043d\u0438\u0435 \u043a\u0430\u0440\u043c\u0430\u043d\u044b (1 \u043e\u0442\u043a\u0440\u044b\u0442\u044b\u0439 \u0438 1 \u0441 \u043a\u043b\u0430\u043f\u0430\u043d\u043e\u043c \u0438 \u0437\u0430\u0441\u0442\u0435\u0436\u043a\u043e\u0439 \u043d\u0430 \u043b\u0438\u043f\u0443\u0447\u043a\u0435) \u0431\u0435\u0437 \u0440\u0435\u043c\u043d\u044f","og_url":"https:\/\/stafit.ee\/ru\/tovar\/\u0448\u043e\u0440\u0442\u044b-4tech-\u0441\u0435\u0440\u044b\u0435\/","og_site_name":"Stafit O\u00dc","article_modified_time":"2026-04-08T15:22:56+00:00","twitter_card":"summary_large_image","schema":{"@context":"https:\/\/schema.org","@graph":[{"@type":"WebPage","@id":"https:\/\/stafit.ee\/ru\/tovar\/%d1%88%d0%be%d1%80%d1%82%d1%8b-4tech-%d1%81%d0%b5%d1%80%d1%8b%d0%b5\/","url":"https:\/\/stafit.ee\/ru\/tovar\/%d1%88%d0%be%d1%80%d1%82%d1%8b-4tech-%d1%81%d0%b5%d1%80%d1%8b%d0%b5\/","name":"\u0428\u043e\u0440\u0442\u044b 4TECH \u0441\u0435\u0440\u044b\u0435 - Stafit O\u00dc","isPartOf":{"@id":"https:\/\/stafit.ee\/#website"},"primaryImageOfPage":{"@id":"https:\/\/stafit.ee\/ru\/tovar\/%d1%88%d0%be%d1%80%d1%82%d1%8b-4tech-%d1%81%d0%b5%d1%80%d1%8b%d0%b5\/#primaryimage"},"image":{"@id":"https:\/\/stafit.ee\/ru\/tovar\/%d1%88%d0%be%d1%80%d1%82%d1%8b-4tech-%d1%81%d0%b5%d1%80%d1%8b%d0%b5\/#primaryimage"},"thumbnailUrl":"https:\/\/stafit.ee\/wp-content\/uploads\/2021\/02\/H9305_004-1.jpg","datePublished":"2021-02-02T06:00:50+00:00","dateModified":"2026-04-08T15:22:56+00:00","breadcrumb":{"@id":"https:\/\/stafit.ee\/ru\/tovar\/%d1%88%d0%be%d1%80%d1%82%d1%8b-4tech-%d1%81%d0%b5%d1%80%d1%8b%d0%b5\/#breadcrumb"},"inLanguage":"ru-RU","potentialAction":[{"@type":"ReadAction","target":["https:\/\/stafit.ee\/ru\/tovar\/%d1%88%d0%be%d1%80%d1%82%d1%8b-4tech-%d1%81%d0%b5%d1%80%d1%8b%d0%b5\/"]}]},{"@type":"ImageObject","inLanguage":"ru-RU","@id":"https:\/\/stafit.ee\/ru\/tovar\/%d1%88%d0%be%d1%80%d1%82%d1%8b-4tech-%d1%81%d0%b5%d1%80%d1%8b%d0%b5\/#primaryimage","url":"https:\/\/stafit.ee\/wp-content\/uploads\/2021\/02\/H9305_004-1.jpg","contentUrl":"https:\/\/stafit.ee\/wp-content\/uploads\/2021\/02\/H9305_004-1.jpg","width":2200,"height":2200},{"@type":"BreadcrumbList","@id":"https:\/\/stafit.ee\/ru\/tovar\/%d1%88%d0%be%d1%80%d1%82%d1%8b-4tech-%d1%81%d0%b5%d1%80%d1%8b%d0%b5\/#breadcrumb","itemListElement":[{"@type":"ListItem","position":1,"name":"Home","item":"https:\/\/stafit.ee\/ru\/"},{"@type":"ListItem","position":2,"name":"\u041c\u0430\u0433\u0430\u0437\u0438\u043d","item":"https:\/\/stafit.ee\/ru\/pood\/"},{"@type":"ListItem","position":3,"name":"\u0428\u043e\u0440\u0442\u044b 4TECH \u0441\u0435\u0440\u044b\u0435"}]},{"@type":"WebSite","@id":"https:\/\/stafit.ee\/#website","url":"https:\/\/stafit.ee\/","name":"Stafit O\u00dc","description":"T\u00f6\u00f6riete ja ohutusvahendite jae ja hulgim\u00fc\u00fck","potentialAction":[{"@type":"SearchAction","target":{"@type":"EntryPoint","urlTemplate":"https:\/\/stafit.ee\/?s={search_term_string}"},"query-input":{"@type":"PropertyValueSpecification","valueRequired":true,"valueName":"search_term_string"}}],"inLanguage":"ru-RU"}]}},"brands":[{"id":322,"name":"Ardon","slug":"ardon"}],"_links":{"self":[{"href":"https:\/\/stafit.ee\/ru\/wp-json\/wp\/v2\/product\/15369","targetHints":{"allow":["GET"]}}],"collection":[{"href":"https:\/\/stafit.ee\/ru\/wp-json\/wp\/v2\/product"}],"about":[{"href":"https:\/\/stafit.ee\/ru\/wp-json\/wp\/v2\/types\/product"}],"wp:featuredmedia":[{"embeddable":true,"href":"https:\/\/stafit.ee\/ru\/wp-json\/wp\/v2\/media\/15355"}],"wp:attachment":[{"href":"https:\/\/stafit.ee\/ru\/wp-json\/wp\/v2\/media?parent=15369"}],"wp:term":[{"taxonomy":"pwb-brand","embeddable":true,"href":"https:\/\/stafit.ee\/ru\/wp-json\/wp\/v2\/pwb-brand?post=15369"},{"taxonomy":"product_brand","embeddable":true,"href":"https:\/\/stafit.ee\/ru\/wp-json\/wp\/v2\/product_brand?post=15369"},{"taxonomy":"product_cat","embeddable":true,"href":"https:\/\/stafit.ee\/ru\/wp-json\/wp\/v2\/product_cat?post=15369"},{"taxonomy":"product_tag","embeddable":true,"href":"https:\/\/stafit.ee\/ru\/wp-json\/wp\/v2\/product_tag?post=15369"}],"curies":[{"name":"wp","href":"https:\/\/api.w.org\/{rel}","templated":true}]}}