{"id":14438,"date":"2021-01-27T08:00:55","date_gmt":"2021-01-27T06:00:55","guid":{"rendered":"https:\/\/stafit.ee\/toode\/%d0%b7%d0%b0%d1%89%d0%b8%d1%82%d0%bd%d1%8b%d0%b5-%d0%b1%d0%be%d1%82%d0%b8%d0%bd%d0%ba%d0%b8-lavoro-mlxxl-s3\/"},"modified":"2026-04-08T18:27:09","modified_gmt":"2026-04-08T15:27:09","slug":"%d0%b7%d0%b0%d1%89%d0%b8%d1%82%d0%bd%d1%8b%d0%b5-%d0%b1%d0%be%d1%82%d0%b8%d0%bd%d0%ba%d0%b8-lavoro-mlxxl-s3","status":"publish","type":"product","link":"https:\/\/stafit.ee\/ru\/tovar\/%d0%b7%d0%b0%d1%89%d0%b8%d1%82%d0%bd%d1%8b%d0%b5-%d0%b1%d0%be%d1%82%d0%b8%d0%bd%d0%ba%d0%b8-lavoro-mlxxl-s3\/","title":{"rendered":"\u0417\u0430\u0449\u0438\u0442\u043d\u044b\u0435 \u0431\u043e\u0442\u0438\u043d\u043a\u0438 Lavoro MLXXL S3"},"content":{"rendered":"<ul>\n<li>EN ISO 20345:2011 CE S3 SRA<\/li>\n<li>\u043a\u043e\u043c\u043f\u043e\u0437\u0438\u0442\u043d\u044b\u0439 \u0437\u0430\u0449\u0438\u0442\u043d\u044b\u0439 \u043f\u043e\u0434\u043d\u043e\u0441\u043e\u043a<\/li>\n<li>\u043a\u0435\u0432\u043b\u0430\u0440\u043e\u0432\u0430\u044f \u0430\u043d\u0442\u0438\u043f\u0440\u043e\u043a\u043e\u043b\u044c\u043d\u0430\u044f \u0441\u0442\u0435\u043b\u044c\u043a\u0430<\/li>\n<li>\u043f\u043e\u0434\u043e\u0448\u0432\u0430: \u041f\u0423<br \/>\n\u0430\u043d\u0442\u0438\u0441\u0442\u0430\u0442\u0438\u0447\u0435\u0441\u043a\u0430\u044f, \u043c\u0430\u0441\u043b\u043e- \u0438 \u0431\u0435\u043d\u0437\u043e\u0441\u0442\u043e\u0439\u043a\u0430\u044f, \u043d\u0435\u0441\u043a\u043e\u043b\u044c\u0437\u044f\u0449\u0430\u044f, \u0430\u043c\u043e\u0440\u0442\u0438\u0437\u0430\u0446\u0438\u044f \u0432 \u043e\u0431\u043b\u0430\u0441\u0442\u0438 \u043f\u044f\u0442\u043a\u0438<\/li>\n<li>\u0432\u0435\u0440\u0445: \u0432\u043e\u0434\u043e\u043e\u0442\u0442\u0430\u043b\u043a\u0438\u0432\u0430\u044e\u0449\u0430\u044f \u043a\u043e\u0436\u0430<\/li>\n<li>\u043f\u043e\u0434\u043a\u043b\u0430\u0434\u043a\u0430: \u0442\u0435\u043a\u0441\u0442\u0438\u043b\u044c<\/li>\n<li>\u0448\u0438\u0440\u0438\u043d\u0430: 12<\/li>\n<li>100% \u043d\u0435 \u0441\u043e\u0434\u0435\u0440\u0436\u0430\u0442 \u043c\u0435\u0442\u0430\u043b\u043b\u0430<\/li>\n<li>\u0440\u0430\u0437\u043c\u0435\u0440\u044b: 48-53<\/li>\n<\/ul>\n","protected":false},"excerpt":{"rendered":"<p>EN ISO 20345:2011 CE S3 SRA \u043a\u043e\u043c\u043f\u043e\u0437\u0438\u0442\u043d\u044b\u0439 \u0437\u0430\u0449\u0438\u0442\u043d\u044b\u0439 \u043f\u043e\u0434\u043d\u043e\u0441\u043e\u043a \u043a\u0435\u0432\u043b\u0430\u0440\u043e\u0432\u0430\u044f \u0430\u043d\u0442\u0438\u043f\u0440\u043e\u043a\u043e\u043b\u044c\u043d\u0430\u044f \u0441\u0442\u0435\u043b\u044c\u043a\u0430 \u043f\u043e\u0434\u043e\u0448\u0432\u0430: \u041f\u0423 \u0430\u043d\u0442\u0438\u0441\u0442\u0430\u0442\u0438\u0447\u0435\u0441\u043a\u0430\u044f, \u043c\u0430\u0441\u043b\u043e- \u0438 \u0431\u0435\u043d\u0437\u043e\u0441\u0442\u043e\u0439\u043a\u0430\u044f, \u043d\u0435\u0441\u043a\u043e\u043b\u044c\u0437\u044f\u0449\u0430\u044f, \u0430\u043c\u043e\u0440\u0442\u0438\u0437\u0430\u0446\u0438\u044f \u0432 \u043e\u0431\u043b\u0430\u0441\u0442\u0438 \u043f\u044f\u0442\u043a\u0438 \u0432\u0435\u0440\u0445: \u0432\u043e\u0434\u043e\u043e\u0442\u0442\u0430\u043b\u043a\u0438\u0432\u0430\u044e\u0449\u0430\u044f \u043a\u043e\u0436\u0430 \u043f\u043e\u0434\u043a\u043b\u0430\u0434\u043a\u0430: \u0442\u0435\u043a\u0441\u0442\u0438\u043b\u044c \u0448\u0438\u0440\u0438\u043d\u0430: 12 100% \u043d\u0435 \u0441\u043e\u0434\u0435\u0440\u0436\u0430\u0442 \u043c\u0435\u0442\u0430\u043b\u043b\u0430 \u0440\u0430\u0437\u043c\u0435\u0440\u044b: 48-53<\/p>\n","protected":false},"featured_media":17570,"template":"","meta":[],"pwb-brand":[334],"product_brand":[],"product_cat":[553],"product_tag":[],"class_list":{"0":"post-14438","1":"product","2":"type-product","3":"status-publish","4":"has-post-thumbnail","6":"pwb-brand-lavoro-norisk","7":"product_cat---s1-s3","9":"first","10":"instock","11":"taxable","12":"shipping-taxable","13":"purchasable","14":"product-type-variable"},"yoast_head":"<!-- This site is optimized with the Yoast SEO plugin v27.0 - https:\/\/yoast.com\/product\/yoast-seo-wordpress\/ -->\n<title>\u0417\u0430\u0449\u0438\u0442\u043d\u044b\u0435 \u0431\u043e\u0442\u0438\u043d\u043a\u0438 Lavoro MLXXL S3 - Stafit O\u00dc<\/title>\n<meta name=\"robots\" content=\"index, follow, max-snippet:-1, max-image-preview:large, max-video-preview:-1\" \/>\n<link rel=\"canonical\" href=\"https:\/\/stafit.ee\/ru\/tovar\/\u0437\u0430\u0449\u0438\u0442\u043d\u044b\u0435-\u0431\u043e\u0442\u0438\u043d\u043a\u0438-lavoro-mlxxl-s3\/\" \/>\n<meta property=\"og:locale\" content=\"ru_RU\" \/>\n<meta property=\"og:type\" content=\"article\" \/>\n<meta property=\"og:title\" content=\"\u0417\u0430\u0449\u0438\u0442\u043d\u044b\u0435 \u0431\u043e\u0442\u0438\u043d\u043a\u0438 Lavoro MLXXL S3 - Stafit O\u00dc\" \/>\n<meta property=\"og:description\" content=\"EN ISO 20345:2011 CE S3 SRA \u043a\u043e\u043c\u043f\u043e\u0437\u0438\u0442\u043d\u044b\u0439 \u0437\u0430\u0449\u0438\u0442\u043d\u044b\u0439 \u043f\u043e\u0434\u043d\u043e\u0441\u043e\u043a \u043a\u0435\u0432\u043b\u0430\u0440\u043e\u0432\u0430\u044f \u0430\u043d\u0442\u0438\u043f\u0440\u043e\u043a\u043e\u043b\u044c\u043d\u0430\u044f \u0441\u0442\u0435\u043b\u044c\u043a\u0430 \u043f\u043e\u0434\u043e\u0448\u0432\u0430: \u041f\u0423 \u0430\u043d\u0442\u0438\u0441\u0442\u0430\u0442\u0438\u0447\u0435\u0441\u043a\u0430\u044f, \u043c\u0430\u0441\u043b\u043e- \u0438 \u0431\u0435\u043d\u0437\u043e\u0441\u0442\u043e\u0439\u043a\u0430\u044f, \u043d\u0435\u0441\u043a\u043e\u043b\u044c\u0437\u044f\u0449\u0430\u044f, \u0430\u043c\u043e\u0440\u0442\u0438\u0437\u0430\u0446\u0438\u044f \u0432 \u043e\u0431\u043b\u0430\u0441\u0442\u0438 \u043f\u044f\u0442\u043a\u0438 \u0432\u0435\u0440\u0445: \u0432\u043e\u0434\u043e\u043e\u0442\u0442\u0430\u043b\u043a\u0438\u0432\u0430\u044e\u0449\u0430\u044f \u043a\u043e\u0436\u0430 \u043f\u043e\u0434\u043a\u043b\u0430\u0434\u043a\u0430: \u0442\u0435\u043a\u0441\u0442\u0438\u043b\u044c \u0448\u0438\u0440\u0438\u043d\u0430: 12 100% \u043d\u0435 \u0441\u043e\u0434\u0435\u0440\u0436\u0430\u0442 \u043c\u0435\u0442\u0430\u043b\u043b\u0430 \u0440\u0430\u0437\u043c\u0435\u0440\u044b: 48-53\" \/>\n<meta property=\"og:url\" content=\"https:\/\/stafit.ee\/ru\/tovar\/\u0437\u0430\u0449\u0438\u0442\u043d\u044b\u0435-\u0431\u043e\u0442\u0438\u043d\u043a\u0438-lavoro-mlxxl-s3\/\" \/>\n<meta property=\"og:site_name\" content=\"Stafit O\u00dc\" \/>\n<meta property=\"article:modified_time\" content=\"2026-04-08T15:27:09+00:00\" \/>\n<meta name=\"twitter:card\" content=\"summary_large_image\" \/>\n<script type=\"application\/ld+json\" class=\"yoast-schema-graph\">{\"@context\":\"https:\/\/schema.org\",\"@graph\":[{\"@type\":\"WebPage\",\"@id\":\"https:\/\/stafit.ee\/ru\/tovar\/%d0%b7%d0%b0%d1%89%d0%b8%d1%82%d0%bd%d1%8b%d0%b5-%d0%b1%d0%be%d1%82%d0%b8%d0%bd%d0%ba%d0%b8-lavoro-mlxxl-s3\/\",\"url\":\"https:\/\/stafit.ee\/ru\/tovar\/%d0%b7%d0%b0%d1%89%d0%b8%d1%82%d0%bd%d1%8b%d0%b5-%d0%b1%d0%be%d1%82%d0%b8%d0%bd%d0%ba%d0%b8-lavoro-mlxxl-s3\/\",\"name\":\"\u0417\u0430\u0449\u0438\u0442\u043d\u044b\u0435 \u0431\u043e\u0442\u0438\u043d\u043a\u0438 Lavoro MLXXL S3 - Stafit O\u00dc\",\"isPartOf\":{\"@id\":\"https:\/\/stafit.ee\/#website\"},\"primaryImageOfPage\":{\"@id\":\"https:\/\/stafit.ee\/ru\/tovar\/%d0%b7%d0%b0%d1%89%d0%b8%d1%82%d0%bd%d1%8b%d0%b5-%d0%b1%d0%be%d1%82%d0%b8%d0%bd%d0%ba%d0%b8-lavoro-mlxxl-s3\/#primaryimage\"},\"image\":{\"@id\":\"https:\/\/stafit.ee\/ru\/tovar\/%d0%b7%d0%b0%d1%89%d0%b8%d1%82%d0%bd%d1%8b%d0%b5-%d0%b1%d0%be%d1%82%d0%b8%d0%bd%d0%ba%d0%b8-lavoro-mlxxl-s3\/#primaryimage\"},\"thumbnailUrl\":\"https:\/\/stafit.ee\/wp-content\/uploads\/2021\/01\/ML-XXL-1-1.jpg\",\"datePublished\":\"2021-01-27T06:00:55+00:00\",\"dateModified\":\"2026-04-08T15:27:09+00:00\",\"breadcrumb\":{\"@id\":\"https:\/\/stafit.ee\/ru\/tovar\/%d0%b7%d0%b0%d1%89%d0%b8%d1%82%d0%bd%d1%8b%d0%b5-%d0%b1%d0%be%d1%82%d0%b8%d0%bd%d0%ba%d0%b8-lavoro-mlxxl-s3\/#breadcrumb\"},\"inLanguage\":\"ru-RU\",\"potentialAction\":[{\"@type\":\"ReadAction\",\"target\":[\"https:\/\/stafit.ee\/ru\/tovar\/%d0%b7%d0%b0%d1%89%d0%b8%d1%82%d0%bd%d1%8b%d0%b5-%d0%b1%d0%be%d1%82%d0%b8%d0%bd%d0%ba%d0%b8-lavoro-mlxxl-s3\/\"]}]},{\"@type\":\"ImageObject\",\"inLanguage\":\"ru-RU\",\"@id\":\"https:\/\/stafit.ee\/ru\/tovar\/%d0%b7%d0%b0%d1%89%d0%b8%d1%82%d0%bd%d1%8b%d0%b5-%d0%b1%d0%be%d1%82%d0%b8%d0%bd%d0%ba%d0%b8-lavoro-mlxxl-s3\/#primaryimage\",\"url\":\"https:\/\/stafit.ee\/wp-content\/uploads\/2021\/01\/ML-XXL-1-1.jpg\",\"contentUrl\":\"https:\/\/stafit.ee\/wp-content\/uploads\/2021\/01\/ML-XXL-1-1.jpg\",\"width\":2000,\"height\":2000},{\"@type\":\"BreadcrumbList\",\"@id\":\"https:\/\/stafit.ee\/ru\/tovar\/%d0%b7%d0%b0%d1%89%d0%b8%d1%82%d0%bd%d1%8b%d0%b5-%d0%b1%d0%be%d1%82%d0%b8%d0%bd%d0%ba%d0%b8-lavoro-mlxxl-s3\/#breadcrumb\",\"itemListElement\":[{\"@type\":\"ListItem\",\"position\":1,\"name\":\"Home\",\"item\":\"https:\/\/stafit.ee\/ru\/\"},{\"@type\":\"ListItem\",\"position\":2,\"name\":\"\u041c\u0430\u0433\u0430\u0437\u0438\u043d\",\"item\":\"https:\/\/stafit.ee\/ru\/pood\/\"},{\"@type\":\"ListItem\",\"position\":3,\"name\":\"\u0417\u0430\u0449\u0438\u0442\u043d\u044b\u0435 \u0431\u043e\u0442\u0438\u043d\u043a\u0438 Lavoro MLXXL S3\"}]},{\"@type\":\"WebSite\",\"@id\":\"https:\/\/stafit.ee\/#website\",\"url\":\"https:\/\/stafit.ee\/\",\"name\":\"Stafit O\u00dc\",\"description\":\"T\u00f6\u00f6riete ja ohutusvahendite jae ja hulgim\u00fc\u00fck\",\"potentialAction\":[{\"@type\":\"SearchAction\",\"target\":{\"@type\":\"EntryPoint\",\"urlTemplate\":\"https:\/\/stafit.ee\/?s={search_term_string}\"},\"query-input\":{\"@type\":\"PropertyValueSpecification\",\"valueRequired\":true,\"valueName\":\"search_term_string\"}}],\"inLanguage\":\"ru-RU\"}]}<\/script>\n<!-- \/ Yoast SEO plugin. -->","yoast_head_json":{"title":"\u0417\u0430\u0449\u0438\u0442\u043d\u044b\u0435 \u0431\u043e\u0442\u0438\u043d\u043a\u0438 Lavoro MLXXL S3 - Stafit O\u00dc","robots":{"index":"index","follow":"follow","max-snippet":"max-snippet:-1","max-image-preview":"max-image-preview:large","max-video-preview":"max-video-preview:-1"},"canonical":"https:\/\/stafit.ee\/ru\/tovar\/\u0437\u0430\u0449\u0438\u0442\u043d\u044b\u0435-\u0431\u043e\u0442\u0438\u043d\u043a\u0438-lavoro-mlxxl-s3\/","og_locale":"ru_RU","og_type":"article","og_title":"\u0417\u0430\u0449\u0438\u0442\u043d\u044b\u0435 \u0431\u043e\u0442\u0438\u043d\u043a\u0438 Lavoro MLXXL S3 - Stafit O\u00dc","og_description":"EN ISO 20345:2011 CE S3 SRA \u043a\u043e\u043c\u043f\u043e\u0437\u0438\u0442\u043d\u044b\u0439 \u0437\u0430\u0449\u0438\u0442\u043d\u044b\u0439 \u043f\u043e\u0434\u043d\u043e\u0441\u043e\u043a \u043a\u0435\u0432\u043b\u0430\u0440\u043e\u0432\u0430\u044f \u0430\u043d\u0442\u0438\u043f\u0440\u043e\u043a\u043e\u043b\u044c\u043d\u0430\u044f \u0441\u0442\u0435\u043b\u044c\u043a\u0430 \u043f\u043e\u0434\u043e\u0448\u0432\u0430: \u041f\u0423 \u0430\u043d\u0442\u0438\u0441\u0442\u0430\u0442\u0438\u0447\u0435\u0441\u043a\u0430\u044f, \u043c\u0430\u0441\u043b\u043e- \u0438 \u0431\u0435\u043d\u0437\u043e\u0441\u0442\u043e\u0439\u043a\u0430\u044f, \u043d\u0435\u0441\u043a\u043e\u043b\u044c\u0437\u044f\u0449\u0430\u044f, \u0430\u043c\u043e\u0440\u0442\u0438\u0437\u0430\u0446\u0438\u044f \u0432 \u043e\u0431\u043b\u0430\u0441\u0442\u0438 \u043f\u044f\u0442\u043a\u0438 \u0432\u0435\u0440\u0445: \u0432\u043e\u0434\u043e\u043e\u0442\u0442\u0430\u043b\u043a\u0438\u0432\u0430\u044e\u0449\u0430\u044f \u043a\u043e\u0436\u0430 \u043f\u043e\u0434\u043a\u043b\u0430\u0434\u043a\u0430: \u0442\u0435\u043a\u0441\u0442\u0438\u043b\u044c \u0448\u0438\u0440\u0438\u043d\u0430: 12 100% \u043d\u0435 \u0441\u043e\u0434\u0435\u0440\u0436\u0430\u0442 \u043c\u0435\u0442\u0430\u043b\u043b\u0430 \u0440\u0430\u0437\u043c\u0435\u0440\u044b: 48-53","og_url":"https:\/\/stafit.ee\/ru\/tovar\/\u0437\u0430\u0449\u0438\u0442\u043d\u044b\u0435-\u0431\u043e\u0442\u0438\u043d\u043a\u0438-lavoro-mlxxl-s3\/","og_site_name":"Stafit O\u00dc","article_modified_time":"2026-04-08T15:27:09+00:00","twitter_card":"summary_large_image","schema":{"@context":"https:\/\/schema.org","@graph":[{"@type":"WebPage","@id":"https:\/\/stafit.ee\/ru\/tovar\/%d0%b7%d0%b0%d1%89%d0%b8%d1%82%d0%bd%d1%8b%d0%b5-%d0%b1%d0%be%d1%82%d0%b8%d0%bd%d0%ba%d0%b8-lavoro-mlxxl-s3\/","url":"https:\/\/stafit.ee\/ru\/tovar\/%d0%b7%d0%b0%d1%89%d0%b8%d1%82%d0%bd%d1%8b%d0%b5-%d0%b1%d0%be%d1%82%d0%b8%d0%bd%d0%ba%d0%b8-lavoro-mlxxl-s3\/","name":"\u0417\u0430\u0449\u0438\u0442\u043d\u044b\u0435 \u0431\u043e\u0442\u0438\u043d\u043a\u0438 Lavoro MLXXL S3 - Stafit O\u00dc","isPartOf":{"@id":"https:\/\/stafit.ee\/#website"},"primaryImageOfPage":{"@id":"https:\/\/stafit.ee\/ru\/tovar\/%d0%b7%d0%b0%d1%89%d0%b8%d1%82%d0%bd%d1%8b%d0%b5-%d0%b1%d0%be%d1%82%d0%b8%d0%bd%d0%ba%d0%b8-lavoro-mlxxl-s3\/#primaryimage"},"image":{"@id":"https:\/\/stafit.ee\/ru\/tovar\/%d0%b7%d0%b0%d1%89%d0%b8%d1%82%d0%bd%d1%8b%d0%b5-%d0%b1%d0%be%d1%82%d0%b8%d0%bd%d0%ba%d0%b8-lavoro-mlxxl-s3\/#primaryimage"},"thumbnailUrl":"https:\/\/stafit.ee\/wp-content\/uploads\/2021\/01\/ML-XXL-1-1.jpg","datePublished":"2021-01-27T06:00:55+00:00","dateModified":"2026-04-08T15:27:09+00:00","breadcrumb":{"@id":"https:\/\/stafit.ee\/ru\/tovar\/%d0%b7%d0%b0%d1%89%d0%b8%d1%82%d0%bd%d1%8b%d0%b5-%d0%b1%d0%be%d1%82%d0%b8%d0%bd%d0%ba%d0%b8-lavoro-mlxxl-s3\/#breadcrumb"},"inLanguage":"ru-RU","potentialAction":[{"@type":"ReadAction","target":["https:\/\/stafit.ee\/ru\/tovar\/%d0%b7%d0%b0%d1%89%d0%b8%d1%82%d0%bd%d1%8b%d0%b5-%d0%b1%d0%be%d1%82%d0%b8%d0%bd%d0%ba%d0%b8-lavoro-mlxxl-s3\/"]}]},{"@type":"ImageObject","inLanguage":"ru-RU","@id":"https:\/\/stafit.ee\/ru\/tovar\/%d0%b7%d0%b0%d1%89%d0%b8%d1%82%d0%bd%d1%8b%d0%b5-%d0%b1%d0%be%d1%82%d0%b8%d0%bd%d0%ba%d0%b8-lavoro-mlxxl-s3\/#primaryimage","url":"https:\/\/stafit.ee\/wp-content\/uploads\/2021\/01\/ML-XXL-1-1.jpg","contentUrl":"https:\/\/stafit.ee\/wp-content\/uploads\/2021\/01\/ML-XXL-1-1.jpg","width":2000,"height":2000},{"@type":"BreadcrumbList","@id":"https:\/\/stafit.ee\/ru\/tovar\/%d0%b7%d0%b0%d1%89%d0%b8%d1%82%d0%bd%d1%8b%d0%b5-%d0%b1%d0%be%d1%82%d0%b8%d0%bd%d0%ba%d0%b8-lavoro-mlxxl-s3\/#breadcrumb","itemListElement":[{"@type":"ListItem","position":1,"name":"Home","item":"https:\/\/stafit.ee\/ru\/"},{"@type":"ListItem","position":2,"name":"\u041c\u0430\u0433\u0430\u0437\u0438\u043d","item":"https:\/\/stafit.ee\/ru\/pood\/"},{"@type":"ListItem","position":3,"name":"\u0417\u0430\u0449\u0438\u0442\u043d\u044b\u0435 \u0431\u043e\u0442\u0438\u043d\u043a\u0438 Lavoro MLXXL S3"}]},{"@type":"WebSite","@id":"https:\/\/stafit.ee\/#website","url":"https:\/\/stafit.ee\/","name":"Stafit O\u00dc","description":"T\u00f6\u00f6riete ja ohutusvahendite jae ja hulgim\u00fc\u00fck","potentialAction":[{"@type":"SearchAction","target":{"@type":"EntryPoint","urlTemplate":"https:\/\/stafit.ee\/?s={search_term_string}"},"query-input":{"@type":"PropertyValueSpecification","valueRequired":true,"valueName":"search_term_string"}}],"inLanguage":"ru-RU"}]}},"brands":[{"id":334,"name":"Lavoro - Norisk","slug":"lavoro-norisk"}],"_links":{"self":[{"href":"https:\/\/stafit.ee\/ru\/wp-json\/wp\/v2\/product\/14438","targetHints":{"allow":["GET"]}}],"collection":[{"href":"https:\/\/stafit.ee\/ru\/wp-json\/wp\/v2\/product"}],"about":[{"href":"https:\/\/stafit.ee\/ru\/wp-json\/wp\/v2\/types\/product"}],"wp:featuredmedia":[{"embeddable":true,"href":"https:\/\/stafit.ee\/ru\/wp-json\/wp\/v2\/media\/17570"}],"wp:attachment":[{"href":"https:\/\/stafit.ee\/ru\/wp-json\/wp\/v2\/media?parent=14438"}],"wp:term":[{"taxonomy":"pwb-brand","embeddable":true,"href":"https:\/\/stafit.ee\/ru\/wp-json\/wp\/v2\/pwb-brand?post=14438"},{"taxonomy":"product_brand","embeddable":true,"href":"https:\/\/stafit.ee\/ru\/wp-json\/wp\/v2\/product_brand?post=14438"},{"taxonomy":"product_cat","embeddable":true,"href":"https:\/\/stafit.ee\/ru\/wp-json\/wp\/v2\/product_cat?post=14438"},{"taxonomy":"product_tag","embeddable":true,"href":"https:\/\/stafit.ee\/ru\/wp-json\/wp\/v2\/product_tag?post=14438"}],"curies":[{"name":"wp","href":"https:\/\/api.w.org\/{rel}","templated":true}]}}