{"id":14257,"date":"2021-01-27T08:00:29","date_gmt":"2021-01-27T06:00:29","guid":{"rendered":"https:\/\/stafit.ee\/toode\/planam-%d0%bf%d0%be%d0%bb%d1%83%d0%ba%d0%be%d0%bc%d0%b1%d0%b8%d0%bd%d0%b5%d0%b7%d0%be%d0%bd-%d1%81%d0%b2%d0%b0%d1%80%d1%89%d0%b8%d0%ba%d0%b0-weld-shield-%d1%81%d0%b8%d0%bd%d0%b8%d0%b9-%d1%87%d0%b5\/"},"modified":"2026-04-08T18:17:17","modified_gmt":"2026-04-08T15:17:17","slug":"planam-%d0%bf%d0%be%d0%bb%d1%83%d0%ba%d0%be%d0%bc%d0%b1%d0%b8%d0%bd%d0%b5%d0%b7%d0%be%d0%bd-%d1%81%d0%b2%d0%b0%d1%80%d1%89%d0%b8%d0%ba%d0%b0-weld-shield-%d1%81%d0%b8%d0%bd%d0%b8%d0%b9-%d1%87%d0%b5","status":"publish","type":"product","link":"https:\/\/stafit.ee\/ru\/tovar\/planam-%d0%bf%d0%be%d0%bb%d1%83%d0%ba%d0%be%d0%bc%d0%b1%d0%b8%d0%bd%d0%b5%d0%b7%d0%be%d0%bd-%d1%81%d0%b2%d0%b0%d1%80%d1%89%d0%b8%d0%ba%d0%b0-weld-shield-%d1%81%d0%b8%d0%bd%d0%b8%d0%b9-%d1%87%d0%b5\/","title":{"rendered":"Planam \u043f\u043e\u043b\u0443\u043a\u043e\u043c\u0431\u0438\u043d\u0435\u0437\u043e\u043d \u0441\u0432\u0430\u0440\u0449\u0438\u043a\u0430 Weld Shield \u0441\u0438\u043d\u0438\u0439\/\u0447\u0435\u0440\u043d\u044b\u0439"},"content":{"rendered":"<ul>\n<li lang=\"ru-RU\">84 % \u0445\u043b\u043e\u043f\u043e\u043a, 15 % \u043f\u043e\u043b\u0438\u044d\u0441\u0442\u0435\u0440, 1 % \u0443\u0433\u043b\u0435\u0440\u043e\u0434\u043d\u043e\u0435 \u0432\u043e\u043b\u043e\u043a\u043d\u043e<br \/>\n\u0430\u043d\u0442\u0438\u0441\u0442\u0430\u0442\u0438\u0447\u0435\u0441\u043a\u0438\u0435 \u0432\u043e\u043b\u043e\u043a\u043d\u0430,<br \/>\n365 \u0433\/\u043c\u00b2,<br \/>\n\u0430\u043d\u0442\u0438\u0441\u0442\u0430\u0442\u0438\u0447\u0435\u0441\u043a\u0430\u044f, \u043e\u0433\u043d\u0435\u0443\u043f\u043e\u0440\u043d\u0430\u044f \u0444\u0438\u043d\u0438\u0448\u043d\u0430\u044f \u043e\u0431\u0440\u0430\u0431\u043e\u0442\u043a\u0430<\/li>\n<li lang=\"et-EE\">EN ISO 11611, class 1, A1<br \/>\nEN ISO 11612, A1, B1, C1, E3, F1<br \/>\nEN 1149-5<\/li>\n<li>\u044d\u043b\u0430\u0441\u0442\u0438\u0447\u043d\u044b\u0439 \u043f\u043e\u044f\u0441, <span lang=\"ru-RU\">\u0440\u0435\u0433\u0443\u043b\u0438\u0440\u0443\u044e\u0449\u0438\u0439\u0441\u044f \u0441 \u043f\u043e\u043c\u043e\u0449\u044c\u044e \u043f\u0443\u0433\u043e\u0432\u0438\u0446<\/span><\/li>\n<li>\u044d\u043b\u0430\u0441\u0442\u0438\u0447\u043d\u044b\u0435 \u043b\u044f\u043c\u043a\u0438 \u0441 \u0440\u0435\u0433\u0443\u043b\u0438\u0440\u043e\u0432\u043a\u043e\u0439 \u0434\u043b\u0438\u043d\u044b<\/li>\n<li>\u043d\u0430\u0433\u0440\u0443\u0434\u043d\u044b\u0439 \u043a\u0430\u0440\u043c\u0430\u043d \u0441 \u043a\u043b\u0430\u043f\u0430\u043d\u043e\u043c<\/li>\n<li>2 \u043f\u0435\u0440\u0435\u0434\u043d\u0438\u0445 \u043a\u0430\u0440\u043c\u0430\u043d\u0430 \u043d\u0430 \u043a\u043d\u043e\u043f\u043a\u0430\u0445<\/li>\n<li>\u043d\u0430\u0431\u0435\u0434\u0440\u0435\u043d\u043d\u044b\u0439 \u043a\u0430\u0440\u043c\u0430\u043d \u0441 \u043a\u043b\u0430\u043f\u0430\u043d\u043e\u043c<\/li>\n<li>\u043a\u0430\u0440\u043c\u0430\u043d \u0434\u043b\u044f \u043b\u0438\u043d\u0435\u0439\u043a\u0438 \u0441 \u043a\u043b\u0430\u043f\u0430\u043d\u043e\u043c<\/li>\n<li>2 \u0437\u0430\u0434\u043d\u0438\u0445 \u043a\u0430\u0440\u043c\u0430\u043d\u0430 \u0441 \u043a\u043b\u0430\u043f\u0430\u043d\u0430\u043c\u0438<\/li>\n<li>\u0432\u044b\u0434\u0435\u0440\u0436\u0438\u0432\u0430\u0435\u0442 \u043c\u0430\u043a\u0441. <span lang=\"ru-RU\">10<\/span> \u0441\u0442\u0438\u0440\u043e\u043a<\/li>\n<\/ul>\n","protected":false},"excerpt":{"rendered":"<p>84 % \u0445\u043b\u043e\u043f\u043e\u043a, 15 % \u043f\u043e\u043b\u0438\u044d\u0441\u0442\u0435\u0440, 1 % \u0443\u0433\u043b\u0435\u0440\u043e\u0434\u043d\u043e\u0435 \u0432\u043e\u043b\u043e\u043a\u043d\u043e \u0430\u043d\u0442\u0438\u0441\u0442\u0430\u0442\u0438\u0447\u0435\u0441\u043a\u0438\u0435 \u0432\u043e\u043b\u043e\u043a\u043d\u0430, 365 \u0433\/\u043c\u00b2, \u0430\u043d\u0442\u0438\u0441\u0442\u0430\u0442\u0438\u0447\u0435\u0441\u043a\u0430\u044f, \u043e\u0433\u043d\u0435\u0443\u043f\u043e\u0440\u043d\u0430\u044f \u0444\u0438\u043d\u0438\u0448\u043d\u0430\u044f \u043e\u0431\u0440\u0430\u0431\u043e\u0442\u043a\u0430 EN ISO 11611, class 1, A1 EN ISO 11612, A1, B1, C1, E3, F1 EN 1149-5 \u044d\u043b\u0430\u0441\u0442\u0438\u0447\u043d\u044b\u0439 \u043f\u043e\u044f\u0441, \u0440\u0435\u0433\u0443\u043b\u0438\u0440\u0443\u044e\u0449\u0438\u0439\u0441\u044f \u0441 \u043f\u043e\u043c\u043e\u0449\u044c\u044e \u043f\u0443\u0433\u043e\u0432\u0438\u0446 \u044d\u043b\u0430\u0441\u0442\u0438\u0447\u043d\u044b\u0435 \u043b\u044f\u043c\u043a\u0438 \u0441 \u0440\u0435\u0433\u0443\u043b\u0438\u0440\u043e\u0432\u043a\u043e\u0439 \u0434\u043b\u0438\u043d\u044b \u043d\u0430\u0433\u0440\u0443\u0434\u043d\u044b\u0439 \u043a\u0430\u0440\u043c\u0430\u043d \u0441 \u043a\u043b\u0430\u043f\u0430\u043d\u043e\u043c 2 \u043f\u0435\u0440\u0435\u0434\u043d\u0438\u0445 \u043a\u0430\u0440\u043c\u0430\u043d\u0430 \u043d\u0430 \u043a\u043d\u043e\u043f\u043a\u0430\u0445 \u043d\u0430\u0431\u0435\u0434\u0440\u0435\u043d\u043d\u044b\u0439&#8230;<\/p>\n","protected":false},"featured_media":14244,"template":"","meta":[],"pwb-brand":[328],"product_brand":[],"product_cat":[833],"product_tag":[],"class_list":{"0":"post-14257","1":"product","2":"type-product","3":"status-publish","4":"has-post-thumbnail","6":"pwb-brand-planam","7":"product_cat-833","9":"first","10":"instock","11":"taxable","12":"shipping-taxable","13":"purchasable","14":"product-type-variable"},"yoast_head":"<!-- This site is optimized with the Yoast SEO plugin v27.0 - https:\/\/yoast.com\/product\/yoast-seo-wordpress\/ -->\n<title>Planam \u043f\u043e\u043b\u0443\u043a\u043e\u043c\u0431\u0438\u043d\u0435\u0437\u043e\u043d \u0441\u0432\u0430\u0440\u0449\u0438\u043a\u0430 Weld Shield \u0441\u0438\u043d\u0438\u0439\/\u0447\u0435\u0440\u043d\u044b\u0439 - Stafit O\u00dc<\/title>\n<meta name=\"robots\" content=\"index, follow, max-snippet:-1, max-image-preview:large, max-video-preview:-1\" \/>\n<link rel=\"canonical\" href=\"https:\/\/stafit.ee\/ru\/tovar\/planam-\u043f\u043e\u043b\u0443\u043a\u043e\u043c\u0431\u0438\u043d\u0435\u0437\u043e\u043d-\u0441\u0432\u0430\u0440\u0449\u0438\u043a\u0430-weld-shield-\u0441\u0438\u043d\u0438\u0439-\u0447\u0435\/\" \/>\n<meta property=\"og:locale\" content=\"ru_RU\" \/>\n<meta property=\"og:type\" content=\"article\" \/>\n<meta property=\"og:title\" content=\"Planam \u043f\u043e\u043b\u0443\u043a\u043e\u043c\u0431\u0438\u043d\u0435\u0437\u043e\u043d \u0441\u0432\u0430\u0440\u0449\u0438\u043a\u0430 Weld Shield \u0441\u0438\u043d\u0438\u0439\/\u0447\u0435\u0440\u043d\u044b\u0439 - Stafit O\u00dc\" \/>\n<meta property=\"og:description\" content=\"84 % \u0445\u043b\u043e\u043f\u043e\u043a, 15 % \u043f\u043e\u043b\u0438\u044d\u0441\u0442\u0435\u0440, 1 % \u0443\u0433\u043b\u0435\u0440\u043e\u0434\u043d\u043e\u0435 \u0432\u043e\u043b\u043e\u043a\u043d\u043e \u0430\u043d\u0442\u0438\u0441\u0442\u0430\u0442\u0438\u0447\u0435\u0441\u043a\u0438\u0435 \u0432\u043e\u043b\u043e\u043a\u043d\u0430, 365 \u0433\/\u043c\u00b2, \u0430\u043d\u0442\u0438\u0441\u0442\u0430\u0442\u0438\u0447\u0435\u0441\u043a\u0430\u044f, \u043e\u0433\u043d\u0435\u0443\u043f\u043e\u0440\u043d\u0430\u044f \u0444\u0438\u043d\u0438\u0448\u043d\u0430\u044f \u043e\u0431\u0440\u0430\u0431\u043e\u0442\u043a\u0430 EN ISO 11611, class 1, A1 EN ISO 11612, A1, B1, C1, E3, F1 EN 1149-5 \u044d\u043b\u0430\u0441\u0442\u0438\u0447\u043d\u044b\u0439 \u043f\u043e\u044f\u0441, \u0440\u0435\u0433\u0443\u043b\u0438\u0440\u0443\u044e\u0449\u0438\u0439\u0441\u044f \u0441 \u043f\u043e\u043c\u043e\u0449\u044c\u044e \u043f\u0443\u0433\u043e\u0432\u0438\u0446 \u044d\u043b\u0430\u0441\u0442\u0438\u0447\u043d\u044b\u0435 \u043b\u044f\u043c\u043a\u0438 \u0441 \u0440\u0435\u0433\u0443\u043b\u0438\u0440\u043e\u0432\u043a\u043e\u0439 \u0434\u043b\u0438\u043d\u044b \u043d\u0430\u0433\u0440\u0443\u0434\u043d\u044b\u0439 \u043a\u0430\u0440\u043c\u0430\u043d \u0441 \u043a\u043b\u0430\u043f\u0430\u043d\u043e\u043c 2 \u043f\u0435\u0440\u0435\u0434\u043d\u0438\u0445 \u043a\u0430\u0440\u043c\u0430\u043d\u0430 \u043d\u0430 \u043a\u043d\u043e\u043f\u043a\u0430\u0445 \u043d\u0430\u0431\u0435\u0434\u0440\u0435\u043d\u043d\u044b\u0439...\" \/>\n<meta property=\"og:url\" content=\"https:\/\/stafit.ee\/ru\/tovar\/planam-\u043f\u043e\u043b\u0443\u043a\u043e\u043c\u0431\u0438\u043d\u0435\u0437\u043e\u043d-\u0441\u0432\u0430\u0440\u0449\u0438\u043a\u0430-weld-shield-\u0441\u0438\u043d\u0438\u0439-\u0447\u0435\/\" \/>\n<meta property=\"og:site_name\" content=\"Stafit O\u00dc\" \/>\n<meta property=\"article:modified_time\" content=\"2026-04-08T15:17:17+00:00\" \/>\n<meta name=\"twitter:card\" content=\"summary_large_image\" \/>\n<script type=\"application\/ld+json\" class=\"yoast-schema-graph\">{\"@context\":\"https:\/\/schema.org\",\"@graph\":[{\"@type\":\"WebPage\",\"@id\":\"https:\/\/stafit.ee\/ru\/tovar\/planam-%d0%bf%d0%be%d0%bb%d1%83%d0%ba%d0%be%d0%bc%d0%b1%d0%b8%d0%bd%d0%b5%d0%b7%d0%be%d0%bd-%d1%81%d0%b2%d0%b0%d1%80%d1%89%d0%b8%d0%ba%d0%b0-weld-shield-%d1%81%d0%b8%d0%bd%d0%b8%d0%b9-%d1%87%d0%b5\/\",\"url\":\"https:\/\/stafit.ee\/ru\/tovar\/planam-%d0%bf%d0%be%d0%bb%d1%83%d0%ba%d0%be%d0%bc%d0%b1%d0%b8%d0%bd%d0%b5%d0%b7%d0%be%d0%bd-%d1%81%d0%b2%d0%b0%d1%80%d1%89%d0%b8%d0%ba%d0%b0-weld-shield-%d1%81%d0%b8%d0%bd%d0%b8%d0%b9-%d1%87%d0%b5\/\",\"name\":\"Planam \u043f\u043e\u043b\u0443\u043a\u043e\u043c\u0431\u0438\u043d\u0435\u0437\u043e\u043d \u0441\u0432\u0430\u0440\u0449\u0438\u043a\u0430 Weld Shield \u0441\u0438\u043d\u0438\u0439\/\u0447\u0435\u0440\u043d\u044b\u0439 - Stafit O\u00dc\",\"isPartOf\":{\"@id\":\"https:\/\/stafit.ee\/#website\"},\"primaryImageOfPage\":{\"@id\":\"https:\/\/stafit.ee\/ru\/tovar\/planam-%d0%bf%d0%be%d0%bb%d1%83%d0%ba%d0%be%d0%bc%d0%b1%d0%b8%d0%bd%d0%b5%d0%b7%d0%be%d0%bd-%d1%81%d0%b2%d0%b0%d1%80%d1%89%d0%b8%d0%ba%d0%b0-weld-shield-%d1%81%d0%b8%d0%bd%d0%b8%d0%b9-%d1%87%d0%b5\/#primaryimage\"},\"image\":{\"@id\":\"https:\/\/stafit.ee\/ru\/tovar\/planam-%d0%bf%d0%be%d0%bb%d1%83%d0%ba%d0%be%d0%bc%d0%b1%d0%b8%d0%bd%d0%b5%d0%b7%d0%be%d0%bd-%d1%81%d0%b2%d0%b0%d1%80%d1%89%d0%b8%d0%ba%d0%b0-weld-shield-%d1%81%d0%b8%d0%bd%d0%b8%d0%b9-%d1%87%d0%b5\/#primaryimage\"},\"thumbnailUrl\":\"https:\/\/stafit.ee\/wp-content\/uploads\/2021\/01\/5531_001.jpg\",\"datePublished\":\"2021-01-27T06:00:29+00:00\",\"dateModified\":\"2026-04-08T15:17:17+00:00\",\"breadcrumb\":{\"@id\":\"https:\/\/stafit.ee\/ru\/tovar\/planam-%d0%bf%d0%be%d0%bb%d1%83%d0%ba%d0%be%d0%bc%d0%b1%d0%b8%d0%bd%d0%b5%d0%b7%d0%be%d0%bd-%d1%81%d0%b2%d0%b0%d1%80%d1%89%d0%b8%d0%ba%d0%b0-weld-shield-%d1%81%d0%b8%d0%bd%d0%b8%d0%b9-%d1%87%d0%b5\/#breadcrumb\"},\"inLanguage\":\"ru-RU\",\"potentialAction\":[{\"@type\":\"ReadAction\",\"target\":[\"https:\/\/stafit.ee\/ru\/tovar\/planam-%d0%bf%d0%be%d0%bb%d1%83%d0%ba%d0%be%d0%bc%d0%b1%d0%b8%d0%bd%d0%b5%d0%b7%d0%be%d0%bd-%d1%81%d0%b2%d0%b0%d1%80%d1%89%d0%b8%d0%ba%d0%b0-weld-shield-%d1%81%d0%b8%d0%bd%d0%b8%d0%b9-%d1%87%d0%b5\/\"]}]},{\"@type\":\"ImageObject\",\"inLanguage\":\"ru-RU\",\"@id\":\"https:\/\/stafit.ee\/ru\/tovar\/planam-%d0%bf%d0%be%d0%bb%d1%83%d0%ba%d0%be%d0%bc%d0%b1%d0%b8%d0%bd%d0%b5%d0%b7%d0%be%d0%bd-%d1%81%d0%b2%d0%b0%d1%80%d1%89%d0%b8%d0%ba%d0%b0-weld-shield-%d1%81%d0%b8%d0%bd%d0%b8%d0%b9-%d1%87%d0%b5\/#primaryimage\",\"url\":\"https:\/\/stafit.ee\/wp-content\/uploads\/2021\/01\/5531_001.jpg\",\"contentUrl\":\"https:\/\/stafit.ee\/wp-content\/uploads\/2021\/01\/5531_001.jpg\",\"width\":2200,\"height\":2200},{\"@type\":\"BreadcrumbList\",\"@id\":\"https:\/\/stafit.ee\/ru\/tovar\/planam-%d0%bf%d0%be%d0%bb%d1%83%d0%ba%d0%be%d0%bc%d0%b1%d0%b8%d0%bd%d0%b5%d0%b7%d0%be%d0%bd-%d1%81%d0%b2%d0%b0%d1%80%d1%89%d0%b8%d0%ba%d0%b0-weld-shield-%d1%81%d0%b8%d0%bd%d0%b8%d0%b9-%d1%87%d0%b5\/#breadcrumb\",\"itemListElement\":[{\"@type\":\"ListItem\",\"position\":1,\"name\":\"Home\",\"item\":\"https:\/\/stafit.ee\/ru\/\"},{\"@type\":\"ListItem\",\"position\":2,\"name\":\"\u041c\u0430\u0433\u0430\u0437\u0438\u043d\",\"item\":\"https:\/\/stafit.ee\/ru\/pood\/\"},{\"@type\":\"ListItem\",\"position\":3,\"name\":\"Planam \u043f\u043e\u043b\u0443\u043a\u043e\u043c\u0431\u0438\u043d\u0435\u0437\u043e\u043d \u0441\u0432\u0430\u0440\u0449\u0438\u043a\u0430 Weld Shield \u0441\u0438\u043d\u0438\u0439\/\u0447\u0435\u0440\u043d\u044b\u0439\"}]},{\"@type\":\"WebSite\",\"@id\":\"https:\/\/stafit.ee\/#website\",\"url\":\"https:\/\/stafit.ee\/\",\"name\":\"Stafit O\u00dc\",\"description\":\"T\u00f6\u00f6riete ja ohutusvahendite jae ja hulgim\u00fc\u00fck\",\"potentialAction\":[{\"@type\":\"SearchAction\",\"target\":{\"@type\":\"EntryPoint\",\"urlTemplate\":\"https:\/\/stafit.ee\/?s={search_term_string}\"},\"query-input\":{\"@type\":\"PropertyValueSpecification\",\"valueRequired\":true,\"valueName\":\"search_term_string\"}}],\"inLanguage\":\"ru-RU\"}]}<\/script>\n<!-- \/ Yoast SEO plugin. -->","yoast_head_json":{"title":"Planam \u043f\u043e\u043b\u0443\u043a\u043e\u043c\u0431\u0438\u043d\u0435\u0437\u043e\u043d \u0441\u0432\u0430\u0440\u0449\u0438\u043a\u0430 Weld Shield \u0441\u0438\u043d\u0438\u0439\/\u0447\u0435\u0440\u043d\u044b\u0439 - Stafit O\u00dc","robots":{"index":"index","follow":"follow","max-snippet":"max-snippet:-1","max-image-preview":"max-image-preview:large","max-video-preview":"max-video-preview:-1"},"canonical":"https:\/\/stafit.ee\/ru\/tovar\/planam-\u043f\u043e\u043b\u0443\u043a\u043e\u043c\u0431\u0438\u043d\u0435\u0437\u043e\u043d-\u0441\u0432\u0430\u0440\u0449\u0438\u043a\u0430-weld-shield-\u0441\u0438\u043d\u0438\u0439-\u0447\u0435\/","og_locale":"ru_RU","og_type":"article","og_title":"Planam \u043f\u043e\u043b\u0443\u043a\u043e\u043c\u0431\u0438\u043d\u0435\u0437\u043e\u043d \u0441\u0432\u0430\u0440\u0449\u0438\u043a\u0430 Weld Shield \u0441\u0438\u043d\u0438\u0439\/\u0447\u0435\u0440\u043d\u044b\u0439 - Stafit O\u00dc","og_description":"84 % \u0445\u043b\u043e\u043f\u043e\u043a, 15 % \u043f\u043e\u043b\u0438\u044d\u0441\u0442\u0435\u0440, 1 % \u0443\u0433\u043b\u0435\u0440\u043e\u0434\u043d\u043e\u0435 \u0432\u043e\u043b\u043e\u043a\u043d\u043e \u0430\u043d\u0442\u0438\u0441\u0442\u0430\u0442\u0438\u0447\u0435\u0441\u043a\u0438\u0435 \u0432\u043e\u043b\u043e\u043a\u043d\u0430, 365 \u0433\/\u043c\u00b2, \u0430\u043d\u0442\u0438\u0441\u0442\u0430\u0442\u0438\u0447\u0435\u0441\u043a\u0430\u044f, \u043e\u0433\u043d\u0435\u0443\u043f\u043e\u0440\u043d\u0430\u044f \u0444\u0438\u043d\u0438\u0448\u043d\u0430\u044f \u043e\u0431\u0440\u0430\u0431\u043e\u0442\u043a\u0430 EN ISO 11611, class 1, A1 EN ISO 11612, A1, B1, C1, E3, F1 EN 1149-5 \u044d\u043b\u0430\u0441\u0442\u0438\u0447\u043d\u044b\u0439 \u043f\u043e\u044f\u0441, \u0440\u0435\u0433\u0443\u043b\u0438\u0440\u0443\u044e\u0449\u0438\u0439\u0441\u044f \u0441 \u043f\u043e\u043c\u043e\u0449\u044c\u044e \u043f\u0443\u0433\u043e\u0432\u0438\u0446 \u044d\u043b\u0430\u0441\u0442\u0438\u0447\u043d\u044b\u0435 \u043b\u044f\u043c\u043a\u0438 \u0441 \u0440\u0435\u0433\u0443\u043b\u0438\u0440\u043e\u0432\u043a\u043e\u0439 \u0434\u043b\u0438\u043d\u044b \u043d\u0430\u0433\u0440\u0443\u0434\u043d\u044b\u0439 \u043a\u0430\u0440\u043c\u0430\u043d \u0441 \u043a\u043b\u0430\u043f\u0430\u043d\u043e\u043c 2 \u043f\u0435\u0440\u0435\u0434\u043d\u0438\u0445 \u043a\u0430\u0440\u043c\u0430\u043d\u0430 \u043d\u0430 \u043a\u043d\u043e\u043f\u043a\u0430\u0445 \u043d\u0430\u0431\u0435\u0434\u0440\u0435\u043d\u043d\u044b\u0439...","og_url":"https:\/\/stafit.ee\/ru\/tovar\/planam-\u043f\u043e\u043b\u0443\u043a\u043e\u043c\u0431\u0438\u043d\u0435\u0437\u043e\u043d-\u0441\u0432\u0430\u0440\u0449\u0438\u043a\u0430-weld-shield-\u0441\u0438\u043d\u0438\u0439-\u0447\u0435\/","og_site_name":"Stafit O\u00dc","article_modified_time":"2026-04-08T15:17:17+00:00","twitter_card":"summary_large_image","schema":{"@context":"https:\/\/schema.org","@graph":[{"@type":"WebPage","@id":"https:\/\/stafit.ee\/ru\/tovar\/planam-%d0%bf%d0%be%d0%bb%d1%83%d0%ba%d0%be%d0%bc%d0%b1%d0%b8%d0%bd%d0%b5%d0%b7%d0%be%d0%bd-%d1%81%d0%b2%d0%b0%d1%80%d1%89%d0%b8%d0%ba%d0%b0-weld-shield-%d1%81%d0%b8%d0%bd%d0%b8%d0%b9-%d1%87%d0%b5\/","url":"https:\/\/stafit.ee\/ru\/tovar\/planam-%d0%bf%d0%be%d0%bb%d1%83%d0%ba%d0%be%d0%bc%d0%b1%d0%b8%d0%bd%d0%b5%d0%b7%d0%be%d0%bd-%d1%81%d0%b2%d0%b0%d1%80%d1%89%d0%b8%d0%ba%d0%b0-weld-shield-%d1%81%d0%b8%d0%bd%d0%b8%d0%b9-%d1%87%d0%b5\/","name":"Planam \u043f\u043e\u043b\u0443\u043a\u043e\u043c\u0431\u0438\u043d\u0435\u0437\u043e\u043d \u0441\u0432\u0430\u0440\u0449\u0438\u043a\u0430 Weld Shield \u0441\u0438\u043d\u0438\u0439\/\u0447\u0435\u0440\u043d\u044b\u0439 - Stafit O\u00dc","isPartOf":{"@id":"https:\/\/stafit.ee\/#website"},"primaryImageOfPage":{"@id":"https:\/\/stafit.ee\/ru\/tovar\/planam-%d0%bf%d0%be%d0%bb%d1%83%d0%ba%d0%be%d0%bc%d0%b1%d0%b8%d0%bd%d0%b5%d0%b7%d0%be%d0%bd-%d1%81%d0%b2%d0%b0%d1%80%d1%89%d0%b8%d0%ba%d0%b0-weld-shield-%d1%81%d0%b8%d0%bd%d0%b8%d0%b9-%d1%87%d0%b5\/#primaryimage"},"image":{"@id":"https:\/\/stafit.ee\/ru\/tovar\/planam-%d0%bf%d0%be%d0%bb%d1%83%d0%ba%d0%be%d0%bc%d0%b1%d0%b8%d0%bd%d0%b5%d0%b7%d0%be%d0%bd-%d1%81%d0%b2%d0%b0%d1%80%d1%89%d0%b8%d0%ba%d0%b0-weld-shield-%d1%81%d0%b8%d0%bd%d0%b8%d0%b9-%d1%87%d0%b5\/#primaryimage"},"thumbnailUrl":"https:\/\/stafit.ee\/wp-content\/uploads\/2021\/01\/5531_001.jpg","datePublished":"2021-01-27T06:00:29+00:00","dateModified":"2026-04-08T15:17:17+00:00","breadcrumb":{"@id":"https:\/\/stafit.ee\/ru\/tovar\/planam-%d0%bf%d0%be%d0%bb%d1%83%d0%ba%d0%be%d0%bc%d0%b1%d0%b8%d0%bd%d0%b5%d0%b7%d0%be%d0%bd-%d1%81%d0%b2%d0%b0%d1%80%d1%89%d0%b8%d0%ba%d0%b0-weld-shield-%d1%81%d0%b8%d0%bd%d0%b8%d0%b9-%d1%87%d0%b5\/#breadcrumb"},"inLanguage":"ru-RU","potentialAction":[{"@type":"ReadAction","target":["https:\/\/stafit.ee\/ru\/tovar\/planam-%d0%bf%d0%be%d0%bb%d1%83%d0%ba%d0%be%d0%bc%d0%b1%d0%b8%d0%bd%d0%b5%d0%b7%d0%be%d0%bd-%d1%81%d0%b2%d0%b0%d1%80%d1%89%d0%b8%d0%ba%d0%b0-weld-shield-%d1%81%d0%b8%d0%bd%d0%b8%d0%b9-%d1%87%d0%b5\/"]}]},{"@type":"ImageObject","inLanguage":"ru-RU","@id":"https:\/\/stafit.ee\/ru\/tovar\/planam-%d0%bf%d0%be%d0%bb%d1%83%d0%ba%d0%be%d0%bc%d0%b1%d0%b8%d0%bd%d0%b5%d0%b7%d0%be%d0%bd-%d1%81%d0%b2%d0%b0%d1%80%d1%89%d0%b8%d0%ba%d0%b0-weld-shield-%d1%81%d0%b8%d0%bd%d0%b8%d0%b9-%d1%87%d0%b5\/#primaryimage","url":"https:\/\/stafit.ee\/wp-content\/uploads\/2021\/01\/5531_001.jpg","contentUrl":"https:\/\/stafit.ee\/wp-content\/uploads\/2021\/01\/5531_001.jpg","width":2200,"height":2200},{"@type":"BreadcrumbList","@id":"https:\/\/stafit.ee\/ru\/tovar\/planam-%d0%bf%d0%be%d0%bb%d1%83%d0%ba%d0%be%d0%bc%d0%b1%d0%b8%d0%bd%d0%b5%d0%b7%d0%be%d0%bd-%d1%81%d0%b2%d0%b0%d1%80%d1%89%d0%b8%d0%ba%d0%b0-weld-shield-%d1%81%d0%b8%d0%bd%d0%b8%d0%b9-%d1%87%d0%b5\/#breadcrumb","itemListElement":[{"@type":"ListItem","position":1,"name":"Home","item":"https:\/\/stafit.ee\/ru\/"},{"@type":"ListItem","position":2,"name":"\u041c\u0430\u0433\u0430\u0437\u0438\u043d","item":"https:\/\/stafit.ee\/ru\/pood\/"},{"@type":"ListItem","position":3,"name":"Planam \u043f\u043e\u043b\u0443\u043a\u043e\u043c\u0431\u0438\u043d\u0435\u0437\u043e\u043d \u0441\u0432\u0430\u0440\u0449\u0438\u043a\u0430 Weld Shield \u0441\u0438\u043d\u0438\u0439\/\u0447\u0435\u0440\u043d\u044b\u0439"}]},{"@type":"WebSite","@id":"https:\/\/stafit.ee\/#website","url":"https:\/\/stafit.ee\/","name":"Stafit O\u00dc","description":"T\u00f6\u00f6riete ja ohutusvahendite jae ja hulgim\u00fc\u00fck","potentialAction":[{"@type":"SearchAction","target":{"@type":"EntryPoint","urlTemplate":"https:\/\/stafit.ee\/?s={search_term_string}"},"query-input":{"@type":"PropertyValueSpecification","valueRequired":true,"valueName":"search_term_string"}}],"inLanguage":"ru-RU"}]}},"brands":[{"id":328,"name":"Planam","slug":"planam"}],"_links":{"self":[{"href":"https:\/\/stafit.ee\/ru\/wp-json\/wp\/v2\/product\/14257","targetHints":{"allow":["GET"]}}],"collection":[{"href":"https:\/\/stafit.ee\/ru\/wp-json\/wp\/v2\/product"}],"about":[{"href":"https:\/\/stafit.ee\/ru\/wp-json\/wp\/v2\/types\/product"}],"wp:featuredmedia":[{"embeddable":true,"href":"https:\/\/stafit.ee\/ru\/wp-json\/wp\/v2\/media\/14244"}],"wp:attachment":[{"href":"https:\/\/stafit.ee\/ru\/wp-json\/wp\/v2\/media?parent=14257"}],"wp:term":[{"taxonomy":"pwb-brand","embeddable":true,"href":"https:\/\/stafit.ee\/ru\/wp-json\/wp\/v2\/pwb-brand?post=14257"},{"taxonomy":"product_brand","embeddable":true,"href":"https:\/\/stafit.ee\/ru\/wp-json\/wp\/v2\/product_brand?post=14257"},{"taxonomy":"product_cat","embeddable":true,"href":"https:\/\/stafit.ee\/ru\/wp-json\/wp\/v2\/product_cat?post=14257"},{"taxonomy":"product_tag","embeddable":true,"href":"https:\/\/stafit.ee\/ru\/wp-json\/wp\/v2\/product_tag?post=14257"}],"curies":[{"name":"wp","href":"https:\/\/api.w.org\/{rel}","templated":true}]}}