{"id":14037,"date":"2021-01-21T08:00:37","date_gmt":"2021-01-21T06:00:37","guid":{"rendered":"https:\/\/stafit.ee\/toode\/%d0%bf%d0%be%d0%bb%d1%83%d1%84%d0%b0%d1%80%d1%82%d1%83%d0%ba-85%d1%85100-%d0%b1%d0%be%d1%80%d0%b4%d0%be%d0%b2%d1%8b%d0%b9-%d1%81-%d0%be%d0%b4%d0%bd%d0%b8%d0%bc-%d0%ba%d0%b0%d1%80%d0%bc%d0%b0%d0%bd\/"},"modified":"2026-04-08T18:20:50","modified_gmt":"2026-04-08T15:20:50","slug":"%d0%bf%d0%be%d0%bb%d1%83%d1%84%d0%b0%d1%80%d1%82%d1%83%d0%ba-85%d1%85100-%d0%b1%d0%be%d1%80%d0%b4%d0%be%d0%b2%d1%8b%d0%b9-%d1%81-%d0%be%d0%b4%d0%bd%d0%b8%d0%bc-%d0%ba%d0%b0%d1%80%d0%bc%d0%b0%d0%bd","status":"publish","type":"product","link":"https:\/\/stafit.ee\/ru\/tovar\/%d0%bf%d0%be%d0%bb%d1%83%d1%84%d0%b0%d1%80%d1%82%d1%83%d0%ba-85%d1%85100-%d0%b1%d0%be%d1%80%d0%b4%d0%be%d0%b2%d1%8b%d0%b9-%d1%81-%d0%be%d0%b4%d0%bd%d0%b8%d0%bc-%d0%ba%d0%b0%d1%80%d0%bc%d0%b0%d0%bd\/","title":{"rendered":"\u041f\u043e\u043b\u0443\u0444\u0430\u0440\u0442\u0443\u043a 85\u0445100 \u0431\u043e\u0440\u0434\u043e\u0432\u044b\u0439 \u0441 \u043e\u0434\u043d\u0438\u043c \u043a\u0430\u0440\u043c\u0430\u043d\u043e\u043c"},"content":{"rendered":"<ul>\n<li>65% \u043f\u043e\u043b\u0438\u044d\u0441\u0442\u0435\u0440\/35% \u0445\u043b\u043e\u043f\u043e\u043a, 190 \u0433\/\u043c\u00b2<\/li>\n<li>85 \u0441\u043c \u0434\u043b\u0438\u043d\u0430, 100 \u0441\u043c \u0448\u0438\u0440\u0438\u043d\u0430<\/li>\n<li>1 \u043a\u0430\u0440\u043c\u0430\u043d<\/li>\n<\/ul>\n","protected":false},"excerpt":{"rendered":"<p>65% \u043f\u043e\u043b\u0438\u044d\u0441\u0442\u0435\u0440\/35% \u0445\u043b\u043e\u043f\u043e\u043a, 190 \u0433\/\u043c\u00b2 85 \u0441\u043c \u0434\u043b\u0438\u043d\u0430, 100 \u0441\u043c \u0448\u0438\u0440\u0438\u043d\u0430 1 \u043a\u0430\u0440\u043c\u0430\u043d<\/p>\n","protected":false},"featured_media":14033,"template":"","meta":[],"pwb-brand":[],"product_brand":[],"product_cat":[574],"product_tag":[],"class_list":{"0":"post-14037","1":"product","2":"type-product","3":"status-publish","4":"has-post-thumbnail","6":"product_cat-574","8":"first","9":"instock","10":"taxable","11":"shipping-taxable","12":"purchasable","13":"product-type-simple"},"yoast_head":"<!-- This site is optimized with the Yoast SEO plugin v27.0 - https:\/\/yoast.com\/product\/yoast-seo-wordpress\/ -->\n<title>\u041f\u043e\u043b\u0443\u0444\u0430\u0440\u0442\u0443\u043a 85\u0445100 \u0431\u043e\u0440\u0434\u043e\u0432\u044b\u0439 \u0441 \u043e\u0434\u043d\u0438\u043c \u043a\u0430\u0440\u043c\u0430\u043d\u043e\u043c - Stafit O\u00dc<\/title>\n<meta name=\"robots\" content=\"index, follow, max-snippet:-1, max-image-preview:large, max-video-preview:-1\" \/>\n<link rel=\"canonical\" href=\"https:\/\/stafit.ee\/ru\/tovar\/\u043f\u043e\u043b\u0443\u0444\u0430\u0440\u0442\u0443\u043a-85\u0445100-\u0431\u043e\u0440\u0434\u043e\u0432\u044b\u0439-\u0441-\u043e\u0434\u043d\u0438\u043c-\u043a\u0430\u0440\u043c\u0430\u043d\/\" \/>\n<meta property=\"og:locale\" content=\"ru_RU\" \/>\n<meta property=\"og:type\" content=\"article\" \/>\n<meta property=\"og:title\" content=\"\u041f\u043e\u043b\u0443\u0444\u0430\u0440\u0442\u0443\u043a 85\u0445100 \u0431\u043e\u0440\u0434\u043e\u0432\u044b\u0439 \u0441 \u043e\u0434\u043d\u0438\u043c \u043a\u0430\u0440\u043c\u0430\u043d\u043e\u043c - Stafit O\u00dc\" \/>\n<meta property=\"og:description\" content=\"65% \u043f\u043e\u043b\u0438\u044d\u0441\u0442\u0435\u0440\/35% \u0445\u043b\u043e\u043f\u043e\u043a, 190 \u0433\/\u043c\u00b2 85 \u0441\u043c \u0434\u043b\u0438\u043d\u0430, 100 \u0441\u043c \u0448\u0438\u0440\u0438\u043d\u0430 1 \u043a\u0430\u0440\u043c\u0430\u043d\" \/>\n<meta property=\"og:url\" content=\"https:\/\/stafit.ee\/ru\/tovar\/\u043f\u043e\u043b\u0443\u0444\u0430\u0440\u0442\u0443\u043a-85\u0445100-\u0431\u043e\u0440\u0434\u043e\u0432\u044b\u0439-\u0441-\u043e\u0434\u043d\u0438\u043c-\u043a\u0430\u0440\u043c\u0430\u043d\/\" \/>\n<meta property=\"og:site_name\" content=\"Stafit O\u00dc\" \/>\n<meta property=\"article:modified_time\" content=\"2026-04-08T15:20:50+00:00\" \/>\n<meta name=\"twitter:card\" content=\"summary_large_image\" \/>\n<script type=\"application\/ld+json\" class=\"yoast-schema-graph\">{\"@context\":\"https:\/\/schema.org\",\"@graph\":[{\"@type\":\"WebPage\",\"@id\":\"https:\/\/stafit.ee\/ru\/tovar\/%d0%bf%d0%be%d0%bb%d1%83%d1%84%d0%b0%d1%80%d1%82%d1%83%d0%ba-85%d1%85100-%d0%b1%d0%be%d1%80%d0%b4%d0%be%d0%b2%d1%8b%d0%b9-%d1%81-%d0%be%d0%b4%d0%bd%d0%b8%d0%bc-%d0%ba%d0%b0%d1%80%d0%bc%d0%b0%d0%bd\/\",\"url\":\"https:\/\/stafit.ee\/ru\/tovar\/%d0%bf%d0%be%d0%bb%d1%83%d1%84%d0%b0%d1%80%d1%82%d1%83%d0%ba-85%d1%85100-%d0%b1%d0%be%d1%80%d0%b4%d0%be%d0%b2%d1%8b%d0%b9-%d1%81-%d0%be%d0%b4%d0%bd%d0%b8%d0%bc-%d0%ba%d0%b0%d1%80%d0%bc%d0%b0%d0%bd\/\",\"name\":\"\u041f\u043e\u043b\u0443\u0444\u0430\u0440\u0442\u0443\u043a 85\u0445100 \u0431\u043e\u0440\u0434\u043e\u0432\u044b\u0439 \u0441 \u043e\u0434\u043d\u0438\u043c \u043a\u0430\u0440\u043c\u0430\u043d\u043e\u043c - Stafit O\u00dc\",\"isPartOf\":{\"@id\":\"https:\/\/stafit.ee\/#website\"},\"primaryImageOfPage\":{\"@id\":\"https:\/\/stafit.ee\/ru\/tovar\/%d0%bf%d0%be%d0%bb%d1%83%d1%84%d0%b0%d1%80%d1%82%d1%83%d0%ba-85%d1%85100-%d0%b1%d0%be%d1%80%d0%b4%d0%be%d0%b2%d1%8b%d0%b9-%d1%81-%d0%be%d0%b4%d0%bd%d0%b8%d0%bc-%d0%ba%d0%b0%d1%80%d0%bc%d0%b0%d0%bd\/#primaryimage\"},\"image\":{\"@id\":\"https:\/\/stafit.ee\/ru\/tovar\/%d0%bf%d0%be%d0%bb%d1%83%d1%84%d0%b0%d1%80%d1%82%d1%83%d0%ba-85%d1%85100-%d0%b1%d0%be%d1%80%d0%b4%d0%be%d0%b2%d1%8b%d0%b9-%d1%81-%d0%be%d0%b4%d0%bd%d0%b8%d0%bc-%d0%ba%d0%b0%d1%80%d0%bc%d0%b0%d0%bd\/#primaryimage\"},\"thumbnailUrl\":\"https:\/\/stafit.ee\/wp-content\/uploads\/2021\/01\/poolpoll-80x100-kirsipunane.jpg\",\"datePublished\":\"2021-01-21T06:00:37+00:00\",\"dateModified\":\"2026-04-08T15:20:50+00:00\",\"breadcrumb\":{\"@id\":\"https:\/\/stafit.ee\/ru\/tovar\/%d0%bf%d0%be%d0%bb%d1%83%d1%84%d0%b0%d1%80%d1%82%d1%83%d0%ba-85%d1%85100-%d0%b1%d0%be%d1%80%d0%b4%d0%be%d0%b2%d1%8b%d0%b9-%d1%81-%d0%be%d0%b4%d0%bd%d0%b8%d0%bc-%d0%ba%d0%b0%d1%80%d0%bc%d0%b0%d0%bd\/#breadcrumb\"},\"inLanguage\":\"ru-RU\",\"potentialAction\":[{\"@type\":\"ReadAction\",\"target\":[\"https:\/\/stafit.ee\/ru\/tovar\/%d0%bf%d0%be%d0%bb%d1%83%d1%84%d0%b0%d1%80%d1%82%d1%83%d0%ba-85%d1%85100-%d0%b1%d0%be%d1%80%d0%b4%d0%be%d0%b2%d1%8b%d0%b9-%d1%81-%d0%be%d0%b4%d0%bd%d0%b8%d0%bc-%d0%ba%d0%b0%d1%80%d0%bc%d0%b0%d0%bd\/\"]}]},{\"@type\":\"ImageObject\",\"inLanguage\":\"ru-RU\",\"@id\":\"https:\/\/stafit.ee\/ru\/tovar\/%d0%bf%d0%be%d0%bb%d1%83%d1%84%d0%b0%d1%80%d1%82%d1%83%d0%ba-85%d1%85100-%d0%b1%d0%be%d1%80%d0%b4%d0%be%d0%b2%d1%8b%d0%b9-%d1%81-%d0%be%d0%b4%d0%bd%d0%b8%d0%bc-%d0%ba%d0%b0%d1%80%d0%bc%d0%b0%d0%bd\/#primaryimage\",\"url\":\"https:\/\/stafit.ee\/wp-content\/uploads\/2021\/01\/poolpoll-80x100-kirsipunane.jpg\",\"contentUrl\":\"https:\/\/stafit.ee\/wp-content\/uploads\/2021\/01\/poolpoll-80x100-kirsipunane.jpg\",\"width\":2200,\"height\":2200},{\"@type\":\"BreadcrumbList\",\"@id\":\"https:\/\/stafit.ee\/ru\/tovar\/%d0%bf%d0%be%d0%bb%d1%83%d1%84%d0%b0%d1%80%d1%82%d1%83%d0%ba-85%d1%85100-%d0%b1%d0%be%d1%80%d0%b4%d0%be%d0%b2%d1%8b%d0%b9-%d1%81-%d0%be%d0%b4%d0%bd%d0%b8%d0%bc-%d0%ba%d0%b0%d1%80%d0%bc%d0%b0%d0%bd\/#breadcrumb\",\"itemListElement\":[{\"@type\":\"ListItem\",\"position\":1,\"name\":\"Home\",\"item\":\"https:\/\/stafit.ee\/ru\/\"},{\"@type\":\"ListItem\",\"position\":2,\"name\":\"\u041c\u0430\u0433\u0430\u0437\u0438\u043d\",\"item\":\"https:\/\/stafit.ee\/ru\/pood\/\"},{\"@type\":\"ListItem\",\"position\":3,\"name\":\"\u041f\u043e\u043b\u0443\u0444\u0430\u0440\u0442\u0443\u043a 85\u0445100 \u0431\u043e\u0440\u0434\u043e\u0432\u044b\u0439 \u0441 \u043e\u0434\u043d\u0438\u043c \u043a\u0430\u0440\u043c\u0430\u043d\u043e\u043c\"}]},{\"@type\":\"WebSite\",\"@id\":\"https:\/\/stafit.ee\/#website\",\"url\":\"https:\/\/stafit.ee\/\",\"name\":\"Stafit O\u00dc\",\"description\":\"T\u00f6\u00f6riete ja ohutusvahendite jae ja hulgim\u00fc\u00fck\",\"potentialAction\":[{\"@type\":\"SearchAction\",\"target\":{\"@type\":\"EntryPoint\",\"urlTemplate\":\"https:\/\/stafit.ee\/?s={search_term_string}\"},\"query-input\":{\"@type\":\"PropertyValueSpecification\",\"valueRequired\":true,\"valueName\":\"search_term_string\"}}],\"inLanguage\":\"ru-RU\"}]}<\/script>\n<!-- \/ Yoast SEO plugin. -->","yoast_head_json":{"title":"\u041f\u043e\u043b\u0443\u0444\u0430\u0440\u0442\u0443\u043a 85\u0445100 \u0431\u043e\u0440\u0434\u043e\u0432\u044b\u0439 \u0441 \u043e\u0434\u043d\u0438\u043c \u043a\u0430\u0440\u043c\u0430\u043d\u043e\u043c - Stafit O\u00dc","robots":{"index":"index","follow":"follow","max-snippet":"max-snippet:-1","max-image-preview":"max-image-preview:large","max-video-preview":"max-video-preview:-1"},"canonical":"https:\/\/stafit.ee\/ru\/tovar\/\u043f\u043e\u043b\u0443\u0444\u0430\u0440\u0442\u0443\u043a-85\u0445100-\u0431\u043e\u0440\u0434\u043e\u0432\u044b\u0439-\u0441-\u043e\u0434\u043d\u0438\u043c-\u043a\u0430\u0440\u043c\u0430\u043d\/","og_locale":"ru_RU","og_type":"article","og_title":"\u041f\u043e\u043b\u0443\u0444\u0430\u0440\u0442\u0443\u043a 85\u0445100 \u0431\u043e\u0440\u0434\u043e\u0432\u044b\u0439 \u0441 \u043e\u0434\u043d\u0438\u043c \u043a\u0430\u0440\u043c\u0430\u043d\u043e\u043c - Stafit O\u00dc","og_description":"65% \u043f\u043e\u043b\u0438\u044d\u0441\u0442\u0435\u0440\/35% \u0445\u043b\u043e\u043f\u043e\u043a, 190 \u0433\/\u043c\u00b2 85 \u0441\u043c \u0434\u043b\u0438\u043d\u0430, 100 \u0441\u043c \u0448\u0438\u0440\u0438\u043d\u0430 1 \u043a\u0430\u0440\u043c\u0430\u043d","og_url":"https:\/\/stafit.ee\/ru\/tovar\/\u043f\u043e\u043b\u0443\u0444\u0430\u0440\u0442\u0443\u043a-85\u0445100-\u0431\u043e\u0440\u0434\u043e\u0432\u044b\u0439-\u0441-\u043e\u0434\u043d\u0438\u043c-\u043a\u0430\u0440\u043c\u0430\u043d\/","og_site_name":"Stafit O\u00dc","article_modified_time":"2026-04-08T15:20:50+00:00","twitter_card":"summary_large_image","schema":{"@context":"https:\/\/schema.org","@graph":[{"@type":"WebPage","@id":"https:\/\/stafit.ee\/ru\/tovar\/%d0%bf%d0%be%d0%bb%d1%83%d1%84%d0%b0%d1%80%d1%82%d1%83%d0%ba-85%d1%85100-%d0%b1%d0%be%d1%80%d0%b4%d0%be%d0%b2%d1%8b%d0%b9-%d1%81-%d0%be%d0%b4%d0%bd%d0%b8%d0%bc-%d0%ba%d0%b0%d1%80%d0%bc%d0%b0%d0%bd\/","url":"https:\/\/stafit.ee\/ru\/tovar\/%d0%bf%d0%be%d0%bb%d1%83%d1%84%d0%b0%d1%80%d1%82%d1%83%d0%ba-85%d1%85100-%d0%b1%d0%be%d1%80%d0%b4%d0%be%d0%b2%d1%8b%d0%b9-%d1%81-%d0%be%d0%b4%d0%bd%d0%b8%d0%bc-%d0%ba%d0%b0%d1%80%d0%bc%d0%b0%d0%bd\/","name":"\u041f\u043e\u043b\u0443\u0444\u0430\u0440\u0442\u0443\u043a 85\u0445100 \u0431\u043e\u0440\u0434\u043e\u0432\u044b\u0439 \u0441 \u043e\u0434\u043d\u0438\u043c \u043a\u0430\u0440\u043c\u0430\u043d\u043e\u043c - Stafit O\u00dc","isPartOf":{"@id":"https:\/\/stafit.ee\/#website"},"primaryImageOfPage":{"@id":"https:\/\/stafit.ee\/ru\/tovar\/%d0%bf%d0%be%d0%bb%d1%83%d1%84%d0%b0%d1%80%d1%82%d1%83%d0%ba-85%d1%85100-%d0%b1%d0%be%d1%80%d0%b4%d0%be%d0%b2%d1%8b%d0%b9-%d1%81-%d0%be%d0%b4%d0%bd%d0%b8%d0%bc-%d0%ba%d0%b0%d1%80%d0%bc%d0%b0%d0%bd\/#primaryimage"},"image":{"@id":"https:\/\/stafit.ee\/ru\/tovar\/%d0%bf%d0%be%d0%bb%d1%83%d1%84%d0%b0%d1%80%d1%82%d1%83%d0%ba-85%d1%85100-%d0%b1%d0%be%d1%80%d0%b4%d0%be%d0%b2%d1%8b%d0%b9-%d1%81-%d0%be%d0%b4%d0%bd%d0%b8%d0%bc-%d0%ba%d0%b0%d1%80%d0%bc%d0%b0%d0%bd\/#primaryimage"},"thumbnailUrl":"https:\/\/stafit.ee\/wp-content\/uploads\/2021\/01\/poolpoll-80x100-kirsipunane.jpg","datePublished":"2021-01-21T06:00:37+00:00","dateModified":"2026-04-08T15:20:50+00:00","breadcrumb":{"@id":"https:\/\/stafit.ee\/ru\/tovar\/%d0%bf%d0%be%d0%bb%d1%83%d1%84%d0%b0%d1%80%d1%82%d1%83%d0%ba-85%d1%85100-%d0%b1%d0%be%d1%80%d0%b4%d0%be%d0%b2%d1%8b%d0%b9-%d1%81-%d0%be%d0%b4%d0%bd%d0%b8%d0%bc-%d0%ba%d0%b0%d1%80%d0%bc%d0%b0%d0%bd\/#breadcrumb"},"inLanguage":"ru-RU","potentialAction":[{"@type":"ReadAction","target":["https:\/\/stafit.ee\/ru\/tovar\/%d0%bf%d0%be%d0%bb%d1%83%d1%84%d0%b0%d1%80%d1%82%d1%83%d0%ba-85%d1%85100-%d0%b1%d0%be%d1%80%d0%b4%d0%be%d0%b2%d1%8b%d0%b9-%d1%81-%d0%be%d0%b4%d0%bd%d0%b8%d0%bc-%d0%ba%d0%b0%d1%80%d0%bc%d0%b0%d0%bd\/"]}]},{"@type":"ImageObject","inLanguage":"ru-RU","@id":"https:\/\/stafit.ee\/ru\/tovar\/%d0%bf%d0%be%d0%bb%d1%83%d1%84%d0%b0%d1%80%d1%82%d1%83%d0%ba-85%d1%85100-%d0%b1%d0%be%d1%80%d0%b4%d0%be%d0%b2%d1%8b%d0%b9-%d1%81-%d0%be%d0%b4%d0%bd%d0%b8%d0%bc-%d0%ba%d0%b0%d1%80%d0%bc%d0%b0%d0%bd\/#primaryimage","url":"https:\/\/stafit.ee\/wp-content\/uploads\/2021\/01\/poolpoll-80x100-kirsipunane.jpg","contentUrl":"https:\/\/stafit.ee\/wp-content\/uploads\/2021\/01\/poolpoll-80x100-kirsipunane.jpg","width":2200,"height":2200},{"@type":"BreadcrumbList","@id":"https:\/\/stafit.ee\/ru\/tovar\/%d0%bf%d0%be%d0%bb%d1%83%d1%84%d0%b0%d1%80%d1%82%d1%83%d0%ba-85%d1%85100-%d0%b1%d0%be%d1%80%d0%b4%d0%be%d0%b2%d1%8b%d0%b9-%d1%81-%d0%be%d0%b4%d0%bd%d0%b8%d0%bc-%d0%ba%d0%b0%d1%80%d0%bc%d0%b0%d0%bd\/#breadcrumb","itemListElement":[{"@type":"ListItem","position":1,"name":"Home","item":"https:\/\/stafit.ee\/ru\/"},{"@type":"ListItem","position":2,"name":"\u041c\u0430\u0433\u0430\u0437\u0438\u043d","item":"https:\/\/stafit.ee\/ru\/pood\/"},{"@type":"ListItem","position":3,"name":"\u041f\u043e\u043b\u0443\u0444\u0430\u0440\u0442\u0443\u043a 85\u0445100 \u0431\u043e\u0440\u0434\u043e\u0432\u044b\u0439 \u0441 \u043e\u0434\u043d\u0438\u043c \u043a\u0430\u0440\u043c\u0430\u043d\u043e\u043c"}]},{"@type":"WebSite","@id":"https:\/\/stafit.ee\/#website","url":"https:\/\/stafit.ee\/","name":"Stafit O\u00dc","description":"T\u00f6\u00f6riete ja ohutusvahendite jae ja hulgim\u00fc\u00fck","potentialAction":[{"@type":"SearchAction","target":{"@type":"EntryPoint","urlTemplate":"https:\/\/stafit.ee\/?s={search_term_string}"},"query-input":{"@type":"PropertyValueSpecification","valueRequired":true,"valueName":"search_term_string"}}],"inLanguage":"ru-RU"}]}},"brands":[],"_links":{"self":[{"href":"https:\/\/stafit.ee\/ru\/wp-json\/wp\/v2\/product\/14037","targetHints":{"allow":["GET"]}}],"collection":[{"href":"https:\/\/stafit.ee\/ru\/wp-json\/wp\/v2\/product"}],"about":[{"href":"https:\/\/stafit.ee\/ru\/wp-json\/wp\/v2\/types\/product"}],"wp:featuredmedia":[{"embeddable":true,"href":"https:\/\/stafit.ee\/ru\/wp-json\/wp\/v2\/media\/14033"}],"wp:attachment":[{"href":"https:\/\/stafit.ee\/ru\/wp-json\/wp\/v2\/media?parent=14037"}],"wp:term":[{"taxonomy":"pwb-brand","embeddable":true,"href":"https:\/\/stafit.ee\/ru\/wp-json\/wp\/v2\/pwb-brand?post=14037"},{"taxonomy":"product_brand","embeddable":true,"href":"https:\/\/stafit.ee\/ru\/wp-json\/wp\/v2\/product_brand?post=14037"},{"taxonomy":"product_cat","embeddable":true,"href":"https:\/\/stafit.ee\/ru\/wp-json\/wp\/v2\/product_cat?post=14037"},{"taxonomy":"product_tag","embeddable":true,"href":"https:\/\/stafit.ee\/ru\/wp-json\/wp\/v2\/product_tag?post=14037"}],"curies":[{"name":"wp","href":"https:\/\/api.w.org\/{rel}","templated":true}]}}