{"id":13672,"date":"2021-01-11T15:00:29","date_gmt":"2021-01-11T13:00:29","guid":{"rendered":"https:\/\/stafit.ee\/toode\/%d0%b2%d1%8f%d0%b7%d0%b0%d0%bd%d0%b0%d1%8f-%d1%88%d0%b0%d0%bf%d0%ba%d0%b0-elysee-%d1%87%d0%b5%d1%80%d0%bd%d0%be-%d1%81%d0%b5%d1%80%d0%b0%d1%8f\/"},"modified":"2026-04-08T18:17:48","modified_gmt":"2026-04-08T15:17:48","slug":"%d0%b2%d1%8f%d0%b7%d0%b0%d0%bd%d0%b0%d1%8f-%d1%88%d0%b0%d0%bf%d0%ba%d0%b0-elysee-%d1%87%d0%b5%d1%80%d0%bd%d0%be-%d1%81%d0%b5%d1%80%d0%b0%d1%8f","status":"publish","type":"product","link":"https:\/\/stafit.ee\/ru\/tovar\/%d0%b2%d1%8f%d0%b7%d0%b0%d0%bd%d0%b0%d1%8f-%d1%88%d0%b0%d0%bf%d0%ba%d0%b0-elysee-%d1%87%d0%b5%d1%80%d0%bd%d0%be-%d1%81%d0%b5%d1%80%d0%b0%d1%8f\/","title":{"rendered":"\u0412\u044f\u0437\u0430\u043d\u0430\u044f \u0448\u0430\u043f\u043a\u0430 Elysee \u0447\u0435\u0440\u043d\u043e-\u0441\u0435\u0440\u0430\u044f"},"content":{"rendered":"<ul>\n<li>\u041c\u0430\u0442\u0435\u0440\u0438\u0430\u043b: 100% \u043f\u043e\u043b\u0438\u0430\u043a\u0440\u0438\u043b<\/li>\n<li>\u043f\u043e\u0434\u043a\u043b\u0430\u0434\u043a\u0430: 100% \u043f\u043e\u043b\u0438\u044d\u0441\u0442\u0435\u0440 (3M\u2122\u00a0Thinsulate\u2122)<\/li>\n<li>\u0448\u0430\u043f\u043a\u0430 \u0441 3M\u2122 Thinsulate\u2122 \u043f\u043e\u0434\u043a\u043b\u0430\u0434\u043a\u043e\u0439 \u0445\u043e\u0440\u043e\u0448\u043e \u0437\u0430\u0449\u0438\u0449\u0430\u0435\u0442 \u0433\u043e\u043b\u043e\u0432\u0443 \u043e\u0442 \u0445\u043e\u043b\u043e\u0434\u0430<\/li>\n<li>\u0440\u0430\u0437\u043c\u0435\u0440: \u0443\u043d\u0438\u0432\u0435\u0440\u0441\u0430\u043b\u044c\u043d\u044b\u0439<\/li>\n<\/ul>\n","protected":false},"excerpt":{"rendered":"<p>\u041c\u0430\u0442\u0435\u0440\u0438\u0430\u043b: 100% \u043f\u043e\u043b\u0438\u0430\u043a\u0440\u0438\u043b \u043f\u043e\u0434\u043a\u043b\u0430\u0434\u043a\u0430: 100% \u043f\u043e\u043b\u0438\u044d\u0441\u0442\u0435\u0440 (3M\u2122\u00a0Thinsulate\u2122) \u0448\u0430\u043f\u043a\u0430 \u0441 3M\u2122 Thinsulate\u2122 \u043f\u043e\u0434\u043a\u043b\u0430\u0434\u043a\u043e\u0439 \u0445\u043e\u0440\u043e\u0448\u043e \u0437\u0430\u0449\u0438\u0449\u0430\u0435\u0442 \u0433\u043e\u043b\u043e\u0432\u0443 \u043e\u0442 \u0445\u043e\u043b\u043e\u0434\u0430 \u0440\u0430\u0437\u043c\u0435\u0440: \u0443\u043d\u0438\u0432\u0435\u0440\u0441\u0430\u043b\u044c\u043d\u044b\u0439<\/p>\n","protected":false},"featured_media":13668,"template":"","meta":[],"pwb-brand":[],"product_brand":[],"product_cat":[875],"product_tag":[],"class_list":{"0":"post-13672","1":"product","2":"type-product","3":"status-publish","4":"has-post-thumbnail","6":"product_cat-875","8":"first","9":"outofstock","10":"taxable","11":"shipping-taxable","12":"purchasable","13":"product-type-simple"},"yoast_head":"<!-- This site is optimized with the Yoast SEO plugin v27.0 - https:\/\/yoast.com\/product\/yoast-seo-wordpress\/ -->\n<title>\u0412\u044f\u0437\u0430\u043d\u0430\u044f \u0448\u0430\u043f\u043a\u0430 Elysee \u0447\u0435\u0440\u043d\u043e-\u0441\u0435\u0440\u0430\u044f - Stafit O\u00dc<\/title>\n<meta name=\"robots\" content=\"index, follow, max-snippet:-1, max-image-preview:large, max-video-preview:-1\" \/>\n<link rel=\"canonical\" href=\"https:\/\/stafit.ee\/ru\/tovar\/\u0432\u044f\u0437\u0430\u043d\u0430\u044f-\u0448\u0430\u043f\u043a\u0430-elysee-\u0447\u0435\u0440\u043d\u043e-\u0441\u0435\u0440\u0430\u044f\/\" \/>\n<meta property=\"og:locale\" content=\"ru_RU\" \/>\n<meta property=\"og:type\" content=\"article\" \/>\n<meta property=\"og:title\" content=\"\u0412\u044f\u0437\u0430\u043d\u0430\u044f \u0448\u0430\u043f\u043a\u0430 Elysee \u0447\u0435\u0440\u043d\u043e-\u0441\u0435\u0440\u0430\u044f - Stafit O\u00dc\" \/>\n<meta property=\"og:description\" content=\"\u041c\u0430\u0442\u0435\u0440\u0438\u0430\u043b: 100% \u043f\u043e\u043b\u0438\u0430\u043a\u0440\u0438\u043b \u043f\u043e\u0434\u043a\u043b\u0430\u0434\u043a\u0430: 100% \u043f\u043e\u043b\u0438\u044d\u0441\u0442\u0435\u0440 (3M\u2122\u00a0Thinsulate\u2122) \u0448\u0430\u043f\u043a\u0430 \u0441 3M\u2122 Thinsulate\u2122 \u043f\u043e\u0434\u043a\u043b\u0430\u0434\u043a\u043e\u0439 \u0445\u043e\u0440\u043e\u0448\u043e \u0437\u0430\u0449\u0438\u0449\u0430\u0435\u0442 \u0433\u043e\u043b\u043e\u0432\u0443 \u043e\u0442 \u0445\u043e\u043b\u043e\u0434\u0430 \u0440\u0430\u0437\u043c\u0435\u0440: \u0443\u043d\u0438\u0432\u0435\u0440\u0441\u0430\u043b\u044c\u043d\u044b\u0439\" \/>\n<meta property=\"og:url\" content=\"https:\/\/stafit.ee\/ru\/tovar\/\u0432\u044f\u0437\u0430\u043d\u0430\u044f-\u0448\u0430\u043f\u043a\u0430-elysee-\u0447\u0435\u0440\u043d\u043e-\u0441\u0435\u0440\u0430\u044f\/\" \/>\n<meta property=\"og:site_name\" content=\"Stafit O\u00dc\" \/>\n<meta property=\"article:modified_time\" content=\"2026-04-08T15:17:48+00:00\" \/>\n<meta name=\"twitter:card\" content=\"summary_large_image\" \/>\n<script type=\"application\/ld+json\" class=\"yoast-schema-graph\">{\"@context\":\"https:\/\/schema.org\",\"@graph\":[{\"@type\":\"WebPage\",\"@id\":\"https:\/\/stafit.ee\/ru\/tovar\/%d0%b2%d1%8f%d0%b7%d0%b0%d0%bd%d0%b0%d1%8f-%d1%88%d0%b0%d0%bf%d0%ba%d0%b0-elysee-%d1%87%d0%b5%d1%80%d0%bd%d0%be-%d1%81%d0%b5%d1%80%d0%b0%d1%8f\/\",\"url\":\"https:\/\/stafit.ee\/ru\/tovar\/%d0%b2%d1%8f%d0%b7%d0%b0%d0%bd%d0%b0%d1%8f-%d1%88%d0%b0%d0%bf%d0%ba%d0%b0-elysee-%d1%87%d0%b5%d1%80%d0%bd%d0%be-%d1%81%d0%b5%d1%80%d0%b0%d1%8f\/\",\"name\":\"\u0412\u044f\u0437\u0430\u043d\u0430\u044f \u0448\u0430\u043f\u043a\u0430 Elysee \u0447\u0435\u0440\u043d\u043e-\u0441\u0435\u0440\u0430\u044f - Stafit O\u00dc\",\"isPartOf\":{\"@id\":\"https:\/\/stafit.ee\/#website\"},\"primaryImageOfPage\":{\"@id\":\"https:\/\/stafit.ee\/ru\/tovar\/%d0%b2%d1%8f%d0%b7%d0%b0%d0%bd%d0%b0%d1%8f-%d1%88%d0%b0%d0%bf%d0%ba%d0%b0-elysee-%d1%87%d0%b5%d1%80%d0%bd%d0%be-%d1%81%d0%b5%d1%80%d0%b0%d1%8f\/#primaryimage\"},\"image\":{\"@id\":\"https:\/\/stafit.ee\/ru\/tovar\/%d0%b2%d1%8f%d0%b7%d0%b0%d0%bd%d0%b0%d1%8f-%d1%88%d0%b0%d0%bf%d0%ba%d0%b0-elysee-%d1%87%d0%b5%d1%80%d0%bd%d0%be-%d1%81%d0%b5%d1%80%d0%b0%d1%8f\/#primaryimage\"},\"thumbnailUrl\":\"https:\/\/stafit.ee\/wp-content\/uploads\/2021\/01\/2314.jpg\",\"datePublished\":\"2021-01-11T13:00:29+00:00\",\"dateModified\":\"2026-04-08T15:17:48+00:00\",\"breadcrumb\":{\"@id\":\"https:\/\/stafit.ee\/ru\/tovar\/%d0%b2%d1%8f%d0%b7%d0%b0%d0%bd%d0%b0%d1%8f-%d1%88%d0%b0%d0%bf%d0%ba%d0%b0-elysee-%d1%87%d0%b5%d1%80%d0%bd%d0%be-%d1%81%d0%b5%d1%80%d0%b0%d1%8f\/#breadcrumb\"},\"inLanguage\":\"ru-RU\",\"potentialAction\":[{\"@type\":\"ReadAction\",\"target\":[\"https:\/\/stafit.ee\/ru\/tovar\/%d0%b2%d1%8f%d0%b7%d0%b0%d0%bd%d0%b0%d1%8f-%d1%88%d0%b0%d0%bf%d0%ba%d0%b0-elysee-%d1%87%d0%b5%d1%80%d0%bd%d0%be-%d1%81%d0%b5%d1%80%d0%b0%d1%8f\/\"]}]},{\"@type\":\"ImageObject\",\"inLanguage\":\"ru-RU\",\"@id\":\"https:\/\/stafit.ee\/ru\/tovar\/%d0%b2%d1%8f%d0%b7%d0%b0%d0%bd%d0%b0%d1%8f-%d1%88%d0%b0%d0%bf%d0%ba%d0%b0-elysee-%d1%87%d0%b5%d1%80%d0%bd%d0%be-%d1%81%d0%b5%d1%80%d0%b0%d1%8f\/#primaryimage\",\"url\":\"https:\/\/stafit.ee\/wp-content\/uploads\/2021\/01\/2314.jpg\",\"contentUrl\":\"https:\/\/stafit.ee\/wp-content\/uploads\/2021\/01\/2314.jpg\",\"width\":914,\"height\":1100},{\"@type\":\"BreadcrumbList\",\"@id\":\"https:\/\/stafit.ee\/ru\/tovar\/%d0%b2%d1%8f%d0%b7%d0%b0%d0%bd%d0%b0%d1%8f-%d1%88%d0%b0%d0%bf%d0%ba%d0%b0-elysee-%d1%87%d0%b5%d1%80%d0%bd%d0%be-%d1%81%d0%b5%d1%80%d0%b0%d1%8f\/#breadcrumb\",\"itemListElement\":[{\"@type\":\"ListItem\",\"position\":1,\"name\":\"Home\",\"item\":\"https:\/\/stafit.ee\/ru\/\"},{\"@type\":\"ListItem\",\"position\":2,\"name\":\"\u041c\u0430\u0433\u0430\u0437\u0438\u043d\",\"item\":\"https:\/\/stafit.ee\/ru\/pood\/\"},{\"@type\":\"ListItem\",\"position\":3,\"name\":\"\u0412\u044f\u0437\u0430\u043d\u0430\u044f \u0448\u0430\u043f\u043a\u0430 Elysee \u0447\u0435\u0440\u043d\u043e-\u0441\u0435\u0440\u0430\u044f\"}]},{\"@type\":\"WebSite\",\"@id\":\"https:\/\/stafit.ee\/#website\",\"url\":\"https:\/\/stafit.ee\/\",\"name\":\"Stafit O\u00dc\",\"description\":\"T\u00f6\u00f6riete ja ohutusvahendite jae ja hulgim\u00fc\u00fck\",\"potentialAction\":[{\"@type\":\"SearchAction\",\"target\":{\"@type\":\"EntryPoint\",\"urlTemplate\":\"https:\/\/stafit.ee\/?s={search_term_string}\"},\"query-input\":{\"@type\":\"PropertyValueSpecification\",\"valueRequired\":true,\"valueName\":\"search_term_string\"}}],\"inLanguage\":\"ru-RU\"}]}<\/script>\n<!-- \/ Yoast SEO plugin. -->","yoast_head_json":{"title":"\u0412\u044f\u0437\u0430\u043d\u0430\u044f \u0448\u0430\u043f\u043a\u0430 Elysee \u0447\u0435\u0440\u043d\u043e-\u0441\u0435\u0440\u0430\u044f - Stafit O\u00dc","robots":{"index":"index","follow":"follow","max-snippet":"max-snippet:-1","max-image-preview":"max-image-preview:large","max-video-preview":"max-video-preview:-1"},"canonical":"https:\/\/stafit.ee\/ru\/tovar\/\u0432\u044f\u0437\u0430\u043d\u0430\u044f-\u0448\u0430\u043f\u043a\u0430-elysee-\u0447\u0435\u0440\u043d\u043e-\u0441\u0435\u0440\u0430\u044f\/","og_locale":"ru_RU","og_type":"article","og_title":"\u0412\u044f\u0437\u0430\u043d\u0430\u044f \u0448\u0430\u043f\u043a\u0430 Elysee \u0447\u0435\u0440\u043d\u043e-\u0441\u0435\u0440\u0430\u044f - Stafit O\u00dc","og_description":"\u041c\u0430\u0442\u0435\u0440\u0438\u0430\u043b: 100% \u043f\u043e\u043b\u0438\u0430\u043a\u0440\u0438\u043b \u043f\u043e\u0434\u043a\u043b\u0430\u0434\u043a\u0430: 100% \u043f\u043e\u043b\u0438\u044d\u0441\u0442\u0435\u0440 (3M\u2122\u00a0Thinsulate\u2122) \u0448\u0430\u043f\u043a\u0430 \u0441 3M\u2122 Thinsulate\u2122 \u043f\u043e\u0434\u043a\u043b\u0430\u0434\u043a\u043e\u0439 \u0445\u043e\u0440\u043e\u0448\u043e \u0437\u0430\u0449\u0438\u0449\u0430\u0435\u0442 \u0433\u043e\u043b\u043e\u0432\u0443 \u043e\u0442 \u0445\u043e\u043b\u043e\u0434\u0430 \u0440\u0430\u0437\u043c\u0435\u0440: \u0443\u043d\u0438\u0432\u0435\u0440\u0441\u0430\u043b\u044c\u043d\u044b\u0439","og_url":"https:\/\/stafit.ee\/ru\/tovar\/\u0432\u044f\u0437\u0430\u043d\u0430\u044f-\u0448\u0430\u043f\u043a\u0430-elysee-\u0447\u0435\u0440\u043d\u043e-\u0441\u0435\u0440\u0430\u044f\/","og_site_name":"Stafit O\u00dc","article_modified_time":"2026-04-08T15:17:48+00:00","twitter_card":"summary_large_image","schema":{"@context":"https:\/\/schema.org","@graph":[{"@type":"WebPage","@id":"https:\/\/stafit.ee\/ru\/tovar\/%d0%b2%d1%8f%d0%b7%d0%b0%d0%bd%d0%b0%d1%8f-%d1%88%d0%b0%d0%bf%d0%ba%d0%b0-elysee-%d1%87%d0%b5%d1%80%d0%bd%d0%be-%d1%81%d0%b5%d1%80%d0%b0%d1%8f\/","url":"https:\/\/stafit.ee\/ru\/tovar\/%d0%b2%d1%8f%d0%b7%d0%b0%d0%bd%d0%b0%d1%8f-%d1%88%d0%b0%d0%bf%d0%ba%d0%b0-elysee-%d1%87%d0%b5%d1%80%d0%bd%d0%be-%d1%81%d0%b5%d1%80%d0%b0%d1%8f\/","name":"\u0412\u044f\u0437\u0430\u043d\u0430\u044f \u0448\u0430\u043f\u043a\u0430 Elysee \u0447\u0435\u0440\u043d\u043e-\u0441\u0435\u0440\u0430\u044f - Stafit O\u00dc","isPartOf":{"@id":"https:\/\/stafit.ee\/#website"},"primaryImageOfPage":{"@id":"https:\/\/stafit.ee\/ru\/tovar\/%d0%b2%d1%8f%d0%b7%d0%b0%d0%bd%d0%b0%d1%8f-%d1%88%d0%b0%d0%bf%d0%ba%d0%b0-elysee-%d1%87%d0%b5%d1%80%d0%bd%d0%be-%d1%81%d0%b5%d1%80%d0%b0%d1%8f\/#primaryimage"},"image":{"@id":"https:\/\/stafit.ee\/ru\/tovar\/%d0%b2%d1%8f%d0%b7%d0%b0%d0%bd%d0%b0%d1%8f-%d1%88%d0%b0%d0%bf%d0%ba%d0%b0-elysee-%d1%87%d0%b5%d1%80%d0%bd%d0%be-%d1%81%d0%b5%d1%80%d0%b0%d1%8f\/#primaryimage"},"thumbnailUrl":"https:\/\/stafit.ee\/wp-content\/uploads\/2021\/01\/2314.jpg","datePublished":"2021-01-11T13:00:29+00:00","dateModified":"2026-04-08T15:17:48+00:00","breadcrumb":{"@id":"https:\/\/stafit.ee\/ru\/tovar\/%d0%b2%d1%8f%d0%b7%d0%b0%d0%bd%d0%b0%d1%8f-%d1%88%d0%b0%d0%bf%d0%ba%d0%b0-elysee-%d1%87%d0%b5%d1%80%d0%bd%d0%be-%d1%81%d0%b5%d1%80%d0%b0%d1%8f\/#breadcrumb"},"inLanguage":"ru-RU","potentialAction":[{"@type":"ReadAction","target":["https:\/\/stafit.ee\/ru\/tovar\/%d0%b2%d1%8f%d0%b7%d0%b0%d0%bd%d0%b0%d1%8f-%d1%88%d0%b0%d0%bf%d0%ba%d0%b0-elysee-%d1%87%d0%b5%d1%80%d0%bd%d0%be-%d1%81%d0%b5%d1%80%d0%b0%d1%8f\/"]}]},{"@type":"ImageObject","inLanguage":"ru-RU","@id":"https:\/\/stafit.ee\/ru\/tovar\/%d0%b2%d1%8f%d0%b7%d0%b0%d0%bd%d0%b0%d1%8f-%d1%88%d0%b0%d0%bf%d0%ba%d0%b0-elysee-%d1%87%d0%b5%d1%80%d0%bd%d0%be-%d1%81%d0%b5%d1%80%d0%b0%d1%8f\/#primaryimage","url":"https:\/\/stafit.ee\/wp-content\/uploads\/2021\/01\/2314.jpg","contentUrl":"https:\/\/stafit.ee\/wp-content\/uploads\/2021\/01\/2314.jpg","width":914,"height":1100},{"@type":"BreadcrumbList","@id":"https:\/\/stafit.ee\/ru\/tovar\/%d0%b2%d1%8f%d0%b7%d0%b0%d0%bd%d0%b0%d1%8f-%d1%88%d0%b0%d0%bf%d0%ba%d0%b0-elysee-%d1%87%d0%b5%d1%80%d0%bd%d0%be-%d1%81%d0%b5%d1%80%d0%b0%d1%8f\/#breadcrumb","itemListElement":[{"@type":"ListItem","position":1,"name":"Home","item":"https:\/\/stafit.ee\/ru\/"},{"@type":"ListItem","position":2,"name":"\u041c\u0430\u0433\u0430\u0437\u0438\u043d","item":"https:\/\/stafit.ee\/ru\/pood\/"},{"@type":"ListItem","position":3,"name":"\u0412\u044f\u0437\u0430\u043d\u0430\u044f \u0448\u0430\u043f\u043a\u0430 Elysee \u0447\u0435\u0440\u043d\u043e-\u0441\u0435\u0440\u0430\u044f"}]},{"@type":"WebSite","@id":"https:\/\/stafit.ee\/#website","url":"https:\/\/stafit.ee\/","name":"Stafit O\u00dc","description":"T\u00f6\u00f6riete ja ohutusvahendite jae ja hulgim\u00fc\u00fck","potentialAction":[{"@type":"SearchAction","target":{"@type":"EntryPoint","urlTemplate":"https:\/\/stafit.ee\/?s={search_term_string}"},"query-input":{"@type":"PropertyValueSpecification","valueRequired":true,"valueName":"search_term_string"}}],"inLanguage":"ru-RU"}]}},"brands":[],"_links":{"self":[{"href":"https:\/\/stafit.ee\/ru\/wp-json\/wp\/v2\/product\/13672","targetHints":{"allow":["GET"]}}],"collection":[{"href":"https:\/\/stafit.ee\/ru\/wp-json\/wp\/v2\/product"}],"about":[{"href":"https:\/\/stafit.ee\/ru\/wp-json\/wp\/v2\/types\/product"}],"wp:featuredmedia":[{"embeddable":true,"href":"https:\/\/stafit.ee\/ru\/wp-json\/wp\/v2\/media\/13668"}],"wp:attachment":[{"href":"https:\/\/stafit.ee\/ru\/wp-json\/wp\/v2\/media?parent=13672"}],"wp:term":[{"taxonomy":"pwb-brand","embeddable":true,"href":"https:\/\/stafit.ee\/ru\/wp-json\/wp\/v2\/pwb-brand?post=13672"},{"taxonomy":"product_brand","embeddable":true,"href":"https:\/\/stafit.ee\/ru\/wp-json\/wp\/v2\/product_brand?post=13672"},{"taxonomy":"product_cat","embeddable":true,"href":"https:\/\/stafit.ee\/ru\/wp-json\/wp\/v2\/product_cat?post=13672"},{"taxonomy":"product_tag","embeddable":true,"href":"https:\/\/stafit.ee\/ru\/wp-json\/wp\/v2\/product_tag?post=13672"}],"curies":[{"name":"wp","href":"https:\/\/api.w.org\/{rel}","templated":true}]}}