{"id":12396,"date":"2021-01-08T11:00:23","date_gmt":"2021-01-08T09:00:23","guid":{"rendered":"https:\/\/stafit.ee\/toode\/dassy-atom-%d1%80%d0%b0%d0%b1%d0%be%d1%87%d0%b0%d1%8f-%d0%ba%d1%83%d1%80%d1%82%d0%ba%d0%b0-%d0%b2%d0%be%d0%b4%d0%be%d0%bd%d0%b5%d0%bf%d1%80%d0%be%d0%bd%d0%b8%d1%86%d0%b0%d0%b5%d0%bc%d0%b0%d1%8f-%d1%87\/"},"modified":"2026-04-08T18:16:13","modified_gmt":"2026-04-08T15:16:13","slug":"dassy-atom-%d1%80%d0%b0%d0%b1%d0%be%d1%87%d0%b0%d1%8f-%d0%ba%d1%83%d1%80%d1%82%d0%ba%d0%b0-%d0%b2%d0%be%d0%b4%d0%be%d0%bd%d0%b5%d0%bf%d1%80%d0%be%d0%bd%d0%b8%d1%86%d0%b0%d0%b5%d0%bc%d0%b0%d1%8f-%d1%87","status":"publish","type":"product","link":"https:\/\/stafit.ee\/ru\/tovar\/dassy-atom-%d1%80%d0%b0%d0%b1%d0%be%d1%87%d0%b0%d1%8f-%d0%ba%d1%83%d1%80%d1%82%d0%ba%d0%b0-%d0%b2%d0%be%d0%b4%d0%be%d0%bd%d0%b5%d0%bf%d1%80%d0%be%d0%bd%d0%b8%d1%86%d0%b0%d0%b5%d0%bc%d0%b0%d1%8f-%d1%87\/","title":{"rendered":"Dassy Atom \u0440\u0430\u0431\u043e\u0447\u0430\u044f \u043a\u0443\u0440\u0442\u043a\u0430 \u0447\u0435\u0440\u043d\u0430\u044f"},"content":{"rendered":"<p>65% \u043f\u043e\u043b\u0438\u044d\u0441\u0442\u0435\u0440 \/ 35% \u0445\u043b\u043e\u043f\u043e\u043a, +\/- 250 \u0433\/\u043c\u00b2<\/p>\n<ul>\n<li>\u043c\u0430\u0442\u0435\u0440\u0438\u0430\u043b \u0443\u0441\u0442\u043e\u0439\u0447\u0438\u0432 \u043a \u043c\u0435\u0445\u0430\u043d\u0438\u0447\u0435\u0441\u043a\u043e\u043c\u0443 \u0440\u0430\u0441\u0442\u044f\u0436\u0435\u043d\u0438\u044e<\/li>\n<li>\u0432\u043e\u0434\u043e\u043e\u0442\u0442\u0430\u043b\u043a\u0438\u0432\u0430\u044e\u0449\u0438\u0439 \u043c\u0430\u0442\u0435\u0440\u0438\u0430\u043b<\/li>\n<li>\u043c\u0430\u043d\u0436\u0435\u0442\u044b \u0440\u0443\u043a\u0430\u0432\u043e\u0432 \u0440\u0435\u0433\u0443\u043b\u0438\u0440\u0443\u044e\u0442\u0441\u044f \u0441 \u043f\u043e\u043c\u043e\u0449\u044c\u044e \u043b\u0438\u043f\u0443\u0447\u0435\u043a<\/li>\n<li>\u043b\u043e\u043a\u0442\u0438 \u0443\u0441\u0438\u043b\u0435\u043d\u044b \u043c\u0430\u0442\u0435\u0440\u0438\u0430\u043b\u043e\u043c Cordura\u00ae<\/li>\n<li>\u0440\u0435\u0433\u0443\u043b\u0438\u0440\u0443\u0435\u043c\u044b\u0439 \u0441 \u043f\u043e\u043c\u043e\u0449\u044c\u044e \u044d\u043b\u0430\u0441\u0442\u0438\u0447\u043d\u043e\u0439 \u0440\u0435\u0437\u0438\u043d\u043a\u0438 \u043d\u0438\u0436\u043d\u0438\u0439 \u043a\u0440\u0430\u0439 \u043a\u0443\u0440\u0442\u043a\u0438<\/li>\n<li>\u0434\u043b\u0438\u043d\u043d\u0430\u044f \u043c\u043e\u043b\u043d\u0438\u044f \u0441 \u0437\u0430\u0449\u0438\u0442\u043e\u0439 \u043f\u043e\u0434\u0431\u043e\u0440\u043e\u0434\u043a\u0430<\/li>\n<li>2 \u043f\u0435\u0440\u0435\u0434\u043d\u0438\u0445 \u043a\u0430\u0440\u043c\u0430\u043d\u0430 \u043d\u0430 \u043c\u043e\u043b\u043d\u0438\u0438<\/li>\n<li>\u043d\u0430\u0433\u0440\u0443\u0434\u043d\u044b\u0439 \u043a\u0430\u0440\u043c\u0430\u043d \u043d\u0430 \u043c\u043e\u043b\u043d\u0438\u0438<\/li>\n<li>2 \u0432\u043d\u0443\u0442\u0440\u0435\u043d\u043d\u0438\u0445 \u043a\u0430\u0440\u043c\u0430\u043d\u0430<\/li>\n<li>\u0441\u0432\u0435\u0442\u043e\u043e\u0442\u0440\u0430\u0436\u0430\u044e\u0449\u0438\u0435 \u044d\u043b\u0435\u043c\u0435\u043d\u0442\u044b<\/li>\n<li>\u0434\u0432\u043e\u0439\u043d\u044b\u0435 \u0448\u0432\u044b<\/li>\n<\/ul>\n","protected":false},"excerpt":{"rendered":"<p>65% \u043f\u043e\u043b\u0438\u044d\u0441\u0442\u0435\u0440 \/ 35% \u0445\u043b\u043e\u043f\u043e\u043a, +\/- 250 \u0433\/\u043c\u00b2 \u043c\u0430\u0442\u0435\u0440\u0438\u0430\u043b \u0443\u0441\u0442\u043e\u0439\u0447\u0438\u0432 \u043a \u043c\u0435\u0445\u0430\u043d\u0438\u0447\u0435\u0441\u043a\u043e\u043c\u0443 \u0440\u0430\u0441\u0442\u044f\u0436\u0435\u043d\u0438\u044e \u0432\u043e\u0434\u043e\u043e\u0442\u0442\u0430\u043b\u043a\u0438\u0432\u0430\u044e\u0449\u0438\u0439 \u043c\u0430\u0442\u0435\u0440\u0438\u0430\u043b \u043c\u0430\u043d\u0436\u0435\u0442\u044b \u0440\u0443\u043a\u0430\u0432\u043e\u0432 \u0440\u0435\u0433\u0443\u043b\u0438\u0440\u0443\u044e\u0442\u0441\u044f \u0441 \u043f\u043e\u043c\u043e\u0449\u044c\u044e \u043b\u0438\u043f\u0443\u0447\u0435\u043a \u043b\u043e\u043a\u0442\u0438 \u0443\u0441\u0438\u043b\u0435\u043d\u044b \u043c\u0430\u0442\u0435\u0440\u0438\u0430\u043b\u043e\u043c Cordura\u00ae \u0440\u0435\u0433\u0443\u043b\u0438\u0440\u0443\u0435\u043c\u044b\u0439 \u0441 \u043f\u043e\u043c\u043e\u0449\u044c\u044e \u044d\u043b\u0430\u0441\u0442\u0438\u0447\u043d\u043e\u0439 \u0440\u0435\u0437\u0438\u043d\u043a\u0438 \u043d\u0438\u0436\u043d\u0438\u0439 \u043a\u0440\u0430\u0439 \u043a\u0443\u0440\u0442\u043a\u0438 \u0434\u043b\u0438\u043d\u043d\u0430\u044f \u043c\u043e\u043b\u043d\u0438\u044f \u0441 \u0437\u0430\u0449\u0438\u0442\u043e\u0439 \u043f\u043e\u0434\u0431\u043e\u0440\u043e\u0434\u043a\u0430 2 \u043f\u0435\u0440\u0435\u0434\u043d\u0438\u0445 \u043a\u0430\u0440\u043c\u0430\u043d\u0430 \u043d\u0430 \u043c\u043e\u043b\u043d\u0438\u0438 \u043d\u0430\u0433\u0440\u0443\u0434\u043d\u044b\u0439 \u043a\u0430\u0440\u043c\u0430\u043d \u043d\u0430 \u043c\u043e\u043b\u043d\u0438\u0438 2 \u0432\u043d\u0443\u0442\u0440\u0435\u043d\u043d\u0438\u0445 \u043a\u0430\u0440\u043c\u0430\u043d\u0430 \u0441\u0432\u0435\u0442\u043e\u043e\u0442\u0440\u0430\u0436\u0430\u044e\u0449\u0438\u0435 \u044d\u043b\u0435\u043c\u0435\u043d\u0442\u044b \u0434\u0432\u043e\u0439\u043d\u044b\u0435 \u0448\u0432\u044b<\/p>\n","protected":false},"featured_media":12385,"template":"","meta":[],"pwb-brand":[242],"product_brand":[],"product_cat":[377],"product_tag":[],"class_list":{"0":"post-12396","1":"product","2":"type-product","3":"status-publish","4":"has-post-thumbnail","6":"pwb-brand-dassy","7":"product_cat-377","9":"first","10":"instock","11":"taxable","12":"shipping-taxable","13":"purchasable","14":"product-type-variable"},"yoast_head":"<!-- This site is optimized with the Yoast SEO plugin v27.0 - https:\/\/yoast.com\/product\/yoast-seo-wordpress\/ -->\n<title>Dassy Atom \u0440\u0430\u0431\u043e\u0447\u0430\u044f \u043a\u0443\u0440\u0442\u043a\u0430 \u0447\u0435\u0440\u043d\u0430\u044f - Stafit O\u00dc<\/title>\n<meta name=\"robots\" content=\"index, follow, max-snippet:-1, max-image-preview:large, max-video-preview:-1\" \/>\n<link rel=\"canonical\" href=\"https:\/\/stafit.ee\/ru\/tovar\/dassy-atom-\u0440\u0430\u0431\u043e\u0447\u0430\u044f-\u043a\u0443\u0440\u0442\u043a\u0430-\u0432\u043e\u0434\u043e\u043d\u0435\u043f\u0440\u043e\u043d\u0438\u0446\u0430\u0435\u043c\u0430\u044f-\u0447\/\" \/>\n<meta property=\"og:locale\" content=\"ru_RU\" \/>\n<meta property=\"og:type\" content=\"article\" \/>\n<meta property=\"og:title\" content=\"Dassy Atom \u0440\u0430\u0431\u043e\u0447\u0430\u044f \u043a\u0443\u0440\u0442\u043a\u0430 \u0447\u0435\u0440\u043d\u0430\u044f - Stafit O\u00dc\" \/>\n<meta property=\"og:description\" content=\"65% \u043f\u043e\u043b\u0438\u044d\u0441\u0442\u0435\u0440 \/ 35% \u0445\u043b\u043e\u043f\u043e\u043a, +\/- 250 \u0433\/\u043c\u00b2 \u043c\u0430\u0442\u0435\u0440\u0438\u0430\u043b \u0443\u0441\u0442\u043e\u0439\u0447\u0438\u0432 \u043a \u043c\u0435\u0445\u0430\u043d\u0438\u0447\u0435\u0441\u043a\u043e\u043c\u0443 \u0440\u0430\u0441\u0442\u044f\u0436\u0435\u043d\u0438\u044e \u0432\u043e\u0434\u043e\u043e\u0442\u0442\u0430\u043b\u043a\u0438\u0432\u0430\u044e\u0449\u0438\u0439 \u043c\u0430\u0442\u0435\u0440\u0438\u0430\u043b \u043c\u0430\u043d\u0436\u0435\u0442\u044b \u0440\u0443\u043a\u0430\u0432\u043e\u0432 \u0440\u0435\u0433\u0443\u043b\u0438\u0440\u0443\u044e\u0442\u0441\u044f \u0441 \u043f\u043e\u043c\u043e\u0449\u044c\u044e \u043b\u0438\u043f\u0443\u0447\u0435\u043a \u043b\u043e\u043a\u0442\u0438 \u0443\u0441\u0438\u043b\u0435\u043d\u044b \u043c\u0430\u0442\u0435\u0440\u0438\u0430\u043b\u043e\u043c Cordura\u00ae \u0440\u0435\u0433\u0443\u043b\u0438\u0440\u0443\u0435\u043c\u044b\u0439 \u0441 \u043f\u043e\u043c\u043e\u0449\u044c\u044e \u044d\u043b\u0430\u0441\u0442\u0438\u0447\u043d\u043e\u0439 \u0440\u0435\u0437\u0438\u043d\u043a\u0438 \u043d\u0438\u0436\u043d\u0438\u0439 \u043a\u0440\u0430\u0439 \u043a\u0443\u0440\u0442\u043a\u0438 \u0434\u043b\u0438\u043d\u043d\u0430\u044f \u043c\u043e\u043b\u043d\u0438\u044f \u0441 \u0437\u0430\u0449\u0438\u0442\u043e\u0439 \u043f\u043e\u0434\u0431\u043e\u0440\u043e\u0434\u043a\u0430 2 \u043f\u0435\u0440\u0435\u0434\u043d\u0438\u0445 \u043a\u0430\u0440\u043c\u0430\u043d\u0430 \u043d\u0430 \u043c\u043e\u043b\u043d\u0438\u0438 \u043d\u0430\u0433\u0440\u0443\u0434\u043d\u044b\u0439 \u043a\u0430\u0440\u043c\u0430\u043d \u043d\u0430 \u043c\u043e\u043b\u043d\u0438\u0438 2 \u0432\u043d\u0443\u0442\u0440\u0435\u043d\u043d\u0438\u0445 \u043a\u0430\u0440\u043c\u0430\u043d\u0430 \u0441\u0432\u0435\u0442\u043e\u043e\u0442\u0440\u0430\u0436\u0430\u044e\u0449\u0438\u0435 \u044d\u043b\u0435\u043c\u0435\u043d\u0442\u044b \u0434\u0432\u043e\u0439\u043d\u044b\u0435 \u0448\u0432\u044b\" \/>\n<meta property=\"og:url\" content=\"https:\/\/stafit.ee\/ru\/tovar\/dassy-atom-\u0440\u0430\u0431\u043e\u0447\u0430\u044f-\u043a\u0443\u0440\u0442\u043a\u0430-\u0432\u043e\u0434\u043e\u043d\u0435\u043f\u0440\u043e\u043d\u0438\u0446\u0430\u0435\u043c\u0430\u044f-\u0447\/\" \/>\n<meta property=\"og:site_name\" content=\"Stafit O\u00dc\" \/>\n<meta property=\"article:modified_time\" content=\"2026-04-08T15:16:13+00:00\" \/>\n<meta property=\"og:image\" content=\"https:\/\/stafit.ee\/wp-content\/uploads\/2021\/01\/color_front-atom-zwart-antracietgrijs.jpg\" \/>\n\t<meta property=\"og:image:width\" content=\"2000\" \/>\n\t<meta property=\"og:image:height\" content=\"2396\" \/>\n\t<meta property=\"og:image:type\" content=\"image\/jpeg\" \/>\n<meta name=\"twitter:card\" content=\"summary_large_image\" \/>\n<script type=\"application\/ld+json\" class=\"yoast-schema-graph\">{\"@context\":\"https:\/\/schema.org\",\"@graph\":[{\"@type\":\"WebPage\",\"@id\":\"https:\/\/stafit.ee\/ru\/tovar\/dassy-atom-%d1%80%d0%b0%d0%b1%d0%be%d1%87%d0%b0%d1%8f-%d0%ba%d1%83%d1%80%d1%82%d0%ba%d0%b0-%d0%b2%d0%be%d0%b4%d0%be%d0%bd%d0%b5%d0%bf%d1%80%d0%be%d0%bd%d0%b8%d1%86%d0%b0%d0%b5%d0%bc%d0%b0%d1%8f-%d1%87\/\",\"url\":\"https:\/\/stafit.ee\/ru\/tovar\/dassy-atom-%d1%80%d0%b0%d0%b1%d0%be%d1%87%d0%b0%d1%8f-%d0%ba%d1%83%d1%80%d1%82%d0%ba%d0%b0-%d0%b2%d0%be%d0%b4%d0%be%d0%bd%d0%b5%d0%bf%d1%80%d0%be%d0%bd%d0%b8%d1%86%d0%b0%d0%b5%d0%bc%d0%b0%d1%8f-%d1%87\/\",\"name\":\"Dassy Atom \u0440\u0430\u0431\u043e\u0447\u0430\u044f \u043a\u0443\u0440\u0442\u043a\u0430 \u0447\u0435\u0440\u043d\u0430\u044f - Stafit O\u00dc\",\"isPartOf\":{\"@id\":\"https:\/\/stafit.ee\/#website\"},\"primaryImageOfPage\":{\"@id\":\"https:\/\/stafit.ee\/ru\/tovar\/dassy-atom-%d1%80%d0%b0%d0%b1%d0%be%d1%87%d0%b0%d1%8f-%d0%ba%d1%83%d1%80%d1%82%d0%ba%d0%b0-%d0%b2%d0%be%d0%b4%d0%be%d0%bd%d0%b5%d0%bf%d1%80%d0%be%d0%bd%d0%b8%d1%86%d0%b0%d0%b5%d0%bc%d0%b0%d1%8f-%d1%87\/#primaryimage\"},\"image\":{\"@id\":\"https:\/\/stafit.ee\/ru\/tovar\/dassy-atom-%d1%80%d0%b0%d0%b1%d0%be%d1%87%d0%b0%d1%8f-%d0%ba%d1%83%d1%80%d1%82%d0%ba%d0%b0-%d0%b2%d0%be%d0%b4%d0%be%d0%bd%d0%b5%d0%bf%d1%80%d0%be%d0%bd%d0%b8%d1%86%d0%b0%d0%b5%d0%bc%d0%b0%d1%8f-%d1%87\/#primaryimage\"},\"thumbnailUrl\":\"https:\/\/stafit.ee\/wp-content\/uploads\/2021\/01\/color_front-atom-zwart-antracietgrijs.jpg\",\"datePublished\":\"2021-01-08T09:00:23+00:00\",\"dateModified\":\"2026-04-08T15:16:13+00:00\",\"breadcrumb\":{\"@id\":\"https:\/\/stafit.ee\/ru\/tovar\/dassy-atom-%d1%80%d0%b0%d0%b1%d0%be%d1%87%d0%b0%d1%8f-%d0%ba%d1%83%d1%80%d1%82%d0%ba%d0%b0-%d0%b2%d0%be%d0%b4%d0%be%d0%bd%d0%b5%d0%bf%d1%80%d0%be%d0%bd%d0%b8%d1%86%d0%b0%d0%b5%d0%bc%d0%b0%d1%8f-%d1%87\/#breadcrumb\"},\"inLanguage\":\"ru-RU\",\"potentialAction\":[{\"@type\":\"ReadAction\",\"target\":[\"https:\/\/stafit.ee\/ru\/tovar\/dassy-atom-%d1%80%d0%b0%d0%b1%d0%be%d1%87%d0%b0%d1%8f-%d0%ba%d1%83%d1%80%d1%82%d0%ba%d0%b0-%d0%b2%d0%be%d0%b4%d0%be%d0%bd%d0%b5%d0%bf%d1%80%d0%be%d0%bd%d0%b8%d1%86%d0%b0%d0%b5%d0%bc%d0%b0%d1%8f-%d1%87\/\"]}]},{\"@type\":\"ImageObject\",\"inLanguage\":\"ru-RU\",\"@id\":\"https:\/\/stafit.ee\/ru\/tovar\/dassy-atom-%d1%80%d0%b0%d0%b1%d0%be%d1%87%d0%b0%d1%8f-%d0%ba%d1%83%d1%80%d1%82%d0%ba%d0%b0-%d0%b2%d0%be%d0%b4%d0%be%d0%bd%d0%b5%d0%bf%d1%80%d0%be%d0%bd%d0%b8%d1%86%d0%b0%d0%b5%d0%bc%d0%b0%d1%8f-%d1%87\/#primaryimage\",\"url\":\"https:\/\/stafit.ee\/wp-content\/uploads\/2021\/01\/color_front-atom-zwart-antracietgrijs.jpg\",\"contentUrl\":\"https:\/\/stafit.ee\/wp-content\/uploads\/2021\/01\/color_front-atom-zwart-antracietgrijs.jpg\",\"width\":2000,\"height\":2396},{\"@type\":\"BreadcrumbList\",\"@id\":\"https:\/\/stafit.ee\/ru\/tovar\/dassy-atom-%d1%80%d0%b0%d0%b1%d0%be%d1%87%d0%b0%d1%8f-%d0%ba%d1%83%d1%80%d1%82%d0%ba%d0%b0-%d0%b2%d0%be%d0%b4%d0%be%d0%bd%d0%b5%d0%bf%d1%80%d0%be%d0%bd%d0%b8%d1%86%d0%b0%d0%b5%d0%bc%d0%b0%d1%8f-%d1%87\/#breadcrumb\",\"itemListElement\":[{\"@type\":\"ListItem\",\"position\":1,\"name\":\"Home\",\"item\":\"https:\/\/stafit.ee\/ru\/\"},{\"@type\":\"ListItem\",\"position\":2,\"name\":\"\u041c\u0430\u0433\u0430\u0437\u0438\u043d\",\"item\":\"https:\/\/stafit.ee\/ru\/pood\/\"},{\"@type\":\"ListItem\",\"position\":3,\"name\":\"Dassy Atom \u0440\u0430\u0431\u043e\u0447\u0430\u044f \u043a\u0443\u0440\u0442\u043a\u0430 \u0447\u0435\u0440\u043d\u0430\u044f\"}]},{\"@type\":\"WebSite\",\"@id\":\"https:\/\/stafit.ee\/#website\",\"url\":\"https:\/\/stafit.ee\/\",\"name\":\"Stafit O\u00dc\",\"description\":\"T\u00f6\u00f6riete ja ohutusvahendite jae ja hulgim\u00fc\u00fck\",\"potentialAction\":[{\"@type\":\"SearchAction\",\"target\":{\"@type\":\"EntryPoint\",\"urlTemplate\":\"https:\/\/stafit.ee\/?s={search_term_string}\"},\"query-input\":{\"@type\":\"PropertyValueSpecification\",\"valueRequired\":true,\"valueName\":\"search_term_string\"}}],\"inLanguage\":\"ru-RU\"}]}<\/script>\n<!-- \/ Yoast SEO plugin. -->","yoast_head_json":{"title":"Dassy Atom \u0440\u0430\u0431\u043e\u0447\u0430\u044f \u043a\u0443\u0440\u0442\u043a\u0430 \u0447\u0435\u0440\u043d\u0430\u044f - Stafit O\u00dc","robots":{"index":"index","follow":"follow","max-snippet":"max-snippet:-1","max-image-preview":"max-image-preview:large","max-video-preview":"max-video-preview:-1"},"canonical":"https:\/\/stafit.ee\/ru\/tovar\/dassy-atom-\u0440\u0430\u0431\u043e\u0447\u0430\u044f-\u043a\u0443\u0440\u0442\u043a\u0430-\u0432\u043e\u0434\u043e\u043d\u0435\u043f\u0440\u043e\u043d\u0438\u0446\u0430\u0435\u043c\u0430\u044f-\u0447\/","og_locale":"ru_RU","og_type":"article","og_title":"Dassy Atom \u0440\u0430\u0431\u043e\u0447\u0430\u044f \u043a\u0443\u0440\u0442\u043a\u0430 \u0447\u0435\u0440\u043d\u0430\u044f - Stafit O\u00dc","og_description":"65% \u043f\u043e\u043b\u0438\u044d\u0441\u0442\u0435\u0440 \/ 35% \u0445\u043b\u043e\u043f\u043e\u043a, +\/- 250 \u0433\/\u043c\u00b2 \u043c\u0430\u0442\u0435\u0440\u0438\u0430\u043b \u0443\u0441\u0442\u043e\u0439\u0447\u0438\u0432 \u043a \u043c\u0435\u0445\u0430\u043d\u0438\u0447\u0435\u0441\u043a\u043e\u043c\u0443 \u0440\u0430\u0441\u0442\u044f\u0436\u0435\u043d\u0438\u044e \u0432\u043e\u0434\u043e\u043e\u0442\u0442\u0430\u043b\u043a\u0438\u0432\u0430\u044e\u0449\u0438\u0439 \u043c\u0430\u0442\u0435\u0440\u0438\u0430\u043b \u043c\u0430\u043d\u0436\u0435\u0442\u044b \u0440\u0443\u043a\u0430\u0432\u043e\u0432 \u0440\u0435\u0433\u0443\u043b\u0438\u0440\u0443\u044e\u0442\u0441\u044f \u0441 \u043f\u043e\u043c\u043e\u0449\u044c\u044e \u043b\u0438\u043f\u0443\u0447\u0435\u043a \u043b\u043e\u043a\u0442\u0438 \u0443\u0441\u0438\u043b\u0435\u043d\u044b \u043c\u0430\u0442\u0435\u0440\u0438\u0430\u043b\u043e\u043c Cordura\u00ae \u0440\u0435\u0433\u0443\u043b\u0438\u0440\u0443\u0435\u043c\u044b\u0439 \u0441 \u043f\u043e\u043c\u043e\u0449\u044c\u044e \u044d\u043b\u0430\u0441\u0442\u0438\u0447\u043d\u043e\u0439 \u0440\u0435\u0437\u0438\u043d\u043a\u0438 \u043d\u0438\u0436\u043d\u0438\u0439 \u043a\u0440\u0430\u0439 \u043a\u0443\u0440\u0442\u043a\u0438 \u0434\u043b\u0438\u043d\u043d\u0430\u044f \u043c\u043e\u043b\u043d\u0438\u044f \u0441 \u0437\u0430\u0449\u0438\u0442\u043e\u0439 \u043f\u043e\u0434\u0431\u043e\u0440\u043e\u0434\u043a\u0430 2 \u043f\u0435\u0440\u0435\u0434\u043d\u0438\u0445 \u043a\u0430\u0440\u043c\u0430\u043d\u0430 \u043d\u0430 \u043c\u043e\u043b\u043d\u0438\u0438 \u043d\u0430\u0433\u0440\u0443\u0434\u043d\u044b\u0439 \u043a\u0430\u0440\u043c\u0430\u043d \u043d\u0430 \u043c\u043e\u043b\u043d\u0438\u0438 2 \u0432\u043d\u0443\u0442\u0440\u0435\u043d\u043d\u0438\u0445 \u043a\u0430\u0440\u043c\u0430\u043d\u0430 \u0441\u0432\u0435\u0442\u043e\u043e\u0442\u0440\u0430\u0436\u0430\u044e\u0449\u0438\u0435 \u044d\u043b\u0435\u043c\u0435\u043d\u0442\u044b \u0434\u0432\u043e\u0439\u043d\u044b\u0435 \u0448\u0432\u044b","og_url":"https:\/\/stafit.ee\/ru\/tovar\/dassy-atom-\u0440\u0430\u0431\u043e\u0447\u0430\u044f-\u043a\u0443\u0440\u0442\u043a\u0430-\u0432\u043e\u0434\u043e\u043d\u0435\u043f\u0440\u043e\u043d\u0438\u0446\u0430\u0435\u043c\u0430\u044f-\u0447\/","og_site_name":"Stafit O\u00dc","article_modified_time":"2026-04-08T15:16:13+00:00","og_image":[{"width":2000,"height":2396,"url":"https:\/\/stafit.ee\/wp-content\/uploads\/2021\/01\/color_front-atom-zwart-antracietgrijs.jpg","type":"image\/jpeg"}],"twitter_card":"summary_large_image","schema":{"@context":"https:\/\/schema.org","@graph":[{"@type":"WebPage","@id":"https:\/\/stafit.ee\/ru\/tovar\/dassy-atom-%d1%80%d0%b0%d0%b1%d0%be%d1%87%d0%b0%d1%8f-%d0%ba%d1%83%d1%80%d1%82%d0%ba%d0%b0-%d0%b2%d0%be%d0%b4%d0%be%d0%bd%d0%b5%d0%bf%d1%80%d0%be%d0%bd%d0%b8%d1%86%d0%b0%d0%b5%d0%bc%d0%b0%d1%8f-%d1%87\/","url":"https:\/\/stafit.ee\/ru\/tovar\/dassy-atom-%d1%80%d0%b0%d0%b1%d0%be%d1%87%d0%b0%d1%8f-%d0%ba%d1%83%d1%80%d1%82%d0%ba%d0%b0-%d0%b2%d0%be%d0%b4%d0%be%d0%bd%d0%b5%d0%bf%d1%80%d0%be%d0%bd%d0%b8%d1%86%d0%b0%d0%b5%d0%bc%d0%b0%d1%8f-%d1%87\/","name":"Dassy Atom \u0440\u0430\u0431\u043e\u0447\u0430\u044f \u043a\u0443\u0440\u0442\u043a\u0430 \u0447\u0435\u0440\u043d\u0430\u044f - Stafit O\u00dc","isPartOf":{"@id":"https:\/\/stafit.ee\/#website"},"primaryImageOfPage":{"@id":"https:\/\/stafit.ee\/ru\/tovar\/dassy-atom-%d1%80%d0%b0%d0%b1%d0%be%d1%87%d0%b0%d1%8f-%d0%ba%d1%83%d1%80%d1%82%d0%ba%d0%b0-%d0%b2%d0%be%d0%b4%d0%be%d0%bd%d0%b5%d0%bf%d1%80%d0%be%d0%bd%d0%b8%d1%86%d0%b0%d0%b5%d0%bc%d0%b0%d1%8f-%d1%87\/#primaryimage"},"image":{"@id":"https:\/\/stafit.ee\/ru\/tovar\/dassy-atom-%d1%80%d0%b0%d0%b1%d0%be%d1%87%d0%b0%d1%8f-%d0%ba%d1%83%d1%80%d1%82%d0%ba%d0%b0-%d0%b2%d0%be%d0%b4%d0%be%d0%bd%d0%b5%d0%bf%d1%80%d0%be%d0%bd%d0%b8%d1%86%d0%b0%d0%b5%d0%bc%d0%b0%d1%8f-%d1%87\/#primaryimage"},"thumbnailUrl":"https:\/\/stafit.ee\/wp-content\/uploads\/2021\/01\/color_front-atom-zwart-antracietgrijs.jpg","datePublished":"2021-01-08T09:00:23+00:00","dateModified":"2026-04-08T15:16:13+00:00","breadcrumb":{"@id":"https:\/\/stafit.ee\/ru\/tovar\/dassy-atom-%d1%80%d0%b0%d0%b1%d0%be%d1%87%d0%b0%d1%8f-%d0%ba%d1%83%d1%80%d1%82%d0%ba%d0%b0-%d0%b2%d0%be%d0%b4%d0%be%d0%bd%d0%b5%d0%bf%d1%80%d0%be%d0%bd%d0%b8%d1%86%d0%b0%d0%b5%d0%bc%d0%b0%d1%8f-%d1%87\/#breadcrumb"},"inLanguage":"ru-RU","potentialAction":[{"@type":"ReadAction","target":["https:\/\/stafit.ee\/ru\/tovar\/dassy-atom-%d1%80%d0%b0%d0%b1%d0%be%d1%87%d0%b0%d1%8f-%d0%ba%d1%83%d1%80%d1%82%d0%ba%d0%b0-%d0%b2%d0%be%d0%b4%d0%be%d0%bd%d0%b5%d0%bf%d1%80%d0%be%d0%bd%d0%b8%d1%86%d0%b0%d0%b5%d0%bc%d0%b0%d1%8f-%d1%87\/"]}]},{"@type":"ImageObject","inLanguage":"ru-RU","@id":"https:\/\/stafit.ee\/ru\/tovar\/dassy-atom-%d1%80%d0%b0%d0%b1%d0%be%d1%87%d0%b0%d1%8f-%d0%ba%d1%83%d1%80%d1%82%d0%ba%d0%b0-%d0%b2%d0%be%d0%b4%d0%be%d0%bd%d0%b5%d0%bf%d1%80%d0%be%d0%bd%d0%b8%d1%86%d0%b0%d0%b5%d0%bc%d0%b0%d1%8f-%d1%87\/#primaryimage","url":"https:\/\/stafit.ee\/wp-content\/uploads\/2021\/01\/color_front-atom-zwart-antracietgrijs.jpg","contentUrl":"https:\/\/stafit.ee\/wp-content\/uploads\/2021\/01\/color_front-atom-zwart-antracietgrijs.jpg","width":2000,"height":2396},{"@type":"BreadcrumbList","@id":"https:\/\/stafit.ee\/ru\/tovar\/dassy-atom-%d1%80%d0%b0%d0%b1%d0%be%d1%87%d0%b0%d1%8f-%d0%ba%d1%83%d1%80%d1%82%d0%ba%d0%b0-%d0%b2%d0%be%d0%b4%d0%be%d0%bd%d0%b5%d0%bf%d1%80%d0%be%d0%bd%d0%b8%d1%86%d0%b0%d0%b5%d0%bc%d0%b0%d1%8f-%d1%87\/#breadcrumb","itemListElement":[{"@type":"ListItem","position":1,"name":"Home","item":"https:\/\/stafit.ee\/ru\/"},{"@type":"ListItem","position":2,"name":"\u041c\u0430\u0433\u0430\u0437\u0438\u043d","item":"https:\/\/stafit.ee\/ru\/pood\/"},{"@type":"ListItem","position":3,"name":"Dassy Atom \u0440\u0430\u0431\u043e\u0447\u0430\u044f \u043a\u0443\u0440\u0442\u043a\u0430 \u0447\u0435\u0440\u043d\u0430\u044f"}]},{"@type":"WebSite","@id":"https:\/\/stafit.ee\/#website","url":"https:\/\/stafit.ee\/","name":"Stafit O\u00dc","description":"T\u00f6\u00f6riete ja ohutusvahendite jae ja hulgim\u00fc\u00fck","potentialAction":[{"@type":"SearchAction","target":{"@type":"EntryPoint","urlTemplate":"https:\/\/stafit.ee\/?s={search_term_string}"},"query-input":{"@type":"PropertyValueSpecification","valueRequired":true,"valueName":"search_term_string"}}],"inLanguage":"ru-RU"}]}},"brands":[{"id":242,"name":"Dassy","slug":"dassy"}],"_links":{"self":[{"href":"https:\/\/stafit.ee\/ru\/wp-json\/wp\/v2\/product\/12396","targetHints":{"allow":["GET"]}}],"collection":[{"href":"https:\/\/stafit.ee\/ru\/wp-json\/wp\/v2\/product"}],"about":[{"href":"https:\/\/stafit.ee\/ru\/wp-json\/wp\/v2\/types\/product"}],"wp:featuredmedia":[{"embeddable":true,"href":"https:\/\/stafit.ee\/ru\/wp-json\/wp\/v2\/media\/12385"}],"wp:attachment":[{"href":"https:\/\/stafit.ee\/ru\/wp-json\/wp\/v2\/media?parent=12396"}],"wp:term":[{"taxonomy":"pwb-brand","embeddable":true,"href":"https:\/\/stafit.ee\/ru\/wp-json\/wp\/v2\/pwb-brand?post=12396"},{"taxonomy":"product_brand","embeddable":true,"href":"https:\/\/stafit.ee\/ru\/wp-json\/wp\/v2\/product_brand?post=12396"},{"taxonomy":"product_cat","embeddable":true,"href":"https:\/\/stafit.ee\/ru\/wp-json\/wp\/v2\/product_cat?post=12396"},{"taxonomy":"product_tag","embeddable":true,"href":"https:\/\/stafit.ee\/ru\/wp-json\/wp\/v2\/product_tag?post=12396"}],"curies":[{"name":"wp","href":"https:\/\/api.w.org\/{rel}","templated":true}]}}