{"id":12348,"date":"2021-01-08T11:00:18","date_gmt":"2021-01-08T09:00:18","guid":{"rendered":"https:\/\/stafit.ee\/toode\/sioen-roja-%d1%82%d0%b5%d1%80%d0%bc%d0%be%d1%88%d1%82%d0%b0%d0%bd%d1%8b\/"},"modified":"2026-04-08T18:14:46","modified_gmt":"2026-04-08T15:14:46","slug":"sioen-roja-%d1%82%d0%b5%d1%80%d0%bc%d0%be%d1%88%d1%82%d0%b0%d0%bd%d1%8b","status":"publish","type":"product","link":"https:\/\/stafit.ee\/ru\/tovar\/sioen-roja-%d1%82%d0%b5%d1%80%d0%bc%d0%be%d1%88%d1%82%d0%b0%d0%bd%d1%8b\/","title":{"rendered":"Sioen ROJA \u0442\u0435\u0440\u043c\u043e\u0448\u0442\u0430\u043d\u044b"},"content":{"rendered":"<ul>\n<li lang=\"ru-RU\">Sio-Dry: 100% \u043f\u043e\u043b\u0438\u043f\u0440\u043e\u043f\u0438\u043b\u0435\u043d, 130 \u0433\/\u043c\u00b2 (birds eye)<\/li>\n<li>\u043c\u0430\u0442\u0435\u0440\u0438\u0430\u043b \u0445\u043e\u0440\u043e\u0448\u043e \u0434\u044b\u0448\u0438\u0442 \u0438 \u0432\u044b\u0432\u043e\u0434\u0438\u0442 \u0432\u043b\u0430\u0433\u0443<\/li>\n<li>\u0445\u043e\u0440\u043e\u0448\u0438\u0435 \u0442\u0435\u0440\u043c\u043e\u0438\u0437\u043e\u043b\u044f\u0446\u0438\u043e\u043d\u043d\u044b\u0435 \u0441\u0432\u043e\u0439\u0441\u0442\u0432\u0430<\/li>\n<li>\u0443\u0441\u0442\u043e\u0439\u0447\u0438\u0432\u044b\u0439 \u043a \u043f\u044f\u0442\u043d\u0430\u043c<\/li>\n<li>\u043c\u044f\u0433\u043a\u0438\u0439 \u043a\u0430\u043a \u0445\u043b\u043e\u043f\u043e\u043a<\/li>\n<li>\u043f\u0440\u043e\u0441\u0442\u043e\u0439 \u0432 \u0443\u0445\u043e\u0434\u0435<\/li>\n<li>\u0443\u0434\u043e\u0431\u043d\u044b\u0439<\/li>\n<li>\u044d\u043a\u043e\u043b\u043e\u0433\u0438\u0447\u0435\u0441\u043a\u0438 \u0447\u0438\u0441\u0442\u044b\u0439 \u043c\u0430\u0442\u0435\u0440\u0438\u0430\u043b<\/li>\n<li>\u044d\u043b\u0430\u0441\u0442\u0438\u0447\u043d\u0430\u044f \u0440\u0435\u0437\u0438\u043d\u043a\u0430 \u043d\u0430 \u043f\u043e\u044f\u0441\u0435<\/li>\n<li>\u0440\u0435\u043a\u043e\u043c\u0435\u043d\u0434\u0443\u0435\u0442\u0441\u044f \u0441 \u0442\u0435\u0440\u043c\u043e\u043a\u043e\u0444\u0442\u043e\u0439 Odars<\/li>\n<\/ul>\n","protected":false},"excerpt":{"rendered":"<p>Sio-Dry: 100% \u043f\u043e\u043b\u0438\u043f\u0440\u043e\u043f\u0438\u043b\u0435\u043d, 130 \u0433\/\u043c\u00b2 (birds eye) \u043c\u0430\u0442\u0435\u0440\u0438\u0430\u043b \u0445\u043e\u0440\u043e\u0448\u043e \u0434\u044b\u0448\u0438\u0442 \u0438 \u0432\u044b\u0432\u043e\u0434\u0438\u0442 \u0432\u043b\u0430\u0433\u0443 \u0445\u043e\u0440\u043e\u0448\u0438\u0435 \u0442\u0435\u0440\u043c\u043e\u0438\u0437\u043e\u043b\u044f\u0446\u0438\u043e\u043d\u043d\u044b\u0435 \u0441\u0432\u043e\u0439\u0441\u0442\u0432\u0430 \u0443\u0441\u0442\u043e\u0439\u0447\u0438\u0432\u044b\u0439 \u043a \u043f\u044f\u0442\u043d\u0430\u043c \u043c\u044f\u0433\u043a\u0438\u0439 \u043a\u0430\u043a \u0445\u043b\u043e\u043f\u043e\u043a \u043f\u0440\u043e\u0441\u0442\u043e\u0439 \u0432 \u0443\u0445\u043e\u0434\u0435 \u0443\u0434\u043e\u0431\u043d\u044b\u0439 \u044d\u043a\u043e\u043b\u043e\u0433\u0438\u0447\u0435\u0441\u043a\u0438 \u0447\u0438\u0441\u0442\u044b\u0439 \u043c\u0430\u0442\u0435\u0440\u0438\u0430\u043b \u044d\u043b\u0430\u0441\u0442\u0438\u0447\u043d\u0430\u044f \u0440\u0435\u0437\u0438\u043d\u043a\u0430 \u043d\u0430 \u043f\u043e\u044f\u0441\u0435 \u0440\u0435\u043a\u043e\u043c\u0435\u043d\u0434\u0443\u0435\u0442\u0441\u044f \u0441 \u0442\u0435\u0440\u043c\u043e\u043a\u043e\u0444\u0442\u043e\u0439 Odars<\/p>\n","protected":false},"featured_media":12335,"template":"","meta":[],"pwb-brand":[330],"product_brand":[],"product_cat":[862],"product_tag":[],"class_list":{"0":"post-12348","1":"product","2":"type-product","3":"status-publish","4":"has-post-thumbnail","6":"pwb-brand-sioen","7":"product_cat-862","9":"first","10":"instock","11":"taxable","12":"shipping-taxable","13":"purchasable","14":"product-type-variable"},"yoast_head":"<!-- This site is optimized with the Yoast SEO plugin v27.0 - https:\/\/yoast.com\/product\/yoast-seo-wordpress\/ -->\n<title>Sioen ROJA \u0442\u0435\u0440\u043c\u043e\u0448\u0442\u0430\u043d\u044b - Stafit O\u00dc<\/title>\n<meta name=\"robots\" content=\"index, follow, max-snippet:-1, max-image-preview:large, max-video-preview:-1\" \/>\n<link rel=\"canonical\" href=\"https:\/\/stafit.ee\/ru\/tovar\/sioen-roja-\u0442\u0435\u0440\u043c\u043e\u0448\u0442\u0430\u043d\u044b\/\" \/>\n<meta property=\"og:locale\" content=\"ru_RU\" \/>\n<meta property=\"og:type\" content=\"article\" \/>\n<meta property=\"og:title\" content=\"Sioen ROJA \u0442\u0435\u0440\u043c\u043e\u0448\u0442\u0430\u043d\u044b - Stafit O\u00dc\" \/>\n<meta property=\"og:description\" content=\"Sio-Dry: 100% \u043f\u043e\u043b\u0438\u043f\u0440\u043e\u043f\u0438\u043b\u0435\u043d, 130 \u0433\/\u043c\u00b2 (birds eye) \u043c\u0430\u0442\u0435\u0440\u0438\u0430\u043b \u0445\u043e\u0440\u043e\u0448\u043e \u0434\u044b\u0448\u0438\u0442 \u0438 \u0432\u044b\u0432\u043e\u0434\u0438\u0442 \u0432\u043b\u0430\u0433\u0443 \u0445\u043e\u0440\u043e\u0448\u0438\u0435 \u0442\u0435\u0440\u043c\u043e\u0438\u0437\u043e\u043b\u044f\u0446\u0438\u043e\u043d\u043d\u044b\u0435 \u0441\u0432\u043e\u0439\u0441\u0442\u0432\u0430 \u0443\u0441\u0442\u043e\u0439\u0447\u0438\u0432\u044b\u0439 \u043a \u043f\u044f\u0442\u043d\u0430\u043c \u043c\u044f\u0433\u043a\u0438\u0439 \u043a\u0430\u043a \u0445\u043b\u043e\u043f\u043e\u043a \u043f\u0440\u043e\u0441\u0442\u043e\u0439 \u0432 \u0443\u0445\u043e\u0434\u0435 \u0443\u0434\u043e\u0431\u043d\u044b\u0439 \u044d\u043a\u043e\u043b\u043e\u0433\u0438\u0447\u0435\u0441\u043a\u0438 \u0447\u0438\u0441\u0442\u044b\u0439 \u043c\u0430\u0442\u0435\u0440\u0438\u0430\u043b \u044d\u043b\u0430\u0441\u0442\u0438\u0447\u043d\u0430\u044f \u0440\u0435\u0437\u0438\u043d\u043a\u0430 \u043d\u0430 \u043f\u043e\u044f\u0441\u0435 \u0440\u0435\u043a\u043e\u043c\u0435\u043d\u0434\u0443\u0435\u0442\u0441\u044f \u0441 \u0442\u0435\u0440\u043c\u043e\u043a\u043e\u0444\u0442\u043e\u0439 Odars\" \/>\n<meta property=\"og:url\" content=\"https:\/\/stafit.ee\/ru\/tovar\/sioen-roja-\u0442\u0435\u0440\u043c\u043e\u0448\u0442\u0430\u043d\u044b\/\" \/>\n<meta property=\"og:site_name\" content=\"Stafit O\u00dc\" \/>\n<meta property=\"article:modified_time\" content=\"2026-04-08T15:14:46+00:00\" \/>\n<meta name=\"twitter:card\" content=\"summary_large_image\" \/>\n<script type=\"application\/ld+json\" class=\"yoast-schema-graph\">{\"@context\":\"https:\/\/schema.org\",\"@graph\":[{\"@type\":\"WebPage\",\"@id\":\"https:\/\/stafit.ee\/ru\/tovar\/sioen-roja-%d1%82%d0%b5%d1%80%d0%bc%d0%be%d1%88%d1%82%d0%b0%d0%bd%d1%8b\/\",\"url\":\"https:\/\/stafit.ee\/ru\/tovar\/sioen-roja-%d1%82%d0%b5%d1%80%d0%bc%d0%be%d1%88%d1%82%d0%b0%d0%bd%d1%8b\/\",\"name\":\"Sioen ROJA \u0442\u0435\u0440\u043c\u043e\u0448\u0442\u0430\u043d\u044b - Stafit O\u00dc\",\"isPartOf\":{\"@id\":\"https:\/\/stafit.ee\/#website\"},\"primaryImageOfPage\":{\"@id\":\"https:\/\/stafit.ee\/ru\/tovar\/sioen-roja-%d1%82%d0%b5%d1%80%d0%bc%d0%be%d1%88%d1%82%d0%b0%d0%bd%d1%8b\/#primaryimage\"},\"image\":{\"@id\":\"https:\/\/stafit.ee\/ru\/tovar\/sioen-roja-%d1%82%d0%b5%d1%80%d0%bc%d0%be%d1%88%d1%82%d0%b0%d0%bd%d1%8b\/#primaryimage\"},\"thumbnailUrl\":\"https:\/\/stafit.ee\/wp-content\/uploads\/2021\/01\/500A_N02_A2_MD6_SIR-1.jpg\",\"datePublished\":\"2021-01-08T09:00:18+00:00\",\"dateModified\":\"2026-04-08T15:14:46+00:00\",\"breadcrumb\":{\"@id\":\"https:\/\/stafit.ee\/ru\/tovar\/sioen-roja-%d1%82%d0%b5%d1%80%d0%bc%d0%be%d1%88%d1%82%d0%b0%d0%bd%d1%8b\/#breadcrumb\"},\"inLanguage\":\"ru-RU\",\"potentialAction\":[{\"@type\":\"ReadAction\",\"target\":[\"https:\/\/stafit.ee\/ru\/tovar\/sioen-roja-%d1%82%d0%b5%d1%80%d0%bc%d0%be%d1%88%d1%82%d0%b0%d0%bd%d1%8b\/\"]}]},{\"@type\":\"ImageObject\",\"inLanguage\":\"ru-RU\",\"@id\":\"https:\/\/stafit.ee\/ru\/tovar\/sioen-roja-%d1%82%d0%b5%d1%80%d0%bc%d0%be%d1%88%d1%82%d0%b0%d0%bd%d1%8b\/#primaryimage\",\"url\":\"https:\/\/stafit.ee\/wp-content\/uploads\/2021\/01\/500A_N02_A2_MD6_SIR-1.jpg\",\"contentUrl\":\"https:\/\/stafit.ee\/wp-content\/uploads\/2021\/01\/500A_N02_A2_MD6_SIR-1.jpg\",\"width\":2000,\"height\":2000},{\"@type\":\"BreadcrumbList\",\"@id\":\"https:\/\/stafit.ee\/ru\/tovar\/sioen-roja-%d1%82%d0%b5%d1%80%d0%bc%d0%be%d1%88%d1%82%d0%b0%d0%bd%d1%8b\/#breadcrumb\",\"itemListElement\":[{\"@type\":\"ListItem\",\"position\":1,\"name\":\"Home\",\"item\":\"https:\/\/stafit.ee\/ru\/\"},{\"@type\":\"ListItem\",\"position\":2,\"name\":\"\u041c\u0430\u0433\u0430\u0437\u0438\u043d\",\"item\":\"https:\/\/stafit.ee\/ru\/pood\/\"},{\"@type\":\"ListItem\",\"position\":3,\"name\":\"Sioen ROJA \u0442\u0435\u0440\u043c\u043e\u0448\u0442\u0430\u043d\u044b\"}]},{\"@type\":\"WebSite\",\"@id\":\"https:\/\/stafit.ee\/#website\",\"url\":\"https:\/\/stafit.ee\/\",\"name\":\"Stafit O\u00dc\",\"description\":\"T\u00f6\u00f6riete ja ohutusvahendite jae ja hulgim\u00fc\u00fck\",\"potentialAction\":[{\"@type\":\"SearchAction\",\"target\":{\"@type\":\"EntryPoint\",\"urlTemplate\":\"https:\/\/stafit.ee\/?s={search_term_string}\"},\"query-input\":{\"@type\":\"PropertyValueSpecification\",\"valueRequired\":true,\"valueName\":\"search_term_string\"}}],\"inLanguage\":\"ru-RU\"}]}<\/script>\n<!-- \/ Yoast SEO plugin. -->","yoast_head_json":{"title":"Sioen ROJA \u0442\u0435\u0440\u043c\u043e\u0448\u0442\u0430\u043d\u044b - Stafit O\u00dc","robots":{"index":"index","follow":"follow","max-snippet":"max-snippet:-1","max-image-preview":"max-image-preview:large","max-video-preview":"max-video-preview:-1"},"canonical":"https:\/\/stafit.ee\/ru\/tovar\/sioen-roja-\u0442\u0435\u0440\u043c\u043e\u0448\u0442\u0430\u043d\u044b\/","og_locale":"ru_RU","og_type":"article","og_title":"Sioen ROJA \u0442\u0435\u0440\u043c\u043e\u0448\u0442\u0430\u043d\u044b - Stafit O\u00dc","og_description":"Sio-Dry: 100% \u043f\u043e\u043b\u0438\u043f\u0440\u043e\u043f\u0438\u043b\u0435\u043d, 130 \u0433\/\u043c\u00b2 (birds eye) \u043c\u0430\u0442\u0435\u0440\u0438\u0430\u043b \u0445\u043e\u0440\u043e\u0448\u043e \u0434\u044b\u0448\u0438\u0442 \u0438 \u0432\u044b\u0432\u043e\u0434\u0438\u0442 \u0432\u043b\u0430\u0433\u0443 \u0445\u043e\u0440\u043e\u0448\u0438\u0435 \u0442\u0435\u0440\u043c\u043e\u0438\u0437\u043e\u043b\u044f\u0446\u0438\u043e\u043d\u043d\u044b\u0435 \u0441\u0432\u043e\u0439\u0441\u0442\u0432\u0430 \u0443\u0441\u0442\u043e\u0439\u0447\u0438\u0432\u044b\u0439 \u043a \u043f\u044f\u0442\u043d\u0430\u043c \u043c\u044f\u0433\u043a\u0438\u0439 \u043a\u0430\u043a \u0445\u043b\u043e\u043f\u043e\u043a \u043f\u0440\u043e\u0441\u0442\u043e\u0439 \u0432 \u0443\u0445\u043e\u0434\u0435 \u0443\u0434\u043e\u0431\u043d\u044b\u0439 \u044d\u043a\u043e\u043b\u043e\u0433\u0438\u0447\u0435\u0441\u043a\u0438 \u0447\u0438\u0441\u0442\u044b\u0439 \u043c\u0430\u0442\u0435\u0440\u0438\u0430\u043b \u044d\u043b\u0430\u0441\u0442\u0438\u0447\u043d\u0430\u044f \u0440\u0435\u0437\u0438\u043d\u043a\u0430 \u043d\u0430 \u043f\u043e\u044f\u0441\u0435 \u0440\u0435\u043a\u043e\u043c\u0435\u043d\u0434\u0443\u0435\u0442\u0441\u044f \u0441 \u0442\u0435\u0440\u043c\u043e\u043a\u043e\u0444\u0442\u043e\u0439 Odars","og_url":"https:\/\/stafit.ee\/ru\/tovar\/sioen-roja-\u0442\u0435\u0440\u043c\u043e\u0448\u0442\u0430\u043d\u044b\/","og_site_name":"Stafit O\u00dc","article_modified_time":"2026-04-08T15:14:46+00:00","twitter_card":"summary_large_image","schema":{"@context":"https:\/\/schema.org","@graph":[{"@type":"WebPage","@id":"https:\/\/stafit.ee\/ru\/tovar\/sioen-roja-%d1%82%d0%b5%d1%80%d0%bc%d0%be%d1%88%d1%82%d0%b0%d0%bd%d1%8b\/","url":"https:\/\/stafit.ee\/ru\/tovar\/sioen-roja-%d1%82%d0%b5%d1%80%d0%bc%d0%be%d1%88%d1%82%d0%b0%d0%bd%d1%8b\/","name":"Sioen ROJA \u0442\u0435\u0440\u043c\u043e\u0448\u0442\u0430\u043d\u044b - Stafit O\u00dc","isPartOf":{"@id":"https:\/\/stafit.ee\/#website"},"primaryImageOfPage":{"@id":"https:\/\/stafit.ee\/ru\/tovar\/sioen-roja-%d1%82%d0%b5%d1%80%d0%bc%d0%be%d1%88%d1%82%d0%b0%d0%bd%d1%8b\/#primaryimage"},"image":{"@id":"https:\/\/stafit.ee\/ru\/tovar\/sioen-roja-%d1%82%d0%b5%d1%80%d0%bc%d0%be%d1%88%d1%82%d0%b0%d0%bd%d1%8b\/#primaryimage"},"thumbnailUrl":"https:\/\/stafit.ee\/wp-content\/uploads\/2021\/01\/500A_N02_A2_MD6_SIR-1.jpg","datePublished":"2021-01-08T09:00:18+00:00","dateModified":"2026-04-08T15:14:46+00:00","breadcrumb":{"@id":"https:\/\/stafit.ee\/ru\/tovar\/sioen-roja-%d1%82%d0%b5%d1%80%d0%bc%d0%be%d1%88%d1%82%d0%b0%d0%bd%d1%8b\/#breadcrumb"},"inLanguage":"ru-RU","potentialAction":[{"@type":"ReadAction","target":["https:\/\/stafit.ee\/ru\/tovar\/sioen-roja-%d1%82%d0%b5%d1%80%d0%bc%d0%be%d1%88%d1%82%d0%b0%d0%bd%d1%8b\/"]}]},{"@type":"ImageObject","inLanguage":"ru-RU","@id":"https:\/\/stafit.ee\/ru\/tovar\/sioen-roja-%d1%82%d0%b5%d1%80%d0%bc%d0%be%d1%88%d1%82%d0%b0%d0%bd%d1%8b\/#primaryimage","url":"https:\/\/stafit.ee\/wp-content\/uploads\/2021\/01\/500A_N02_A2_MD6_SIR-1.jpg","contentUrl":"https:\/\/stafit.ee\/wp-content\/uploads\/2021\/01\/500A_N02_A2_MD6_SIR-1.jpg","width":2000,"height":2000},{"@type":"BreadcrumbList","@id":"https:\/\/stafit.ee\/ru\/tovar\/sioen-roja-%d1%82%d0%b5%d1%80%d0%bc%d0%be%d1%88%d1%82%d0%b0%d0%bd%d1%8b\/#breadcrumb","itemListElement":[{"@type":"ListItem","position":1,"name":"Home","item":"https:\/\/stafit.ee\/ru\/"},{"@type":"ListItem","position":2,"name":"\u041c\u0430\u0433\u0430\u0437\u0438\u043d","item":"https:\/\/stafit.ee\/ru\/pood\/"},{"@type":"ListItem","position":3,"name":"Sioen ROJA \u0442\u0435\u0440\u043c\u043e\u0448\u0442\u0430\u043d\u044b"}]},{"@type":"WebSite","@id":"https:\/\/stafit.ee\/#website","url":"https:\/\/stafit.ee\/","name":"Stafit O\u00dc","description":"T\u00f6\u00f6riete ja ohutusvahendite jae ja hulgim\u00fc\u00fck","potentialAction":[{"@type":"SearchAction","target":{"@type":"EntryPoint","urlTemplate":"https:\/\/stafit.ee\/?s={search_term_string}"},"query-input":{"@type":"PropertyValueSpecification","valueRequired":true,"valueName":"search_term_string"}}],"inLanguage":"ru-RU"}]}},"brands":[{"id":330,"name":"Sioen","slug":"sioen"}],"_links":{"self":[{"href":"https:\/\/stafit.ee\/ru\/wp-json\/wp\/v2\/product\/12348","targetHints":{"allow":["GET"]}}],"collection":[{"href":"https:\/\/stafit.ee\/ru\/wp-json\/wp\/v2\/product"}],"about":[{"href":"https:\/\/stafit.ee\/ru\/wp-json\/wp\/v2\/types\/product"}],"wp:featuredmedia":[{"embeddable":true,"href":"https:\/\/stafit.ee\/ru\/wp-json\/wp\/v2\/media\/12335"}],"wp:attachment":[{"href":"https:\/\/stafit.ee\/ru\/wp-json\/wp\/v2\/media?parent=12348"}],"wp:term":[{"taxonomy":"pwb-brand","embeddable":true,"href":"https:\/\/stafit.ee\/ru\/wp-json\/wp\/v2\/pwb-brand?post=12348"},{"taxonomy":"product_brand","embeddable":true,"href":"https:\/\/stafit.ee\/ru\/wp-json\/wp\/v2\/product_brand?post=12348"},{"taxonomy":"product_cat","embeddable":true,"href":"https:\/\/stafit.ee\/ru\/wp-json\/wp\/v2\/product_cat?post=12348"},{"taxonomy":"product_tag","embeddable":true,"href":"https:\/\/stafit.ee\/ru\/wp-json\/wp\/v2\/product_tag?post=12348"}],"curies":[{"name":"wp","href":"https:\/\/api.w.org\/{rel}","templated":true}]}}