{"id":12326,"date":"2021-01-08T11:00:19","date_gmt":"2021-01-08T09:00:19","guid":{"rendered":"https:\/\/stafit.ee\/toode\/sioen-ferano-%d1%82%d0%b5%d1%80%d0%bc%d0%be%d0%ba%d0%be%d1%84%d1%82%d0%b0\/"},"modified":"2026-04-08T18:14:47","modified_gmt":"2026-04-08T15:14:47","slug":"sioen-ferano-%d1%82%d0%b5%d1%80%d0%bc%d0%be%d0%ba%d0%be%d1%84%d1%82%d0%b0","status":"publish","type":"product","link":"https:\/\/stafit.ee\/ru\/tovar\/sioen-ferano-%d1%82%d0%b5%d1%80%d0%bc%d0%be%d0%ba%d0%be%d1%84%d1%82%d0%b0\/","title":{"rendered":"Sioen FERANO \u0442\u0435\u0440\u043c\u043e\u043a\u043e\u0444\u0442\u0430"},"content":{"rendered":"<ul>\n<li lang=\"ru-RU\">\u043e\u0442\u043b\u0438\u0447\u043d\u0430\u044f \u0442\u0435\u0440\u043c\u043e\u0438\u0437\u043e\u043b\u044f\u0446\u0438\u044f<\/li>\n<li>\u043f\u0440\u0438\u044f\u0442\u043d\u044b\u0439 \u043d\u0430 \u043e\u0449\u0443\u043f\u044c \u043c\u0430\u0442\u0435\u0440\u0438\u0430\u043b \u0441 \u0430\u043d\u0442\u0438\u0431\u0430\u043a\u0442\u0435\u0440\u0438\u0430\u043b\u044c\u043d\u043e\u0439 \u043e\u0431\u0440\u0430\u0431\u043e\u0442\u043a\u043e\u0439<\/li>\n<li>\u0431\u044b\u0441\u0442\u0440\u043e \u0441\u043e\u0445\u043d\u0435\u0442<\/li>\n<li>\u0440\u0435\u0433\u0443\u043b\u0438\u0440\u0443\u0435\u0442 \u0442\u0435\u043c\u043f\u0435\u0440\u0430\u0442\u0443\u0440\u0443 \u0442\u0435\u043b\u0430<\/li>\n<li>\u044d\u043b\u0430\u0441\u0442\u0438\u0447\u043d\u044b\u0435 \u043c\u0430\u043d\u0436\u0435\u0442\u044b \u043d\u0430 \u0440\u0443\u043a\u0430\u0432\u0430\u0445<\/li>\n<li>\u0443\u0434\u043b\u0438\u043d\u0435\u043d\u043d\u0430\u044f \u0441\u043f\u0438\u043d\u0430<\/li>\n<li>\u0440\u0435\u043a\u043e\u043c\u0435\u043d\u0434\u0443\u0435\u0442\u0441\u044f \u0441 \u0442\u0435\u0440\u043c\u043e\u0448\u0442\u0430\u043d\u0430\u043c\u0438 Montrose<\/li>\n<\/ul>\n","protected":false},"excerpt":{"rendered":"<p>\u043e\u0442\u043b\u0438\u0447\u043d\u0430\u044f \u0442\u0435\u0440\u043c\u043e\u0438\u0437\u043e\u043b\u044f\u0446\u0438\u044f \u043f\u0440\u0438\u044f\u0442\u043d\u044b\u0439 \u043d\u0430 \u043e\u0449\u0443\u043f\u044c \u043c\u0430\u0442\u0435\u0440\u0438\u0430\u043b \u0441 \u0430\u043d\u0442\u0438\u0431\u0430\u043a\u0442\u0435\u0440\u0438\u0430\u043b\u044c\u043d\u043e\u0439 \u043e\u0431\u0440\u0430\u0431\u043e\u0442\u043a\u043e\u0439 \u0431\u044b\u0441\u0442\u0440\u043e \u0441\u043e\u0445\u043d\u0435\u0442 \u0440\u0435\u0433\u0443\u043b\u0438\u0440\u0443\u0435\u0442 \u0442\u0435\u043c\u043f\u0435\u0440\u0430\u0442\u0443\u0440\u0443 \u0442\u0435\u043b\u0430 \u044d\u043b\u0430\u0441\u0442\u0438\u0447\u043d\u044b\u0435 \u043c\u0430\u043d\u0436\u0435\u0442\u044b \u043d\u0430 \u0440\u0443\u043a\u0430\u0432\u0430\u0445 \u0443\u0434\u043b\u0438\u043d\u0435\u043d\u043d\u0430\u044f \u0441\u043f\u0438\u043d\u0430 \u0440\u0435\u043a\u043e\u043c\u0435\u043d\u0434\u0443\u0435\u0442\u0441\u044f \u0441 \u0442\u0435\u0440\u043c\u043e\u0448\u0442\u0430\u043d\u0430\u043c\u0438 Montrose<\/p>\n","protected":false},"featured_media":12314,"template":"","meta":[],"pwb-brand":[330],"product_brand":[],"product_cat":[862],"product_tag":[],"class_list":{"0":"post-12326","1":"product","2":"type-product","3":"status-publish","4":"has-post-thumbnail","6":"pwb-brand-sioen","7":"product_cat-862","9":"first","10":"instock","11":"taxable","12":"shipping-taxable","13":"purchasable","14":"product-type-variable"},"yoast_head":"<!-- This site is optimized with the Yoast SEO plugin v27.0 - https:\/\/yoast.com\/product\/yoast-seo-wordpress\/ -->\n<title>Sioen FERANO \u0442\u0435\u0440\u043c\u043e\u043a\u043e\u0444\u0442\u0430 - Stafit O\u00dc<\/title>\n<meta name=\"robots\" content=\"index, follow, max-snippet:-1, max-image-preview:large, max-video-preview:-1\" \/>\n<link rel=\"canonical\" href=\"https:\/\/stafit.ee\/ru\/tovar\/sioen-ferano-\u0442\u0435\u0440\u043c\u043e\u043a\u043e\u0444\u0442\u0430\/\" \/>\n<meta property=\"og:locale\" content=\"ru_RU\" \/>\n<meta property=\"og:type\" content=\"article\" \/>\n<meta property=\"og:title\" content=\"Sioen FERANO \u0442\u0435\u0440\u043c\u043e\u043a\u043e\u0444\u0442\u0430 - Stafit O\u00dc\" \/>\n<meta property=\"og:description\" content=\"\u043e\u0442\u043b\u0438\u0447\u043d\u0430\u044f \u0442\u0435\u0440\u043c\u043e\u0438\u0437\u043e\u043b\u044f\u0446\u0438\u044f \u043f\u0440\u0438\u044f\u0442\u043d\u044b\u0439 \u043d\u0430 \u043e\u0449\u0443\u043f\u044c \u043c\u0430\u0442\u0435\u0440\u0438\u0430\u043b \u0441 \u0430\u043d\u0442\u0438\u0431\u0430\u043a\u0442\u0435\u0440\u0438\u0430\u043b\u044c\u043d\u043e\u0439 \u043e\u0431\u0440\u0430\u0431\u043e\u0442\u043a\u043e\u0439 \u0431\u044b\u0441\u0442\u0440\u043e \u0441\u043e\u0445\u043d\u0435\u0442 \u0440\u0435\u0433\u0443\u043b\u0438\u0440\u0443\u0435\u0442 \u0442\u0435\u043c\u043f\u0435\u0440\u0430\u0442\u0443\u0440\u0443 \u0442\u0435\u043b\u0430 \u044d\u043b\u0430\u0441\u0442\u0438\u0447\u043d\u044b\u0435 \u043c\u0430\u043d\u0436\u0435\u0442\u044b \u043d\u0430 \u0440\u0443\u043a\u0430\u0432\u0430\u0445 \u0443\u0434\u043b\u0438\u043d\u0435\u043d\u043d\u0430\u044f \u0441\u043f\u0438\u043d\u0430 \u0440\u0435\u043a\u043e\u043c\u0435\u043d\u0434\u0443\u0435\u0442\u0441\u044f \u0441 \u0442\u0435\u0440\u043c\u043e\u0448\u0442\u0430\u043d\u0430\u043c\u0438 Montrose\" \/>\n<meta property=\"og:url\" content=\"https:\/\/stafit.ee\/ru\/tovar\/sioen-ferano-\u0442\u0435\u0440\u043c\u043e\u043a\u043e\u0444\u0442\u0430\/\" \/>\n<meta property=\"og:site_name\" content=\"Stafit O\u00dc\" \/>\n<meta property=\"article:modified_time\" content=\"2026-04-08T15:14:47+00:00\" \/>\n<meta name=\"twitter:card\" content=\"summary_large_image\" \/>\n<script type=\"application\/ld+json\" class=\"yoast-schema-graph\">{\"@context\":\"https:\/\/schema.org\",\"@graph\":[{\"@type\":\"WebPage\",\"@id\":\"https:\/\/stafit.ee\/ru\/tovar\/sioen-ferano-%d1%82%d0%b5%d1%80%d0%bc%d0%be%d0%ba%d0%be%d1%84%d1%82%d0%b0\/\",\"url\":\"https:\/\/stafit.ee\/ru\/tovar\/sioen-ferano-%d1%82%d0%b5%d1%80%d0%bc%d0%be%d0%ba%d0%be%d1%84%d1%82%d0%b0\/\",\"name\":\"Sioen FERANO \u0442\u0435\u0440\u043c\u043e\u043a\u043e\u0444\u0442\u0430 - Stafit O\u00dc\",\"isPartOf\":{\"@id\":\"https:\/\/stafit.ee\/#website\"},\"primaryImageOfPage\":{\"@id\":\"https:\/\/stafit.ee\/ru\/tovar\/sioen-ferano-%d1%82%d0%b5%d1%80%d0%bc%d0%be%d0%ba%d0%be%d1%84%d1%82%d0%b0\/#primaryimage\"},\"image\":{\"@id\":\"https:\/\/stafit.ee\/ru\/tovar\/sioen-ferano-%d1%82%d0%b5%d1%80%d0%bc%d0%be%d0%ba%d0%be%d1%84%d1%82%d0%b0\/#primaryimage\"},\"thumbnailUrl\":\"https:\/\/stafit.ee\/wp-content\/uploads\/2021\/01\/511A_M22_A2_MC4_SIL.jpg\",\"datePublished\":\"2021-01-08T09:00:19+00:00\",\"dateModified\":\"2026-04-08T15:14:47+00:00\",\"breadcrumb\":{\"@id\":\"https:\/\/stafit.ee\/ru\/tovar\/sioen-ferano-%d1%82%d0%b5%d1%80%d0%bc%d0%be%d0%ba%d0%be%d1%84%d1%82%d0%b0\/#breadcrumb\"},\"inLanguage\":\"ru-RU\",\"potentialAction\":[{\"@type\":\"ReadAction\",\"target\":[\"https:\/\/stafit.ee\/ru\/tovar\/sioen-ferano-%d1%82%d0%b5%d1%80%d0%bc%d0%be%d0%ba%d0%be%d1%84%d1%82%d0%b0\/\"]}]},{\"@type\":\"ImageObject\",\"inLanguage\":\"ru-RU\",\"@id\":\"https:\/\/stafit.ee\/ru\/tovar\/sioen-ferano-%d1%82%d0%b5%d1%80%d0%bc%d0%be%d0%ba%d0%be%d1%84%d1%82%d0%b0\/#primaryimage\",\"url\":\"https:\/\/stafit.ee\/wp-content\/uploads\/2021\/01\/511A_M22_A2_MC4_SIL.jpg\",\"contentUrl\":\"https:\/\/stafit.ee\/wp-content\/uploads\/2021\/01\/511A_M22_A2_MC4_SIL.jpg\",\"width\":720,\"height\":1080},{\"@type\":\"BreadcrumbList\",\"@id\":\"https:\/\/stafit.ee\/ru\/tovar\/sioen-ferano-%d1%82%d0%b5%d1%80%d0%bc%d0%be%d0%ba%d0%be%d1%84%d1%82%d0%b0\/#breadcrumb\",\"itemListElement\":[{\"@type\":\"ListItem\",\"position\":1,\"name\":\"Home\",\"item\":\"https:\/\/stafit.ee\/ru\/\"},{\"@type\":\"ListItem\",\"position\":2,\"name\":\"\u041c\u0430\u0433\u0430\u0437\u0438\u043d\",\"item\":\"https:\/\/stafit.ee\/ru\/pood\/\"},{\"@type\":\"ListItem\",\"position\":3,\"name\":\"Sioen FERANO \u0442\u0435\u0440\u043c\u043e\u043a\u043e\u0444\u0442\u0430\"}]},{\"@type\":\"WebSite\",\"@id\":\"https:\/\/stafit.ee\/#website\",\"url\":\"https:\/\/stafit.ee\/\",\"name\":\"Stafit O\u00dc\",\"description\":\"T\u00f6\u00f6riete ja ohutusvahendite jae ja hulgim\u00fc\u00fck\",\"potentialAction\":[{\"@type\":\"SearchAction\",\"target\":{\"@type\":\"EntryPoint\",\"urlTemplate\":\"https:\/\/stafit.ee\/?s={search_term_string}\"},\"query-input\":{\"@type\":\"PropertyValueSpecification\",\"valueRequired\":true,\"valueName\":\"search_term_string\"}}],\"inLanguage\":\"ru-RU\"}]}<\/script>\n<!-- \/ Yoast SEO plugin. -->","yoast_head_json":{"title":"Sioen FERANO \u0442\u0435\u0440\u043c\u043e\u043a\u043e\u0444\u0442\u0430 - Stafit O\u00dc","robots":{"index":"index","follow":"follow","max-snippet":"max-snippet:-1","max-image-preview":"max-image-preview:large","max-video-preview":"max-video-preview:-1"},"canonical":"https:\/\/stafit.ee\/ru\/tovar\/sioen-ferano-\u0442\u0435\u0440\u043c\u043e\u043a\u043e\u0444\u0442\u0430\/","og_locale":"ru_RU","og_type":"article","og_title":"Sioen FERANO \u0442\u0435\u0440\u043c\u043e\u043a\u043e\u0444\u0442\u0430 - Stafit O\u00dc","og_description":"\u043e\u0442\u043b\u0438\u0447\u043d\u0430\u044f \u0442\u0435\u0440\u043c\u043e\u0438\u0437\u043e\u043b\u044f\u0446\u0438\u044f \u043f\u0440\u0438\u044f\u0442\u043d\u044b\u0439 \u043d\u0430 \u043e\u0449\u0443\u043f\u044c \u043c\u0430\u0442\u0435\u0440\u0438\u0430\u043b \u0441 \u0430\u043d\u0442\u0438\u0431\u0430\u043a\u0442\u0435\u0440\u0438\u0430\u043b\u044c\u043d\u043e\u0439 \u043e\u0431\u0440\u0430\u0431\u043e\u0442\u043a\u043e\u0439 \u0431\u044b\u0441\u0442\u0440\u043e \u0441\u043e\u0445\u043d\u0435\u0442 \u0440\u0435\u0433\u0443\u043b\u0438\u0440\u0443\u0435\u0442 \u0442\u0435\u043c\u043f\u0435\u0440\u0430\u0442\u0443\u0440\u0443 \u0442\u0435\u043b\u0430 \u044d\u043b\u0430\u0441\u0442\u0438\u0447\u043d\u044b\u0435 \u043c\u0430\u043d\u0436\u0435\u0442\u044b \u043d\u0430 \u0440\u0443\u043a\u0430\u0432\u0430\u0445 \u0443\u0434\u043b\u0438\u043d\u0435\u043d\u043d\u0430\u044f \u0441\u043f\u0438\u043d\u0430 \u0440\u0435\u043a\u043e\u043c\u0435\u043d\u0434\u0443\u0435\u0442\u0441\u044f \u0441 \u0442\u0435\u0440\u043c\u043e\u0448\u0442\u0430\u043d\u0430\u043c\u0438 Montrose","og_url":"https:\/\/stafit.ee\/ru\/tovar\/sioen-ferano-\u0442\u0435\u0440\u043c\u043e\u043a\u043e\u0444\u0442\u0430\/","og_site_name":"Stafit O\u00dc","article_modified_time":"2026-04-08T15:14:47+00:00","twitter_card":"summary_large_image","schema":{"@context":"https:\/\/schema.org","@graph":[{"@type":"WebPage","@id":"https:\/\/stafit.ee\/ru\/tovar\/sioen-ferano-%d1%82%d0%b5%d1%80%d0%bc%d0%be%d0%ba%d0%be%d1%84%d1%82%d0%b0\/","url":"https:\/\/stafit.ee\/ru\/tovar\/sioen-ferano-%d1%82%d0%b5%d1%80%d0%bc%d0%be%d0%ba%d0%be%d1%84%d1%82%d0%b0\/","name":"Sioen FERANO \u0442\u0435\u0440\u043c\u043e\u043a\u043e\u0444\u0442\u0430 - Stafit O\u00dc","isPartOf":{"@id":"https:\/\/stafit.ee\/#website"},"primaryImageOfPage":{"@id":"https:\/\/stafit.ee\/ru\/tovar\/sioen-ferano-%d1%82%d0%b5%d1%80%d0%bc%d0%be%d0%ba%d0%be%d1%84%d1%82%d0%b0\/#primaryimage"},"image":{"@id":"https:\/\/stafit.ee\/ru\/tovar\/sioen-ferano-%d1%82%d0%b5%d1%80%d0%bc%d0%be%d0%ba%d0%be%d1%84%d1%82%d0%b0\/#primaryimage"},"thumbnailUrl":"https:\/\/stafit.ee\/wp-content\/uploads\/2021\/01\/511A_M22_A2_MC4_SIL.jpg","datePublished":"2021-01-08T09:00:19+00:00","dateModified":"2026-04-08T15:14:47+00:00","breadcrumb":{"@id":"https:\/\/stafit.ee\/ru\/tovar\/sioen-ferano-%d1%82%d0%b5%d1%80%d0%bc%d0%be%d0%ba%d0%be%d1%84%d1%82%d0%b0\/#breadcrumb"},"inLanguage":"ru-RU","potentialAction":[{"@type":"ReadAction","target":["https:\/\/stafit.ee\/ru\/tovar\/sioen-ferano-%d1%82%d0%b5%d1%80%d0%bc%d0%be%d0%ba%d0%be%d1%84%d1%82%d0%b0\/"]}]},{"@type":"ImageObject","inLanguage":"ru-RU","@id":"https:\/\/stafit.ee\/ru\/tovar\/sioen-ferano-%d1%82%d0%b5%d1%80%d0%bc%d0%be%d0%ba%d0%be%d1%84%d1%82%d0%b0\/#primaryimage","url":"https:\/\/stafit.ee\/wp-content\/uploads\/2021\/01\/511A_M22_A2_MC4_SIL.jpg","contentUrl":"https:\/\/stafit.ee\/wp-content\/uploads\/2021\/01\/511A_M22_A2_MC4_SIL.jpg","width":720,"height":1080},{"@type":"BreadcrumbList","@id":"https:\/\/stafit.ee\/ru\/tovar\/sioen-ferano-%d1%82%d0%b5%d1%80%d0%bc%d0%be%d0%ba%d0%be%d1%84%d1%82%d0%b0\/#breadcrumb","itemListElement":[{"@type":"ListItem","position":1,"name":"Home","item":"https:\/\/stafit.ee\/ru\/"},{"@type":"ListItem","position":2,"name":"\u041c\u0430\u0433\u0430\u0437\u0438\u043d","item":"https:\/\/stafit.ee\/ru\/pood\/"},{"@type":"ListItem","position":3,"name":"Sioen FERANO \u0442\u0435\u0440\u043c\u043e\u043a\u043e\u0444\u0442\u0430"}]},{"@type":"WebSite","@id":"https:\/\/stafit.ee\/#website","url":"https:\/\/stafit.ee\/","name":"Stafit O\u00dc","description":"T\u00f6\u00f6riete ja ohutusvahendite jae ja hulgim\u00fc\u00fck","potentialAction":[{"@type":"SearchAction","target":{"@type":"EntryPoint","urlTemplate":"https:\/\/stafit.ee\/?s={search_term_string}"},"query-input":{"@type":"PropertyValueSpecification","valueRequired":true,"valueName":"search_term_string"}}],"inLanguage":"ru-RU"}]}},"brands":[{"id":330,"name":"Sioen","slug":"sioen"}],"_links":{"self":[{"href":"https:\/\/stafit.ee\/ru\/wp-json\/wp\/v2\/product\/12326","targetHints":{"allow":["GET"]}}],"collection":[{"href":"https:\/\/stafit.ee\/ru\/wp-json\/wp\/v2\/product"}],"about":[{"href":"https:\/\/stafit.ee\/ru\/wp-json\/wp\/v2\/types\/product"}],"wp:featuredmedia":[{"embeddable":true,"href":"https:\/\/stafit.ee\/ru\/wp-json\/wp\/v2\/media\/12314"}],"wp:attachment":[{"href":"https:\/\/stafit.ee\/ru\/wp-json\/wp\/v2\/media?parent=12326"}],"wp:term":[{"taxonomy":"pwb-brand","embeddable":true,"href":"https:\/\/stafit.ee\/ru\/wp-json\/wp\/v2\/pwb-brand?post=12326"},{"taxonomy":"product_brand","embeddable":true,"href":"https:\/\/stafit.ee\/ru\/wp-json\/wp\/v2\/product_brand?post=12326"},{"taxonomy":"product_cat","embeddable":true,"href":"https:\/\/stafit.ee\/ru\/wp-json\/wp\/v2\/product_cat?post=12326"},{"taxonomy":"product_tag","embeddable":true,"href":"https:\/\/stafit.ee\/ru\/wp-json\/wp\/v2\/product_tag?post=12326"}],"curies":[{"name":"wp","href":"https:\/\/api.w.org\/{rel}","templated":true}]}}