{"id":12263,"date":"2021-01-08T11:00:17","date_gmt":"2021-01-08T09:00:17","guid":{"rendered":"https:\/\/stafit.ee\/toode\/%d1%82%d0%b5%d1%80%d0%bc%d0%be%d0%b1%d0%b5%d0%bb%d1%8c%d1%91-norfin-cosy-line\/"},"modified":"2026-04-08T18:14:46","modified_gmt":"2026-04-08T15:14:46","slug":"%d1%82%d0%b5%d1%80%d0%bc%d0%be%d0%b1%d0%b5%d0%bb%d1%8c%d1%91-norfin-cosy-line","status":"publish","type":"product","link":"https:\/\/stafit.ee\/ru\/tovar\/%d1%82%d0%b5%d1%80%d0%bc%d0%be%d0%b1%d0%b5%d0%bb%d1%8c%d1%91-norfin-cosy-line\/","title":{"rendered":"\u0422\u0435\u0440\u043c\u043e\u0431\u0435\u043b\u044c\u0451 NORFIN Cosy Line"},"content":{"rendered":"<p>\u041d\u0438\u0436\u043d\u0435\u0435 \u0440\u0430\u0437\u0434\u0435\u043b\u044c\u043d\u043e\u0435 \u0442\u0435\u0440\u043c\u043e\u0431\u0435\u043b\u044c\u0435. \u041c\u044f\u0433\u043a\u0438\u0439, \u043b\u0435\u0433\u043a\u0438\u0439 \u0438 \u00ab\u0434\u044b\u0448\u0430\u0449\u0438\u0439\u00bb \u043c\u0430\u0442\u0435\u0440\u0438\u0430\u043b \u043e\u0431\u0435\u0441\u043f\u0435\u0447\u0438\u0432\u0430\u0435\u0442 \u043a\u043e\u043c\u0444\u043e\u0440\u0442\u043d\u044b\u0435 \u0443\u0441\u043b\u043e\u0432\u0438\u044f \u0434\u043b\u044f \u0442\u0435\u043b\u0430 \u043f\u0440\u0438 \u043f\u043e\u043d\u0438\u0436\u0435\u043d\u043d\u044b\u0445 \u0442\u0435\u043c\u043f\u0435\u0440\u0430\u0442\u0443\u0440\u0430\u0445. \u041e\u043d\u043e \u043d\u0430\u0434\u0435\u0432\u0430\u0435\u0442\u0441\u044f \u043d\u0430 \u0442\u043e\u043d\u043a\u043e\u0435 \u0442\u0435\u0440\u043c\u043e\u0431\u0435\u043b\u044c\u0435 \u0438\u043b\u0438 \u043d\u0430 \u0433\u043e\u043b\u043e\u0435 \u0442\u0435\u043b\u043e. \u041f\u043e\u0441\u043b\u0435 \u0438\u043d\u0442\u0435\u043d\u0441\u0438\u0432\u043d\u043e\u0439 \u0440\u0430\u0431\u043e\u0442\u044b \u0438\u043b\u0438 \u043f\u0440\u043e\u0434\u043e\u043b\u0436\u0438\u0442\u0435\u043b\u044c\u043d\u043e\u0433\u043e \u043f\u0435\u0440\u0435\u0434\u0432\u0438\u0436\u0435\u043d\u0438\u044f, \u0438\u0441\u043f\u0430\u0440\u0438\u043d\u0435 \u0434\u043e\u0441\u0442\u0430\u0442\u043e\u0447\u043d\u043e 15 &#8212; 20 \u043c\u0438\u043d\u0443\u0442 \u0434\u043b\u044f \u00ab\u0432\u044b\u0445\u043e\u0434\u0430\u00bb \u043d\u0430\u0440\u0443\u0436\u0443, \u043f\u0440\u0438 \u0443\u0441\u043b\u043e\u0432\u0438\u0438, \u0447\u0442\u043e \u0432\u0435\u0440\u0445\u043d\u044f\u044f \u043e\u0434\u0435\u0436\u0434\u0430 &#8212; \u043c\u0435\u043c\u0431\u0440\u0430\u043d\u0430. \u0422\u0435\u043b\u043e \u0441\u0442\u0430\u043d\u043e\u0432\u0438\u0442\u0441\u044f \u0441\u0443\u0445\u0438\u043c \u0438 \u043d\u0435 \u0437\u0430\u043c\u0435\u0440\u0437\u043d\u0435\u0442 \u043d\u0430 \u0445\u043e\u043b\u043e\u0434\u0435. \u041f\u043e\u044d\u0442\u043e\u043c\u0443 \u043f\u043e\u0434 \u0442\u0435\u0440\u043c\u043e\u0431\u0435\u043b\u044c\u0435 \u043d\u0438 \u0432 \u043a\u043e\u0435\u043c \u0441\u043b\u0443\u0447\u0430\u0435 \u043d\u0435 \u043f\u043e\u0434\u0434\u0435\u0432\u0430\u0435\u0442\u0441\u044f \u0445\u043b\u043e\u043f\u0447\u0430\u0442\u043e\u0431\u0443\u043c\u0430\u0436\u043d\u0430\u044f \u043d\u0438\u0436\u043d\u044f\u044f \u043e\u0434\u0435\u0436\u0434\u0430, \u043a\u043e\u0442\u043e\u0440\u0430\u044f \u0432\u043f\u0438\u0442\u044b\u0432\u0430\u0435\u0442 \u0432\u043b\u0430\u0433\u0443 \u0438 \u043e\u0441\u0442\u0430\u0435\u0442\u0441\u044f \u0441\u044b\u0440\u043e\u0439.<\/p>\n<ul>\n<li>\u041c\u0430\u0442\u0435\u0440\u0438\u0430\u043b: 100% <span lang=\"ru-RU\">\u043f\u043e\u043b\u0438\u044d\u0441\u0442\u0435\u0440<\/span><\/li>\n<li>\u041a\u0430\u043f\u044e\u0448\u043e\u043d \u043d\u0430 \u043a\u043d\u043e\u043f\u043a\u0430\u0445, \u043a\u0440\u0435\u043f\u0438\u0442\u0441\u044f \u043a \u043a\u043e\u0444\u0442\u0435<\/li>\n<li>\u0424\u0438\u043a\u0441\u0430\u0442\u043e\u0440, \u0441\u0442\u044f\u0433\u0438\u0432\u0430\u044e\u0449\u0438\u0439 \u043a\u0430\u043f\u044e\u0448\u043e\u043d<\/li>\n<li>\u041d\u0430\u0434\u0435\u0436\u043d\u0430\u044f \u0437\u0430\u0441\u0442\u0435\u0436\u043a\u0430-\u043c\u043e\u043b\u043d\u0438\u044f<\/li>\n<li>\u042d\u043b\u0430\u0441\u0442\u0438\u0447\u043d\u044b\u0439 \u043f\u043e\u044f\u0441<\/li>\n<li>\u042d\u043b\u0430\u0441\u0442\u0438\u0447\u043d\u044b\u0435 \u043c\u0430\u043d\u0436\u0435\u0442\u044b \u043d\u0430 \u0440\u0443\u043a\u0430\u0432\u0430\u0445 \u0438 \u0448\u0442\u0430\u043d\u0430\u0445<\/li>\n<\/ul>\n","protected":false},"excerpt":{"rendered":"<p>\u041d\u0438\u0436\u043d\u0435\u0435 \u0440\u0430\u0437\u0434\u0435\u043b\u044c\u043d\u043e\u0435 \u0442\u0435\u0440\u043c\u043e\u0431\u0435\u043b\u044c\u0435. \u041c\u044f\u0433\u043a\u0438\u0439, \u043b\u0435\u0433\u043a\u0438\u0439 \u0438 \u00ab\u0434\u044b\u0448\u0430\u0449\u0438\u0439\u00bb \u043c\u0430\u0442\u0435\u0440\u0438\u0430\u043b \u043e\u0431\u0435\u0441\u043f\u0435\u0447\u0438\u0432\u0430\u0435\u0442 \u043a\u043e\u043c\u0444\u043e\u0440\u0442\u043d\u044b\u0435 \u0443\u0441\u043b\u043e\u0432\u0438\u044f \u0434\u043b\u044f \u0442\u0435\u043b\u0430 \u043f\u0440\u0438 \u043f\u043e\u043d\u0438\u0436\u0435\u043d\u043d\u044b\u0445 \u0442\u0435\u043c\u043f\u0435\u0440\u0430\u0442\u0443\u0440\u0430\u0445. \u041e\u043d\u043e \u043d\u0430\u0434\u0435\u0432\u0430\u0435\u0442\u0441\u044f \u043d\u0430 \u0442\u043e\u043d\u043a\u043e\u0435 \u0442\u0435\u0440\u043c\u043e\u0431\u0435\u043b\u044c\u0435 \u0438\u043b\u0438 \u043d\u0430 \u0433\u043e\u043b\u043e\u0435 \u0442\u0435\u043b\u043e. \u041f\u043e\u0441\u043b\u0435 \u0438\u043d\u0442\u0435\u043d\u0441\u0438\u0432\u043d\u043e\u0439 \u0440\u0430\u0431\u043e\u0442\u044b \u0438\u043b\u0438 \u043f\u0440\u043e\u0434\u043e\u043b\u0436\u0438\u0442\u0435\u043b\u044c\u043d\u043e\u0433\u043e \u043f\u0435\u0440\u0435\u0434\u0432\u0438\u0436\u0435\u043d\u0438\u044f, \u0438\u0441\u043f\u0430\u0440\u0438\u043d\u0435 \u0434\u043e\u0441\u0442\u0430\u0442\u043e\u0447\u043d\u043e 15 &#8212; 20 \u043c\u0438\u043d\u0443\u0442 \u0434\u043b\u044f \u00ab\u0432\u044b\u0445\u043e\u0434\u0430\u00bb \u043d\u0430\u0440\u0443\u0436\u0443, \u043f\u0440\u0438 \u0443\u0441\u043b\u043e\u0432\u0438\u0438, \u0447\u0442\u043e \u0432\u0435\u0440\u0445\u043d\u044f\u044f \u043e\u0434\u0435\u0436\u0434\u0430 &#8212; \u043c\u0435\u043c\u0431\u0440\u0430\u043d\u0430. \u0422\u0435\u043b\u043e \u0441\u0442\u0430\u043d\u043e\u0432\u0438\u0442\u0441\u044f \u0441\u0443\u0445\u0438\u043c \u0438 \u043d\u0435 \u0437\u0430\u043c\u0435\u0440\u0437\u043d\u0435\u0442 \u043d\u0430 \u0445\u043e\u043b\u043e\u0434\u0435&#8230;.<\/p>\n","protected":false},"featured_media":12249,"template":"","meta":[],"pwb-brand":[],"product_brand":[],"product_cat":[862],"product_tag":[],"class_list":{"0":"post-12263","1":"product","2":"type-product","3":"status-publish","4":"has-post-thumbnail","6":"product_cat-862","8":"first","9":"instock","10":"taxable","11":"shipping-taxable","12":"purchasable","13":"product-type-variable"},"yoast_head":"<!-- This site is optimized with the Yoast SEO plugin v27.0 - https:\/\/yoast.com\/product\/yoast-seo-wordpress\/ -->\n<title>\u0422\u0435\u0440\u043c\u043e\u0431\u0435\u043b\u044c\u0451 NORFIN Cosy Line - Stafit O\u00dc<\/title>\n<meta name=\"robots\" content=\"index, follow, max-snippet:-1, max-image-preview:large, max-video-preview:-1\" \/>\n<link rel=\"canonical\" href=\"https:\/\/stafit.ee\/ru\/tovar\/\u0442\u0435\u0440\u043c\u043e\u0431\u0435\u043b\u044c\u0451-norfin-cosy-line\/\" \/>\n<meta property=\"og:locale\" content=\"ru_RU\" \/>\n<meta property=\"og:type\" content=\"article\" \/>\n<meta property=\"og:title\" content=\"\u0422\u0435\u0440\u043c\u043e\u0431\u0435\u043b\u044c\u0451 NORFIN Cosy Line - Stafit O\u00dc\" \/>\n<meta property=\"og:description\" content=\"\u041d\u0438\u0436\u043d\u0435\u0435 \u0440\u0430\u0437\u0434\u0435\u043b\u044c\u043d\u043e\u0435 \u0442\u0435\u0440\u043c\u043e\u0431\u0435\u043b\u044c\u0435. \u041c\u044f\u0433\u043a\u0438\u0439, \u043b\u0435\u0433\u043a\u0438\u0439 \u0438 \u00ab\u0434\u044b\u0448\u0430\u0449\u0438\u0439\u00bb \u043c\u0430\u0442\u0435\u0440\u0438\u0430\u043b \u043e\u0431\u0435\u0441\u043f\u0435\u0447\u0438\u0432\u0430\u0435\u0442 \u043a\u043e\u043c\u0444\u043e\u0440\u0442\u043d\u044b\u0435 \u0443\u0441\u043b\u043e\u0432\u0438\u044f \u0434\u043b\u044f \u0442\u0435\u043b\u0430 \u043f\u0440\u0438 \u043f\u043e\u043d\u0438\u0436\u0435\u043d\u043d\u044b\u0445 \u0442\u0435\u043c\u043f\u0435\u0440\u0430\u0442\u0443\u0440\u0430\u0445. \u041e\u043d\u043e \u043d\u0430\u0434\u0435\u0432\u0430\u0435\u0442\u0441\u044f \u043d\u0430 \u0442\u043e\u043d\u043a\u043e\u0435 \u0442\u0435\u0440\u043c\u043e\u0431\u0435\u043b\u044c\u0435 \u0438\u043b\u0438 \u043d\u0430 \u0433\u043e\u043b\u043e\u0435 \u0442\u0435\u043b\u043e. \u041f\u043e\u0441\u043b\u0435 \u0438\u043d\u0442\u0435\u043d\u0441\u0438\u0432\u043d\u043e\u0439 \u0440\u0430\u0431\u043e\u0442\u044b \u0438\u043b\u0438 \u043f\u0440\u043e\u0434\u043e\u043b\u0436\u0438\u0442\u0435\u043b\u044c\u043d\u043e\u0433\u043e \u043f\u0435\u0440\u0435\u0434\u0432\u0438\u0436\u0435\u043d\u0438\u044f, \u0438\u0441\u043f\u0430\u0440\u0438\u043d\u0435 \u0434\u043e\u0441\u0442\u0430\u0442\u043e\u0447\u043d\u043e 15 &#8212; 20 \u043c\u0438\u043d\u0443\u0442 \u0434\u043b\u044f \u00ab\u0432\u044b\u0445\u043e\u0434\u0430\u00bb \u043d\u0430\u0440\u0443\u0436\u0443, \u043f\u0440\u0438 \u0443\u0441\u043b\u043e\u0432\u0438\u0438, \u0447\u0442\u043e \u0432\u0435\u0440\u0445\u043d\u044f\u044f \u043e\u0434\u0435\u0436\u0434\u0430 &#8212; \u043c\u0435\u043c\u0431\u0440\u0430\u043d\u0430. \u0422\u0435\u043b\u043e \u0441\u0442\u0430\u043d\u043e\u0432\u0438\u0442\u0441\u044f \u0441\u0443\u0445\u0438\u043c \u0438 \u043d\u0435 \u0437\u0430\u043c\u0435\u0440\u0437\u043d\u0435\u0442 \u043d\u0430 \u0445\u043e\u043b\u043e\u0434\u0435....\" \/>\n<meta property=\"og:url\" content=\"https:\/\/stafit.ee\/ru\/tovar\/\u0442\u0435\u0440\u043c\u043e\u0431\u0435\u043b\u044c\u0451-norfin-cosy-line\/\" \/>\n<meta property=\"og:site_name\" content=\"Stafit O\u00dc\" \/>\n<meta property=\"article:modified_time\" content=\"2026-04-08T15:14:46+00:00\" \/>\n<meta name=\"twitter:card\" content=\"summary_large_image\" \/>\n<script type=\"application\/ld+json\" class=\"yoast-schema-graph\">{\"@context\":\"https:\/\/schema.org\",\"@graph\":[{\"@type\":\"WebPage\",\"@id\":\"https:\/\/stafit.ee\/ru\/tovar\/%d1%82%d0%b5%d1%80%d0%bc%d0%be%d0%b1%d0%b5%d0%bb%d1%8c%d1%91-norfin-cosy-line\/\",\"url\":\"https:\/\/stafit.ee\/ru\/tovar\/%d1%82%d0%b5%d1%80%d0%bc%d0%be%d0%b1%d0%b5%d0%bb%d1%8c%d1%91-norfin-cosy-line\/\",\"name\":\"\u0422\u0435\u0440\u043c\u043e\u0431\u0435\u043b\u044c\u0451 NORFIN Cosy Line - Stafit O\u00dc\",\"isPartOf\":{\"@id\":\"https:\/\/stafit.ee\/#website\"},\"primaryImageOfPage\":{\"@id\":\"https:\/\/stafit.ee\/ru\/tovar\/%d1%82%d0%b5%d1%80%d0%bc%d0%be%d0%b1%d0%b5%d0%bb%d1%8c%d1%91-norfin-cosy-line\/#primaryimage\"},\"image\":{\"@id\":\"https:\/\/stafit.ee\/ru\/tovar\/%d1%82%d0%b5%d1%80%d0%bc%d0%be%d0%b1%d0%b5%d0%bb%d1%8c%d1%91-norfin-cosy-line\/#primaryimage\"},\"thumbnailUrl\":\"https:\/\/stafit.ee\/wp-content\/uploads\/2021\/01\/Norfin-Cosy-Line.jpg\",\"datePublished\":\"2021-01-08T09:00:17+00:00\",\"dateModified\":\"2026-04-08T15:14:46+00:00\",\"breadcrumb\":{\"@id\":\"https:\/\/stafit.ee\/ru\/tovar\/%d1%82%d0%b5%d1%80%d0%bc%d0%be%d0%b1%d0%b5%d0%bb%d1%8c%d1%91-norfin-cosy-line\/#breadcrumb\"},\"inLanguage\":\"ru-RU\",\"potentialAction\":[{\"@type\":\"ReadAction\",\"target\":[\"https:\/\/stafit.ee\/ru\/tovar\/%d1%82%d0%b5%d1%80%d0%bc%d0%be%d0%b1%d0%b5%d0%bb%d1%8c%d1%91-norfin-cosy-line\/\"]}]},{\"@type\":\"ImageObject\",\"inLanguage\":\"ru-RU\",\"@id\":\"https:\/\/stafit.ee\/ru\/tovar\/%d1%82%d0%b5%d1%80%d0%bc%d0%be%d0%b1%d0%b5%d0%bb%d1%8c%d1%91-norfin-cosy-line\/#primaryimage\",\"url\":\"https:\/\/stafit.ee\/wp-content\/uploads\/2021\/01\/Norfin-Cosy-Line.jpg\",\"contentUrl\":\"https:\/\/stafit.ee\/wp-content\/uploads\/2021\/01\/Norfin-Cosy-Line.jpg\",\"width\":2000,\"height\":2000},{\"@type\":\"BreadcrumbList\",\"@id\":\"https:\/\/stafit.ee\/ru\/tovar\/%d1%82%d0%b5%d1%80%d0%bc%d0%be%d0%b1%d0%b5%d0%bb%d1%8c%d1%91-norfin-cosy-line\/#breadcrumb\",\"itemListElement\":[{\"@type\":\"ListItem\",\"position\":1,\"name\":\"Home\",\"item\":\"https:\/\/stafit.ee\/ru\/\"},{\"@type\":\"ListItem\",\"position\":2,\"name\":\"\u041c\u0430\u0433\u0430\u0437\u0438\u043d\",\"item\":\"https:\/\/stafit.ee\/ru\/pood\/\"},{\"@type\":\"ListItem\",\"position\":3,\"name\":\"\u0422\u0435\u0440\u043c\u043e\u0431\u0435\u043b\u044c\u0451 NORFIN Cosy Line\"}]},{\"@type\":\"WebSite\",\"@id\":\"https:\/\/stafit.ee\/#website\",\"url\":\"https:\/\/stafit.ee\/\",\"name\":\"Stafit O\u00dc\",\"description\":\"T\u00f6\u00f6riete ja ohutusvahendite jae ja hulgim\u00fc\u00fck\",\"potentialAction\":[{\"@type\":\"SearchAction\",\"target\":{\"@type\":\"EntryPoint\",\"urlTemplate\":\"https:\/\/stafit.ee\/?s={search_term_string}\"},\"query-input\":{\"@type\":\"PropertyValueSpecification\",\"valueRequired\":true,\"valueName\":\"search_term_string\"}}],\"inLanguage\":\"ru-RU\"}]}<\/script>\n<!-- \/ Yoast SEO plugin. -->","yoast_head_json":{"title":"\u0422\u0435\u0440\u043c\u043e\u0431\u0435\u043b\u044c\u0451 NORFIN Cosy Line - Stafit O\u00dc","robots":{"index":"index","follow":"follow","max-snippet":"max-snippet:-1","max-image-preview":"max-image-preview:large","max-video-preview":"max-video-preview:-1"},"canonical":"https:\/\/stafit.ee\/ru\/tovar\/\u0442\u0435\u0440\u043c\u043e\u0431\u0435\u043b\u044c\u0451-norfin-cosy-line\/","og_locale":"ru_RU","og_type":"article","og_title":"\u0422\u0435\u0440\u043c\u043e\u0431\u0435\u043b\u044c\u0451 NORFIN Cosy Line - Stafit O\u00dc","og_description":"\u041d\u0438\u0436\u043d\u0435\u0435 \u0440\u0430\u0437\u0434\u0435\u043b\u044c\u043d\u043e\u0435 \u0442\u0435\u0440\u043c\u043e\u0431\u0435\u043b\u044c\u0435. \u041c\u044f\u0433\u043a\u0438\u0439, \u043b\u0435\u0433\u043a\u0438\u0439 \u0438 \u00ab\u0434\u044b\u0448\u0430\u0449\u0438\u0439\u00bb \u043c\u0430\u0442\u0435\u0440\u0438\u0430\u043b \u043e\u0431\u0435\u0441\u043f\u0435\u0447\u0438\u0432\u0430\u0435\u0442 \u043a\u043e\u043c\u0444\u043e\u0440\u0442\u043d\u044b\u0435 \u0443\u0441\u043b\u043e\u0432\u0438\u044f \u0434\u043b\u044f \u0442\u0435\u043b\u0430 \u043f\u0440\u0438 \u043f\u043e\u043d\u0438\u0436\u0435\u043d\u043d\u044b\u0445 \u0442\u0435\u043c\u043f\u0435\u0440\u0430\u0442\u0443\u0440\u0430\u0445. \u041e\u043d\u043e \u043d\u0430\u0434\u0435\u0432\u0430\u0435\u0442\u0441\u044f \u043d\u0430 \u0442\u043e\u043d\u043a\u043e\u0435 \u0442\u0435\u0440\u043c\u043e\u0431\u0435\u043b\u044c\u0435 \u0438\u043b\u0438 \u043d\u0430 \u0433\u043e\u043b\u043e\u0435 \u0442\u0435\u043b\u043e. \u041f\u043e\u0441\u043b\u0435 \u0438\u043d\u0442\u0435\u043d\u0441\u0438\u0432\u043d\u043e\u0439 \u0440\u0430\u0431\u043e\u0442\u044b \u0438\u043b\u0438 \u043f\u0440\u043e\u0434\u043e\u043b\u0436\u0438\u0442\u0435\u043b\u044c\u043d\u043e\u0433\u043e \u043f\u0435\u0440\u0435\u0434\u0432\u0438\u0436\u0435\u043d\u0438\u044f, \u0438\u0441\u043f\u0430\u0440\u0438\u043d\u0435 \u0434\u043e\u0441\u0442\u0430\u0442\u043e\u0447\u043d\u043e 15 &#8212; 20 \u043c\u0438\u043d\u0443\u0442 \u0434\u043b\u044f \u00ab\u0432\u044b\u0445\u043e\u0434\u0430\u00bb \u043d\u0430\u0440\u0443\u0436\u0443, \u043f\u0440\u0438 \u0443\u0441\u043b\u043e\u0432\u0438\u0438, \u0447\u0442\u043e \u0432\u0435\u0440\u0445\u043d\u044f\u044f \u043e\u0434\u0435\u0436\u0434\u0430 &#8212; \u043c\u0435\u043c\u0431\u0440\u0430\u043d\u0430. \u0422\u0435\u043b\u043e \u0441\u0442\u0430\u043d\u043e\u0432\u0438\u0442\u0441\u044f \u0441\u0443\u0445\u0438\u043c \u0438 \u043d\u0435 \u0437\u0430\u043c\u0435\u0440\u0437\u043d\u0435\u0442 \u043d\u0430 \u0445\u043e\u043b\u043e\u0434\u0435....","og_url":"https:\/\/stafit.ee\/ru\/tovar\/\u0442\u0435\u0440\u043c\u043e\u0431\u0435\u043b\u044c\u0451-norfin-cosy-line\/","og_site_name":"Stafit O\u00dc","article_modified_time":"2026-04-08T15:14:46+00:00","twitter_card":"summary_large_image","schema":{"@context":"https:\/\/schema.org","@graph":[{"@type":"WebPage","@id":"https:\/\/stafit.ee\/ru\/tovar\/%d1%82%d0%b5%d1%80%d0%bc%d0%be%d0%b1%d0%b5%d0%bb%d1%8c%d1%91-norfin-cosy-line\/","url":"https:\/\/stafit.ee\/ru\/tovar\/%d1%82%d0%b5%d1%80%d0%bc%d0%be%d0%b1%d0%b5%d0%bb%d1%8c%d1%91-norfin-cosy-line\/","name":"\u0422\u0435\u0440\u043c\u043e\u0431\u0435\u043b\u044c\u0451 NORFIN Cosy Line - Stafit O\u00dc","isPartOf":{"@id":"https:\/\/stafit.ee\/#website"},"primaryImageOfPage":{"@id":"https:\/\/stafit.ee\/ru\/tovar\/%d1%82%d0%b5%d1%80%d0%bc%d0%be%d0%b1%d0%b5%d0%bb%d1%8c%d1%91-norfin-cosy-line\/#primaryimage"},"image":{"@id":"https:\/\/stafit.ee\/ru\/tovar\/%d1%82%d0%b5%d1%80%d0%bc%d0%be%d0%b1%d0%b5%d0%bb%d1%8c%d1%91-norfin-cosy-line\/#primaryimage"},"thumbnailUrl":"https:\/\/stafit.ee\/wp-content\/uploads\/2021\/01\/Norfin-Cosy-Line.jpg","datePublished":"2021-01-08T09:00:17+00:00","dateModified":"2026-04-08T15:14:46+00:00","breadcrumb":{"@id":"https:\/\/stafit.ee\/ru\/tovar\/%d1%82%d0%b5%d1%80%d0%bc%d0%be%d0%b1%d0%b5%d0%bb%d1%8c%d1%91-norfin-cosy-line\/#breadcrumb"},"inLanguage":"ru-RU","potentialAction":[{"@type":"ReadAction","target":["https:\/\/stafit.ee\/ru\/tovar\/%d1%82%d0%b5%d1%80%d0%bc%d0%be%d0%b1%d0%b5%d0%bb%d1%8c%d1%91-norfin-cosy-line\/"]}]},{"@type":"ImageObject","inLanguage":"ru-RU","@id":"https:\/\/stafit.ee\/ru\/tovar\/%d1%82%d0%b5%d1%80%d0%bc%d0%be%d0%b1%d0%b5%d0%bb%d1%8c%d1%91-norfin-cosy-line\/#primaryimage","url":"https:\/\/stafit.ee\/wp-content\/uploads\/2021\/01\/Norfin-Cosy-Line.jpg","contentUrl":"https:\/\/stafit.ee\/wp-content\/uploads\/2021\/01\/Norfin-Cosy-Line.jpg","width":2000,"height":2000},{"@type":"BreadcrumbList","@id":"https:\/\/stafit.ee\/ru\/tovar\/%d1%82%d0%b5%d1%80%d0%bc%d0%be%d0%b1%d0%b5%d0%bb%d1%8c%d1%91-norfin-cosy-line\/#breadcrumb","itemListElement":[{"@type":"ListItem","position":1,"name":"Home","item":"https:\/\/stafit.ee\/ru\/"},{"@type":"ListItem","position":2,"name":"\u041c\u0430\u0433\u0430\u0437\u0438\u043d","item":"https:\/\/stafit.ee\/ru\/pood\/"},{"@type":"ListItem","position":3,"name":"\u0422\u0435\u0440\u043c\u043e\u0431\u0435\u043b\u044c\u0451 NORFIN Cosy Line"}]},{"@type":"WebSite","@id":"https:\/\/stafit.ee\/#website","url":"https:\/\/stafit.ee\/","name":"Stafit O\u00dc","description":"T\u00f6\u00f6riete ja ohutusvahendite jae ja hulgim\u00fc\u00fck","potentialAction":[{"@type":"SearchAction","target":{"@type":"EntryPoint","urlTemplate":"https:\/\/stafit.ee\/?s={search_term_string}"},"query-input":{"@type":"PropertyValueSpecification","valueRequired":true,"valueName":"search_term_string"}}],"inLanguage":"ru-RU"}]}},"brands":[],"_links":{"self":[{"href":"https:\/\/stafit.ee\/ru\/wp-json\/wp\/v2\/product\/12263","targetHints":{"allow":["GET"]}}],"collection":[{"href":"https:\/\/stafit.ee\/ru\/wp-json\/wp\/v2\/product"}],"about":[{"href":"https:\/\/stafit.ee\/ru\/wp-json\/wp\/v2\/types\/product"}],"wp:featuredmedia":[{"embeddable":true,"href":"https:\/\/stafit.ee\/ru\/wp-json\/wp\/v2\/media\/12249"}],"wp:attachment":[{"href":"https:\/\/stafit.ee\/ru\/wp-json\/wp\/v2\/media?parent=12263"}],"wp:term":[{"taxonomy":"pwb-brand","embeddable":true,"href":"https:\/\/stafit.ee\/ru\/wp-json\/wp\/v2\/pwb-brand?post=12263"},{"taxonomy":"product_brand","embeddable":true,"href":"https:\/\/stafit.ee\/ru\/wp-json\/wp\/v2\/product_brand?post=12263"},{"taxonomy":"product_cat","embeddable":true,"href":"https:\/\/stafit.ee\/ru\/wp-json\/wp\/v2\/product_cat?post=12263"},{"taxonomy":"product_tag","embeddable":true,"href":"https:\/\/stafit.ee\/ru\/wp-json\/wp\/v2\/product_tag?post=12263"}],"curies":[{"name":"wp","href":"https:\/\/api.w.org\/{rel}","templated":true}]}}