{"id":11615,"date":"2020-10-09T15:58:21","date_gmt":"2020-10-09T13:58:21","guid":{"rendered":"https:\/\/stafit.ee\/toode\/%d0%bf%d1%80%d0%be%d1%82%d0%b8%d0%b2%d0%be%d0%b0%d1%8d%d1%80%d0%be%d0%b7%d0%be%d0%bb%d1%8c%d0%bd%d1%8b%d0%b9-%d1%84%d0%b8%d0%bb%d1%8c%d1%82%d1%80-polygard-p3-6035\/"},"modified":"2026-04-08T18:20:20","modified_gmt":"2026-04-08T15:20:20","slug":"%d0%bf%d1%80%d0%be%d1%82%d0%b8%d0%b2%d0%be%d0%b0%d1%8d%d1%80%d0%be%d0%b7%d0%be%d0%bb%d1%8c%d0%bd%d1%8b%d0%b9-%d1%84%d0%b8%d0%bb%d1%8c%d1%82%d1%80-polygard-p3-6035","status":"publish","type":"product","link":"https:\/\/stafit.ee\/ru\/tovar\/%d0%bf%d1%80%d0%be%d1%82%d0%b8%d0%b2%d0%be%d0%b0%d1%8d%d1%80%d0%be%d0%b7%d0%be%d0%bb%d1%8c%d0%bd%d1%8b%d0%b9-%d1%84%d0%b8%d0%bb%d1%8c%d1%82%d1%80-polygard-p3-6035\/","title":{"rendered":"\u041f\u0440\u043e\u0442\u0438\u0432\u043e\u0430\u044d\u0440\u043e\u0437\u043e\u043b\u044c\u043d\u044b\u0439 \u0444\u0438\u043b\u044c\u0442\u0440 PolyGard P3 (6035)"},"content":{"rendered":"<ul>\n<li>\u0421\u043e\u043e\u0442\u0432\u0435\u0442\u0441\u0442\u0432\u0443\u0435\u0442 \u0442\u0440\u0435\u0431\u043e\u0432\u0430\u043d\u0438\u044f\u043c \u0441\u0442\u0430\u043d\u0434\u0430\u0440\u0442\u0430 EN 143: 2000 + A1: 2006.<\/li>\n<li>\u041a\u043b\u0430\u0441\u0441 \u0437\u0430\u0449\u0438\u0442\u044b: P3R, \u0437\u0430\u0449\u0438\u0449\u0430\u0435\u0442 \u043e\u0442 \u0442\u0432\u0435\u0440\u0434\u044b\u0445 \u0438 \u0436\u0438\u0434\u043a\u0438\u0445 \u0447\u0430\u0441\u0442\u0438\u0446;<\/li>\n<li>\u0441 \u0431\u0430\u0439\u043e\u043d\u0435\u0442\u043d\u044b\u043c \u043a\u0440\u0435\u043f\u043b\u0435\u043d\u0438\u0435\u043c;<\/li>\n<li>\u043d\u0438\u0437\u043a\u043e\u0435 \u0441\u043e\u043f\u0440\u043e\u0442\u0438\u0432\u043b\u0435\u043d\u0438\u0435 \u0434\u044b\u0445\u0430\u043d\u0438\u044e, \u043d\u0435 \u043e\u0433\u0440\u0430\u043d\u0438\u0447\u0438\u0432\u0430\u0435\u0442 \u043f\u043e\u043b\u0435 \u0437\u0440\u0435\u043d\u0438\u044f;<\/li>\n<li>\u0432 \u043f\u043b\u0430\u0441\u0442\u0438\u043a\u043e\u0432\u043e\u043c \u043a\u043e\u0440\u043f\u0443\u0441\u0435, \u043f\u0440\u0438\u043c\u0435\u043d\u0438\u043c \u0432 \u0443c\u043b\u043e\u0432\u0438\u044f\u0445 \u0432\u044b\u0441\u043e\u043a\u043e\u0439 \u0437\u0430\u0433\u0440\u044f\u0437\u043d\u0435\u043d\u043d\u043e\u0441\u0442\u0438.<\/li>\n<\/ul>\n","protected":false},"excerpt":{"rendered":"<p>\u0421\u043e\u043e\u0442\u0432\u0435\u0442\u0441\u0442\u0432\u0443\u0435\u0442 \u0442\u0440\u0435\u0431\u043e\u0432\u0430\u043d\u0438\u044f\u043c \u0441\u0442\u0430\u043d\u0434\u0430\u0440\u0442\u0430 EN 143: 2000 + A1: 2006. \u041a\u043b\u0430\u0441\u0441 \u0437\u0430\u0449\u0438\u0442\u044b: P3R, \u0437\u0430\u0449\u0438\u0449\u0430\u0435\u0442 \u043e\u0442 \u0442\u0432\u0435\u0440\u0434\u044b\u0445 \u0438 \u0436\u0438\u0434\u043a\u0438\u0445 \u0447\u0430\u0441\u0442\u0438\u0446; \u0441 \u0431\u0430\u0439\u043e\u043d\u0435\u0442\u043d\u044b\u043c \u043a\u0440\u0435\u043f\u043b\u0435\u043d\u0438\u0435\u043c; \u043d\u0438\u0437\u043a\u043e\u0435 \u0441\u043e\u043f\u0440\u043e\u0442\u0438\u0432\u043b\u0435\u043d\u0438\u0435 \u0434\u044b\u0445\u0430\u043d\u0438\u044e, \u043d\u0435 \u043e\u0433\u0440\u0430\u043d\u0438\u0447\u0438\u0432\u0430\u0435\u0442 \u043f\u043e\u043b\u0435 \u0437\u0440\u0435\u043d\u0438\u044f; \u0432 \u043f\u043b\u0430\u0441\u0442\u0438\u043a\u043e\u0432\u043e\u043c \u043a\u043e\u0440\u043f\u0443\u0441\u0435, \u043f\u0440\u0438\u043c\u0435\u043d\u0438\u043c \u0432 \u0443c\u043b\u043e\u0432\u0438\u044f\u0445 \u0432\u044b\u0441\u043e\u043a\u043e\u0439 \u0437\u0430\u0433\u0440\u044f\u0437\u043d\u0435\u043d\u043d\u043e\u0441\u0442\u0438.<\/p>\n","protected":false},"featured_media":23698,"template":"","meta":[],"pwb-brand":[],"product_brand":[],"product_cat":[529],"product_tag":[],"class_list":{"0":"post-11615","1":"product","2":"type-product","3":"status-publish","4":"has-post-thumbnail","6":"product_cat-529","8":"first","9":"instock","10":"taxable","11":"shipping-taxable","12":"purchasable","13":"product-type-simple"},"yoast_head":"<!-- This site is optimized with the Yoast SEO plugin v27.0 - https:\/\/yoast.com\/product\/yoast-seo-wordpress\/ -->\n<title>\u041f\u0440\u043e\u0442\u0438\u0432\u043e\u0430\u044d\u0440\u043e\u0437\u043e\u043b\u044c\u043d\u044b\u0439 \u0444\u0438\u043b\u044c\u0442\u0440 PolyGard P3 (6035) - Stafit O\u00dc<\/title>\n<meta name=\"robots\" content=\"index, follow, max-snippet:-1, max-image-preview:large, max-video-preview:-1\" \/>\n<link rel=\"canonical\" href=\"https:\/\/stafit.ee\/ru\/tovar\/\u043f\u0440\u043e\u0442\u0438\u0432\u043e\u0430\u044d\u0440\u043e\u0437\u043e\u043b\u044c\u043d\u044b\u0439-\u0444\u0438\u043b\u044c\u0442\u0440-polygard-p3-6035\/\" \/>\n<meta property=\"og:locale\" content=\"ru_RU\" \/>\n<meta property=\"og:type\" content=\"article\" \/>\n<meta property=\"og:title\" content=\"\u041f\u0440\u043e\u0442\u0438\u0432\u043e\u0430\u044d\u0440\u043e\u0437\u043e\u043b\u044c\u043d\u044b\u0439 \u0444\u0438\u043b\u044c\u0442\u0440 PolyGard P3 (6035) - Stafit O\u00dc\" \/>\n<meta property=\"og:description\" content=\"\u0421\u043e\u043e\u0442\u0432\u0435\u0442\u0441\u0442\u0432\u0443\u0435\u0442 \u0442\u0440\u0435\u0431\u043e\u0432\u0430\u043d\u0438\u044f\u043c \u0441\u0442\u0430\u043d\u0434\u0430\u0440\u0442\u0430 EN 143: 2000 + A1: 2006. \u041a\u043b\u0430\u0441\u0441 \u0437\u0430\u0449\u0438\u0442\u044b: P3R, \u0437\u0430\u0449\u0438\u0449\u0430\u0435\u0442 \u043e\u0442 \u0442\u0432\u0435\u0440\u0434\u044b\u0445 \u0438 \u0436\u0438\u0434\u043a\u0438\u0445 \u0447\u0430\u0441\u0442\u0438\u0446; \u0441 \u0431\u0430\u0439\u043e\u043d\u0435\u0442\u043d\u044b\u043c \u043a\u0440\u0435\u043f\u043b\u0435\u043d\u0438\u0435\u043c; \u043d\u0438\u0437\u043a\u043e\u0435 \u0441\u043e\u043f\u0440\u043e\u0442\u0438\u0432\u043b\u0435\u043d\u0438\u0435 \u0434\u044b\u0445\u0430\u043d\u0438\u044e, \u043d\u0435 \u043e\u0433\u0440\u0430\u043d\u0438\u0447\u0438\u0432\u0430\u0435\u0442 \u043f\u043e\u043b\u0435 \u0437\u0440\u0435\u043d\u0438\u044f; \u0432 \u043f\u043b\u0430\u0441\u0442\u0438\u043a\u043e\u0432\u043e\u043c \u043a\u043e\u0440\u043f\u0443\u0441\u0435, \u043f\u0440\u0438\u043c\u0435\u043d\u0438\u043c \u0432 \u0443c\u043b\u043e\u0432\u0438\u044f\u0445 \u0432\u044b\u0441\u043e\u043a\u043e\u0439 \u0437\u0430\u0433\u0440\u044f\u0437\u043d\u0435\u043d\u043d\u043e\u0441\u0442\u0438.\" \/>\n<meta property=\"og:url\" content=\"https:\/\/stafit.ee\/ru\/tovar\/\u043f\u0440\u043e\u0442\u0438\u0432\u043e\u0430\u044d\u0440\u043e\u0437\u043e\u043b\u044c\u043d\u044b\u0439-\u0444\u0438\u043b\u044c\u0442\u0440-polygard-p3-6035\/\" \/>\n<meta property=\"og:site_name\" content=\"Stafit O\u00dc\" \/>\n<meta property=\"article:modified_time\" content=\"2026-04-08T15:20:20+00:00\" \/>\n<meta property=\"og:image\" content=\"https:\/\/stafit.ee\/wp-content\/uploads\/2020\/10\/polygard-793-p3-r.jpg\" \/>\n\t<meta property=\"og:image:width\" content=\"2000\" \/>\n\t<meta property=\"og:image:height\" content=\"2000\" \/>\n\t<meta property=\"og:image:type\" content=\"image\/jpeg\" \/>\n<meta name=\"twitter:card\" content=\"summary_large_image\" \/>\n<script type=\"application\/ld+json\" class=\"yoast-schema-graph\">{\"@context\":\"https:\/\/schema.org\",\"@graph\":[{\"@type\":\"WebPage\",\"@id\":\"https:\/\/stafit.ee\/ru\/tovar\/%d0%bf%d1%80%d0%be%d1%82%d0%b8%d0%b2%d0%be%d0%b0%d1%8d%d1%80%d0%be%d0%b7%d0%be%d0%bb%d1%8c%d0%bd%d1%8b%d0%b9-%d1%84%d0%b8%d0%bb%d1%8c%d1%82%d1%80-polygard-p3-6035\/\",\"url\":\"https:\/\/stafit.ee\/ru\/tovar\/%d0%bf%d1%80%d0%be%d1%82%d0%b8%d0%b2%d0%be%d0%b0%d1%8d%d1%80%d0%be%d0%b7%d0%be%d0%bb%d1%8c%d0%bd%d1%8b%d0%b9-%d1%84%d0%b8%d0%bb%d1%8c%d1%82%d1%80-polygard-p3-6035\/\",\"name\":\"\u041f\u0440\u043e\u0442\u0438\u0432\u043e\u0430\u044d\u0440\u043e\u0437\u043e\u043b\u044c\u043d\u044b\u0439 \u0444\u0438\u043b\u044c\u0442\u0440 PolyGard P3 (6035) - Stafit O\u00dc\",\"isPartOf\":{\"@id\":\"https:\/\/stafit.ee\/#website\"},\"primaryImageOfPage\":{\"@id\":\"https:\/\/stafit.ee\/ru\/tovar\/%d0%bf%d1%80%d0%be%d1%82%d0%b8%d0%b2%d0%be%d0%b0%d1%8d%d1%80%d0%be%d0%b7%d0%be%d0%bb%d1%8c%d0%bd%d1%8b%d0%b9-%d1%84%d0%b8%d0%bb%d1%8c%d1%82%d1%80-polygard-p3-6035\/#primaryimage\"},\"image\":{\"@id\":\"https:\/\/stafit.ee\/ru\/tovar\/%d0%bf%d1%80%d0%be%d1%82%d0%b8%d0%b2%d0%be%d0%b0%d1%8d%d1%80%d0%be%d0%b7%d0%be%d0%bb%d1%8c%d0%bd%d1%8b%d0%b9-%d1%84%d0%b8%d0%bb%d1%8c%d1%82%d1%80-polygard-p3-6035\/#primaryimage\"},\"thumbnailUrl\":\"https:\/\/stafit.ee\/wp-content\/uploads\/2020\/10\/polygard-793-p3-r.jpg\",\"datePublished\":\"2020-10-09T13:58:21+00:00\",\"dateModified\":\"2026-04-08T15:20:20+00:00\",\"breadcrumb\":{\"@id\":\"https:\/\/stafit.ee\/ru\/tovar\/%d0%bf%d1%80%d0%be%d1%82%d0%b8%d0%b2%d0%be%d0%b0%d1%8d%d1%80%d0%be%d0%b7%d0%be%d0%bb%d1%8c%d0%bd%d1%8b%d0%b9-%d1%84%d0%b8%d0%bb%d1%8c%d1%82%d1%80-polygard-p3-6035\/#breadcrumb\"},\"inLanguage\":\"ru-RU\",\"potentialAction\":[{\"@type\":\"ReadAction\",\"target\":[\"https:\/\/stafit.ee\/ru\/tovar\/%d0%bf%d1%80%d0%be%d1%82%d0%b8%d0%b2%d0%be%d0%b0%d1%8d%d1%80%d0%be%d0%b7%d0%be%d0%bb%d1%8c%d0%bd%d1%8b%d0%b9-%d1%84%d0%b8%d0%bb%d1%8c%d1%82%d1%80-polygard-p3-6035\/\"]}]},{\"@type\":\"ImageObject\",\"inLanguage\":\"ru-RU\",\"@id\":\"https:\/\/stafit.ee\/ru\/tovar\/%d0%bf%d1%80%d0%be%d1%82%d0%b8%d0%b2%d0%be%d0%b0%d1%8d%d1%80%d0%be%d0%b7%d0%be%d0%bb%d1%8c%d0%bd%d1%8b%d0%b9-%d1%84%d0%b8%d0%bb%d1%8c%d1%82%d1%80-polygard-p3-6035\/#primaryimage\",\"url\":\"https:\/\/stafit.ee\/wp-content\/uploads\/2020\/10\/polygard-793-p3-r.jpg\",\"contentUrl\":\"https:\/\/stafit.ee\/wp-content\/uploads\/2020\/10\/polygard-793-p3-r.jpg\",\"width\":2000,\"height\":2000},{\"@type\":\"BreadcrumbList\",\"@id\":\"https:\/\/stafit.ee\/ru\/tovar\/%d0%bf%d1%80%d0%be%d1%82%d0%b8%d0%b2%d0%be%d0%b0%d1%8d%d1%80%d0%be%d0%b7%d0%be%d0%bb%d1%8c%d0%bd%d1%8b%d0%b9-%d1%84%d0%b8%d0%bb%d1%8c%d1%82%d1%80-polygard-p3-6035\/#breadcrumb\",\"itemListElement\":[{\"@type\":\"ListItem\",\"position\":1,\"name\":\"Home\",\"item\":\"https:\/\/stafit.ee\/ru\/\"},{\"@type\":\"ListItem\",\"position\":2,\"name\":\"\u041c\u0430\u0433\u0430\u0437\u0438\u043d\",\"item\":\"https:\/\/stafit.ee\/ru\/pood\/\"},{\"@type\":\"ListItem\",\"position\":3,\"name\":\"\u041f\u0440\u043e\u0442\u0438\u0432\u043e\u0430\u044d\u0440\u043e\u0437\u043e\u043b\u044c\u043d\u044b\u0439 \u0444\u0438\u043b\u044c\u0442\u0440 PolyGard P3 (6035)\"}]},{\"@type\":\"WebSite\",\"@id\":\"https:\/\/stafit.ee\/#website\",\"url\":\"https:\/\/stafit.ee\/\",\"name\":\"Stafit O\u00dc\",\"description\":\"T\u00f6\u00f6riete ja ohutusvahendite jae ja hulgim\u00fc\u00fck\",\"potentialAction\":[{\"@type\":\"SearchAction\",\"target\":{\"@type\":\"EntryPoint\",\"urlTemplate\":\"https:\/\/stafit.ee\/?s={search_term_string}\"},\"query-input\":{\"@type\":\"PropertyValueSpecification\",\"valueRequired\":true,\"valueName\":\"search_term_string\"}}],\"inLanguage\":\"ru-RU\"}]}<\/script>\n<!-- \/ Yoast SEO plugin. -->","yoast_head_json":{"title":"\u041f\u0440\u043e\u0442\u0438\u0432\u043e\u0430\u044d\u0440\u043e\u0437\u043e\u043b\u044c\u043d\u044b\u0439 \u0444\u0438\u043b\u044c\u0442\u0440 PolyGard P3 (6035) - Stafit O\u00dc","robots":{"index":"index","follow":"follow","max-snippet":"max-snippet:-1","max-image-preview":"max-image-preview:large","max-video-preview":"max-video-preview:-1"},"canonical":"https:\/\/stafit.ee\/ru\/tovar\/\u043f\u0440\u043e\u0442\u0438\u0432\u043e\u0430\u044d\u0440\u043e\u0437\u043e\u043b\u044c\u043d\u044b\u0439-\u0444\u0438\u043b\u044c\u0442\u0440-polygard-p3-6035\/","og_locale":"ru_RU","og_type":"article","og_title":"\u041f\u0440\u043e\u0442\u0438\u0432\u043e\u0430\u044d\u0440\u043e\u0437\u043e\u043b\u044c\u043d\u044b\u0439 \u0444\u0438\u043b\u044c\u0442\u0440 PolyGard P3 (6035) - Stafit O\u00dc","og_description":"\u0421\u043e\u043e\u0442\u0432\u0435\u0442\u0441\u0442\u0432\u0443\u0435\u0442 \u0442\u0440\u0435\u0431\u043e\u0432\u0430\u043d\u0438\u044f\u043c \u0441\u0442\u0430\u043d\u0434\u0430\u0440\u0442\u0430 EN 143: 2000 + A1: 2006. \u041a\u043b\u0430\u0441\u0441 \u0437\u0430\u0449\u0438\u0442\u044b: P3R, \u0437\u0430\u0449\u0438\u0449\u0430\u0435\u0442 \u043e\u0442 \u0442\u0432\u0435\u0440\u0434\u044b\u0445 \u0438 \u0436\u0438\u0434\u043a\u0438\u0445 \u0447\u0430\u0441\u0442\u0438\u0446; \u0441 \u0431\u0430\u0439\u043e\u043d\u0435\u0442\u043d\u044b\u043c \u043a\u0440\u0435\u043f\u043b\u0435\u043d\u0438\u0435\u043c; \u043d\u0438\u0437\u043a\u043e\u0435 \u0441\u043e\u043f\u0440\u043e\u0442\u0438\u0432\u043b\u0435\u043d\u0438\u0435 \u0434\u044b\u0445\u0430\u043d\u0438\u044e, \u043d\u0435 \u043e\u0433\u0440\u0430\u043d\u0438\u0447\u0438\u0432\u0430\u0435\u0442 \u043f\u043e\u043b\u0435 \u0437\u0440\u0435\u043d\u0438\u044f; \u0432 \u043f\u043b\u0430\u0441\u0442\u0438\u043a\u043e\u0432\u043e\u043c \u043a\u043e\u0440\u043f\u0443\u0441\u0435, \u043f\u0440\u0438\u043c\u0435\u043d\u0438\u043c \u0432 \u0443c\u043b\u043e\u0432\u0438\u044f\u0445 \u0432\u044b\u0441\u043e\u043a\u043e\u0439 \u0437\u0430\u0433\u0440\u044f\u0437\u043d\u0435\u043d\u043d\u043e\u0441\u0442\u0438.","og_url":"https:\/\/stafit.ee\/ru\/tovar\/\u043f\u0440\u043e\u0442\u0438\u0432\u043e\u0430\u044d\u0440\u043e\u0437\u043e\u043b\u044c\u043d\u044b\u0439-\u0444\u0438\u043b\u044c\u0442\u0440-polygard-p3-6035\/","og_site_name":"Stafit O\u00dc","article_modified_time":"2026-04-08T15:20:20+00:00","og_image":[{"width":2000,"height":2000,"url":"https:\/\/stafit.ee\/wp-content\/uploads\/2020\/10\/polygard-793-p3-r.jpg","type":"image\/jpeg"}],"twitter_card":"summary_large_image","schema":{"@context":"https:\/\/schema.org","@graph":[{"@type":"WebPage","@id":"https:\/\/stafit.ee\/ru\/tovar\/%d0%bf%d1%80%d0%be%d1%82%d0%b8%d0%b2%d0%be%d0%b0%d1%8d%d1%80%d0%be%d0%b7%d0%be%d0%bb%d1%8c%d0%bd%d1%8b%d0%b9-%d1%84%d0%b8%d0%bb%d1%8c%d1%82%d1%80-polygard-p3-6035\/","url":"https:\/\/stafit.ee\/ru\/tovar\/%d0%bf%d1%80%d0%be%d1%82%d0%b8%d0%b2%d0%be%d0%b0%d1%8d%d1%80%d0%be%d0%b7%d0%be%d0%bb%d1%8c%d0%bd%d1%8b%d0%b9-%d1%84%d0%b8%d0%bb%d1%8c%d1%82%d1%80-polygard-p3-6035\/","name":"\u041f\u0440\u043e\u0442\u0438\u0432\u043e\u0430\u044d\u0440\u043e\u0437\u043e\u043b\u044c\u043d\u044b\u0439 \u0444\u0438\u043b\u044c\u0442\u0440 PolyGard P3 (6035) - Stafit O\u00dc","isPartOf":{"@id":"https:\/\/stafit.ee\/#website"},"primaryImageOfPage":{"@id":"https:\/\/stafit.ee\/ru\/tovar\/%d0%bf%d1%80%d0%be%d1%82%d0%b8%d0%b2%d0%be%d0%b0%d1%8d%d1%80%d0%be%d0%b7%d0%be%d0%bb%d1%8c%d0%bd%d1%8b%d0%b9-%d1%84%d0%b8%d0%bb%d1%8c%d1%82%d1%80-polygard-p3-6035\/#primaryimage"},"image":{"@id":"https:\/\/stafit.ee\/ru\/tovar\/%d0%bf%d1%80%d0%be%d1%82%d0%b8%d0%b2%d0%be%d0%b0%d1%8d%d1%80%d0%be%d0%b7%d0%be%d0%bb%d1%8c%d0%bd%d1%8b%d0%b9-%d1%84%d0%b8%d0%bb%d1%8c%d1%82%d1%80-polygard-p3-6035\/#primaryimage"},"thumbnailUrl":"https:\/\/stafit.ee\/wp-content\/uploads\/2020\/10\/polygard-793-p3-r.jpg","datePublished":"2020-10-09T13:58:21+00:00","dateModified":"2026-04-08T15:20:20+00:00","breadcrumb":{"@id":"https:\/\/stafit.ee\/ru\/tovar\/%d0%bf%d1%80%d0%be%d1%82%d0%b8%d0%b2%d0%be%d0%b0%d1%8d%d1%80%d0%be%d0%b7%d0%be%d0%bb%d1%8c%d0%bd%d1%8b%d0%b9-%d1%84%d0%b8%d0%bb%d1%8c%d1%82%d1%80-polygard-p3-6035\/#breadcrumb"},"inLanguage":"ru-RU","potentialAction":[{"@type":"ReadAction","target":["https:\/\/stafit.ee\/ru\/tovar\/%d0%bf%d1%80%d0%be%d1%82%d0%b8%d0%b2%d0%be%d0%b0%d1%8d%d1%80%d0%be%d0%b7%d0%be%d0%bb%d1%8c%d0%bd%d1%8b%d0%b9-%d1%84%d0%b8%d0%bb%d1%8c%d1%82%d1%80-polygard-p3-6035\/"]}]},{"@type":"ImageObject","inLanguage":"ru-RU","@id":"https:\/\/stafit.ee\/ru\/tovar\/%d0%bf%d1%80%d0%be%d1%82%d0%b8%d0%b2%d0%be%d0%b0%d1%8d%d1%80%d0%be%d0%b7%d0%be%d0%bb%d1%8c%d0%bd%d1%8b%d0%b9-%d1%84%d0%b8%d0%bb%d1%8c%d1%82%d1%80-polygard-p3-6035\/#primaryimage","url":"https:\/\/stafit.ee\/wp-content\/uploads\/2020\/10\/polygard-793-p3-r.jpg","contentUrl":"https:\/\/stafit.ee\/wp-content\/uploads\/2020\/10\/polygard-793-p3-r.jpg","width":2000,"height":2000},{"@type":"BreadcrumbList","@id":"https:\/\/stafit.ee\/ru\/tovar\/%d0%bf%d1%80%d0%be%d1%82%d0%b8%d0%b2%d0%be%d0%b0%d1%8d%d1%80%d0%be%d0%b7%d0%be%d0%bb%d1%8c%d0%bd%d1%8b%d0%b9-%d1%84%d0%b8%d0%bb%d1%8c%d1%82%d1%80-polygard-p3-6035\/#breadcrumb","itemListElement":[{"@type":"ListItem","position":1,"name":"Home","item":"https:\/\/stafit.ee\/ru\/"},{"@type":"ListItem","position":2,"name":"\u041c\u0430\u0433\u0430\u0437\u0438\u043d","item":"https:\/\/stafit.ee\/ru\/pood\/"},{"@type":"ListItem","position":3,"name":"\u041f\u0440\u043e\u0442\u0438\u0432\u043e\u0430\u044d\u0440\u043e\u0437\u043e\u043b\u044c\u043d\u044b\u0439 \u0444\u0438\u043b\u044c\u0442\u0440 PolyGard P3 (6035)"}]},{"@type":"WebSite","@id":"https:\/\/stafit.ee\/#website","url":"https:\/\/stafit.ee\/","name":"Stafit O\u00dc","description":"T\u00f6\u00f6riete ja ohutusvahendite jae ja hulgim\u00fc\u00fck","potentialAction":[{"@type":"SearchAction","target":{"@type":"EntryPoint","urlTemplate":"https:\/\/stafit.ee\/?s={search_term_string}"},"query-input":{"@type":"PropertyValueSpecification","valueRequired":true,"valueName":"search_term_string"}}],"inLanguage":"ru-RU"}]}},"brands":[],"_links":{"self":[{"href":"https:\/\/stafit.ee\/ru\/wp-json\/wp\/v2\/product\/11615","targetHints":{"allow":["GET"]}}],"collection":[{"href":"https:\/\/stafit.ee\/ru\/wp-json\/wp\/v2\/product"}],"about":[{"href":"https:\/\/stafit.ee\/ru\/wp-json\/wp\/v2\/types\/product"}],"wp:featuredmedia":[{"embeddable":true,"href":"https:\/\/stafit.ee\/ru\/wp-json\/wp\/v2\/media\/23698"}],"wp:attachment":[{"href":"https:\/\/stafit.ee\/ru\/wp-json\/wp\/v2\/media?parent=11615"}],"wp:term":[{"taxonomy":"pwb-brand","embeddable":true,"href":"https:\/\/stafit.ee\/ru\/wp-json\/wp\/v2\/pwb-brand?post=11615"},{"taxonomy":"product_brand","embeddable":true,"href":"https:\/\/stafit.ee\/ru\/wp-json\/wp\/v2\/product_brand?post=11615"},{"taxonomy":"product_cat","embeddable":true,"href":"https:\/\/stafit.ee\/ru\/wp-json\/wp\/v2\/product_cat?post=11615"},{"taxonomy":"product_tag","embeddable":true,"href":"https:\/\/stafit.ee\/ru\/wp-json\/wp\/v2\/product_tag?post=11615"}],"curies":[{"name":"wp","href":"https:\/\/api.w.org\/{rel}","templated":true}]}}