{"id":11573,"date":"2020-12-10T16:00:41","date_gmt":"2020-12-10T14:00:41","guid":{"rendered":"https:\/\/stafit.ee\/toode\/planam-%d0%ba%d1%83%d1%80%d1%82%d0%ba%d0%b0-%d1%81%d0%b2%d0%b0%d1%80%d1%89%d0%b8%d0%ba%d0%b0-360-%d0%b3-%d0%bc%c2%b2-%d1%81%d0%b8%d0%bd%d1%8f%d1%8f\/"},"modified":"2026-04-08T16:11:26","modified_gmt":"2026-04-08T13:11:26","slug":"planam-%d0%ba%d1%83%d1%80%d1%82%d0%ba%d0%b0-%d1%81%d0%b2%d0%b0%d1%80%d1%89%d0%b8%d0%ba%d0%b0-360-%d0%b3-%d0%bc%c2%b2-%d1%81%d0%b8%d0%bd%d1%8f%d1%8f","status":"publish","type":"product","link":"https:\/\/stafit.ee\/ru\/tovar\/planam-%d0%ba%d1%83%d1%80%d1%82%d0%ba%d0%b0-%d1%81%d0%b2%d0%b0%d1%80%d1%89%d0%b8%d0%ba%d0%b0-360-%d0%b3-%d0%bc%c2%b2-%d1%81%d0%b8%d0%bd%d1%8f%d1%8f\/","title":{"rendered":"Planam \u043a\u0443\u0440\u0442\u043a\u0430 \u0441\u0432\u0430\u0440\u0449\u0438\u043a\u0430 360 \u0433\/\u043c\u00b2 \u0441\u0438\u043d\u044f\u044f"},"content":{"rendered":"<ul>\n<li lang=\"et-EE\">100% <span lang=\"ru-RU\">\u0445\u043b\u043e\u043f\u043e\u043a, 360 \u0433\/\u043c<\/span>\u00b2<\/li>\n<li lang=\"et-EE\">EN ISO 11611, class 1, A1<br \/>\nEN ISO 11612, A1, B1, C1<\/li>\n<li lang=\"ru-RU\">\u043e\u0442\u043b\u043e\u0436\u043d\u043e\u0439 \u0432\u043e\u0440\u043e\u0442\u043d\u0438\u043a<\/li>\n<li lang=\"ru-RU\">\u0441\u043f\u0435\u0440\u0435\u0434\u0438 \u043d\u0430 \u043a\u043d\u043e\u043f\u043a\u0430\u0445, \u0437\u0430\u043a\u0440\u044b\u0442\u044b\u0445 \u043f\u043b\u0430\u043d\u043a\u043e\u0439<\/li>\n<li lang=\"ru-RU\">1 \u043d\u0430\u0433\u0440\u0443\u0434\u043d\u044b\u0439 \u043a\u0430\u0440\u043c\u0430\u043d \u0441 \u043a\u043b\u0430\u043f\u0430\u043d\u043e\u043c \u0438 \u043a\u043d\u043e\u043f\u043a\u043e\u0439<\/li>\n<li lang=\"ru-RU\">2 \u043f\u0435\u0440\u0435\u0434\u043d\u0438\u0445 \u043a\u0430\u0440\u043c\u0430\u043d\u0430 \u0441 \u043a\u043b\u0430\u043f\u0430\u043d\u043e\u043c \u0438 \u043a\u043d\u043e\u043f\u043a\u043e\u0439<\/li>\n<li lang=\"ru-RU\">1 \u0432\u043d\u0443\u0442\u0440\u0435\u043d\u043d\u0438\u0439 \u043a\u0430\u0440\u043c\u0430\u043d \u043d\u0430 \u0433\u0440\u0443\u0434\u0438<\/li>\n<\/ul>\n","protected":false},"excerpt":{"rendered":"<p>100% \u0445\u043b\u043e\u043f\u043e\u043a, 360 \u0433\/\u043c\u00b2 EN ISO 11611, class 1, A1 EN ISO 11612, A1, B1, C1 \u043e\u0442\u043b\u043e\u0436\u043d\u043e\u0439 \u0432\u043e\u0440\u043e\u0442\u043d\u0438\u043a \u0441\u043f\u0435\u0440\u0435\u0434\u0438 \u043d\u0430 \u043a\u043d\u043e\u043f\u043a\u0430\u0445, \u0437\u0430\u043a\u0440\u044b\u0442\u044b\u0445 \u043f\u043b\u0430\u043d\u043a\u043e\u0439 1 \u043d\u0430\u0433\u0440\u0443\u0434\u043d\u044b\u0439 \u043a\u0430\u0440\u043c\u0430\u043d \u0441 \u043a\u043b\u0430\u043f\u0430\u043d\u043e\u043c \u0438 \u043a\u043d\u043e\u043f\u043a\u043e\u0439 2 \u043f\u0435\u0440\u0435\u0434\u043d\u0438\u0445 \u043a\u0430\u0440\u043c\u0430\u043d\u0430 \u0441 \u043a\u043b\u0430\u043f\u0430\u043d\u043e\u043c \u0438 \u043a\u043d\u043e\u043f\u043a\u043e\u0439 1 \u0432\u043d\u0443\u0442\u0440\u0435\u043d\u043d\u0438\u0439 \u043a\u0430\u0440\u043c\u0430\u043d \u043d\u0430 \u0433\u0440\u0443\u0434\u0438<\/p>\n","protected":false},"featured_media":44695,"template":"","meta":[],"pwb-brand":[328],"product_brand":[],"product_cat":[833],"product_tag":[],"class_list":{"0":"post-11573","1":"product","2":"type-product","3":"status-publish","4":"has-post-thumbnail","6":"pwb-brand-planam","7":"product_cat-833","9":"first","10":"instock","11":"taxable","12":"shipping-taxable","13":"purchasable","14":"product-type-variable"},"yoast_head":"<!-- This site is optimized with the Yoast SEO plugin v27.0 - https:\/\/yoast.com\/product\/yoast-seo-wordpress\/ -->\n<title>Planam \u043a\u0443\u0440\u0442\u043a\u0430 \u0441\u0432\u0430\u0440\u0449\u0438\u043a\u0430 360 \u0433\/\u043c\u00b2 \u0441\u0438\u043d\u044f\u044f - Stafit O\u00dc<\/title>\n<meta name=\"robots\" content=\"index, follow, max-snippet:-1, max-image-preview:large, max-video-preview:-1\" \/>\n<link rel=\"canonical\" href=\"https:\/\/stafit.ee\/ru\/tovar\/planam-\u043a\u0443\u0440\u0442\u043a\u0430-\u0441\u0432\u0430\u0440\u0449\u0438\u043a\u0430-360-\u0433-\u043c\u00b2-\u0441\u0438\u043d\u044f\u044f\/\" \/>\n<meta property=\"og:locale\" content=\"ru_RU\" \/>\n<meta property=\"og:type\" content=\"article\" \/>\n<meta property=\"og:title\" content=\"Planam \u043a\u0443\u0440\u0442\u043a\u0430 \u0441\u0432\u0430\u0440\u0449\u0438\u043a\u0430 360 \u0433\/\u043c\u00b2 \u0441\u0438\u043d\u044f\u044f - Stafit O\u00dc\" \/>\n<meta property=\"og:description\" content=\"100% \u0445\u043b\u043e\u043f\u043e\u043a, 360 \u0433\/\u043c\u00b2 EN ISO 11611, class 1, A1 EN ISO 11612, A1, B1, C1 \u043e\u0442\u043b\u043e\u0436\u043d\u043e\u0439 \u0432\u043e\u0440\u043e\u0442\u043d\u0438\u043a \u0441\u043f\u0435\u0440\u0435\u0434\u0438 \u043d\u0430 \u043a\u043d\u043e\u043f\u043a\u0430\u0445, \u0437\u0430\u043a\u0440\u044b\u0442\u044b\u0445 \u043f\u043b\u0430\u043d\u043a\u043e\u0439 1 \u043d\u0430\u0433\u0440\u0443\u0434\u043d\u044b\u0439 \u043a\u0430\u0440\u043c\u0430\u043d \u0441 \u043a\u043b\u0430\u043f\u0430\u043d\u043e\u043c \u0438 \u043a\u043d\u043e\u043f\u043a\u043e\u0439 2 \u043f\u0435\u0440\u0435\u0434\u043d\u0438\u0445 \u043a\u0430\u0440\u043c\u0430\u043d\u0430 \u0441 \u043a\u043b\u0430\u043f\u0430\u043d\u043e\u043c \u0438 \u043a\u043d\u043e\u043f\u043a\u043e\u0439 1 \u0432\u043d\u0443\u0442\u0440\u0435\u043d\u043d\u0438\u0439 \u043a\u0430\u0440\u043c\u0430\u043d \u043d\u0430 \u0433\u0440\u0443\u0434\u0438\" \/>\n<meta property=\"og:url\" content=\"https:\/\/stafit.ee\/ru\/tovar\/planam-\u043a\u0443\u0440\u0442\u043a\u0430-\u0441\u0432\u0430\u0440\u0449\u0438\u043a\u0430-360-\u0433-\u043c\u00b2-\u0441\u0438\u043d\u044f\u044f\/\" \/>\n<meta property=\"og:site_name\" content=\"Stafit O\u00dc\" \/>\n<meta property=\"article:modified_time\" content=\"2026-04-08T13:11:26+00:00\" \/>\n<meta property=\"og:image\" content=\"https:\/\/stafit.ee\/wp-content\/uploads\/2020\/12\/1702_001-2.jpg\" \/>\n\t<meta property=\"og:image:width\" content=\"1000\" \/>\n\t<meta property=\"og:image:height\" content=\"1000\" \/>\n\t<meta property=\"og:image:type\" content=\"image\/jpeg\" \/>\n<meta name=\"twitter:card\" content=\"summary_large_image\" \/>\n<script type=\"application\/ld+json\" class=\"yoast-schema-graph\">{\"@context\":\"https:\/\/schema.org\",\"@graph\":[{\"@type\":\"WebPage\",\"@id\":\"https:\/\/stafit.ee\/ru\/tovar\/planam-%d0%ba%d1%83%d1%80%d1%82%d0%ba%d0%b0-%d1%81%d0%b2%d0%b0%d1%80%d1%89%d0%b8%d0%ba%d0%b0-360-%d0%b3-%d0%bc%c2%b2-%d1%81%d0%b8%d0%bd%d1%8f%d1%8f\/\",\"url\":\"https:\/\/stafit.ee\/ru\/tovar\/planam-%d0%ba%d1%83%d1%80%d1%82%d0%ba%d0%b0-%d1%81%d0%b2%d0%b0%d1%80%d1%89%d0%b8%d0%ba%d0%b0-360-%d0%b3-%d0%bc%c2%b2-%d1%81%d0%b8%d0%bd%d1%8f%d1%8f\/\",\"name\":\"Planam \u043a\u0443\u0440\u0442\u043a\u0430 \u0441\u0432\u0430\u0440\u0449\u0438\u043a\u0430 360 \u0433\/\u043c\u00b2 \u0441\u0438\u043d\u044f\u044f - Stafit O\u00dc\",\"isPartOf\":{\"@id\":\"https:\/\/stafit.ee\/#website\"},\"primaryImageOfPage\":{\"@id\":\"https:\/\/stafit.ee\/ru\/tovar\/planam-%d0%ba%d1%83%d1%80%d1%82%d0%ba%d0%b0-%d1%81%d0%b2%d0%b0%d1%80%d1%89%d0%b8%d0%ba%d0%b0-360-%d0%b3-%d0%bc%c2%b2-%d1%81%d0%b8%d0%bd%d1%8f%d1%8f\/#primaryimage\"},\"image\":{\"@id\":\"https:\/\/stafit.ee\/ru\/tovar\/planam-%d0%ba%d1%83%d1%80%d1%82%d0%ba%d0%b0-%d1%81%d0%b2%d0%b0%d1%80%d1%89%d0%b8%d0%ba%d0%b0-360-%d0%b3-%d0%bc%c2%b2-%d1%81%d0%b8%d0%bd%d1%8f%d1%8f\/#primaryimage\"},\"thumbnailUrl\":\"https:\/\/stafit.ee\/wp-content\/uploads\/2020\/12\/1702_001-2.jpg\",\"datePublished\":\"2020-12-10T14:00:41+00:00\",\"dateModified\":\"2026-04-08T13:11:26+00:00\",\"breadcrumb\":{\"@id\":\"https:\/\/stafit.ee\/ru\/tovar\/planam-%d0%ba%d1%83%d1%80%d1%82%d0%ba%d0%b0-%d1%81%d0%b2%d0%b0%d1%80%d1%89%d0%b8%d0%ba%d0%b0-360-%d0%b3-%d0%bc%c2%b2-%d1%81%d0%b8%d0%bd%d1%8f%d1%8f\/#breadcrumb\"},\"inLanguage\":\"ru-RU\",\"potentialAction\":[{\"@type\":\"ReadAction\",\"target\":[\"https:\/\/stafit.ee\/ru\/tovar\/planam-%d0%ba%d1%83%d1%80%d1%82%d0%ba%d0%b0-%d1%81%d0%b2%d0%b0%d1%80%d1%89%d0%b8%d0%ba%d0%b0-360-%d0%b3-%d0%bc%c2%b2-%d1%81%d0%b8%d0%bd%d1%8f%d1%8f\/\"]}]},{\"@type\":\"ImageObject\",\"inLanguage\":\"ru-RU\",\"@id\":\"https:\/\/stafit.ee\/ru\/tovar\/planam-%d0%ba%d1%83%d1%80%d1%82%d0%ba%d0%b0-%d1%81%d0%b2%d0%b0%d1%80%d1%89%d0%b8%d0%ba%d0%b0-360-%d0%b3-%d0%bc%c2%b2-%d1%81%d0%b8%d0%bd%d1%8f%d1%8f\/#primaryimage\",\"url\":\"https:\/\/stafit.ee\/wp-content\/uploads\/2020\/12\/1702_001-2.jpg\",\"contentUrl\":\"https:\/\/stafit.ee\/wp-content\/uploads\/2020\/12\/1702_001-2.jpg\",\"width\":1000,\"height\":1000},{\"@type\":\"BreadcrumbList\",\"@id\":\"https:\/\/stafit.ee\/ru\/tovar\/planam-%d0%ba%d1%83%d1%80%d1%82%d0%ba%d0%b0-%d1%81%d0%b2%d0%b0%d1%80%d1%89%d0%b8%d0%ba%d0%b0-360-%d0%b3-%d0%bc%c2%b2-%d1%81%d0%b8%d0%bd%d1%8f%d1%8f\/#breadcrumb\",\"itemListElement\":[{\"@type\":\"ListItem\",\"position\":1,\"name\":\"Home\",\"item\":\"https:\/\/stafit.ee\/ru\/\"},{\"@type\":\"ListItem\",\"position\":2,\"name\":\"\u041c\u0430\u0433\u0430\u0437\u0438\u043d\",\"item\":\"https:\/\/stafit.ee\/ru\/pood\/\"},{\"@type\":\"ListItem\",\"position\":3,\"name\":\"Planam \u043a\u0443\u0440\u0442\u043a\u0430 \u0441\u0432\u0430\u0440\u0449\u0438\u043a\u0430 360 \u0433\/\u043c\u00b2 \u0441\u0438\u043d\u044f\u044f\"}]},{\"@type\":\"WebSite\",\"@id\":\"https:\/\/stafit.ee\/#website\",\"url\":\"https:\/\/stafit.ee\/\",\"name\":\"Stafit O\u00dc\",\"description\":\"T\u00f6\u00f6riete ja ohutusvahendite jae ja hulgim\u00fc\u00fck\",\"potentialAction\":[{\"@type\":\"SearchAction\",\"target\":{\"@type\":\"EntryPoint\",\"urlTemplate\":\"https:\/\/stafit.ee\/?s={search_term_string}\"},\"query-input\":{\"@type\":\"PropertyValueSpecification\",\"valueRequired\":true,\"valueName\":\"search_term_string\"}}],\"inLanguage\":\"ru-RU\"}]}<\/script>\n<!-- \/ Yoast SEO plugin. -->","yoast_head_json":{"title":"Planam \u043a\u0443\u0440\u0442\u043a\u0430 \u0441\u0432\u0430\u0440\u0449\u0438\u043a\u0430 360 \u0433\/\u043c\u00b2 \u0441\u0438\u043d\u044f\u044f - Stafit O\u00dc","robots":{"index":"index","follow":"follow","max-snippet":"max-snippet:-1","max-image-preview":"max-image-preview:large","max-video-preview":"max-video-preview:-1"},"canonical":"https:\/\/stafit.ee\/ru\/tovar\/planam-\u043a\u0443\u0440\u0442\u043a\u0430-\u0441\u0432\u0430\u0440\u0449\u0438\u043a\u0430-360-\u0433-\u043c\u00b2-\u0441\u0438\u043d\u044f\u044f\/","og_locale":"ru_RU","og_type":"article","og_title":"Planam \u043a\u0443\u0440\u0442\u043a\u0430 \u0441\u0432\u0430\u0440\u0449\u0438\u043a\u0430 360 \u0433\/\u043c\u00b2 \u0441\u0438\u043d\u044f\u044f - Stafit O\u00dc","og_description":"100% \u0445\u043b\u043e\u043f\u043e\u043a, 360 \u0433\/\u043c\u00b2 EN ISO 11611, class 1, A1 EN ISO 11612, A1, B1, C1 \u043e\u0442\u043b\u043e\u0436\u043d\u043e\u0439 \u0432\u043e\u0440\u043e\u0442\u043d\u0438\u043a \u0441\u043f\u0435\u0440\u0435\u0434\u0438 \u043d\u0430 \u043a\u043d\u043e\u043f\u043a\u0430\u0445, \u0437\u0430\u043a\u0440\u044b\u0442\u044b\u0445 \u043f\u043b\u0430\u043d\u043a\u043e\u0439 1 \u043d\u0430\u0433\u0440\u0443\u0434\u043d\u044b\u0439 \u043a\u0430\u0440\u043c\u0430\u043d \u0441 \u043a\u043b\u0430\u043f\u0430\u043d\u043e\u043c \u0438 \u043a\u043d\u043e\u043f\u043a\u043e\u0439 2 \u043f\u0435\u0440\u0435\u0434\u043d\u0438\u0445 \u043a\u0430\u0440\u043c\u0430\u043d\u0430 \u0441 \u043a\u043b\u0430\u043f\u0430\u043d\u043e\u043c \u0438 \u043a\u043d\u043e\u043f\u043a\u043e\u0439 1 \u0432\u043d\u0443\u0442\u0440\u0435\u043d\u043d\u0438\u0439 \u043a\u0430\u0440\u043c\u0430\u043d \u043d\u0430 \u0433\u0440\u0443\u0434\u0438","og_url":"https:\/\/stafit.ee\/ru\/tovar\/planam-\u043a\u0443\u0440\u0442\u043a\u0430-\u0441\u0432\u0430\u0440\u0449\u0438\u043a\u0430-360-\u0433-\u043c\u00b2-\u0441\u0438\u043d\u044f\u044f\/","og_site_name":"Stafit O\u00dc","article_modified_time":"2026-04-08T13:11:26+00:00","og_image":[{"width":1000,"height":1000,"url":"https:\/\/stafit.ee\/wp-content\/uploads\/2020\/12\/1702_001-2.jpg","type":"image\/jpeg"}],"twitter_card":"summary_large_image","schema":{"@context":"https:\/\/schema.org","@graph":[{"@type":"WebPage","@id":"https:\/\/stafit.ee\/ru\/tovar\/planam-%d0%ba%d1%83%d1%80%d1%82%d0%ba%d0%b0-%d1%81%d0%b2%d0%b0%d1%80%d1%89%d0%b8%d0%ba%d0%b0-360-%d0%b3-%d0%bc%c2%b2-%d1%81%d0%b8%d0%bd%d1%8f%d1%8f\/","url":"https:\/\/stafit.ee\/ru\/tovar\/planam-%d0%ba%d1%83%d1%80%d1%82%d0%ba%d0%b0-%d1%81%d0%b2%d0%b0%d1%80%d1%89%d0%b8%d0%ba%d0%b0-360-%d0%b3-%d0%bc%c2%b2-%d1%81%d0%b8%d0%bd%d1%8f%d1%8f\/","name":"Planam \u043a\u0443\u0440\u0442\u043a\u0430 \u0441\u0432\u0430\u0440\u0449\u0438\u043a\u0430 360 \u0433\/\u043c\u00b2 \u0441\u0438\u043d\u044f\u044f - Stafit O\u00dc","isPartOf":{"@id":"https:\/\/stafit.ee\/#website"},"primaryImageOfPage":{"@id":"https:\/\/stafit.ee\/ru\/tovar\/planam-%d0%ba%d1%83%d1%80%d1%82%d0%ba%d0%b0-%d1%81%d0%b2%d0%b0%d1%80%d1%89%d0%b8%d0%ba%d0%b0-360-%d0%b3-%d0%bc%c2%b2-%d1%81%d0%b8%d0%bd%d1%8f%d1%8f\/#primaryimage"},"image":{"@id":"https:\/\/stafit.ee\/ru\/tovar\/planam-%d0%ba%d1%83%d1%80%d1%82%d0%ba%d0%b0-%d1%81%d0%b2%d0%b0%d1%80%d1%89%d0%b8%d0%ba%d0%b0-360-%d0%b3-%d0%bc%c2%b2-%d1%81%d0%b8%d0%bd%d1%8f%d1%8f\/#primaryimage"},"thumbnailUrl":"https:\/\/stafit.ee\/wp-content\/uploads\/2020\/12\/1702_001-2.jpg","datePublished":"2020-12-10T14:00:41+00:00","dateModified":"2026-04-08T13:11:26+00:00","breadcrumb":{"@id":"https:\/\/stafit.ee\/ru\/tovar\/planam-%d0%ba%d1%83%d1%80%d1%82%d0%ba%d0%b0-%d1%81%d0%b2%d0%b0%d1%80%d1%89%d0%b8%d0%ba%d0%b0-360-%d0%b3-%d0%bc%c2%b2-%d1%81%d0%b8%d0%bd%d1%8f%d1%8f\/#breadcrumb"},"inLanguage":"ru-RU","potentialAction":[{"@type":"ReadAction","target":["https:\/\/stafit.ee\/ru\/tovar\/planam-%d0%ba%d1%83%d1%80%d1%82%d0%ba%d0%b0-%d1%81%d0%b2%d0%b0%d1%80%d1%89%d0%b8%d0%ba%d0%b0-360-%d0%b3-%d0%bc%c2%b2-%d1%81%d0%b8%d0%bd%d1%8f%d1%8f\/"]}]},{"@type":"ImageObject","inLanguage":"ru-RU","@id":"https:\/\/stafit.ee\/ru\/tovar\/planam-%d0%ba%d1%83%d1%80%d1%82%d0%ba%d0%b0-%d1%81%d0%b2%d0%b0%d1%80%d1%89%d0%b8%d0%ba%d0%b0-360-%d0%b3-%d0%bc%c2%b2-%d1%81%d0%b8%d0%bd%d1%8f%d1%8f\/#primaryimage","url":"https:\/\/stafit.ee\/wp-content\/uploads\/2020\/12\/1702_001-2.jpg","contentUrl":"https:\/\/stafit.ee\/wp-content\/uploads\/2020\/12\/1702_001-2.jpg","width":1000,"height":1000},{"@type":"BreadcrumbList","@id":"https:\/\/stafit.ee\/ru\/tovar\/planam-%d0%ba%d1%83%d1%80%d1%82%d0%ba%d0%b0-%d1%81%d0%b2%d0%b0%d1%80%d1%89%d0%b8%d0%ba%d0%b0-360-%d0%b3-%d0%bc%c2%b2-%d1%81%d0%b8%d0%bd%d1%8f%d1%8f\/#breadcrumb","itemListElement":[{"@type":"ListItem","position":1,"name":"Home","item":"https:\/\/stafit.ee\/ru\/"},{"@type":"ListItem","position":2,"name":"\u041c\u0430\u0433\u0430\u0437\u0438\u043d","item":"https:\/\/stafit.ee\/ru\/pood\/"},{"@type":"ListItem","position":3,"name":"Planam \u043a\u0443\u0440\u0442\u043a\u0430 \u0441\u0432\u0430\u0440\u0449\u0438\u043a\u0430 360 \u0433\/\u043c\u00b2 \u0441\u0438\u043d\u044f\u044f"}]},{"@type":"WebSite","@id":"https:\/\/stafit.ee\/#website","url":"https:\/\/stafit.ee\/","name":"Stafit O\u00dc","description":"T\u00f6\u00f6riete ja ohutusvahendite jae ja hulgim\u00fc\u00fck","potentialAction":[{"@type":"SearchAction","target":{"@type":"EntryPoint","urlTemplate":"https:\/\/stafit.ee\/?s={search_term_string}"},"query-input":{"@type":"PropertyValueSpecification","valueRequired":true,"valueName":"search_term_string"}}],"inLanguage":"ru-RU"}]}},"brands":[{"id":328,"name":"Planam","slug":"planam"}],"_links":{"self":[{"href":"https:\/\/stafit.ee\/ru\/wp-json\/wp\/v2\/product\/11573","targetHints":{"allow":["GET"]}}],"collection":[{"href":"https:\/\/stafit.ee\/ru\/wp-json\/wp\/v2\/product"}],"about":[{"href":"https:\/\/stafit.ee\/ru\/wp-json\/wp\/v2\/types\/product"}],"wp:featuredmedia":[{"embeddable":true,"href":"https:\/\/stafit.ee\/ru\/wp-json\/wp\/v2\/media\/44695"}],"wp:attachment":[{"href":"https:\/\/stafit.ee\/ru\/wp-json\/wp\/v2\/media?parent=11573"}],"wp:term":[{"taxonomy":"pwb-brand","embeddable":true,"href":"https:\/\/stafit.ee\/ru\/wp-json\/wp\/v2\/pwb-brand?post=11573"},{"taxonomy":"product_brand","embeddable":true,"href":"https:\/\/stafit.ee\/ru\/wp-json\/wp\/v2\/product_brand?post=11573"},{"taxonomy":"product_cat","embeddable":true,"href":"https:\/\/stafit.ee\/ru\/wp-json\/wp\/v2\/product_cat?post=11573"},{"taxonomy":"product_tag","embeddable":true,"href":"https:\/\/stafit.ee\/ru\/wp-json\/wp\/v2\/product_tag?post=11573"}],"curies":[{"name":"wp","href":"https:\/\/api.w.org\/{rel}","templated":true}]}}