{"id":10726,"date":"2020-10-09T16:10:02","date_gmt":"2020-10-09T14:10:02","guid":{"rendered":"https:\/\/stafit.ee\/toode\/%d0%b6%d0%b5%d0%bd%d1%81%d0%ba%d0%b8%d0%b9-%d0%b6%d0%b8%d0%bb%d0%b5%d1%82-%d1%83%d0%b4%d0%bb%d0%b8%d0%bd%d0%b5%d0%bd%d0%bd%d1%8b%d0%b9-%d0%b1%d0%be%d1%80%d0%b4%d0%be%d0%b2%d1%8b%d0%b9-3900-21\/"},"modified":"2026-02-10T15:03:35","modified_gmt":"2026-02-10T13:03:35","slug":"%d0%b6%d0%b5%d0%bd%d1%81%d0%ba%d0%b8%d0%b9-%d0%b6%d0%b8%d0%bb%d0%b5%d1%82-%d1%83%d0%b4%d0%bb%d0%b8%d0%bd%d0%b5%d0%bd%d0%bd%d1%8b%d0%b9-%d0%b1%d0%be%d1%80%d0%b4%d0%be%d0%b2%d1%8b%d0%b9-3900-21","status":"publish","type":"product","link":"https:\/\/stafit.ee\/ru\/tovar\/%d0%b6%d0%b5%d0%bd%d1%81%d0%ba%d0%b8%d0%b9-%d0%b6%d0%b8%d0%bb%d0%b5%d1%82-%d1%83%d0%b4%d0%bb%d0%b8%d0%bd%d0%b5%d0%bd%d0%bd%d1%8b%d0%b9-%d0%b1%d0%be%d1%80%d0%b4%d0%be%d0%b2%d1%8b%d0%b9-3900-21\/","title":{"rendered":"\u0416\u0435\u043d\u0441\u043a\u0438\u0439 \u0436\u0438\u043b\u0435\u0442 \u0443\u0434\u043b\u0438\u043d\u0435\u043d\u043d\u044b\u0439 \u0431\u043e\u0440\u0434\u043e\u0432\u044b\u0439"},"content":{"rendered":"<ul>\n<li>65% \u043f\u043e\u043b\u0438\u044d\u0441\u0442\u0435\u0440\/35% \u0445\u043b\u043e\u043f\u043e\u043a, 215 \u0433\/\u043c\u00b2<\/li>\n<li>\u043d\u0430 \u043a\u043d\u043e\u043f\u043a\u0430\u0445<\/li>\n<li>\u0445\u043b\u044f\u0441\u0442\u0438\u043a \u043d\u0430 \u0441\u043f\u0438\u043d\u0435<\/li>\n<li>\u0431\u0435\u0437 \u0440\u0443\u043a\u0430\u0432\u043e\u0432<\/li>\n<li>\u0434\u043b\u0438\u043d\u0430: \u0440\u0430\u0437\u043c\u0435\u0440 38 = 88 \u0441\u043c<\/li>\n<\/ul>\n","protected":false},"excerpt":{"rendered":"<p>65% \u043f\u043e\u043b\u0438\u044d\u0441\u0442\u0435\u0440\/35% \u0445\u043b\u043e\u043f\u043e\u043a, 215 \u0433\/\u043c\u00b2 \u043d\u0430 \u043a\u043d\u043e\u043f\u043a\u0430\u0445 \u0445\u043b\u044f\u0441\u0442\u0438\u043a \u043d\u0430 \u0441\u043f\u0438\u043d\u0435 \u0431\u0435\u0437 \u0440\u0443\u043a\u0430\u0432\u043e\u0432 \u0434\u043b\u0438\u043d\u0430: \u0440\u0430\u0437\u043c\u0435\u0440 38 = 88 \u0441\u043c<\/p>\n","protected":false},"featured_media":10723,"template":"","meta":[],"pwb-brand":[327],"product_brand":[],"product_cat":[588],"product_tag":[],"class_list":{"0":"post-10726","1":"product","2":"type-product","3":"status-publish","4":"has-post-thumbnail","6":"pwb-brand-leiber","7":"product_cat--ru","9":"first","10":"instock","11":"taxable","12":"shipping-taxable","13":"purchasable","14":"product-type-variable"},"yoast_head":"<!-- This site is optimized with the Yoast SEO plugin v27.0 - https:\/\/yoast.com\/product\/yoast-seo-wordpress\/ -->\n<title>\u0416\u0435\u043d\u0441\u043a\u0438\u0439 \u0436\u0438\u043b\u0435\u0442 \u0443\u0434\u043b\u0438\u043d\u0435\u043d\u043d\u044b\u0439 \u0431\u043e\u0440\u0434\u043e\u0432\u044b\u0439 - Stafit O\u00dc<\/title>\n<meta name=\"robots\" content=\"index, follow, max-snippet:-1, max-image-preview:large, max-video-preview:-1\" \/>\n<link rel=\"canonical\" href=\"https:\/\/stafit.ee\/ru\/tovar\/\u0436\u0435\u043d\u0441\u043a\u0438\u0439-\u0436\u0438\u043b\u0435\u0442-\u0443\u0434\u043b\u0438\u043d\u0435\u043d\u043d\u044b\u0439-\u0431\u043e\u0440\u0434\u043e\u0432\u044b\u0439-3900-21\/\" \/>\n<meta property=\"og:locale\" content=\"ru_RU\" \/>\n<meta property=\"og:type\" content=\"article\" \/>\n<meta property=\"og:title\" content=\"\u0416\u0435\u043d\u0441\u043a\u0438\u0439 \u0436\u0438\u043b\u0435\u0442 \u0443\u0434\u043b\u0438\u043d\u0435\u043d\u043d\u044b\u0439 \u0431\u043e\u0440\u0434\u043e\u0432\u044b\u0439 - Stafit O\u00dc\" \/>\n<meta property=\"og:description\" content=\"65% \u043f\u043e\u043b\u0438\u044d\u0441\u0442\u0435\u0440\/35% \u0445\u043b\u043e\u043f\u043e\u043a, 215 \u0433\/\u043c\u00b2 \u043d\u0430 \u043a\u043d\u043e\u043f\u043a\u0430\u0445 \u0445\u043b\u044f\u0441\u0442\u0438\u043a \u043d\u0430 \u0441\u043f\u0438\u043d\u0435 \u0431\u0435\u0437 \u0440\u0443\u043a\u0430\u0432\u043e\u0432 \u0434\u043b\u0438\u043d\u0430: \u0440\u0430\u0437\u043c\u0435\u0440 38 = 88 \u0441\u043c\" \/>\n<meta property=\"og:url\" content=\"https:\/\/stafit.ee\/ru\/tovar\/\u0436\u0435\u043d\u0441\u043a\u0438\u0439-\u0436\u0438\u043b\u0435\u0442-\u0443\u0434\u043b\u0438\u043d\u0435\u043d\u043d\u044b\u0439-\u0431\u043e\u0440\u0434\u043e\u0432\u044b\u0439-3900-21\/\" \/>\n<meta property=\"og:site_name\" content=\"Stafit O\u00dc\" \/>\n<meta property=\"article:modified_time\" content=\"2026-02-10T13:03:35+00:00\" \/>\n<meta property=\"og:image\" content=\"https:\/\/stafit.ee\/wp-content\/uploads\/2020\/10\/3900-21.jpg\" \/>\n\t<meta property=\"og:image:width\" content=\"352\" \/>\n\t<meta property=\"og:image:height\" content=\"400\" \/>\n\t<meta property=\"og:image:type\" content=\"image\/jpeg\" \/>\n<meta name=\"twitter:card\" content=\"summary_large_image\" \/>\n<script type=\"application\/ld+json\" class=\"yoast-schema-graph\">{\"@context\":\"https:\/\/schema.org\",\"@graph\":[{\"@type\":\"WebPage\",\"@id\":\"https:\/\/stafit.ee\/ru\/tovar\/%d0%b6%d0%b5%d0%bd%d1%81%d0%ba%d0%b8%d0%b9-%d0%b6%d0%b8%d0%bb%d0%b5%d1%82-%d1%83%d0%b4%d0%bb%d0%b8%d0%bd%d0%b5%d0%bd%d0%bd%d1%8b%d0%b9-%d0%b1%d0%be%d1%80%d0%b4%d0%be%d0%b2%d1%8b%d0%b9-3900-21\/\",\"url\":\"https:\/\/stafit.ee\/ru\/tovar\/%d0%b6%d0%b5%d0%bd%d1%81%d0%ba%d0%b8%d0%b9-%d0%b6%d0%b8%d0%bb%d0%b5%d1%82-%d1%83%d0%b4%d0%bb%d0%b8%d0%bd%d0%b5%d0%bd%d0%bd%d1%8b%d0%b9-%d0%b1%d0%be%d1%80%d0%b4%d0%be%d0%b2%d1%8b%d0%b9-3900-21\/\",\"name\":\"\u0416\u0435\u043d\u0441\u043a\u0438\u0439 \u0436\u0438\u043b\u0435\u0442 \u0443\u0434\u043b\u0438\u043d\u0435\u043d\u043d\u044b\u0439 \u0431\u043e\u0440\u0434\u043e\u0432\u044b\u0439 - Stafit O\u00dc\",\"isPartOf\":{\"@id\":\"https:\/\/stafit.ee\/#website\"},\"primaryImageOfPage\":{\"@id\":\"https:\/\/stafit.ee\/ru\/tovar\/%d0%b6%d0%b5%d0%bd%d1%81%d0%ba%d0%b8%d0%b9-%d0%b6%d0%b8%d0%bb%d0%b5%d1%82-%d1%83%d0%b4%d0%bb%d0%b8%d0%bd%d0%b5%d0%bd%d0%bd%d1%8b%d0%b9-%d0%b1%d0%be%d1%80%d0%b4%d0%be%d0%b2%d1%8b%d0%b9-3900-21\/#primaryimage\"},\"image\":{\"@id\":\"https:\/\/stafit.ee\/ru\/tovar\/%d0%b6%d0%b5%d0%bd%d1%81%d0%ba%d0%b8%d0%b9-%d0%b6%d0%b8%d0%bb%d0%b5%d1%82-%d1%83%d0%b4%d0%bb%d0%b8%d0%bd%d0%b5%d0%bd%d0%bd%d1%8b%d0%b9-%d0%b1%d0%be%d1%80%d0%b4%d0%be%d0%b2%d1%8b%d0%b9-3900-21\/#primaryimage\"},\"thumbnailUrl\":\"https:\/\/stafit.ee\/wp-content\/uploads\/2020\/10\/3900-21.jpg\",\"datePublished\":\"2020-10-09T14:10:02+00:00\",\"dateModified\":\"2026-02-10T13:03:35+00:00\",\"breadcrumb\":{\"@id\":\"https:\/\/stafit.ee\/ru\/tovar\/%d0%b6%d0%b5%d0%bd%d1%81%d0%ba%d0%b8%d0%b9-%d0%b6%d0%b8%d0%bb%d0%b5%d1%82-%d1%83%d0%b4%d0%bb%d0%b8%d0%bd%d0%b5%d0%bd%d0%bd%d1%8b%d0%b9-%d0%b1%d0%be%d1%80%d0%b4%d0%be%d0%b2%d1%8b%d0%b9-3900-21\/#breadcrumb\"},\"inLanguage\":\"ru-RU\",\"potentialAction\":[{\"@type\":\"ReadAction\",\"target\":[\"https:\/\/stafit.ee\/ru\/tovar\/%d0%b6%d0%b5%d0%bd%d1%81%d0%ba%d0%b8%d0%b9-%d0%b6%d0%b8%d0%bb%d0%b5%d1%82-%d1%83%d0%b4%d0%bb%d0%b8%d0%bd%d0%b5%d0%bd%d0%bd%d1%8b%d0%b9-%d0%b1%d0%be%d1%80%d0%b4%d0%be%d0%b2%d1%8b%d0%b9-3900-21\/\"]}]},{\"@type\":\"ImageObject\",\"inLanguage\":\"ru-RU\",\"@id\":\"https:\/\/stafit.ee\/ru\/tovar\/%d0%b6%d0%b5%d0%bd%d1%81%d0%ba%d0%b8%d0%b9-%d0%b6%d0%b8%d0%bb%d0%b5%d1%82-%d1%83%d0%b4%d0%bb%d0%b8%d0%bd%d0%b5%d0%bd%d0%bd%d1%8b%d0%b9-%d0%b1%d0%be%d1%80%d0%b4%d0%be%d0%b2%d1%8b%d0%b9-3900-21\/#primaryimage\",\"url\":\"https:\/\/stafit.ee\/wp-content\/uploads\/2020\/10\/3900-21.jpg\",\"contentUrl\":\"https:\/\/stafit.ee\/wp-content\/uploads\/2020\/10\/3900-21.jpg\",\"width\":352,\"height\":400},{\"@type\":\"BreadcrumbList\",\"@id\":\"https:\/\/stafit.ee\/ru\/tovar\/%d0%b6%d0%b5%d0%bd%d1%81%d0%ba%d0%b8%d0%b9-%d0%b6%d0%b8%d0%bb%d0%b5%d1%82-%d1%83%d0%b4%d0%bb%d0%b8%d0%bd%d0%b5%d0%bd%d0%bd%d1%8b%d0%b9-%d0%b1%d0%be%d1%80%d0%b4%d0%be%d0%b2%d1%8b%d0%b9-3900-21\/#breadcrumb\",\"itemListElement\":[{\"@type\":\"ListItem\",\"position\":1,\"name\":\"Home\",\"item\":\"https:\/\/stafit.ee\/ru\/\"},{\"@type\":\"ListItem\",\"position\":2,\"name\":\"\u041c\u0430\u0433\u0430\u0437\u0438\u043d\",\"item\":\"https:\/\/stafit.ee\/ru\/pood\/\"},{\"@type\":\"ListItem\",\"position\":3,\"name\":\"\u0416\u0435\u043d\u0441\u043a\u0438\u0439 \u0436\u0438\u043b\u0435\u0442 \u0443\u0434\u043b\u0438\u043d\u0435\u043d\u043d\u044b\u0439 \u0431\u043e\u0440\u0434\u043e\u0432\u044b\u0439\"}]},{\"@type\":\"WebSite\",\"@id\":\"https:\/\/stafit.ee\/#website\",\"url\":\"https:\/\/stafit.ee\/\",\"name\":\"Stafit O\u00dc\",\"description\":\"T\u00f6\u00f6riete ja ohutusvahendite jae ja hulgim\u00fc\u00fck\",\"potentialAction\":[{\"@type\":\"SearchAction\",\"target\":{\"@type\":\"EntryPoint\",\"urlTemplate\":\"https:\/\/stafit.ee\/?s={search_term_string}\"},\"query-input\":{\"@type\":\"PropertyValueSpecification\",\"valueRequired\":true,\"valueName\":\"search_term_string\"}}],\"inLanguage\":\"ru-RU\"}]}<\/script>\n<!-- \/ Yoast SEO plugin. -->","yoast_head_json":{"title":"\u0416\u0435\u043d\u0441\u043a\u0438\u0439 \u0436\u0438\u043b\u0435\u0442 \u0443\u0434\u043b\u0438\u043d\u0435\u043d\u043d\u044b\u0439 \u0431\u043e\u0440\u0434\u043e\u0432\u044b\u0439 - Stafit O\u00dc","robots":{"index":"index","follow":"follow","max-snippet":"max-snippet:-1","max-image-preview":"max-image-preview:large","max-video-preview":"max-video-preview:-1"},"canonical":"https:\/\/stafit.ee\/ru\/tovar\/\u0436\u0435\u043d\u0441\u043a\u0438\u0439-\u0436\u0438\u043b\u0435\u0442-\u0443\u0434\u043b\u0438\u043d\u0435\u043d\u043d\u044b\u0439-\u0431\u043e\u0440\u0434\u043e\u0432\u044b\u0439-3900-21\/","og_locale":"ru_RU","og_type":"article","og_title":"\u0416\u0435\u043d\u0441\u043a\u0438\u0439 \u0436\u0438\u043b\u0435\u0442 \u0443\u0434\u043b\u0438\u043d\u0435\u043d\u043d\u044b\u0439 \u0431\u043e\u0440\u0434\u043e\u0432\u044b\u0439 - Stafit O\u00dc","og_description":"65% \u043f\u043e\u043b\u0438\u044d\u0441\u0442\u0435\u0440\/35% \u0445\u043b\u043e\u043f\u043e\u043a, 215 \u0433\/\u043c\u00b2 \u043d\u0430 \u043a\u043d\u043e\u043f\u043a\u0430\u0445 \u0445\u043b\u044f\u0441\u0442\u0438\u043a \u043d\u0430 \u0441\u043f\u0438\u043d\u0435 \u0431\u0435\u0437 \u0440\u0443\u043a\u0430\u0432\u043e\u0432 \u0434\u043b\u0438\u043d\u0430: \u0440\u0430\u0437\u043c\u0435\u0440 38 = 88 \u0441\u043c","og_url":"https:\/\/stafit.ee\/ru\/tovar\/\u0436\u0435\u043d\u0441\u043a\u0438\u0439-\u0436\u0438\u043b\u0435\u0442-\u0443\u0434\u043b\u0438\u043d\u0435\u043d\u043d\u044b\u0439-\u0431\u043e\u0440\u0434\u043e\u0432\u044b\u0439-3900-21\/","og_site_name":"Stafit O\u00dc","article_modified_time":"2026-02-10T13:03:35+00:00","og_image":[{"width":352,"height":400,"url":"https:\/\/stafit.ee\/wp-content\/uploads\/2020\/10\/3900-21.jpg","type":"image\/jpeg"}],"twitter_card":"summary_large_image","schema":{"@context":"https:\/\/schema.org","@graph":[{"@type":"WebPage","@id":"https:\/\/stafit.ee\/ru\/tovar\/%d0%b6%d0%b5%d0%bd%d1%81%d0%ba%d0%b8%d0%b9-%d0%b6%d0%b8%d0%bb%d0%b5%d1%82-%d1%83%d0%b4%d0%bb%d0%b8%d0%bd%d0%b5%d0%bd%d0%bd%d1%8b%d0%b9-%d0%b1%d0%be%d1%80%d0%b4%d0%be%d0%b2%d1%8b%d0%b9-3900-21\/","url":"https:\/\/stafit.ee\/ru\/tovar\/%d0%b6%d0%b5%d0%bd%d1%81%d0%ba%d0%b8%d0%b9-%d0%b6%d0%b8%d0%bb%d0%b5%d1%82-%d1%83%d0%b4%d0%bb%d0%b8%d0%bd%d0%b5%d0%bd%d0%bd%d1%8b%d0%b9-%d0%b1%d0%be%d1%80%d0%b4%d0%be%d0%b2%d1%8b%d0%b9-3900-21\/","name":"\u0416\u0435\u043d\u0441\u043a\u0438\u0439 \u0436\u0438\u043b\u0435\u0442 \u0443\u0434\u043b\u0438\u043d\u0435\u043d\u043d\u044b\u0439 \u0431\u043e\u0440\u0434\u043e\u0432\u044b\u0439 - Stafit O\u00dc","isPartOf":{"@id":"https:\/\/stafit.ee\/#website"},"primaryImageOfPage":{"@id":"https:\/\/stafit.ee\/ru\/tovar\/%d0%b6%d0%b5%d0%bd%d1%81%d0%ba%d0%b8%d0%b9-%d0%b6%d0%b8%d0%bb%d0%b5%d1%82-%d1%83%d0%b4%d0%bb%d0%b8%d0%bd%d0%b5%d0%bd%d0%bd%d1%8b%d0%b9-%d0%b1%d0%be%d1%80%d0%b4%d0%be%d0%b2%d1%8b%d0%b9-3900-21\/#primaryimage"},"image":{"@id":"https:\/\/stafit.ee\/ru\/tovar\/%d0%b6%d0%b5%d0%bd%d1%81%d0%ba%d0%b8%d0%b9-%d0%b6%d0%b8%d0%bb%d0%b5%d1%82-%d1%83%d0%b4%d0%bb%d0%b8%d0%bd%d0%b5%d0%bd%d0%bd%d1%8b%d0%b9-%d0%b1%d0%be%d1%80%d0%b4%d0%be%d0%b2%d1%8b%d0%b9-3900-21\/#primaryimage"},"thumbnailUrl":"https:\/\/stafit.ee\/wp-content\/uploads\/2020\/10\/3900-21.jpg","datePublished":"2020-10-09T14:10:02+00:00","dateModified":"2026-02-10T13:03:35+00:00","breadcrumb":{"@id":"https:\/\/stafit.ee\/ru\/tovar\/%d0%b6%d0%b5%d0%bd%d1%81%d0%ba%d0%b8%d0%b9-%d0%b6%d0%b8%d0%bb%d0%b5%d1%82-%d1%83%d0%b4%d0%bb%d0%b8%d0%bd%d0%b5%d0%bd%d0%bd%d1%8b%d0%b9-%d0%b1%d0%be%d1%80%d0%b4%d0%be%d0%b2%d1%8b%d0%b9-3900-21\/#breadcrumb"},"inLanguage":"ru-RU","potentialAction":[{"@type":"ReadAction","target":["https:\/\/stafit.ee\/ru\/tovar\/%d0%b6%d0%b5%d0%bd%d1%81%d0%ba%d0%b8%d0%b9-%d0%b6%d0%b8%d0%bb%d0%b5%d1%82-%d1%83%d0%b4%d0%bb%d0%b8%d0%bd%d0%b5%d0%bd%d0%bd%d1%8b%d0%b9-%d0%b1%d0%be%d1%80%d0%b4%d0%be%d0%b2%d1%8b%d0%b9-3900-21\/"]}]},{"@type":"ImageObject","inLanguage":"ru-RU","@id":"https:\/\/stafit.ee\/ru\/tovar\/%d0%b6%d0%b5%d0%bd%d1%81%d0%ba%d0%b8%d0%b9-%d0%b6%d0%b8%d0%bb%d0%b5%d1%82-%d1%83%d0%b4%d0%bb%d0%b8%d0%bd%d0%b5%d0%bd%d0%bd%d1%8b%d0%b9-%d0%b1%d0%be%d1%80%d0%b4%d0%be%d0%b2%d1%8b%d0%b9-3900-21\/#primaryimage","url":"https:\/\/stafit.ee\/wp-content\/uploads\/2020\/10\/3900-21.jpg","contentUrl":"https:\/\/stafit.ee\/wp-content\/uploads\/2020\/10\/3900-21.jpg","width":352,"height":400},{"@type":"BreadcrumbList","@id":"https:\/\/stafit.ee\/ru\/tovar\/%d0%b6%d0%b5%d0%bd%d1%81%d0%ba%d0%b8%d0%b9-%d0%b6%d0%b8%d0%bb%d0%b5%d1%82-%d1%83%d0%b4%d0%bb%d0%b8%d0%bd%d0%b5%d0%bd%d0%bd%d1%8b%d0%b9-%d0%b1%d0%be%d1%80%d0%b4%d0%be%d0%b2%d1%8b%d0%b9-3900-21\/#breadcrumb","itemListElement":[{"@type":"ListItem","position":1,"name":"Home","item":"https:\/\/stafit.ee\/ru\/"},{"@type":"ListItem","position":2,"name":"\u041c\u0430\u0433\u0430\u0437\u0438\u043d","item":"https:\/\/stafit.ee\/ru\/pood\/"},{"@type":"ListItem","position":3,"name":"\u0416\u0435\u043d\u0441\u043a\u0438\u0439 \u0436\u0438\u043b\u0435\u0442 \u0443\u0434\u043b\u0438\u043d\u0435\u043d\u043d\u044b\u0439 \u0431\u043e\u0440\u0434\u043e\u0432\u044b\u0439"}]},{"@type":"WebSite","@id":"https:\/\/stafit.ee\/#website","url":"https:\/\/stafit.ee\/","name":"Stafit O\u00dc","description":"T\u00f6\u00f6riete ja ohutusvahendite jae ja hulgim\u00fc\u00fck","potentialAction":[{"@type":"SearchAction","target":{"@type":"EntryPoint","urlTemplate":"https:\/\/stafit.ee\/?s={search_term_string}"},"query-input":{"@type":"PropertyValueSpecification","valueRequired":true,"valueName":"search_term_string"}}],"inLanguage":"ru-RU"}]}},"brands":[{"id":327,"name":"Leiber","slug":"leiber"}],"_links":{"self":[{"href":"https:\/\/stafit.ee\/ru\/wp-json\/wp\/v2\/product\/10726","targetHints":{"allow":["GET"]}}],"collection":[{"href":"https:\/\/stafit.ee\/ru\/wp-json\/wp\/v2\/product"}],"about":[{"href":"https:\/\/stafit.ee\/ru\/wp-json\/wp\/v2\/types\/product"}],"wp:featuredmedia":[{"embeddable":true,"href":"https:\/\/stafit.ee\/ru\/wp-json\/wp\/v2\/media\/10723"}],"wp:attachment":[{"href":"https:\/\/stafit.ee\/ru\/wp-json\/wp\/v2\/media?parent=10726"}],"wp:term":[{"taxonomy":"pwb-brand","embeddable":true,"href":"https:\/\/stafit.ee\/ru\/wp-json\/wp\/v2\/pwb-brand?post=10726"},{"taxonomy":"product_brand","embeddable":true,"href":"https:\/\/stafit.ee\/ru\/wp-json\/wp\/v2\/product_brand?post=10726"},{"taxonomy":"product_cat","embeddable":true,"href":"https:\/\/stafit.ee\/ru\/wp-json\/wp\/v2\/product_cat?post=10726"},{"taxonomy":"product_tag","embeddable":true,"href":"https:\/\/stafit.ee\/ru\/wp-json\/wp\/v2\/product_tag?post=10726"}],"curies":[{"name":"wp","href":"https:\/\/api.w.org\/{rel}","templated":true}]}}