{"id":431,"date":"2016-08-04T11:15:19","date_gmt":"2016-08-04T11:15:19","guid":{"rendered":"https:\/\/stafit.ee\/our-stores\/"},"modified":"2020-05-13T12:44:39","modified_gmt":"2020-05-13T10:44:39","slug":"meie-pood","status":"publish","type":"page","link":"https:\/\/stafit.ee\/ru\/meie-pood\/","title":{"rendered":"\u041d\u0430\u0448 \u043c\u0430\u0433\u0430\u0437\u0438\u043d"},"content":{"rendered":"\n  <div class=\"banner has-hover has-parallax\" id=\"banner-875963924\">\n          <div class=\"banner-inner fill\">\n        <div class=\"banner-bg fill\" data-parallax=\"-2\" data-parallax-container=\".banner\" data-parallax-background>\n                                    <div class=\"overlay\"><\/div>            \n                    <\/div>\n\t\t\n        <div class=\"banner-layers container\">\n            <div class=\"fill banner-link\"><\/div>            \n   <div id=\"text-box-367012026\" class=\"text-box banner-layer x50 md-x50 lg-x50 y50 md-y50 lg-y50 res-text\">\n                                <div class=\"text-box-content text dark\">\n              \n              <div class=\"text-inner text-center\">\n                  \n<h3 class=\"uppercase\"><strong>\u041d\u0430\u0448 \u043c\u0430\u0433\u0430\u0437\u0438\u043d<\/strong><\/h3>\n<div class=\"is-divider divider clearfix\" ><\/div>\n<div class=\"social-icons share-icons share-row relative\" ><a href=\"whatsapp:\/\/send?text=%D0%9D%D0%B0%D1%88%20%D0%BC%D0%B0%D0%B3%D0%B0%D0%B7%D0%B8%D0%BD - https:\/\/stafit.ee\/ru\/meie-pood\/\" data-action=\"share\/whatsapp\/share\" class=\"icon button circle is-outline tooltip whatsapp show-for-medium\" title=\"\u041f\u043e\u0434\u0435\u043b\u0438\u0442\u044c\u0441\u044f \u0432 WhatsApp\" aria-label=\"\u041f\u043e\u0434\u0435\u043b\u0438\u0442\u044c\u0441\u044f \u0432 WhatsApp\"><i class=\"icon-whatsapp\" aria-hidden=\"true\"><\/i><\/a><a href=\"https:\/\/www.facebook.com\/sharer.php?u=https:\/\/stafit.ee\/ru\/meie-pood\/\" data-label=\"Facebook\" onclick=\"window.open(this.href,this.title,'width=500,height=500,top=300px,left=300px'); return false;\" target=\"_blank\" class=\"icon button circle is-outline tooltip facebook\" title=\"\u041f\u043e\u0434\u0435\u043b\u0438\u0442\u044c\u0441\u044f \u0432 Facebook\" aria-label=\"\u041f\u043e\u0434\u0435\u043b\u0438\u0442\u044c\u0441\u044f \u0432 Facebook\" rel=\"noopener nofollow\"><i class=\"icon-facebook\" aria-hidden=\"true\"><\/i><\/a><a href=\"https:\/\/twitter.com\/share?url=https:\/\/stafit.ee\/ru\/meie-pood\/\" onclick=\"window.open(this.href,this.title,'width=500,height=500,top=300px,left=300px'); return false;\" target=\"_blank\" class=\"icon button circle is-outline tooltip twitter\" title=\"\u041f\u043e\u0434\u0435\u043b\u0438\u0442\u044c\u0441\u044f \u0432 Twitter\" aria-label=\"\u041f\u043e\u0434\u0435\u043b\u0438\u0442\u044c\u0441\u044f \u0432 Twitter\" rel=\"noopener nofollow\"><i class=\"icon-twitter\" aria-hidden=\"true\"><\/i><\/a><a href=\"mailto:?subject=%D0%9D%D0%B0%D1%88%20%D0%BC%D0%B0%D0%B3%D0%B0%D0%B7%D0%B8%D0%BD&body=Check%20this%20out%3A%20https%3A%2F%2Fstafit.ee%2Fru%2Fmeie-pood%2F\" class=\"icon button circle is-outline tooltip email\" title=\"\u041f\u043e\u0434\u0435\u043b\u0438\u0442\u044c\u0441\u044f \u0432 \u0435\u043c\u0430\u0439\u043b\u0435\" aria-label=\"\u041f\u043e\u0434\u0435\u043b\u0438\u0442\u044c\u0441\u044f \u0432 \u0435\u043c\u0430\u0439\u043b\u0435\" rel=\"nofollow\"><i class=\"icon-envelop\" aria-hidden=\"true\"><\/i><\/a><a href=\"https:\/\/pinterest.com\/pin\/create\/button?url=https:\/\/stafit.ee\/ru\/meie-pood\/&media&description=%D0%9D%D0%B0%D1%88%20%D0%BC%D0%B0%D0%B3%D0%B0%D0%B7%D0%B8%D0%BD\" onclick=\"window.open(this.href,this.title,'width=500,height=500,top=300px,left=300px'); return false;\" target=\"_blank\" class=\"icon button circle is-outline tooltip pinterest\" title=\"\u041e\u043f\u0443\u0431\u043b\u0438\u043a\u043e\u0432\u0430\u0442\u044c \u043d\u0430 Pinterest\" aria-label=\"\u041e\u043f\u0443\u0431\u043b\u0438\u043a\u043e\u0432\u0430\u0442\u044c \u043d\u0430 Pinterest\" rel=\"noopener nofollow\"><i class=\"icon-pinterest\" aria-hidden=\"true\"><\/i><\/a><a href=\"https:\/\/www.linkedin.com\/shareArticle?mini=true&url=https:\/\/stafit.ee\/ru\/meie-pood\/&title=%D0%9D%D0%B0%D1%88%20%D0%BC%D0%B0%D0%B3%D0%B0%D0%B7%D0%B8%D0%BD\" onclick=\"window.open(this.href,this.title,'width=500,height=500,top=300px,left=300px'); return false;\" target=\"_blank\" class=\"icon button circle is-outline tooltip linkedin\" title=\"\u041f\u043e\u0434\u0435\u043b\u0438\u0442\u0441\u044f \u0432 LinkedIn\" aria-label=\"\u041f\u043e\u0434\u0435\u043b\u0438\u0442\u0441\u044f \u0432 LinkedIn\" rel=\"noopener nofollow\"><i class=\"icon-linkedin\" aria-hidden=\"true\"><\/i><\/a><\/div>\n              <\/div>\n           <\/div>\n                            \n<style>\n#text-box-367012026 {\n  width: 60%;\n}\n#text-box-367012026 .text-box-content {\n  font-size: 100%;\n}\n@media (min-width:550px) {\n  #text-box-367012026 {\n    width: 68%;\n  }\n}\n<\/style>\n    <\/div>\n \n        <\/div>\n      <\/div>\n\n            \n<style>\n#banner-875963924 {\n  padding-top: 300px;\n}\n#banner-875963924 .overlay {\n  background-color: rgba(0, 0, 0, 0.2);\n}\n<\/style>\n  <\/div>\n\n\n<div class=\"row\"  id=\"row-1193630426\">\n\n\t<div id=\"col-162000851\" class=\"col small-12 large-12\"  >\n\t\t\t\t<div class=\"col-inner\"  >\n\t\t\t\n\t\t\t\n<p class=\"lead\"><strong>\u041a\u0430\u043a \u043d\u0430\u0441 \u043d\u0430\u0439\u0442\u0438: <\/strong> \u041c\u0430\u0433\u0430\u0437\u0438\u043d Stafit \u0440\u0430\u0441\u043f\u043e\u043b\u043e\u0436\u0435\u043d \u0432 \u0433\u043e\u0440\u043e\u0434\u0435 \u0422\u0430\u043b\u043b\u0438\u043d\u043d \u043f\u043e \u0430\u0434\u0440\u0435\u0441\u0443 Katusepapi 20, \u043f\u043e\u0447\u0442\u0438 \u0432 \u0441\u0430\u043c\u043e\u043c \u0446\u0435\u043d\u0442\u0440\u0435 \u0433\u043e\u0440\u043e\u0434\u0430, \u043d\u0435\u0434\u0430\u043b\u0435\u043a\u043e \u043e\u0442 \u0430\u0432\u0442\u043e\u0432\u043e\u043a\u0437\u0430\u043b\u0430. \u041a \u043d\u0430\u043c \u0443\u0434\u043e\u0431\u043d\u043e \u0434\u043e\u0431\u0438\u0440\u0430\u0442\u044c\u0441\u044f \u043d\u0435 \u0442\u043e\u043b\u044c\u043a\u043e \u043d\u0430 \u043c\u0430\u0448\u0438\u043d\u0435, \u043d\u043e \u0438 \u043d\u0430 \u043e\u0431\u0449\u0435\u0441\u0442\u0432\u0435\u043d\u043d\u043e\u043c \u0442\u0440\u0430\u043d\u0441\u043f\u043e\u0440\u0442\u0435. \u0412 \u043a\u0430\u0447\u0435\u0441\u0442\u0432\u0435 \u043e\u0440\u0438\u0435\u043d\u0442\u0438\u0440\u0430  \u043c\u043e\u0436\u0435\u0442 \u0441\u043b\u0443\u0436\u0438\u0442\u044c  \u0442\u043e\u0440\u0433\u043e\u0432\u044b\u0439 \u0446\u0435\u043d\u0442\u0440 Sikupilli, \u043c\u044b \u043d\u0430\u0445\u043e\u0434\u0438\u043c\u0441\u044f \u043f\u0440\u044f\u043c\u043e \u0437\u0430 \u043d\u0438\u043c \u043d\u0430 \u043f\u0435\u0440\u0435\u043a\u0440\u0435\u0441\u0442\u043a\u0435 \u0443\u043b\u0438\u0446 Pallasti \u0438 Katusepapi \u0432 \u043a\u0440\u0430\u0441\u043d\u043e\u043c \u043a\u0438\u0440\u043f\u0438\u0447\u043d\u043e\u043c \u0437\u0434\u0430\u043d\u0438\u0438 \u043d\u0430 1-\u043e\u043c \u044d\u0442\u0430\u0436\u0435.<\/p>\n<p class=\"lead\"><strong>\u041e\u0431\u0449\u0435\u0441\u0442\u0432\u0435\u043d\u043d\u044b\u0439 \u0442\u0440\u0430\u043d\u0441\u043f\u043e\u0440\u0442: <\/strong> \u0411\u043b\u0438\u0436\u0430\u0439\u0448\u0438\u0435 \u043a \u043d\u0430\u043c \u0430\u0432\u0442\u043e\u0431\u0443\u0441\u043d\u044b\u0435 \u043e\u0441\u0442\u0430\u043d\u043e\u0432\u043a\u0438 \u00abSossim\u00e4gi\u00bb (\u0430\u0432\u0442\u043e\u0431\u0443\u0441\u044b \u2116 2, 15, 54) \u0438\u043b\u0438 \u00abSikupilli\u00bb (\u0430\u0432\u0442\u043e\u0431\u0443\u0441 \u2116\u00a055). \u2028\u0411\u043b\u0438\u0436\u0430\u0439\u0448\u0438\u0435 \u0442\u0440\u0430\u043c\u0432\u0430\u0439\u043d\u044b\u0435 \u043e\u0441\u0442\u0430\u043d\u043e\u0432\u043a\u0438 \u00abLubja\u00bb \u0438\u043b\u0438 \u00abSikupilli\u00bb (\u0442\u0440\u0430\u043c\u0432\u0430\u0438 \u2116 2 \u0438 4).<\/p>\n<p class=\"lead\"><strong>\u041f\u0430\u0440\u043a\u043e\u0432\u043a\u0430: <\/strong> \u0415\u0441\u043b\u0438 \u0412\u044b \u043f\u0440\u0438\u0435\u0445\u0430\u043b\u0438 \u043d\u0430 \u043c\u0430\u0448\u0438\u043d\u0435, \u043c\u043e\u0436\u043d\u043e \u043f\u0440\u0438\u043f\u0430\u0440\u043a\u043e\u0432\u0430\u0442\u044c\u0441\u044f \u043f\u0440\u044f\u043c\u043e \u043f\u0435\u0440\u0435\u0434 \u0432\u0445\u043e\u0434\u043e\u043c \u0432 \u043d\u0430\u0448 \u043c\u0430\u0433\u0430\u0437\u0438\u043d, \u0433\u0434\u0435 \u0440\u0430\u0441\u043f\u043e\u043b\u043e\u0436\u0435\u043d\u044b  \u0431\u0435\u0441\u043f\u043b\u0430\u0442\u043d\u044b\u0435 \u043f\u0430\u0440\u043a\u043e\u0432\u043e\u0447\u043d\u044b\u0435 \u043c\u0435\u0441\u0442\u0430 \u0434\u043b\u044f \u043d\u0430\u0448\u0438\u0445 \u043a\u043b\u0438\u0435\u043d\u0442\u043e\u0432.<\/p>\n\n\t\t<div class=\"tabbed-content\">\n\t\t\t\n\t\t\t<ul class=\"nav nav-line nav-vertical nav-uppercase nav-size-normal nav-left\" role=\"tablist\"><li id=\"tab-katusepapi-20,-11412-tallinn,-estonia\" class=\"tab active has-icon\" role=\"presentation\"><a href=\"#tab_katusepapi-20,-11412-tallinn,-estonia\" role=\"tab\" aria-selected=\"true\" aria-controls=\"tab_katusepapi-20,-11412-tallinn,-estonia\"><span>Katusepapi 20, 11412 Tallinn, Estonia<\/span><\/a><\/li><\/ul><div class=\"tab-panels\"><div id=\"tab_katusepapi-20,-11412-tallinn,-estonia\" class=\"panel active entry-content\" role=\"tabpanel\" aria-labelledby=\"tab-katusepapi-20,-11412-tallinn,-estonia\">\n\n\t<script type=\"text\/javascript\">\n  jQuery( document ).ready(function() {\n    function initialize() {\n        var styles = {\n            'flatsome':  [{\n            \"featureType\": \"administrative\",\n            \"stylers\": [\n              { \"visibility\": \"on\" }\n            ]\n          },\n          {\n            \"featureType\": \"road\",\n            \"stylers\": [\n              { \"visibility\": \"on\" },\n              { \"hue\": \"\" }\n            ]\n          },\n          {\n            \"stylers\": [\n\t\t\t  { \"visibility\": \"on\" },\n\t\t\t  { \"hue\": \"\" },\n\t\t\t  { \"saturation\": -58 }\n            ]\n          }\n        ]};\n\n        var myLatlng = new google.maps.LatLng(59.426522, 24.786444);\n        var myOptions = {\n            zoom: 17,\n            center: myLatlng,\n            mapTypeId: google.maps.MapTypeId.ROADMAP,\n            disableDefaultUI: true,\n            mapTypeId: 'flatsome',\n            draggable: false,\n            zoomControl: false,\n            zoomControlOptions: {\n              position: google.maps.ControlPosition.TOP_LEFT\n            },\n      \t\t\tmapTypeControl: false,\n            mapTypeControlOptions: {\n              position: google.maps.ControlPosition.TOP_LEFT\n            },\n      \t\t\tstreetViewControl: false,\n            streetViewControlOptions: {\n              position: google.maps.ControlPosition.TOP_LEFT\n            },\n            scrollwheel: false,\n            disableDoubleClickZoom: true\n        }\n        var map = new google.maps.Map(document.getElementById(\"map-2907434491-inner\"), myOptions);\n        var styledMapType = new google.maps.StyledMapType(styles['flatsome'], {name: 'flatsome'});\n        map.mapTypes.set('flatsome', styledMapType);\n\n        var marker = new google.maps.Marker({\n            position: myLatlng,\n            map: map,\n            title:\"\"\n        });\n    }\n\n    \/\/ Required to proceed\n    if (!(typeof google === 'object' && typeof google.maps === 'object')) {\n      return\n    }\n\n    initialize()\n    google.maps.event.addDomListener(window, 'resize', initialize);\n    });\n    <\/script>\n\n    <div class=\"google-map relative mb\" id=\"map-2907434491\">\n        <div class=\"map-height\" id=\"map-2907434491-inner\"><\/div>\n        <div id=\"map_overlay_top\"><\/div>\n        <div id=\"map_overlay_bottom\"><\/div>\n         \n       \n<style>\n#map-2907434491 .map-inner {\n  background-color: rgb(255, 255, 255);\n  max-width: 30%;\n}\n#map-2907434491 .map-height {\n  height: 400px;\n}\n<\/style>\n    <\/div>\n\n\t\n<\/div><\/div><\/div>\n\t\t<\/div>\n\t\t\t\t\t<\/div>\n\n\t\n<\/div>\n","protected":false},"excerpt":{"rendered":"","protected":false},"author":5,"featured_media":0,"parent":0,"menu_order":0,"comment_status":"closed","ping_status":"closed","template":"page-blank.php","meta":{"footnotes":""},"class_list":["post-431","page","type-page","status-publish","hentry"],"yoast_head":"<!-- This site is optimized with the Yoast SEO plugin v27.0 - https:\/\/yoast.com\/product\/yoast-seo-wordpress\/ -->\n<title>\u041d\u0430\u0448 \u043c\u0430\u0433\u0430\u0437\u0438\u043d - Stafit O\u00dc<\/title>\n<meta name=\"robots\" content=\"index, follow, max-snippet:-1, max-image-preview:large, max-video-preview:-1\" \/>\n<link rel=\"canonical\" href=\"https:\/\/stafit.ee\/ru\/meie-pood\/\" \/>\n<meta property=\"og:locale\" content=\"ru_RU\" \/>\n<meta property=\"og:type\" content=\"article\" \/>\n<meta property=\"og:title\" content=\"\u041d\u0430\u0448 \u043c\u0430\u0433\u0430\u0437\u0438\u043d - Stafit O\u00dc\" \/>\n<meta property=\"og:url\" content=\"https:\/\/stafit.ee\/ru\/meie-pood\/\" \/>\n<meta property=\"og:site_name\" content=\"Stafit O\u00dc\" \/>\n<meta property=\"article:modified_time\" content=\"2020-05-13T10:44:39+00:00\" \/>\n<meta name=\"twitter:card\" content=\"summary_large_image\" \/>\n<script type=\"application\/ld+json\" class=\"yoast-schema-graph\">{\"@context\":\"https:\/\/schema.org\",\"@graph\":[{\"@type\":\"WebPage\",\"@id\":\"https:\/\/stafit.ee\/ru\/meie-pood\/\",\"url\":\"https:\/\/stafit.ee\/ru\/meie-pood\/\",\"name\":\"\u041d\u0430\u0448 \u043c\u0430\u0433\u0430\u0437\u0438\u043d - Stafit O\u00dc\",\"isPartOf\":{\"@id\":\"https:\/\/stafit.ee\/#website\"},\"datePublished\":\"2016-08-04T11:15:19+00:00\",\"dateModified\":\"2020-05-13T10:44:39+00:00\",\"breadcrumb\":{\"@id\":\"https:\/\/stafit.ee\/ru\/meie-pood\/#breadcrumb\"},\"inLanguage\":\"ru-RU\",\"potentialAction\":[{\"@type\":\"ReadAction\",\"target\":[\"https:\/\/stafit.ee\/ru\/meie-pood\/\"]}]},{\"@type\":\"BreadcrumbList\",\"@id\":\"https:\/\/stafit.ee\/ru\/meie-pood\/#breadcrumb\",\"itemListElement\":[{\"@type\":\"ListItem\",\"position\":1,\"name\":\"Home\",\"item\":\"https:\/\/stafit.ee\/ru\/\"},{\"@type\":\"ListItem\",\"position\":2,\"name\":\"\u041d\u0430\u0448 \u043c\u0430\u0433\u0430\u0437\u0438\u043d\"}]},{\"@type\":\"WebSite\",\"@id\":\"https:\/\/stafit.ee\/#website\",\"url\":\"https:\/\/stafit.ee\/\",\"name\":\"Stafit O\u00dc\",\"description\":\"T\u00f6\u00f6riete ja ohutusvahendite jae ja hulgim\u00fc\u00fck\",\"potentialAction\":[{\"@type\":\"SearchAction\",\"target\":{\"@type\":\"EntryPoint\",\"urlTemplate\":\"https:\/\/stafit.ee\/?s={search_term_string}\"},\"query-input\":{\"@type\":\"PropertyValueSpecification\",\"valueRequired\":true,\"valueName\":\"search_term_string\"}}],\"inLanguage\":\"ru-RU\"}]}<\/script>\n<!-- \/ Yoast SEO plugin. -->","yoast_head_json":{"title":"\u041d\u0430\u0448 \u043c\u0430\u0433\u0430\u0437\u0438\u043d - Stafit O\u00dc","robots":{"index":"index","follow":"follow","max-snippet":"max-snippet:-1","max-image-preview":"max-image-preview:large","max-video-preview":"max-video-preview:-1"},"canonical":"https:\/\/stafit.ee\/ru\/meie-pood\/","og_locale":"ru_RU","og_type":"article","og_title":"\u041d\u0430\u0448 \u043c\u0430\u0433\u0430\u0437\u0438\u043d - Stafit O\u00dc","og_url":"https:\/\/stafit.ee\/ru\/meie-pood\/","og_site_name":"Stafit O\u00dc","article_modified_time":"2020-05-13T10:44:39+00:00","twitter_card":"summary_large_image","schema":{"@context":"https:\/\/schema.org","@graph":[{"@type":"WebPage","@id":"https:\/\/stafit.ee\/ru\/meie-pood\/","url":"https:\/\/stafit.ee\/ru\/meie-pood\/","name":"\u041d\u0430\u0448 \u043c\u0430\u0433\u0430\u0437\u0438\u043d - Stafit O\u00dc","isPartOf":{"@id":"https:\/\/stafit.ee\/#website"},"datePublished":"2016-08-04T11:15:19+00:00","dateModified":"2020-05-13T10:44:39+00:00","breadcrumb":{"@id":"https:\/\/stafit.ee\/ru\/meie-pood\/#breadcrumb"},"inLanguage":"ru-RU","potentialAction":[{"@type":"ReadAction","target":["https:\/\/stafit.ee\/ru\/meie-pood\/"]}]},{"@type":"BreadcrumbList","@id":"https:\/\/stafit.ee\/ru\/meie-pood\/#breadcrumb","itemListElement":[{"@type":"ListItem","position":1,"name":"Home","item":"https:\/\/stafit.ee\/ru\/"},{"@type":"ListItem","position":2,"name":"\u041d\u0430\u0448 \u043c\u0430\u0433\u0430\u0437\u0438\u043d"}]},{"@type":"WebSite","@id":"https:\/\/stafit.ee\/#website","url":"https:\/\/stafit.ee\/","name":"Stafit O\u00dc","description":"T\u00f6\u00f6riete ja ohutusvahendite jae ja hulgim\u00fc\u00fck","potentialAction":[{"@type":"SearchAction","target":{"@type":"EntryPoint","urlTemplate":"https:\/\/stafit.ee\/?s={search_term_string}"},"query-input":{"@type":"PropertyValueSpecification","valueRequired":true,"valueName":"search_term_string"}}],"inLanguage":"ru-RU"}]}},"_links":{"self":[{"href":"https:\/\/stafit.ee\/ru\/wp-json\/wp\/v2\/pages\/431","targetHints":{"allow":["GET"]}}],"collection":[{"href":"https:\/\/stafit.ee\/ru\/wp-json\/wp\/v2\/pages"}],"about":[{"href":"https:\/\/stafit.ee\/ru\/wp-json\/wp\/v2\/types\/page"}],"author":[{"embeddable":true,"href":"https:\/\/stafit.ee\/ru\/wp-json\/wp\/v2\/users\/5"}],"replies":[{"embeddable":true,"href":"https:\/\/stafit.ee\/ru\/wp-json\/wp\/v2\/comments?post=431"}],"version-history":[{"count":20,"href":"https:\/\/stafit.ee\/ru\/wp-json\/wp\/v2\/pages\/431\/revisions"}],"predecessor-version":[{"id":1940,"href":"https:\/\/stafit.ee\/ru\/wp-json\/wp\/v2\/pages\/431\/revisions\/1940"}],"wp:attachment":[{"href":"https:\/\/stafit.ee\/ru\/wp-json\/wp\/v2\/media?parent=431"}],"curies":[{"name":"wp","href":"https:\/\/api.w.org\/{rel}","templated":true}]}}