{"id":1702,"date":"2020-05-11T13:32:33","date_gmt":"2020-05-11T11:32:33","guid":{"rendered":"https:\/\/stafit.ee\/%d1%80%d0%b0%d0%b7%d0%bc%d0%b5%d1%80%d1%8b\/"},"modified":"2024-03-13T17:34:09","modified_gmt":"2024-03-13T15:34:09","slug":"%d1%80%d0%b0%d0%b7%d0%bc%d0%b5%d1%80%d1%8b","status":"publish","type":"page","link":"https:\/\/stafit.ee\/ru\/%d1%80%d0%b0%d0%b7%d0%bc%d0%b5%d1%80%d1%8b\/","title":{"rendered":"\u0422\u0430\u0431\u043b\u0438\u0446\u0430 \u0440\u0430\u0437\u043c\u0435\u0440\u043e\u0432"},"content":{"rendered":"\n\t\t<div class=\"tabbed-content\">\n\t\t\t<h4 class=\"uppercase text-left\">\u0422\u0430\u0431\u043b\u0438\u0446\u0430 \u0440\u0430\u0437\u043c\u0435\u0440\u043e\u0432<\/h4>\n\t\t\t<ul class=\"nav nav-pills nav-uppercase nav-size-xlarge nav-left\" role=\"tablist\"><li id=\"tab-ardon\" class=\"tab active has-icon\" role=\"presentation\"><a href=\"#tab_ardon\" role=\"tab\" aria-selected=\"true\" aria-controls=\"tab_ardon\"><span>Ardon<\/span><\/a><\/li>\n<li id=\"tab-cerva\" class=\"tab has-icon\" role=\"presentation\"><a href=\"#tab_cerva\" tabindex=\"-1\" role=\"tab\" aria-selected=\"false\" aria-controls=\"tab_cerva\"><span>Cerva<\/span><\/a><\/li>\n<li id=\"tab-dassy\" class=\"tab has-icon\" role=\"presentation\"><a href=\"#tab_dassy\" tabindex=\"-1\" role=\"tab\" aria-selected=\"false\" aria-controls=\"tab_dassy\"><span>Dassy<\/span><\/a><\/li>\n<li id=\"tab-exner\" class=\"tab has-icon\" role=\"presentation\"><a href=\"#tab_exner\" tabindex=\"-1\" role=\"tab\" aria-selected=\"false\" aria-controls=\"tab_exner\"><span>Exner<\/span><\/a><\/li>\n<li id=\"tab-feldtmann\" class=\"tab has-icon\" role=\"presentation\"><a href=\"#tab_feldtmann\" tabindex=\"-1\" role=\"tab\" aria-selected=\"false\" aria-controls=\"tab_feldtmann\"><span>Feldtmann<\/span><\/a><\/li>\n<li id=\"tab-lavoro-norisk\" class=\"tab has-icon\" role=\"presentation\"><a href=\"#tab_lavoro-norisk\" tabindex=\"-1\" role=\"tab\" aria-selected=\"false\" aria-controls=\"tab_lavoro-norisk\"><span>Lavoro-NoRisk<\/span><\/a><\/li>\n<li id=\"tab-leiber\" class=\"tab has-icon\" role=\"presentation\"><a href=\"#tab_leiber\" tabindex=\"-1\" role=\"tab\" aria-selected=\"false\" aria-controls=\"tab_leiber\"><span>Leiber<\/span><\/a><\/li>\n<li id=\"tab-malfini\" class=\"tab has-icon\" role=\"presentation\"><a href=\"#tab_malfini\" tabindex=\"-1\" role=\"tab\" aria-selected=\"false\" aria-controls=\"tab_malfini\"><span>Malfini<\/span><\/a><\/li>\n<li id=\"tab-planam\" class=\"tab has-icon\" role=\"presentation\"><a href=\"#tab_planam\" tabindex=\"-1\" role=\"tab\" aria-selected=\"false\" aria-controls=\"tab_planam\"><span>Planam<\/span><\/a><\/li>\n<li id=\"tab-qualitex\" class=\"tab has-icon\" role=\"presentation\"><a href=\"#tab_qualitex\" tabindex=\"-1\" role=\"tab\" aria-selected=\"false\" aria-controls=\"tab_qualitex\"><span>Qualitex<\/span><\/a><\/li>\n<li id=\"tab-sara-workwear\" class=\"tab has-icon\" role=\"presentation\"><a href=\"#tab_sara-workwear\" tabindex=\"-1\" role=\"tab\" aria-selected=\"false\" aria-controls=\"tab_sara-workwear\"><span>Sara Workwear<\/span><\/a><\/li>\n<li id=\"tab-saugima\" class=\"tab has-icon\" role=\"presentation\"><a href=\"#tab_saugima\" tabindex=\"-1\" role=\"tab\" aria-selected=\"false\" aria-controls=\"tab_saugima\"><span>Saugima<\/span><\/a><\/li>\n<li id=\"tab-sioen\" class=\"tab has-icon\" role=\"presentation\"><a href=\"#tab_sioen\" tabindex=\"-1\" role=\"tab\" aria-selected=\"false\" aria-controls=\"tab_sioen\"><span>Sioen<\/span><\/a><\/li>\n<li id=\"tab-triuso\" class=\"tab has-icon\" role=\"presentation\"><a href=\"#tab_triuso\" tabindex=\"-1\" role=\"tab\" aria-selected=\"false\" aria-controls=\"tab_triuso\"><span>Triuso<\/span><\/a><\/li>\n<li id=\"tab-wenaas\" class=\"tab has-icon\" role=\"presentation\"><a href=\"#tab_wenaas\" tabindex=\"-1\" role=\"tab\" aria-selected=\"false\" aria-controls=\"tab_wenaas\"><span>Wenaas<\/span><\/a><\/li><\/ul><div class=\"tab-panels\"><div id=\"tab_ardon\" class=\"panel active entry-content\" role=\"tabpanel\" aria-labelledby=\"tab-ardon\">\n<p><iframe loading=\"lazy\" src=\"\/wp-content\/uploads\/2020\/06\/Ardon-size-chart-for-web-site.pdf\" width=\"100%\" height=\"600px\"><br \/><\/iframe><\/p>\n<\/div>\n<div id=\"tab_cerva\" class=\"panel entry-content\" role=\"tabpanel\" aria-labelledby=\"tab-cerva\">\n<p><iframe loading=\"lazy\" src=\"\/wp-content\/uploads\/2020\/06\/Cerva-size-chart-for-web-site.pdf\" width=\"100%\" height=\"600px\"><br \/><\/iframe><\/p>\n<\/div>\n<div id=\"tab_dassy\" class=\"panel entry-content\" role=\"tabpanel\" aria-labelledby=\"tab-dassy\">\n<p><iframe loading=\"lazy\" src=\"\/wp-content\/uploads\/2020\/06\/Dassy-size-chart-for-web-site-1.pdf\" width=\"100%\" height=\"600px\"><br \/><\/iframe><\/p>\n<\/div>\n<div id=\"tab_exner\" class=\"panel entry-content\" role=\"tabpanel\" aria-labelledby=\"tab-exner\">\n<p><iframe loading=\"lazy\" src=\"\/wp-content\/uploads\/2020\/06\/Exner-size-chart-for-web-site.pdf\" width=\"100%\" height=\"600px\"><br \/><\/iframe><\/p>\n<\/div>\n<div id=\"tab_feldtmann\" class=\"panel entry-content\" role=\"tabpanel\" aria-labelledby=\"tab-feldtmann\">\n<p><iframe loading=\"lazy\" src=\"\/wp-content\/uploads\/2020\/06\/Feldtmann-size-chart-for-web-site-1.pdf\" width=\"100%\" height=\"500px\"><br \/><\/iframe><\/p>\n<\/div>\n<div id=\"tab_lavoro-norisk\" class=\"panel entry-content\" role=\"tabpanel\" aria-labelledby=\"tab-lavoro-norisk\">\n<p><iframe loading=\"lazy\" src=\"\/wp-content\/uploads\/2020\/06\/Lavoro-NoRisk-size-chart-for-web-site.pdf\" width=\"100%\" height=\"600px\"><br \/><\/iframe><\/p>\n<\/div>\n<div id=\"tab_leiber\" class=\"panel entry-content\" role=\"tabpanel\" aria-labelledby=\"tab-leiber\">\n<p><iframe loading=\"lazy\" src=\"\/wp-content\/uploads\/2020\/06\/Leiber-size-chart-for-web-site.pdf\" width=\"100%\" height=\"600px\"><br \/><\/iframe><\/p>\n<\/div>\n<div id=\"tab_malfini\" class=\"panel entry-content\" role=\"tabpanel\" aria-labelledby=\"tab-malfini\">\n<p><iframe loading=\"lazy\" src=\"\/wp-content\/uploads\/2021\/12\/Malfini-size-chart.pdf\" width=\"100%\" height=\"600px\"><br \/><\/iframe><\/p>\n<\/div>\n<div id=\"tab_planam\" class=\"panel entry-content\" role=\"tabpanel\" aria-labelledby=\"tab-planam\">\n<p><iframe loading=\"lazy\" src=\"\/wp-content\/uploads\/2020\/06\/Planam-size-chart-for-web-site.pdf\" width=\"100%\" height=\"600px\"><br \/><\/iframe><\/p>\n<\/div>\n<div id=\"tab_qualitex\" class=\"panel entry-content\" role=\"tabpanel\" aria-labelledby=\"tab-qualitex\">\n<p><iframe loading=\"lazy\" src=\"\/wp-content\/uploads\/2020\/06\/Qualitex-size-chart-for-web-site.pdf\" width=\"100%\" height=\"600px\"><br \/><\/iframe><\/p>\n<\/div>\n<div id=\"tab_sara-workwear\" class=\"panel entry-content\" role=\"tabpanel\" aria-labelledby=\"tab-sara-workwear\">\n<p><iframe loading=\"lazy\" src=\"\/wp-content\/uploads\/2020\/06\/Sara-Workwear-size-chart-for-web-site.pdf\" width=\"100%\" height=\"600px\"><br \/><\/iframe><\/p>\n<\/div>\n<div id=\"tab_saugima\" class=\"panel entry-content\" role=\"tabpanel\" aria-labelledby=\"tab-saugima\">\n<p><iframe loading=\"lazy\" src=\"\/wp-content\/uploads\/2020\/06\/Saugima-size-chart-for-web-site.pdf\" width=\"100%\" height=\"600px\"><br \/><\/iframe><\/p>\n<\/div>\n<div id=\"tab_sioen\" class=\"panel entry-content\" role=\"tabpanel\" aria-labelledby=\"tab-sioen\">\n<p><iframe loading=\"lazy\" src=\"\/wp-content\/uploads\/2020\/06\/Sioen-size-chart-for-web-site.pdf\" width=\"100%\" height=\"600px\"><br \/><\/iframe><\/p>\n<\/div>\n<div id=\"tab_triuso\" class=\"panel entry-content\" role=\"tabpanel\" aria-labelledby=\"tab-triuso\">\n<p><iframe loading=\"lazy\" src=\"\/wp-content\/uploads\/2020\/06\/Triuso-size-chart-for-web-site.pdf\" width=\"100%\" height=\"600px\"><br \/><\/iframe><\/p>\n<\/div>\n<div id=\"tab_wenaas\" class=\"panel entry-content\" role=\"tabpanel\" aria-labelledby=\"tab-wenaas\">\n<p><iframe loading=\"lazy\" src=\"\/wp-content\/uploads\/2024\/02\/Wenaas_sizechart_2024_jan.pdf\" width=\"100%\" height=\"600px\"><br \/><\/iframe><\/p>\n<\/div><\/div><\/div>\n","protected":false},"excerpt":{"rendered":"","protected":false},"author":5,"featured_media":0,"parent":0,"menu_order":0,"comment_status":"closed","ping_status":"closed","template":"","meta":{"footnotes":""},"class_list":["post-1702","page","type-page","status-publish","hentry"],"yoast_head":"<!-- This site is optimized with the Yoast SEO plugin v27.0 - https:\/\/yoast.com\/product\/yoast-seo-wordpress\/ -->\n<title>\u0422\u0430\u0431\u043b\u0438\u0446\u0430 \u0440\u0430\u0437\u043c\u0435\u0440\u043e\u0432 - Stafit O\u00dc<\/title>\n<meta name=\"robots\" content=\"index, follow, max-snippet:-1, max-image-preview:large, max-video-preview:-1\" \/>\n<link rel=\"canonical\" href=\"https:\/\/stafit.ee\/en\/size\/\" \/>\n<meta property=\"og:locale\" content=\"ru_RU\" \/>\n<meta property=\"og:type\" content=\"article\" \/>\n<meta property=\"og:title\" content=\"\u0422\u0430\u0431\u043b\u0438\u0446\u0430 \u0440\u0430\u0437\u043c\u0435\u0440\u043e\u0432 - Stafit O\u00dc\" \/>\n<meta property=\"og:url\" content=\"https:\/\/stafit.ee\/en\/size\/\" \/>\n<meta property=\"og:site_name\" content=\"Stafit O\u00dc\" \/>\n<meta property=\"article:modified_time\" content=\"2024-03-13T15:34:09+00:00\" \/>\n<meta name=\"twitter:card\" content=\"summary_large_image\" \/>\n<script type=\"application\/ld+json\" class=\"yoast-schema-graph\">{\"@context\":\"https:\/\/schema.org\",\"@graph\":[{\"@type\":\"WebPage\",\"@id\":\"https:\/\/stafit.ee\/en\/size\/\",\"url\":\"https:\/\/stafit.ee\/en\/size\/\",\"name\":\"\u0422\u0430\u0431\u043b\u0438\u0446\u0430 \u0440\u0430\u0437\u043c\u0435\u0440\u043e\u0432 - Stafit O\u00dc\",\"isPartOf\":{\"@id\":\"https:\/\/stafit.ee\/#website\"},\"datePublished\":\"2020-05-11T11:32:33+00:00\",\"dateModified\":\"2024-03-13T15:34:09+00:00\",\"breadcrumb\":{\"@id\":\"https:\/\/stafit.ee\/en\/size\/#breadcrumb\"},\"inLanguage\":\"ru-RU\",\"potentialAction\":[{\"@type\":\"ReadAction\",\"target\":[\"https:\/\/stafit.ee\/en\/size\/\"]}]},{\"@type\":\"BreadcrumbList\",\"@id\":\"https:\/\/stafit.ee\/en\/size\/#breadcrumb\",\"itemListElement\":[{\"@type\":\"ListItem\",\"position\":1,\"name\":\"Home\",\"item\":\"https:\/\/stafit.ee\/ru\/\"},{\"@type\":\"ListItem\",\"position\":2,\"name\":\"\u0422\u0430\u0431\u043b\u0438\u0446\u0430 \u0440\u0430\u0437\u043c\u0435\u0440\u043e\u0432\"}]},{\"@type\":\"WebSite\",\"@id\":\"https:\/\/stafit.ee\/#website\",\"url\":\"https:\/\/stafit.ee\/\",\"name\":\"Stafit O\u00dc\",\"description\":\"T\u00f6\u00f6riete ja ohutusvahendite jae ja hulgim\u00fc\u00fck\",\"potentialAction\":[{\"@type\":\"SearchAction\",\"target\":{\"@type\":\"EntryPoint\",\"urlTemplate\":\"https:\/\/stafit.ee\/?s={search_term_string}\"},\"query-input\":{\"@type\":\"PropertyValueSpecification\",\"valueRequired\":true,\"valueName\":\"search_term_string\"}}],\"inLanguage\":\"ru-RU\"}]}<\/script>\n<!-- \/ Yoast SEO plugin. -->","yoast_head_json":{"title":"\u0422\u0430\u0431\u043b\u0438\u0446\u0430 \u0440\u0430\u0437\u043c\u0435\u0440\u043e\u0432 - Stafit O\u00dc","robots":{"index":"index","follow":"follow","max-snippet":"max-snippet:-1","max-image-preview":"max-image-preview:large","max-video-preview":"max-video-preview:-1"},"canonical":"https:\/\/stafit.ee\/en\/size\/","og_locale":"ru_RU","og_type":"article","og_title":"\u0422\u0430\u0431\u043b\u0438\u0446\u0430 \u0440\u0430\u0437\u043c\u0435\u0440\u043e\u0432 - Stafit O\u00dc","og_url":"https:\/\/stafit.ee\/en\/size\/","og_site_name":"Stafit O\u00dc","article_modified_time":"2024-03-13T15:34:09+00:00","twitter_card":"summary_large_image","schema":{"@context":"https:\/\/schema.org","@graph":[{"@type":"WebPage","@id":"https:\/\/stafit.ee\/en\/size\/","url":"https:\/\/stafit.ee\/en\/size\/","name":"\u0422\u0430\u0431\u043b\u0438\u0446\u0430 \u0440\u0430\u0437\u043c\u0435\u0440\u043e\u0432 - Stafit O\u00dc","isPartOf":{"@id":"https:\/\/stafit.ee\/#website"},"datePublished":"2020-05-11T11:32:33+00:00","dateModified":"2024-03-13T15:34:09+00:00","breadcrumb":{"@id":"https:\/\/stafit.ee\/en\/size\/#breadcrumb"},"inLanguage":"ru-RU","potentialAction":[{"@type":"ReadAction","target":["https:\/\/stafit.ee\/en\/size\/"]}]},{"@type":"BreadcrumbList","@id":"https:\/\/stafit.ee\/en\/size\/#breadcrumb","itemListElement":[{"@type":"ListItem","position":1,"name":"Home","item":"https:\/\/stafit.ee\/ru\/"},{"@type":"ListItem","position":2,"name":"\u0422\u0430\u0431\u043b\u0438\u0446\u0430 \u0440\u0430\u0437\u043c\u0435\u0440\u043e\u0432"}]},{"@type":"WebSite","@id":"https:\/\/stafit.ee\/#website","url":"https:\/\/stafit.ee\/","name":"Stafit O\u00dc","description":"T\u00f6\u00f6riete ja ohutusvahendite jae ja hulgim\u00fc\u00fck","potentialAction":[{"@type":"SearchAction","target":{"@type":"EntryPoint","urlTemplate":"https:\/\/stafit.ee\/?s={search_term_string}"},"query-input":{"@type":"PropertyValueSpecification","valueRequired":true,"valueName":"search_term_string"}}],"inLanguage":"ru-RU"}]}},"_links":{"self":[{"href":"https:\/\/stafit.ee\/ru\/wp-json\/wp\/v2\/pages\/1702","targetHints":{"allow":["GET"]}}],"collection":[{"href":"https:\/\/stafit.ee\/ru\/wp-json\/wp\/v2\/pages"}],"about":[{"href":"https:\/\/stafit.ee\/ru\/wp-json\/wp\/v2\/types\/page"}],"author":[{"embeddable":true,"href":"https:\/\/stafit.ee\/ru\/wp-json\/wp\/v2\/users\/5"}],"replies":[{"embeddable":true,"href":"https:\/\/stafit.ee\/ru\/wp-json\/wp\/v2\/comments?post=1702"}],"version-history":[{"count":9,"href":"https:\/\/stafit.ee\/ru\/wp-json\/wp\/v2\/pages\/1702\/revisions"}],"predecessor-version":[{"id":63239,"href":"https:\/\/stafit.ee\/ru\/wp-json\/wp\/v2\/pages\/1702\/revisions\/63239"}],"wp:attachment":[{"href":"https:\/\/stafit.ee\/ru\/wp-json\/wp\/v2\/media?parent=1702"}],"curies":[{"name":"wp","href":"https:\/\/api.w.org\/{rel}","templated":true}]}}