{"id":78974,"date":"2026-01-14T16:05:38","date_gmt":"2026-01-14T14:05:38","guid":{"rendered":"https:\/\/stafit.ee\/toode\/t-sark-rico-c2-hi-vis-kol\/"},"modified":"2026-04-08T18:23:32","modified_gmt":"2026-04-08T15:23:32","slug":"t-sark-rico-c2-hi-vis-kol","status":"publish","type":"product","link":"https:\/\/stafit.ee\/en\/product\/t-sark-rico-c2-hi-vis-kol\/","title":{"rendered":"T-s\u00e4rk RICO-C2 Hi-Vis kol"},"content":{"rendered":"<p>Materjal: 55% puuvill, 45% pol\u00fcester, 180 g\/m\u00b2.<\/p>\n<p data-start=\"57\" data-end=\"72\">Standardid: EN ISO 13688, EN ISO 20471 klass 2.<\/p>\n","protected":false},"excerpt":{"rendered":"<p>Materjal: 55% puuvill, 45% pol\u00fcester, 180 g\/m\u00b2. Standardid: EN ISO 13688, EN ISO 20471 klass 2.<\/p>\n","protected":false},"featured_media":79556,"template":"","meta":[],"pwb-brand":[],"product_brand":[],"product_cat":[1008],"product_tag":[],"class_list":{"0":"post-78974","1":"product","2":"type-product","3":"status-publish","4":"has-post-thumbnail","6":"product_cat-hi-vis-t-sargid-polod","8":"first","9":"instock","10":"taxable","11":"shipping-taxable","12":"purchasable","13":"product-type-variable"},"yoast_head":"<!-- This site is optimized with the Yoast SEO plugin v27.0 - https:\/\/yoast.com\/product\/yoast-seo-wordpress\/ -->\n<title>T-s\u00e4rk RICO-C2 Hi-Vis kol - Stafit O\u00dc<\/title>\n<meta name=\"robots\" content=\"index, follow, max-snippet:-1, max-image-preview:large, max-video-preview:-1\" \/>\n<link rel=\"canonical\" href=\"https:\/\/stafit.ee\/toode\/t-sark-rico-c2-hi-vis-kol\/\" \/>\n<meta property=\"og:locale\" content=\"en_US\" \/>\n<meta property=\"og:type\" content=\"article\" \/>\n<meta property=\"og:title\" content=\"T-s\u00e4rk RICO-C2 Hi-Vis kol - Stafit O\u00dc\" \/>\n<meta property=\"og:description\" content=\"Materjal: 55% puuvill, 45% pol\u00fcester, 180 g\/m\u00b2. Standardid: EN ISO 13688, EN ISO 20471 klass 2.\" \/>\n<meta property=\"og:url\" content=\"https:\/\/stafit.ee\/toode\/t-sark-rico-c2-hi-vis-kol\/\" \/>\n<meta property=\"og:site_name\" content=\"Stafit O\u00dc\" \/>\n<meta property=\"article:modified_time\" content=\"2026-04-08T15:23:32+00:00\" \/>\n<meta property=\"og:image\" content=\"https:\/\/stafit.ee\/wp-content\/uploads\/2026\/01\/Rico-C2-1.jpg\" \/>\n\t<meta property=\"og:image:width\" content=\"900\" \/>\n\t<meta property=\"og:image:height\" content=\"900\" \/>\n\t<meta property=\"og:image:type\" content=\"image\/jpeg\" \/>\n<meta name=\"twitter:card\" content=\"summary_large_image\" \/>\n<meta name=\"twitter:label1\" content=\"Est. reading time\" \/>\n\t<meta name=\"twitter:data1\" content=\"1 minute\" \/>\n<script type=\"application\/ld+json\" class=\"yoast-schema-graph\">{\"@context\":\"https:\/\/schema.org\",\"@graph\":[{\"@type\":\"WebPage\",\"@id\":\"https:\/\/stafit.ee\/toode\/t-sark-rico-c2-hi-vis-kol\/\",\"url\":\"https:\/\/stafit.ee\/toode\/t-sark-rico-c2-hi-vis-kol\/\",\"name\":\"T-s\u00e4rk RICO-C2 Hi-Vis kol - Stafit O\u00dc\",\"isPartOf\":{\"@id\":\"https:\/\/stafit.ee\/#website\"},\"primaryImageOfPage\":{\"@id\":\"https:\/\/stafit.ee\/toode\/t-sark-rico-c2-hi-vis-kol\/#primaryimage\"},\"image\":{\"@id\":\"https:\/\/stafit.ee\/toode\/t-sark-rico-c2-hi-vis-kol\/#primaryimage\"},\"thumbnailUrl\":\"https:\/\/stafit.ee\/wp-content\/uploads\/2026\/01\/Rico-C2-1.jpg\",\"datePublished\":\"2026-01-14T14:05:38+00:00\",\"dateModified\":\"2026-04-08T15:23:32+00:00\",\"breadcrumb\":{\"@id\":\"https:\/\/stafit.ee\/toode\/t-sark-rico-c2-hi-vis-kol\/#breadcrumb\"},\"inLanguage\":\"en-US\",\"potentialAction\":[{\"@type\":\"ReadAction\",\"target\":[\"https:\/\/stafit.ee\/toode\/t-sark-rico-c2-hi-vis-kol\/\"]}]},{\"@type\":\"ImageObject\",\"inLanguage\":\"en-US\",\"@id\":\"https:\/\/stafit.ee\/toode\/t-sark-rico-c2-hi-vis-kol\/#primaryimage\",\"url\":\"https:\/\/stafit.ee\/wp-content\/uploads\/2026\/01\/Rico-C2-1.jpg\",\"contentUrl\":\"https:\/\/stafit.ee\/wp-content\/uploads\/2026\/01\/Rico-C2-1.jpg\",\"width\":900,\"height\":900},{\"@type\":\"BreadcrumbList\",\"@id\":\"https:\/\/stafit.ee\/toode\/t-sark-rico-c2-hi-vis-kol\/#breadcrumb\",\"itemListElement\":[{\"@type\":\"ListItem\",\"position\":1,\"name\":\"Home\",\"item\":\"https:\/\/stafit.ee\/en\/\"},{\"@type\":\"ListItem\",\"position\":2,\"name\":\"E-shop\",\"item\":\"https:\/\/stafit.ee\/en\/pood\/\"},{\"@type\":\"ListItem\",\"position\":3,\"name\":\"T-s\u00e4rk RICO-C2 Hi-Vis kol\"}]},{\"@type\":\"WebSite\",\"@id\":\"https:\/\/stafit.ee\/#website\",\"url\":\"https:\/\/stafit.ee\/\",\"name\":\"Stafit O\u00dc\",\"description\":\"J\u00e4rjekordne WordPressi veebileht\",\"potentialAction\":[{\"@type\":\"SearchAction\",\"target\":{\"@type\":\"EntryPoint\",\"urlTemplate\":\"https:\/\/stafit.ee\/?s={search_term_string}\"},\"query-input\":{\"@type\":\"PropertyValueSpecification\",\"valueRequired\":true,\"valueName\":\"search_term_string\"}}],\"inLanguage\":\"en-US\"}]}<\/script>\n<!-- \/ Yoast SEO plugin. -->","yoast_head_json":{"title":"T-s\u00e4rk RICO-C2 Hi-Vis kol - Stafit O\u00dc","robots":{"index":"index","follow":"follow","max-snippet":"max-snippet:-1","max-image-preview":"max-image-preview:large","max-video-preview":"max-video-preview:-1"},"canonical":"https:\/\/stafit.ee\/toode\/t-sark-rico-c2-hi-vis-kol\/","og_locale":"en_US","og_type":"article","og_title":"T-s\u00e4rk RICO-C2 Hi-Vis kol - Stafit O\u00dc","og_description":"Materjal: 55% puuvill, 45% pol\u00fcester, 180 g\/m\u00b2. Standardid: EN ISO 13688, EN ISO 20471 klass 2.","og_url":"https:\/\/stafit.ee\/toode\/t-sark-rico-c2-hi-vis-kol\/","og_site_name":"Stafit O\u00dc","article_modified_time":"2026-04-08T15:23:32+00:00","og_image":[{"width":900,"height":900,"url":"https:\/\/stafit.ee\/wp-content\/uploads\/2026\/01\/Rico-C2-1.jpg","type":"image\/jpeg"}],"twitter_card":"summary_large_image","twitter_misc":{"Est. reading time":"1 minute"},"schema":{"@context":"https:\/\/schema.org","@graph":[{"@type":"WebPage","@id":"https:\/\/stafit.ee\/toode\/t-sark-rico-c2-hi-vis-kol\/","url":"https:\/\/stafit.ee\/toode\/t-sark-rico-c2-hi-vis-kol\/","name":"T-s\u00e4rk RICO-C2 Hi-Vis kol - Stafit O\u00dc","isPartOf":{"@id":"https:\/\/stafit.ee\/#website"},"primaryImageOfPage":{"@id":"https:\/\/stafit.ee\/toode\/t-sark-rico-c2-hi-vis-kol\/#primaryimage"},"image":{"@id":"https:\/\/stafit.ee\/toode\/t-sark-rico-c2-hi-vis-kol\/#primaryimage"},"thumbnailUrl":"https:\/\/stafit.ee\/wp-content\/uploads\/2026\/01\/Rico-C2-1.jpg","datePublished":"2026-01-14T14:05:38+00:00","dateModified":"2026-04-08T15:23:32+00:00","breadcrumb":{"@id":"https:\/\/stafit.ee\/toode\/t-sark-rico-c2-hi-vis-kol\/#breadcrumb"},"inLanguage":"en-US","potentialAction":[{"@type":"ReadAction","target":["https:\/\/stafit.ee\/toode\/t-sark-rico-c2-hi-vis-kol\/"]}]},{"@type":"ImageObject","inLanguage":"en-US","@id":"https:\/\/stafit.ee\/toode\/t-sark-rico-c2-hi-vis-kol\/#primaryimage","url":"https:\/\/stafit.ee\/wp-content\/uploads\/2026\/01\/Rico-C2-1.jpg","contentUrl":"https:\/\/stafit.ee\/wp-content\/uploads\/2026\/01\/Rico-C2-1.jpg","width":900,"height":900},{"@type":"BreadcrumbList","@id":"https:\/\/stafit.ee\/toode\/t-sark-rico-c2-hi-vis-kol\/#breadcrumb","itemListElement":[{"@type":"ListItem","position":1,"name":"Home","item":"https:\/\/stafit.ee\/en\/"},{"@type":"ListItem","position":2,"name":"E-shop","item":"https:\/\/stafit.ee\/en\/pood\/"},{"@type":"ListItem","position":3,"name":"T-s\u00e4rk RICO-C2 Hi-Vis kol"}]},{"@type":"WebSite","@id":"https:\/\/stafit.ee\/#website","url":"https:\/\/stafit.ee\/","name":"Stafit O\u00dc","description":"J\u00e4rjekordne WordPressi veebileht","potentialAction":[{"@type":"SearchAction","target":{"@type":"EntryPoint","urlTemplate":"https:\/\/stafit.ee\/?s={search_term_string}"},"query-input":{"@type":"PropertyValueSpecification","valueRequired":true,"valueName":"search_term_string"}}],"inLanguage":"en-US"}]}},"brands":[],"_links":{"self":[{"href":"https:\/\/stafit.ee\/en\/wp-json\/wp\/v2\/product\/78974","targetHints":{"allow":["GET"]}}],"collection":[{"href":"https:\/\/stafit.ee\/en\/wp-json\/wp\/v2\/product"}],"about":[{"href":"https:\/\/stafit.ee\/en\/wp-json\/wp\/v2\/types\/product"}],"wp:featuredmedia":[{"embeddable":true,"href":"https:\/\/stafit.ee\/en\/wp-json\/wp\/v2\/media\/79556"}],"wp:attachment":[{"href":"https:\/\/stafit.ee\/en\/wp-json\/wp\/v2\/media?parent=78974"}],"wp:term":[{"taxonomy":"pwb-brand","embeddable":true,"href":"https:\/\/stafit.ee\/en\/wp-json\/wp\/v2\/pwb-brand?post=78974"},{"taxonomy":"product_brand","embeddable":true,"href":"https:\/\/stafit.ee\/en\/wp-json\/wp\/v2\/product_brand?post=78974"},{"taxonomy":"product_cat","embeddable":true,"href":"https:\/\/stafit.ee\/en\/wp-json\/wp\/v2\/product_cat?post=78974"},{"taxonomy":"product_tag","embeddable":true,"href":"https:\/\/stafit.ee\/en\/wp-json\/wp\/v2\/product_tag?post=78974"}],"curies":[{"name":"wp","href":"https:\/\/api.w.org\/{rel}","templated":true}]}}