{"id":67035,"date":"2024-04-29T12:11:13","date_gmt":"2024-04-29T09:11:13","guid":{"rendered":"https:\/\/stafit.ee\/toode\/work-bag-hogert-27-pockets\/"},"modified":"2026-04-21T14:29:50","modified_gmt":"2026-04-21T11:29:50","slug":"work-bag-hogert-27-pockets","status":"publish","type":"product","link":"https:\/\/stafit.ee\/en\/product\/work-bag-hogert-27-pockets\/","title":{"rendered":"Work bag H\u00f6gert 27 pockets"},"content":{"rendered":"<p>Material: 600D polyester;<br \/>\nthe bottom is made of PE material;<br \/>\ndimensions: 41\u00d723.5\u00d731 cm;<br \/>\nplace for a business\/ID card;<br \/>\nequipped with 13 external pockets, including:<br \/>\n\u2013 7 Velcro pockets<br \/>\n\u2013 1 mesh pocket<br \/>\n\u2013 5 open pockets of different sizes<br \/>\n14 internal pockets including:<br \/>\n\u2013 1 zipper pocket<br \/>\n\u2013 1 Velcro pocket<br \/>\n\u2013 12 open pockets.<\/p>\n","protected":false},"excerpt":{"rendered":"<p>Material: 600D polyester; the bottom is made of PE material; dimensions: 41\u00d723.5\u00d731 cm; place for a business\/ID card; equipped with 13 external pockets, including: \u2013 7 Velcro pockets \u2013 1 mesh pocket \u2013 5 open pockets of different sizes 14 internal pockets including: \u2013 1 zipper pocket \u2013 1 Velcro pocket \u2013 12 open pockets.<\/p>\n","protected":false},"featured_media":64349,"template":"","meta":[],"pwb-brand":[],"product_brand":[],"product_cat":[2325],"product_tag":[],"class_list":{"0":"post-67035","1":"product","2":"type-product","3":"status-publish","4":"has-post-thumbnail","6":"product_cat-hand-tools-and-accessories","8":"first","9":"instock","10":"taxable","11":"shipping-taxable","12":"purchasable","13":"product-type-simple"},"yoast_head":"<!-- This site is optimized with the Yoast SEO plugin v27.0 - https:\/\/yoast.com\/product\/yoast-seo-wordpress\/ -->\n<title>Work bag H\u00f6gert 27 pockets - Stafit O\u00dc<\/title>\n<meta name=\"robots\" content=\"index, follow, max-snippet:-1, max-image-preview:large, max-video-preview:-1\" \/>\n<link rel=\"canonical\" href=\"https:\/\/stafit.ee\/en\/product\/work-bag-hogert-27-pockets\/\" \/>\n<meta property=\"og:locale\" content=\"en_US\" \/>\n<meta property=\"og:type\" content=\"article\" \/>\n<meta property=\"og:title\" content=\"Work bag H\u00f6gert 27 pockets - Stafit O\u00dc\" \/>\n<meta property=\"og:description\" content=\"Material: 600D polyester; the bottom is made of PE material; dimensions: 41\u00d723.5\u00d731 cm; place for a business\/ID card; equipped with 13 external pockets, including: \u2013 7 Velcro pockets \u2013 1 mesh pocket \u2013 5 open pockets of different sizes 14 internal pockets including: \u2013 1 zipper pocket \u2013 1 Velcro pocket \u2013 12 open pockets.\" \/>\n<meta property=\"og:url\" content=\"https:\/\/stafit.ee\/en\/product\/work-bag-hogert-27-pockets\/\" \/>\n<meta property=\"og:site_name\" content=\"Stafit O\u00dc\" \/>\n<meta property=\"article:modified_time\" content=\"2026-04-21T11:29:50+00:00\" \/>\n<meta property=\"og:image\" content=\"https:\/\/stafit.ee\/wp-content\/uploads\/2024\/04\/HT7G206-1.jpg\" \/>\n\t<meta property=\"og:image:width\" content=\"1000\" \/>\n\t<meta property=\"og:image:height\" content=\"1000\" \/>\n\t<meta property=\"og:image:type\" content=\"image\/jpeg\" \/>\n<meta name=\"twitter:card\" content=\"summary_large_image\" \/>\n<script type=\"application\/ld+json\" class=\"yoast-schema-graph\">{\"@context\":\"https:\/\/schema.org\",\"@graph\":[{\"@type\":\"WebPage\",\"@id\":\"https:\/\/stafit.ee\/en\/product\/work-bag-hogert-27-pockets\/\",\"url\":\"https:\/\/stafit.ee\/en\/product\/work-bag-hogert-27-pockets\/\",\"name\":\"Work bag H\u00f6gert 27 pockets - Stafit O\u00dc\",\"isPartOf\":{\"@id\":\"https:\/\/stafit.ee\/#website\"},\"primaryImageOfPage\":{\"@id\":\"https:\/\/stafit.ee\/en\/product\/work-bag-hogert-27-pockets\/#primaryimage\"},\"image\":{\"@id\":\"https:\/\/stafit.ee\/en\/product\/work-bag-hogert-27-pockets\/#primaryimage\"},\"thumbnailUrl\":\"https:\/\/stafit.ee\/wp-content\/uploads\/2024\/04\/HT7G206-1.jpg\",\"datePublished\":\"2024-04-29T09:11:13+00:00\",\"dateModified\":\"2026-04-21T11:29:50+00:00\",\"breadcrumb\":{\"@id\":\"https:\/\/stafit.ee\/en\/product\/work-bag-hogert-27-pockets\/#breadcrumb\"},\"inLanguage\":\"en-US\",\"potentialAction\":[{\"@type\":\"ReadAction\",\"target\":[\"https:\/\/stafit.ee\/en\/product\/work-bag-hogert-27-pockets\/\"]}]},{\"@type\":\"ImageObject\",\"inLanguage\":\"en-US\",\"@id\":\"https:\/\/stafit.ee\/en\/product\/work-bag-hogert-27-pockets\/#primaryimage\",\"url\":\"https:\/\/stafit.ee\/wp-content\/uploads\/2024\/04\/HT7G206-1.jpg\",\"contentUrl\":\"https:\/\/stafit.ee\/wp-content\/uploads\/2024\/04\/HT7G206-1.jpg\",\"width\":1000,\"height\":1000},{\"@type\":\"BreadcrumbList\",\"@id\":\"https:\/\/stafit.ee\/en\/product\/work-bag-hogert-27-pockets\/#breadcrumb\",\"itemListElement\":[{\"@type\":\"ListItem\",\"position\":1,\"name\":\"Home\",\"item\":\"https:\/\/stafit.ee\/en\/\"},{\"@type\":\"ListItem\",\"position\":2,\"name\":\"E-shop\",\"item\":\"https:\/\/stafit.ee\/en\/pood\/\"},{\"@type\":\"ListItem\",\"position\":3,\"name\":\"Work bag H\u00f6gert 27 pockets\"}]},{\"@type\":\"WebSite\",\"@id\":\"https:\/\/stafit.ee\/#website\",\"url\":\"https:\/\/stafit.ee\/\",\"name\":\"Stafit O\u00dc\",\"description\":\"J\u00e4rjekordne WordPressi veebileht\",\"potentialAction\":[{\"@type\":\"SearchAction\",\"target\":{\"@type\":\"EntryPoint\",\"urlTemplate\":\"https:\/\/stafit.ee\/?s={search_term_string}\"},\"query-input\":{\"@type\":\"PropertyValueSpecification\",\"valueRequired\":true,\"valueName\":\"search_term_string\"}}],\"inLanguage\":\"en-US\"}]}<\/script>\n<!-- \/ Yoast SEO plugin. -->","yoast_head_json":{"title":"Work bag H\u00f6gert 27 pockets - Stafit O\u00dc","robots":{"index":"index","follow":"follow","max-snippet":"max-snippet:-1","max-image-preview":"max-image-preview:large","max-video-preview":"max-video-preview:-1"},"canonical":"https:\/\/stafit.ee\/en\/product\/work-bag-hogert-27-pockets\/","og_locale":"en_US","og_type":"article","og_title":"Work bag H\u00f6gert 27 pockets - Stafit O\u00dc","og_description":"Material: 600D polyester; the bottom is made of PE material; dimensions: 41\u00d723.5\u00d731 cm; place for a business\/ID card; equipped with 13 external pockets, including: \u2013 7 Velcro pockets \u2013 1 mesh pocket \u2013 5 open pockets of different sizes 14 internal pockets including: \u2013 1 zipper pocket \u2013 1 Velcro pocket \u2013 12 open pockets.","og_url":"https:\/\/stafit.ee\/en\/product\/work-bag-hogert-27-pockets\/","og_site_name":"Stafit O\u00dc","article_modified_time":"2026-04-21T11:29:50+00:00","og_image":[{"width":1000,"height":1000,"url":"https:\/\/stafit.ee\/wp-content\/uploads\/2024\/04\/HT7G206-1.jpg","type":"image\/jpeg"}],"twitter_card":"summary_large_image","schema":{"@context":"https:\/\/schema.org","@graph":[{"@type":"WebPage","@id":"https:\/\/stafit.ee\/en\/product\/work-bag-hogert-27-pockets\/","url":"https:\/\/stafit.ee\/en\/product\/work-bag-hogert-27-pockets\/","name":"Work bag H\u00f6gert 27 pockets - Stafit O\u00dc","isPartOf":{"@id":"https:\/\/stafit.ee\/#website"},"primaryImageOfPage":{"@id":"https:\/\/stafit.ee\/en\/product\/work-bag-hogert-27-pockets\/#primaryimage"},"image":{"@id":"https:\/\/stafit.ee\/en\/product\/work-bag-hogert-27-pockets\/#primaryimage"},"thumbnailUrl":"https:\/\/stafit.ee\/wp-content\/uploads\/2024\/04\/HT7G206-1.jpg","datePublished":"2024-04-29T09:11:13+00:00","dateModified":"2026-04-21T11:29:50+00:00","breadcrumb":{"@id":"https:\/\/stafit.ee\/en\/product\/work-bag-hogert-27-pockets\/#breadcrumb"},"inLanguage":"en-US","potentialAction":[{"@type":"ReadAction","target":["https:\/\/stafit.ee\/en\/product\/work-bag-hogert-27-pockets\/"]}]},{"@type":"ImageObject","inLanguage":"en-US","@id":"https:\/\/stafit.ee\/en\/product\/work-bag-hogert-27-pockets\/#primaryimage","url":"https:\/\/stafit.ee\/wp-content\/uploads\/2024\/04\/HT7G206-1.jpg","contentUrl":"https:\/\/stafit.ee\/wp-content\/uploads\/2024\/04\/HT7G206-1.jpg","width":1000,"height":1000},{"@type":"BreadcrumbList","@id":"https:\/\/stafit.ee\/en\/product\/work-bag-hogert-27-pockets\/#breadcrumb","itemListElement":[{"@type":"ListItem","position":1,"name":"Home","item":"https:\/\/stafit.ee\/en\/"},{"@type":"ListItem","position":2,"name":"E-shop","item":"https:\/\/stafit.ee\/en\/pood\/"},{"@type":"ListItem","position":3,"name":"Work bag H\u00f6gert 27 pockets"}]},{"@type":"WebSite","@id":"https:\/\/stafit.ee\/#website","url":"https:\/\/stafit.ee\/","name":"Stafit O\u00dc","description":"J\u00e4rjekordne WordPressi veebileht","potentialAction":[{"@type":"SearchAction","target":{"@type":"EntryPoint","urlTemplate":"https:\/\/stafit.ee\/?s={search_term_string}"},"query-input":{"@type":"PropertyValueSpecification","valueRequired":true,"valueName":"search_term_string"}}],"inLanguage":"en-US"}]}},"brands":[],"_links":{"self":[{"href":"https:\/\/stafit.ee\/en\/wp-json\/wp\/v2\/product\/67035","targetHints":{"allow":["GET"]}}],"collection":[{"href":"https:\/\/stafit.ee\/en\/wp-json\/wp\/v2\/product"}],"about":[{"href":"https:\/\/stafit.ee\/en\/wp-json\/wp\/v2\/types\/product"}],"wp:featuredmedia":[{"embeddable":true,"href":"https:\/\/stafit.ee\/en\/wp-json\/wp\/v2\/media\/64349"}],"wp:attachment":[{"href":"https:\/\/stafit.ee\/en\/wp-json\/wp\/v2\/media?parent=67035"}],"wp:term":[{"taxonomy":"pwb-brand","embeddable":true,"href":"https:\/\/stafit.ee\/en\/wp-json\/wp\/v2\/pwb-brand?post=67035"},{"taxonomy":"product_brand","embeddable":true,"href":"https:\/\/stafit.ee\/en\/wp-json\/wp\/v2\/product_brand?post=67035"},{"taxonomy":"product_cat","embeddable":true,"href":"https:\/\/stafit.ee\/en\/wp-json\/wp\/v2\/product_cat?post=67035"},{"taxonomy":"product_tag","embeddable":true,"href":"https:\/\/stafit.ee\/en\/wp-json\/wp\/v2\/product_tag?post=67035"}],"curies":[{"name":"wp","href":"https:\/\/api.w.org\/{rel}","templated":true}]}}