{"id":48408,"date":"2022-06-05T12:59:48","date_gmt":"2022-06-05T09:59:48","guid":{"rendered":"https:\/\/stafit.ee\/return-form\/"},"modified":"2023-03-22T12:09:38","modified_gmt":"2023-03-22T10:09:38","slug":"return-form","status":"publish","type":"page","link":"https:\/\/stafit.ee\/en\/return-form\/","title":{"rendered":"Return form"},"content":{"rendered":"<h1><strong>Return policy<\/strong><\/h1>\n<p style=\"font-weight: 400;\">Should the goods purchased from our E-shop not be suitable to you for some reason, you have the right to return the product(s) within 14 calendar days from the receipt of the goods, even if the goods are not defective. The right of withdrawal does not apply if the purchaser is a legal person.<\/p>\n<p style=\"font-weight: 400;\">To return the goods, please fill in the &#8220;Return form&#8221;, indicating the products to be returned and their quantities.<\/p>\n\n<div class=\"wpcf7 no-js\" id=\"wpcf7-f48411-o1\" lang=\"en-US\" dir=\"ltr\" data-wpcf7-id=\"48411\">\n<div class=\"screen-reader-response\"><p role=\"status\" aria-live=\"polite\" aria-atomic=\"true\"><\/p> <ul><\/ul><\/div>\n<form action=\"\/en\/wp-json\/wp\/v2\/pages\/48408#wpcf7-f48411-o1\" method=\"post\" class=\"wpcf7-form init\" aria-label=\"Contact form\" novalidate=\"novalidate\" data-status=\"init\">\n<fieldset class=\"hidden-fields-container\"><input type=\"hidden\" name=\"_wpcf7\" value=\"48411\" \/><input type=\"hidden\" name=\"_wpcf7_version\" value=\"6.1.5\" \/><input type=\"hidden\" name=\"_wpcf7_locale\" value=\"en_US\" \/><input type=\"hidden\" name=\"_wpcf7_unit_tag\" value=\"wpcf7-f48411-o1\" \/><input type=\"hidden\" name=\"_wpcf7_container_post\" value=\"0\" \/><input type=\"hidden\" name=\"_wpcf7_posted_data_hash\" value=\"\" \/><input type=\"hidden\" name=\"_wpcf7_recaptcha_response\" value=\"\" \/>\n<\/fieldset>\n<div class=\"form-flat\">\n\t<p><span class=\"wpcf7-form-control-wrap\" data-name=\"toodete-nimetused\"><textarea cols=\"40\" rows=\"10\" maxlength=\"2000\" class=\"wpcf7-form-control wpcf7-textarea wpcf7-validates-as-required\" aria-required=\"true\" aria-invalid=\"false\" placeholder=\"Returnable product(s): (n\u00f5utud):\" name=\"toodete-nimetused\"><\/textarea><\/span>\n\t<\/p>\n\t<div>\n\t\t<p><span class=\"wpcf7-form-control-wrap\" data-name=\"tellimuse-number\"><input class=\"wpcf7-form-control wpcf7-number wpcf7-validates-as-required wpcf7-validates-as-number\" aria-required=\"true\" aria-invalid=\"false\" placeholder=\"Order number (n\u00f5utud):\" value=\"\" type=\"number\" name=\"tellimuse-number\" \/><\/span>\n\t\t<\/p>\n\t<\/div>\n\t<div>\n\t\t<p><span class=\"wpcf7-form-control-wrap\" data-name=\"tellimuse-kuupaev\"><input size=\"40\" maxlength=\"400\" class=\"wpcf7-form-control wpcf7-text wpcf7-validates-as-required\" aria-required=\"true\" aria-invalid=\"false\" placeholder=\"Order receipt date (n\u00f5utud):\" value=\"\" type=\"text\" name=\"tellimuse-kuupaev\" \/><\/span>\n\t\t<\/p>\n\t<\/div>\n\t<div>\n\t\t<p><span class=\"wpcf7-form-control-wrap\" data-name=\"your-name\"><input size=\"40\" maxlength=\"400\" class=\"wpcf7-form-control wpcf7-text wpcf7-validates-as-required\" aria-required=\"true\" aria-invalid=\"false\" placeholder=\"Name (n\u00f5utud):\" value=\"\" type=\"text\" name=\"your-name\" \/><\/span>\n\t\t<\/p>\n\t<\/div>\n\t<div>\n\t\t<p><span class=\"wpcf7-form-control-wrap\" data-name=\"your-phone\"><input size=\"40\" maxlength=\"400\" class=\"wpcf7-form-control wpcf7-tel wpcf7-validates-as-required wpcf7-text wpcf7-validates-as-tel\" aria-required=\"true\" aria-invalid=\"false\" placeholder=\"Phone number (n\u00f5utud):\" value=\"\" type=\"tel\" name=\"your-phone\" \/><\/span>\n\t\t<\/p>\n\t<\/div>\n\t<div>\n\t\t<p><span class=\"wpcf7-form-control-wrap\" data-name=\"your-email\"><input size=\"40\" maxlength=\"400\" class=\"wpcf7-form-control wpcf7-email wpcf7-validates-as-required wpcf7-text wpcf7-validates-as-email\" aria-required=\"true\" aria-invalid=\"false\" placeholder=\"E-mail (n\u00f5utud):\" value=\"\" type=\"email\" name=\"your-email\" \/><\/span>\n\t\t<\/p>\n\t<\/div>\n\t<p>Reason for return (if you wish to clarify): 1 \u2013 the actual product differs from the image shown on the website, 2 - the product does not meet expectations, 3 - the size does not fit, 4 - the wrong product was sent, 5 - the product is defective, 6 - other reason (specify if possible).\n\t<\/p>\n\t<p><span class=\"wpcf7-form-control-wrap\" data-name=\"pohjus-444\"><span class=\"wpcf7-form-control wpcf7-checkbox\"><span class=\"wpcf7-list-item first\"><label><input type=\"checkbox\" name=\"pohjus-444[]\" value=\"1\" \/><span class=\"wpcf7-list-item-label\">1<\/span><\/label><\/span><span class=\"wpcf7-list-item\"><label><input type=\"checkbox\" name=\"pohjus-444[]\" value=\"2\" \/><span class=\"wpcf7-list-item-label\">2<\/span><\/label><\/span><span class=\"wpcf7-list-item\"><label><input type=\"checkbox\" name=\"pohjus-444[]\" value=\"3\" \/><span class=\"wpcf7-list-item-label\">3<\/span><\/label><\/span><span class=\"wpcf7-list-item\"><label><input type=\"checkbox\" name=\"pohjus-444[]\" value=\"4\" \/><span class=\"wpcf7-list-item-label\">4<\/span><\/label><\/span><span class=\"wpcf7-list-item\"><label><input type=\"checkbox\" name=\"pohjus-444[]\" value=\"5\" \/><span class=\"wpcf7-list-item-label\">5<\/span><\/label><\/span><span class=\"wpcf7-list-item last\"><label><input type=\"checkbox\" name=\"pohjus-444[]\" value=\"6\" \/><span class=\"wpcf7-list-item-label\">6<\/span><\/label><\/span><\/span><\/span>\n\t<\/p>\n\t<div>\n\t\t<p>* It is not obligatory to clarify the reason for the return, but it will help our company to offer you better products and service.\n\t\t<\/p>\n\t<\/div>\n\t<p>Other info:\n\t<\/p>\n\t<p><span class=\"wpcf7-form-control-wrap\" data-name=\"text-424\"><input size=\"40\" maxlength=\"400\" class=\"wpcf7-form-control wpcf7-text\" aria-invalid=\"false\" value=\"\" type=\"text\" name=\"text-424\" \/><\/span>\n\t<\/p>\n\t<p>*Please complete the Return form only if you wish to withdraw from the sales contract.<strong>The Customer pays for the return shipping.<\/strong>\n\t<\/p>\n\t<div>\n\t\t<p><div class=\"cf7-cf-turnstile\" style=\"margin-top: 0px; margin-bottom: -15px;\"> <div id=\"cf-turnstile-cf7-3678569704\" class=\"cf-turnstile\" data-sitekey=\"0x4AAAAAABdS6_2JzyLcTW6w\" data-theme=\"light\" data-language=\"auto\" data-size=\"normal\" data-retry=\"auto\" data-retry-interval=\"1000\" data-refresh-expired=\"auto\" data-action=\"contact-form-7\" data-appearance=\"always\"><\/div> <script>document.addEventListener(\"DOMContentLoaded\", function() { setTimeout(function(){ var e=document.getElementById(\"cf-turnstile-cf7-3678569704\"); e&&!e.innerHTML.trim()&&(turnstile.remove(\"#cf-turnstile-cf7-3678569704\"), turnstile.render(\"#cf-turnstile-cf7-3678569704\", {sitekey:\"0x4AAAAAABdS6_2JzyLcTW6w\"})); }, 100); });<\/script> <br class=\"cf-turnstile-br cf-turnstile-br-cf7-3678569704\"> <style>#cf-turnstile-cf7-3678569704 { margin-left: -15px; }<\/style> <script>document.addEventListener(\"DOMContentLoaded\",function(){document.querySelectorAll('.wpcf7-form').forEach(function(e){e.addEventListener('submit',function(){if(document.getElementById('cf-turnstile-cf7-3678569704')){setTimeout(function(){turnstile.reset('#cf-turnstile-cf7-3678569704');},1000)}})})});<\/script> <\/div><br\/><input class=\"wpcf7-form-control wpcf7-submit has-spinner button\" type=\"submit\" value=\"Send\" \/>\n\t\t<\/p>\n\t<\/div>\n<\/div><div class=\"wpcf7-response-output\" aria-hidden=\"true\"><\/div>\n<\/form>\n<\/div>\n\n<p>Kaup tagasta v\u00f5imalusel originaal-transpordipakendis. Tagastamisega seotud transpordikulud kannab klient. Meie tasaarveldame tagastuskulu tagastamisele kuuluvast summast.<\/p>\n<p><strong>Tagastatav kaup (s.h tarvikud) peab olema originaalpakendis, kasutamata ja s\u00e4ilinud kaubandusliku v\u00e4limusega (kahjustamata sildid, kaitsekiled jne).<\/strong> Kliendil on \u00f5igus kaubaga tutvuda viisil, nagu see on lubatud tavap\u00e4raselt poes ning klient vastutab kaubaga tutvumisel kauba v\u00e4\u00e4rtuse v\u00e4henemise eest, kui ta on kaupa kasutanud eeltoodust muul viisil. 14-p\u00e4evane taganemis\u00f5igus ei kehti kaupadele, mida oma olemuse t\u00f5ttu ei saa tagastada (nt. sukad-sokid) ja mis on tarnitud suletud pakendis, kuid mille pakend on kliendi poolt avatud.<\/p>\n<p>Juhul, kui kaup on kliendi poolt rikutud, siis ei kuulu kaup tagastamisele.<strong>\u00a0<\/strong><\/p>\n<p><strong>Kaupade tagastamine<\/strong><strong>\u00a0<\/strong><\/p>\n<p>* K\u00f5ige lihtsam ja kiirem viis on k\u00fclastada meie poodi Tallinnas aadressil Katusepapi 20 lahtioleku ajal: E-R 8:00-17:00 ja toode seal sobiva vastu ringi vahetada v\u00f5i tagastada.<\/p>\n<p>Pakiautomaati tagastamisel valida\u00a0<strong>Tallinna Sikupilli keskuse pakiautomaat<\/strong>\u00a0(aadress: Tartu mnt 87, Tallinn, 10112 Harjumaa).<\/p>\n<p>* Kui tellisid <strong>Omniva pakiautomaadiga<\/strong>:<br \/>&#8211; Vali ekraanilt &#8220;Tagastan paki&#8221;.<br \/>&#8211; Sisesta tagastuskood. Selle leiad samas sms-st\/e-kirjast, mille said paki saabumisel.<br \/>Tagastuskoodi puudumisel\u00a0kirjuta online@stafit.ee tagastussoovist ning lisa kindlasti oma\u00a0tellimuse number.<br \/>&#8211; Tagastatavale pakile j\u00e4ta k\u00fclge ka sellel olnud aadresskaart v\u00f5i kirjuta pakile oma nimi ja kontaktandmed.<br \/>&#8211; Kui pakiautomaat v\u00e4ljastab sildi (vanad automaadid), kleebi see pakile. Uued automaadid kleebist ei v\u00e4ljasta, tagastuse aadresskaardi lisab pakile kuller.<br \/>&#8211; <span style=\"background-color: #feffba;\">Tagastamine on Ostja kulul, aga tagastamise vormistamisel midagi maksma ei pea, meie tasaarveldame tagastuskulu tagastamisele kuuluvast summast.<\/span><\/p>\n<p>* Kui tellisid <strong>Omniva kulleriga<\/strong>:<br \/>&#8211; V\u00f5ta \u00fchendust meie klienditeenindajaga telefoni +372 6217 016 v\u00f5i e-posti teel online@stafit.ee.<br \/>&#8211; Lepi kokku tagastatavate toodete korje aeg.<br \/>&#8211; Paki toode originaalpakendisse v\u00f5i m\u00f5nda tugevamasse kilekotti.<br \/>&#8211; Kleebi pakendile pakikaarti, mille said e-posti teel meie klienditeenindaja poolt.<br \/>&#8211; <span style=\"background-color: #feffba;\">Tagastamine on Ostja kulul, aga tagastamise vormistamisel midagi maksma ei pea, meie tasaarveldame tagastuskulu tagastamisele kuuluvast summast.<\/span><\/p>\n<p>* Kui tellisid <strong>Itella Smartposti sinise pakiautomaadiga<\/strong>:<br \/>&#8211; Vali ekraanilt &#8220;Paki tagastamine&#8221;.<br \/>&#8211; Sisesta sama kood, millega paki k\u00e4tte said. Selle leiad sms-is\/e-kirjas.<br \/>&#8211; Peale pakiautomaati sisestamist, vajuta &#8220;Prindi kviitung&#8221;. Kui kviitungit ei v\u00e4ljastata, paber on lihtsalt otsas,\u00a0kirjuta pakile oma nimi.<br \/>&#8211; <span style=\"background-color: #feffba;\">Tagastamine on Ostja kulul, aga tagastamise vormistamisel midagi maksma ei pea, meie tasaarveldame tagastuskulu tagastamisele kuuluvast summast.<\/span><\/p>\n<p>* Kui tellisid <strong>Itella Smartposti valge automaadiga<\/strong>:<br \/>&#8211; Tagastuskoodi saamiseks sisesta pakil olev triipkood siia: <a href=\"https:\/\/my.smartpost.ee\/return_parcel\/\">https:\/\/my.smartpost.ee\/return_parcel\/<\/a>.<br \/>&#8211; Peale juhiste j\u00e4rgimist tuleb Sinu telefoninumbrile tagastuskood, mida saad kasutada valge automaadi kaudu tagastamiseks\u00a024h\u00a0jooksul.<br \/>&#8211;\u00a0NB!\u00a0Tagastus peab toimuma originaalpakendis, millel olev triipkood ei tohi olla kahjustatud.<br \/>&#8211; <span style=\"background-color: #feffba;\">Tagastamine on Ostja kulul, aga tagastamise vormistamisel midagi maksma ei pea, meie tasaarveldame tagastuskulu tagastamisele kuuluvast summast.<\/span><\/p>\n<p>* Kui tellisid <strong>Venipak kulleriga<\/strong>:<br \/>&#8211; V\u00f5ta \u00fchendust meie klienditeenindajaga telefoni +372 6217 016 v\u00f5i e-posti teel online@stafit.ee.<br \/>&#8211; Lepi kokku tagastatavate toodete korje aeg.<br \/>&#8211; Paki toode originaalpakendisse v\u00f5i m\u00f5nda tugevamasse kilekotti.<br \/>&#8211; Kirjuta pakile oma nimi.<br \/>&#8211; <span style=\"background-color: #feffba;\">Tagastamine on Ostja kulul, aga tagastamise vormistamisel midagi maksma ei pea, meie tasaarveldame tagastuskulu tagastamisele kuuluvast summast.<\/span><\/p>\n<p>* Kui tellisid <strong>DPD pakiautomaadiga<\/strong>:<br \/>&#8211; Tagastamiseks vajuta siia:\u00a0<a href=\"http:\/\/www.return-my-parcel.com\/DPD-EE\/99dynamics\">www.return-my-parcel.com\/DPD-EE\/99dynamics<\/a>.<br \/>&#8211; Sisesta oma isikuandmed ja tagastamise p\u00f5hjus.<br \/>&#8211; Vali tagastusviis: kas Pickup pakipoodi viimine v\u00f5i pealekorje kodust.<br \/>&#8211; Paki toode originaalpakendisse v\u00f5i m\u00f5nda tugevamasse kilekotti.<br \/>&#8211; Kirjuta pakile oma nimi.<br \/>&#8211; Vii pakk DPD Pickup pakiautomaati v\u00f5i anna pakk DPD kullerile.<br \/>&#8211; <span style=\"background-color: #feffba;\">Tagastamine on Ostja kulul, aga tagastamise vormistamisel midagi maksma ei pea, meie tasaarveldame tagastuskulu tagastamisele kuuluvast summast.<\/span><\/p>\n<p>* Kui tellisid <strong>DPD kulleriga<\/strong>:<br \/>&#8211; Tagastamiseks vajuta siia:\u00a0<a href=\"http:\/\/www.return-my-parcel.com\/DPD-EE\/99dynamics\">www.return-my-parcel.com\/DPD-EE\/99dynamics<\/a>.<br \/>&#8211; Sisesta oma isikuandmed ja tagastamise p\u00f5hjus.<br \/>&#8211; Vali tagastusviis: kas Pickup pakipoodi viimine v\u00f5i pealekorje kodust.<br \/>&#8211; Paki toode originaalpakendisse v\u00f5i m\u00f5nda tugevamasse kilekotti.<br \/>&#8211; Kirjuta pakile oma nimi.<br \/>&#8211; Vii pakk DPD Pickup pakiautomaati v\u00f5i anna pakk DPD kullerile.<br \/>&#8211; <span style=\"background-color: #feffba;\">Tagastamine on Ostja kulul, aga tagastamise vormistamisel midagi maksma ei pea, meie tasaarveldame tagastuskulu tagastamisele kuuluvast summast.<\/span><\/p>\n<p>* Kui tellisid <strong>Soomest (teisest riigist\/mitte Eestist)<\/strong>, v\u00f5ta \u00fchendust meie klienditeenindajaga telefoni +372 6217 016 v\u00f5i e-posti teel online@stafit.ee. Klienditeenindaja annab Teile detailseid juhendeid kuidas saab toodet\/tooteid tagastada.<\/p>\n<p><strong>Kaupade vahetamine<\/strong><\/p>\n<p>E-poest ostetud kauba saad vahetada teise toote vastu meie kaupluses Stafit O\u00dc aadressil Katusepapi 20, Tallinn.<\/p>\n<p>Kui Teil ei ole v\u00f5imalust meie poodi minna, saab toote\/tooted tagastada ja vormistada uue tellimuse.<\/p>\n<p><strong>Ostusumma tagastamine<\/strong><\/p>\n<p>Tagastatud kauba eest tagastab Stafit O\u00dc kliendile ostusumma mitte hiljem kui 14 kalendrip\u00e4eva jooksul. Tagasimakse tehakse samale arvelduskontole, millelt ostu eest tasuti.<\/p>\n<p>Ostjale, kes tagastab kogu kauba, tagastatakse Kauba eest makstud raha, sealhulgas saatmiskulud. Kui tagastatakse vaid osa kaupa, saatmiskulu ei tagastata. Aga kuna klient otseselt tagastamiskulud ei maksa, me tasaarveldame tagastuskulu tagastamisele kuuluvast summast.<\/p>\n<p>Kui Kaup tagastatakse seoses kauba kvaliteedi puudustega v\u00f5i lepingutingimustele mittevastavusega, siis tagastamine on Ostjale tasuta.<\/p>\n<p>Lepingust taganemiseks loetakse ka juhud, kus klient ei tule 14 p\u00e4eva jooksul kaubale j\u00e4rele v\u00f5i ei v\u00f5ta kaupa v\u00e4lja pakiautomaadist 7 kalendrip\u00e4eva jooksul.\u00a0Tagastame sellistel juhtudel ostusumma mitte hiljem kui 14 kalendrip\u00e4eva jooksul samale arvelduskontole, millelt ostu eest tasuti. Postikulu tasaarveldatakse tagastamisele kuuluvast summast.<\/p>\n<p>Kui klient on tagastanud toodet kasutanud rohkem, kui see on lubatud tavap\u00e4raselt poes v\u00f5i toode on rikutud v\u00f5i kahjustatud, siis ei kuulu kaup tagastamisele.<\/p>\n","protected":false},"excerpt":{"rendered":"<p>Return policy Should the goods purchased from our E-shop not be suitable to you for some reason, you have the right to return the product(s) within 14 calendar days from the receipt of the goods, even if the goods are not defective. The right of withdrawal does not apply if the purchaser is a legal&#8230;<\/p>\n","protected":false},"author":6,"featured_media":0,"parent":0,"menu_order":0,"comment_status":"closed","ping_status":"closed","template":"","meta":{"footnotes":""},"class_list":["post-48408","page","type-page","status-publish","hentry"],"yoast_head":"<!-- This site is optimized with the Yoast SEO plugin v27.0 - https:\/\/yoast.com\/product\/yoast-seo-wordpress\/ -->\n<title>Return form - Stafit O\u00dc<\/title>\n<meta name=\"robots\" content=\"index, follow, max-snippet:-1, max-image-preview:large, max-video-preview:-1\" \/>\n<link rel=\"canonical\" href=\"https:\/\/stafit.ee\/en\/return-form\/\" \/>\n<meta property=\"og:locale\" content=\"en_US\" \/>\n<meta property=\"og:type\" content=\"article\" \/>\n<meta property=\"og:title\" content=\"Return form - Stafit O\u00dc\" \/>\n<meta property=\"og:description\" content=\"Return policy Should the goods purchased from our E-shop not be suitable to you for some reason, you have the right to return the product(s) within 14 calendar days from the receipt of the goods, even if the goods are not defective. The right of withdrawal does not apply if the purchaser is a legal...\" \/>\n<meta property=\"og:url\" content=\"https:\/\/stafit.ee\/en\/return-form\/\" \/>\n<meta property=\"og:site_name\" content=\"Stafit O\u00dc\" \/>\n<meta property=\"article:modified_time\" content=\"2023-03-22T10:09:38+00:00\" \/>\n<meta name=\"twitter:card\" content=\"summary_large_image\" \/>\n<meta name=\"twitter:label1\" content=\"Est. reading time\" \/>\n\t<meta name=\"twitter:data1\" content=\"5 minutes\" \/>\n<script type=\"application\/ld+json\" class=\"yoast-schema-graph\">{\"@context\":\"https:\/\/schema.org\",\"@graph\":[{\"@type\":\"WebPage\",\"@id\":\"https:\/\/stafit.ee\/en\/return-form\/\",\"url\":\"https:\/\/stafit.ee\/en\/return-form\/\",\"name\":\"Return form - Stafit O\u00dc\",\"isPartOf\":{\"@id\":\"https:\/\/stafit.ee\/#website\"},\"datePublished\":\"2022-06-05T09:59:48+00:00\",\"dateModified\":\"2023-03-22T10:09:38+00:00\",\"breadcrumb\":{\"@id\":\"https:\/\/stafit.ee\/en\/return-form\/#breadcrumb\"},\"inLanguage\":\"en-US\",\"potentialAction\":[{\"@type\":\"ReadAction\",\"target\":[\"https:\/\/stafit.ee\/en\/return-form\/\"]}]},{\"@type\":\"BreadcrumbList\",\"@id\":\"https:\/\/stafit.ee\/en\/return-form\/#breadcrumb\",\"itemListElement\":[{\"@type\":\"ListItem\",\"position\":1,\"name\":\"Home\",\"item\":\"https:\/\/stafit.ee\/en\/\"},{\"@type\":\"ListItem\",\"position\":2,\"name\":\"Return form\"}]},{\"@type\":\"WebSite\",\"@id\":\"https:\/\/stafit.ee\/#website\",\"url\":\"https:\/\/stafit.ee\/\",\"name\":\"Stafit O\u00dc\",\"description\":\"J\u00e4rjekordne WordPressi veebileht\",\"potentialAction\":[{\"@type\":\"SearchAction\",\"target\":{\"@type\":\"EntryPoint\",\"urlTemplate\":\"https:\/\/stafit.ee\/?s={search_term_string}\"},\"query-input\":{\"@type\":\"PropertyValueSpecification\",\"valueRequired\":true,\"valueName\":\"search_term_string\"}}],\"inLanguage\":\"en-US\"}]}<\/script>\n<!-- \/ Yoast SEO plugin. -->","yoast_head_json":{"title":"Return form - Stafit O\u00dc","robots":{"index":"index","follow":"follow","max-snippet":"max-snippet:-1","max-image-preview":"max-image-preview:large","max-video-preview":"max-video-preview:-1"},"canonical":"https:\/\/stafit.ee\/en\/return-form\/","og_locale":"en_US","og_type":"article","og_title":"Return form - Stafit O\u00dc","og_description":"Return policy Should the goods purchased from our E-shop not be suitable to you for some reason, you have the right to return the product(s) within 14 calendar days from the receipt of the goods, even if the goods are not defective. The right of withdrawal does not apply if the purchaser is a legal...","og_url":"https:\/\/stafit.ee\/en\/return-form\/","og_site_name":"Stafit O\u00dc","article_modified_time":"2023-03-22T10:09:38+00:00","twitter_card":"summary_large_image","twitter_misc":{"Est. reading time":"5 minutes"},"schema":{"@context":"https:\/\/schema.org","@graph":[{"@type":"WebPage","@id":"https:\/\/stafit.ee\/en\/return-form\/","url":"https:\/\/stafit.ee\/en\/return-form\/","name":"Return form - Stafit O\u00dc","isPartOf":{"@id":"https:\/\/stafit.ee\/#website"},"datePublished":"2022-06-05T09:59:48+00:00","dateModified":"2023-03-22T10:09:38+00:00","breadcrumb":{"@id":"https:\/\/stafit.ee\/en\/return-form\/#breadcrumb"},"inLanguage":"en-US","potentialAction":[{"@type":"ReadAction","target":["https:\/\/stafit.ee\/en\/return-form\/"]}]},{"@type":"BreadcrumbList","@id":"https:\/\/stafit.ee\/en\/return-form\/#breadcrumb","itemListElement":[{"@type":"ListItem","position":1,"name":"Home","item":"https:\/\/stafit.ee\/en\/"},{"@type":"ListItem","position":2,"name":"Return form"}]},{"@type":"WebSite","@id":"https:\/\/stafit.ee\/#website","url":"https:\/\/stafit.ee\/","name":"Stafit O\u00dc","description":"J\u00e4rjekordne WordPressi veebileht","potentialAction":[{"@type":"SearchAction","target":{"@type":"EntryPoint","urlTemplate":"https:\/\/stafit.ee\/?s={search_term_string}"},"query-input":{"@type":"PropertyValueSpecification","valueRequired":true,"valueName":"search_term_string"}}],"inLanguage":"en-US"}]}},"_links":{"self":[{"href":"https:\/\/stafit.ee\/en\/wp-json\/wp\/v2\/pages\/48408","targetHints":{"allow":["GET"]}}],"collection":[{"href":"https:\/\/stafit.ee\/en\/wp-json\/wp\/v2\/pages"}],"about":[{"href":"https:\/\/stafit.ee\/en\/wp-json\/wp\/v2\/types\/page"}],"author":[{"embeddable":true,"href":"https:\/\/stafit.ee\/en\/wp-json\/wp\/v2\/users\/6"}],"replies":[{"embeddable":true,"href":"https:\/\/stafit.ee\/en\/wp-json\/wp\/v2\/comments?post=48408"}],"version-history":[{"count":3,"href":"https:\/\/stafit.ee\/en\/wp-json\/wp\/v2\/pages\/48408\/revisions"}],"predecessor-version":[{"id":55020,"href":"https:\/\/stafit.ee\/en\/wp-json\/wp\/v2\/pages\/48408\/revisions\/55020"}],"wp:attachment":[{"href":"https:\/\/stafit.ee\/en\/wp-json\/wp\/v2\/media?parent=48408"}],"curies":[{"name":"wp","href":"https:\/\/api.w.org\/{rel}","templated":true}]}}